{"id":5588,"date":"2024-03-19T17:48:12","date_gmt":"2024-03-19T17:48:12","guid":{"rendered":"http:\/\/xmm-ssc.irap.omp.eu\/xmm2athena\/?page_id=5588"},"modified":"2024-03-19T17:48:14","modified_gmt":"2024-03-19T17:48:14","slug":"11-de-febrero-concurso-de-infografias-de-mujeres-astronomas","status":"publish","type":"page","link":"http:\/\/xmm-ssc.irap.omp.eu\/xmm2athena\/es\/11-de-febrero-concurso-de-infografias-de-mujeres-astronomas\/","title":{"rendered":"11 de Febrero: concurso de infograf\u00edas de Mujeres Astr\u00f3nomas"},"content":{"rendered":"\n<p class=\"has-black-color has-text-color\">En consonancia con nuestro compromiso de celebrar el D\u00eda Internacional de la Ni\u00f1a y la Mujer en la Ciencia, lanzamos una convocatoria para destacar las inestimables contribuciones de las mujeres astr\u00f3nomas, mediante el dise\u00f1o de infograf\u00edas atractivas, creadas con la ayuda de herramientas de IA generativa. Fomentamos la creatividad y la inclusi\u00f3n, manteniendo al mismo tiempo un entorno respetuoso y profesional.<\/p>\n\n\n\n<p>Se trataba de una iniciativa internacional conjunta de los proyectos H2020 <a rel=\"noreferrer noopener\" href=\"http:\/\/xmm-ssc.irap.omp.eu\/xmm2athena\/\" target=\"_blank\">XMM2ATHENA<\/a> de la UE, la <a rel=\"noreferrer noopener\" href=\"https:\/\/www.the-athena-x-ray-observatory.eu\/en\" target=\"_blank\">Oficina Comunitaria Athena<\/a>, los consorcios <a rel=\"noreferrer noopener\" href=\"https:\/\/x-ifu.irap.omp.eu\/\" target=\"_blank\">X-IFU<\/a>,  <a href=\"https:\/\/www.mpe.mpg.de\/ATHENA-WFI\/\" target=\"_blank\" rel=\"noreferrer noopener\">WFI <\/a>y <a href=\"http:\/\/ahead.astro.noa.gr\/\" target=\"_blank\" rel=\"noreferrer noopener\">AHEAD2020<\/a>.<\/p>\n\n\n\n<p>Este concurso estaba abierto a todo aquel que quisiera participar. La infograf\u00eda ganadora se public\u00f3 en los sitios web y las redes sociales de los proyectos mencionados. La selecci\u00f3n del ganador se hizo por sorteo, entre todas las respuestas correctas, y el ganador fue Kunasin Somphadung, cuya infograf\u00eda homenajeaba a la gran astr\u00f3noma estadounidense Vera Rubin.<\/p>\n\n\n\n<div class=\"wp-block-image\"><figure class=\"aligncenter size-large\"><img loading=\"lazy\" width=\"539\" height=\"1024\" src=\"http:\/\/xmm-ssc.irap.omp.eu\/xmm2athena\/wp-content\/uploads\/2024\/02\/infographic_vera_rubin-Kunasin-Som_low-1-539x1024.png\" alt=\"\" class=\"wp-image-5492\" srcset=\"http:\/\/xmm-ssc.irap.omp.eu\/xmm2athena\/wp-content\/uploads\/2024\/02\/infographic_vera_rubin-Kunasin-Som_low-1-539x1024.png 539w, http:\/\/xmm-ssc.irap.omp.eu\/xmm2athena\/wp-content\/uploads\/2024\/02\/infographic_vera_rubin-Kunasin-Som_low-1-158x300.png 158w, http:\/\/xmm-ssc.irap.omp.eu\/xmm2athena\/wp-content\/uploads\/2024\/02\/infographic_vera_rubin-Kunasin-Som_low-1-569x1080.png 569w, http:\/\/xmm-ssc.irap.omp.eu\/xmm2athena\/wp-content\/uploads\/2024\/02\/infographic_vera_rubin-Kunasin-Som_low-1.png 661w\" sizes=\"(max-width: 539px) 100vw, 539px\" \/><\/figure><\/div>\n","protected":false},"excerpt":{"rendered":"<p>En consonancia con nuestro compromiso de celebrar el D\u00eda Internacional de la Ni\u00f1a y la Mujer en la Ciencia, lanzamos una convocatoria para destacar las inestimables contribuciones de las mujeres astr\u00f3nomas, mediante el dise\u00f1o de infograf\u00edas atractivas, creadas con la ayuda de herramientas de IA generativa. Fomentamos la creatividad y la inclusi\u00f3n, manteniendo al mismo&hellip; <br \/> <a class=\"read-more\" href=\"http:\/\/xmm-ssc.irap.omp.eu\/xmm2athena\/es\/11-de-febrero-concurso-de-infografias-de-mujeres-astronomas\/\">Lire la suite<\/a><\/p>\n","protected":false},"author":5,"featured_media":5585,"parent":0,"menu_order":0,"comment_status":"closed","ping_status":"closed","template":"","meta":{"_eb_attr":"","_mi_skip_tracking":false,"_monsterinsights_sitenote_active":false,"_monsterinsights_sitenote_note":"","_monsterinsights_sitenote_category":0},"_links":{"self":[{"href":"http:\/\/xmm-ssc.irap.omp.eu\/xmm2athena\/wp-json\/wp\/v2\/pages\/5588"}],"collection":[{"href":"http:\/\/xmm-ssc.irap.omp.eu\/xmm2athena\/wp-json\/wp\/v2\/pages"}],"about":[{"href":"http:\/\/xmm-ssc.irap.omp.eu\/xmm2athena\/wp-json\/wp\/v2\/types\/page"}],"author":[{"embeddable":true,"href":"http:\/\/xmm-ssc.irap.omp.eu\/xmm2athena\/wp-json\/wp\/v2\/users\/5"}],"replies":[{"embeddable":true,"href":"http:\/\/xmm-ssc.irap.omp.eu\/xmm2athena\/wp-json\/wp\/v2\/comments?post=5588"}],"version-history":[{"count":1,"href":"http:\/\/xmm-ssc.irap.omp.eu\/xmm2athena\/wp-json\/wp\/v2\/pages\/5588\/revisions"}],"predecessor-version":[{"id":5590,"href":"http:\/\/xmm-ssc.irap.omp.eu\/xmm2athena\/wp-json\/wp\/v2\/pages\/5588\/revisions\/5590"}],"wp:featuredmedia":[{"embeddable":true,"href":"http:\/\/xmm-ssc.irap.omp.eu\/xmm2athena\/wp-json\/wp\/v2\/media\/5585"}],"wp:attachment":[{"href":"http:\/\/xmm-ssc.irap.omp.eu\/xmm2athena\/wp-json\/wp\/v2\/media?parent=5588"}],"curies":[{"name":"wp","href":"https:\/\/api.w.org\/{rel}","templated":true}]}}