{"id":5580,"date":"2024-03-19T17:39:27","date_gmt":"2024-03-19T17:39:27","guid":{"rendered":"http:\/\/xmm-ssc.irap.omp.eu\/xmm2athena\/?page_id=5580"},"modified":"2024-07-02T11:58:34","modified_gmt":"2024-07-02T11:58:34","slug":"www-iniciativas-2024","status":"publish","type":"page","link":"http:\/\/xmm-ssc.irap.omp.eu\/xmm2athena\/es\/www-iniciativas-2024\/","title":{"rendered":"WWW-Iniciativas 2024"},"content":{"rendered":"\n<div class=\"wp-block-media-text alignwide is-stacked-on-mobile\"><figure class=\"wp-block-media-text__media\"><img loading=\"lazy\" width=\"1024\" height=\"1024\" src=\"http:\/\/xmm-ssc.irap.omp.eu\/xmm2athena\/wp-content\/uploads\/2024\/05\/BH_imagen2024-1.png\" alt=\"\" class=\"wp-image-5606 size-full\" srcset=\"http:\/\/xmm-ssc.irap.omp.eu\/xmm2athena\/wp-content\/uploads\/2024\/05\/BH_imagen2024-1.png 1024w, http:\/\/xmm-ssc.irap.omp.eu\/xmm2athena\/wp-content\/uploads\/2024\/05\/BH_imagen2024-1-300x300.png 300w, http:\/\/xmm-ssc.irap.omp.eu\/xmm2athena\/wp-content\/uploads\/2024\/05\/BH_imagen2024-1-150x150.png 150w, http:\/\/xmm-ssc.irap.omp.eu\/xmm2athena\/wp-content\/uploads\/2024\/05\/BH_imagen2024-1-768x768.png 768w\" sizes=\"(max-width: 1024px) 100vw, 1024px\" \/><\/figure><div class=\"wp-block-media-text__content\">\n<p class=\"has-large-font-size\"><\/p>\n\n\n\n<p class=\"has-black-color has-text-color\">Los agujeros negros son uno de los objetos m\u00e1s fascinantes del universo y los ni\u00f1os suelen sentir curiosidad por ellos. Esta <a rel=\"noreferrer noopener\" href=\"https:\/\/twitter.com\/hashtag\/BlackHoleWeek?src=hashtag_click\" target=\"_blank\">#BlackHoleWeek<\/a>, cient\u00edficos de nuestra comunidad y de los proyectos <a rel=\"noreferrer noopener\" href=\"https:\/\/www.the-athena-x-ray-observatory.eu\/en\" target=\"_blank\">Athena<\/a> y <a rel=\"noreferrer noopener\" href=\"https:\/\/twitter.com\/hashtag\/HorizonEU?src=hashtag_click\" target=\"_blank\">AHEAD2020<\/a> respondieron a las preguntas de los ni\u00f1os en 4 idiomas.<\/p>\n<\/div><\/div>\n\n\n\n<hr class=\"wp-block-separator has-text-color has-background has-white-background-color has-white-color\"\/>\n\n\n\n<div class=\"wp-container-1 wp-block-buttons\">\n<div class=\"wp-block-button is-style-outline\"><a class=\"wp-block-button__link has-text-color\" href=\"http:\/\/xmm-ssc.irap.omp.eu\/xmm2athena\/es\/2024\/05\/14\/black-hole-week-2024-videos\/\" style=\"color:#d12e7e\">Nuestra participaci\u00f3n<\/a><\/div>\n<\/div>\n\n\n\n<hr class=\"wp-block-separator has-text-color has-background has-white-background-color has-white-color\"\/>\n\n\n\n<hr class=\"wp-block-separator\"\/>\n\n\n\n<div class=\"wp-block-media-text alignwide is-stacked-on-mobile\"><figure class=\"wp-block-media-text__media\"><img loading=\"lazy\" width=\"1024\" height=\"1024\" src=\"http:\/\/xmm-ssc.irap.omp.eu\/xmm2athena\/wp-content\/uploads\/2024\/03\/fondo-4.jpg\" alt=\"\" class=\"wp-image-5581 size-full\" srcset=\"http:\/\/xmm-ssc.irap.omp.eu\/xmm2athena\/wp-content\/uploads\/2024\/03\/fondo-4.jpg 1024w, http:\/\/xmm-ssc.irap.omp.eu\/xmm2athena\/wp-content\/uploads\/2024\/03\/fondo-4-300x300.jpg 300w, http:\/\/xmm-ssc.irap.omp.eu\/xmm2athena\/wp-content\/uploads\/2024\/03\/fondo-4-150x150.jpg 150w, http:\/\/xmm-ssc.irap.omp.eu\/xmm2athena\/wp-content\/uploads\/2024\/03\/fondo-4-768x768.jpg 768w\" sizes=\"(max-width: 1024px) 100vw, 1024px\" \/><\/figure><div class=\"wp-block-media-text__content\">\n<p class=\"has-large-font-size\"><\/p>\n\n\n\n<p>D\u00eda Internacional de la Mujer 8 de marzo<\/p>\n\n\n\n<p class=\"has-black-color has-text-color\">El D\u00eda Internacional de la Mujer se celebra en muchos pa\u00edses del mundo. Es un d\u00eda en el que se reconocen los logros de las mujeres sin tener en cuenta divisiones nacionales, \u00e9tnicas, ling\u00fc\u00edsticas, culturales, econ\u00f3micas o pol\u00edticas.<\/p>\n\n\n\n<p class=\"has-black-color has-text-color\">Desde aquellos primeros a\u00f1os, el D\u00eda Internacional de la Mujer ha adquirido una nueva dimensi\u00f3n mundial tanto para las mujeres de los pa\u00edses desarrollados como para las de los pa\u00edses en desarrollo. El creciente movimiento internacional de mujeres, que se ha visto reforzado por cuatro conferencias mundiales de las Naciones Unidas sobre la mujer, ha contribuido a hacer de la conmemoraci\u00f3n un punto de encuentro para fomentar el apoyo a los derechos de la mujer y su participaci\u00f3n en los \u00e1mbitos pol\u00edtico y econ\u00f3mico.<\/p>\n<\/div><\/div>\n\n\n\n<div class=\"wp-container-2 wp-block-buttons\">\n<div class=\"wp-block-button aligncenter is-style-outline\"><a class=\"wp-block-button__link has-white-background-color has-text-color has-background\" href=\"http:\/\/xmm-ssc.irap.omp.eu\/xmm2athena\/es\/8-de-marzo-dia-internacional-de-la-mujer\/\" style=\"color:#d12e7e\" target=\"_blank\" rel=\"noreferrer noopener\">Nuestra participaci\u00f3n<\/a><\/div>\n<\/div>\n\n\n\n<div class=\"wp-container-3 wp-block-buttons\"><\/div>\n\n\n\n<hr class=\"wp-block-separator has-text-color has-background has-white-background-color has-white-color\"\/>\n\n\n\n<hr class=\"wp-block-separator is-style-wide\"\/>\n\n\n\n<div class=\"wp-block-media-text alignwide is-stacked-on-mobile\"><figure class=\"wp-block-media-text__media\"><img loading=\"lazy\" width=\"941\" height=\"550\" src=\"http:\/\/xmm-ssc.irap.omp.eu\/xmm2athena\/wp-content\/uploads\/2024\/03\/Picture-1-1.png\" alt=\"\" class=\"wp-image-5585 size-full\" srcset=\"http:\/\/xmm-ssc.irap.omp.eu\/xmm2athena\/wp-content\/uploads\/2024\/03\/Picture-1-1.png 941w, http:\/\/xmm-ssc.irap.omp.eu\/xmm2athena\/wp-content\/uploads\/2024\/03\/Picture-1-1-300x175.png 300w, http:\/\/xmm-ssc.irap.omp.eu\/xmm2athena\/wp-content\/uploads\/2024\/03\/Picture-1-1-768x449.png 768w\" sizes=\"(max-width: 941px) 100vw, 941px\" \/><\/figure><div class=\"wp-block-media-text__content\">\n<h3>D\u00eda Internacional de la Mujer y la Ni\u00f1a en la Ciencia: 11 de febrero<\/h3>\n\n\n\n<p class=\"has-black-color has-text-color\">Tanto la ciencia como la igualdad de g\u00e9nero son vitales para la consecuci\u00f3n de los objetivos de desarrollo acordados internacionalmente, incluida la Agenda 2030 para el Desarrollo Sostenible. A lo largo de las \u00faltimas d\u00e9cadas, la comunidad mundial se ha esforzado mucho por inspirar e implicar a las mujeres y las ni\u00f1as en la ciencia. Sin embargo, las mujeres y las ni\u00f1as siguen estando excluidas de participar plenamente en la ciencia.<\/p>\n\n\n\n<p class=\"has-black-color has-text-color\">Con el fin de lograr un acceso y una participaci\u00f3n plenos y equitativos en la ciencia para las mujeres y las ni\u00f1as, y de seguir alcanzando la igualdad de g\u00e9nero y el empoderamiento de las mujeres y las ni\u00f1as, la Asamblea General de las Naciones Unidas declar\u00f3 el 11 de febrero D\u00eda Internacional de la Mujer y la Ni\u00f1a en la Ciencia en 2015.<\/p>\n<\/div><\/div>\n\n\n\n<hr class=\"wp-block-separator has-text-color has-background has-white-background-color has-white-color\"\/>\n\n\n\n<hr class=\"wp-block-separator has-text-color has-background has-white-background-color has-white-color\"\/>\n\n\n\n<div class=\"wp-container-4 wp-block-buttons\">\n<div class=\"wp-block-button aligncenter is-style-outline\"><a class=\"wp-block-button__link has-text-color\" href=\"http:\/\/xmm-ssc.irap.omp.eu\/xmm2athena\/es\/11-de-febrero-concurso-de-infografias-de-mujeres-astronomas\/\" style=\"color:#d12e7e\">Nuestra participaci\u00f3n<\/a><\/div>\n<\/div>\n","protected":false},"excerpt":{"rendered":"<p>Los agujeros negros son uno de los objetos m\u00e1s fascinantes del universo y los ni\u00f1os suelen sentir curiosidad por ellos. Esta #BlackHoleWeek, cient\u00edficos de nuestra comunidad y de los proyectos Athena y AHEAD2020 respondieron a las preguntas de los ni\u00f1os en 4 idiomas. D\u00eda Internacional de la Mujer 8 de marzo El D\u00eda Internacional de&hellip; <br \/> <a class=\"read-more\" href=\"http:\/\/xmm-ssc.irap.omp.eu\/xmm2athena\/es\/www-iniciativas-2024\/\">Lire la suite<\/a><\/p>\n","protected":false},"author":5,"featured_media":0,"parent":0,"menu_order":0,"comment_status":"closed","ping_status":"closed","template":"","meta":{"_eb_attr":"","_mi_skip_tracking":false,"_monsterinsights_sitenote_active":false,"_monsterinsights_sitenote_note":"","_monsterinsights_sitenote_category":0},"_links":{"self":[{"href":"http:\/\/xmm-ssc.irap.omp.eu\/xmm2athena\/wp-json\/wp\/v2\/pages\/5580"}],"collection":[{"href":"http:\/\/xmm-ssc.irap.omp.eu\/xmm2athena\/wp-json\/wp\/v2\/pages"}],"about":[{"href":"http:\/\/xmm-ssc.irap.omp.eu\/xmm2athena\/wp-json\/wp\/v2\/types\/page"}],"author":[{"embeddable":true,"href":"http:\/\/xmm-ssc.irap.omp.eu\/xmm2athena\/wp-json\/wp\/v2\/users\/5"}],"replies":[{"embeddable":true,"href":"http:\/\/xmm-ssc.irap.omp.eu\/xmm2athena\/wp-json\/wp\/v2\/comments?post=5580"}],"version-history":[{"count":5,"href":"http:\/\/xmm-ssc.irap.omp.eu\/xmm2athena\/wp-json\/wp\/v2\/pages\/5580\/revisions"}],"predecessor-version":[{"id":5758,"href":"http:\/\/xmm-ssc.irap.omp.eu\/xmm2athena\/wp-json\/wp\/v2\/pages\/5580\/revisions\/5758"}],"wp:attachment":[{"href":"http:\/\/xmm-ssc.irap.omp.eu\/xmm2athena\/wp-json\/wp\/v2\/media?parent=5580"}],"curies":[{"name":"wp","href":"https:\/\/api.w.org\/{rel}","templated":true}]}}