{"id":5574,"date":"2024-03-18T15:59:56","date_gmt":"2024-03-18T15:59:56","guid":{"rendered":"http:\/\/xmm-ssc.irap.omp.eu\/xmm2athena\/?page_id=5574"},"modified":"2024-03-18T15:59:57","modified_gmt":"2024-03-18T15:59:57","slug":"11-fevrier-concours-dinfographie-sur-les-femmes-astronomes","status":"publish","type":"page","link":"http:\/\/xmm-ssc.irap.omp.eu\/xmm2athena\/fr\/11-fevrier-concours-dinfographie-sur-les-femmes-astronomes\/","title":{"rendered":"11 f\u00e9vrier : Concours d&rsquo;infographie sur les femmes astronomes"},"content":{"rendered":"\n<p>Conform\u00e9ment \u00e0 notre engagement de c\u00e9l\u00e9brer la Journ\u00e9e internationale des filles et des femmes dans la science, nous avons lanc\u00e9 un appel pour souligner les contributions inestimables des femmes astronomes, \u00e0 travers la conception d&rsquo;infographies attrayantes, cr\u00e9\u00e9es avec l&rsquo;aide d&rsquo;outils d&rsquo;IA g\u00e9n\u00e9rative. Nous avons encourag\u00e9 la cr\u00e9ativit\u00e9 et l&rsquo;inclusion tout en maintenant un environnement respectueux et professionnel.<\/p>\n\n\n\n<p class=\"has-black-color has-text-color\">Il s&rsquo;agit d&rsquo;une initiative internationale conjointe de l&rsquo;UE H2020 XMM2ATHENA, du bureau communautaire Athena, des consortiums X-IFU, d WFI et des projets AHEAD2020.<\/p>\n\n\n\n<p><\/p>\n\n\n\n<p class=\"has-black-color has-text-color\">Ce concours \u00e9tait ouvert \u00e0 tous ceux qui souhaitaient y participer. L&rsquo;infographie gagnante a \u00e9t\u00e9 publi\u00e9e sur les sites web et les m\u00e9dias sociaux des projets mentionn\u00e9s ci-dessus. La s\u00e9lection du gagnant s&rsquo;est faite par tirage au sort, parmi toutes les bonnes r\u00e9ponses, et le gagnant a \u00e9t\u00e9 Kunasin Somphadung, dont l&rsquo;infographie rendait hommage \u00e0 la grande astronome am\u00e9ricaine Vera Rubin.<\/p>\n\n\n\n<div class=\"wp-block-image\"><figure class=\"aligncenter size-large\"><img loading=\"lazy\" width=\"539\" height=\"1024\" src=\"http:\/\/xmm-ssc.irap.omp.eu\/xmm2athena\/wp-content\/uploads\/2024\/02\/infographic_vera_rubin-Kunasin-Som_low-539x1024.png\" alt=\"\" class=\"wp-image-5486\" srcset=\"http:\/\/xmm-ssc.irap.omp.eu\/xmm2athena\/wp-content\/uploads\/2024\/02\/infographic_vera_rubin-Kunasin-Som_low-539x1024.png 539w, http:\/\/xmm-ssc.irap.omp.eu\/xmm2athena\/wp-content\/uploads\/2024\/02\/infographic_vera_rubin-Kunasin-Som_low-158x300.png 158w, http:\/\/xmm-ssc.irap.omp.eu\/xmm2athena\/wp-content\/uploads\/2024\/02\/infographic_vera_rubin-Kunasin-Som_low-569x1080.png 569w, http:\/\/xmm-ssc.irap.omp.eu\/xmm2athena\/wp-content\/uploads\/2024\/02\/infographic_vera_rubin-Kunasin-Som_low.png 661w\" sizes=\"(max-width: 539px) 100vw, 539px\" \/><\/figure><\/div>\n","protected":false},"excerpt":{"rendered":"<p>Conform\u00e9ment \u00e0 notre engagement de c\u00e9l\u00e9brer la Journ\u00e9e internationale des filles et des femmes dans la science, nous avons lanc\u00e9 un appel pour souligner les contributions inestimables des femmes astronomes, \u00e0 travers la conception d&rsquo;infographies attrayantes, cr\u00e9\u00e9es avec l&rsquo;aide d&rsquo;outils d&rsquo;IA g\u00e9n\u00e9rative. Nous avons encourag\u00e9 la cr\u00e9ativit\u00e9 et l&rsquo;inclusion tout en maintenant un environnement respectueux&hellip; <br \/> <a class=\"read-more\" href=\"http:\/\/xmm-ssc.irap.omp.eu\/xmm2athena\/fr\/11-fevrier-concours-dinfographie-sur-les-femmes-astronomes\/\">Lire la suite<\/a><\/p>\n","protected":false},"author":2,"featured_media":0,"parent":0,"menu_order":0,"comment_status":"closed","ping_status":"closed","template":"","meta":{"_eb_attr":"","_mi_skip_tracking":false,"_monsterinsights_sitenote_active":false,"_monsterinsights_sitenote_note":"","_monsterinsights_sitenote_category":0},"_links":{"self":[{"href":"http:\/\/xmm-ssc.irap.omp.eu\/xmm2athena\/wp-json\/wp\/v2\/pages\/5574"}],"collection":[{"href":"http:\/\/xmm-ssc.irap.omp.eu\/xmm2athena\/wp-json\/wp\/v2\/pages"}],"about":[{"href":"http:\/\/xmm-ssc.irap.omp.eu\/xmm2athena\/wp-json\/wp\/v2\/types\/page"}],"author":[{"embeddable":true,"href":"http:\/\/xmm-ssc.irap.omp.eu\/xmm2athena\/wp-json\/wp\/v2\/users\/2"}],"replies":[{"embeddable":true,"href":"http:\/\/xmm-ssc.irap.omp.eu\/xmm2athena\/wp-json\/wp\/v2\/comments?post=5574"}],"version-history":[{"count":1,"href":"http:\/\/xmm-ssc.irap.omp.eu\/xmm2athena\/wp-json\/wp\/v2\/pages\/5574\/revisions"}],"predecessor-version":[{"id":5575,"href":"http:\/\/xmm-ssc.irap.omp.eu\/xmm2athena\/wp-json\/wp\/v2\/pages\/5574\/revisions\/5575"}],"wp:attachment":[{"href":"http:\/\/xmm-ssc.irap.omp.eu\/xmm2athena\/wp-json\/wp\/v2\/media?parent=5574"}],"curies":[{"name":"wp","href":"https:\/\/api.w.org\/{rel}","templated":true}]}}