{"id":5573,"date":"2024-03-18T16:00:28","date_gmt":"2024-03-18T16:00:28","guid":{"rendered":"http:\/\/xmm-ssc.irap.omp.eu\/xmm2athena\/?page_id=5573"},"modified":"2024-07-02T11:59:16","modified_gmt":"2024-07-02T11:59:16","slug":"www-initiatives-2024-2","status":"publish","type":"page","link":"http:\/\/xmm-ssc.irap.omp.eu\/xmm2athena\/fr\/www-initiatives-2024-2\/","title":{"rendered":"WWW-Initiatives 2024"},"content":{"rendered":"\n<hr class=\"wp-block-separator has-text-color has-background has-white-background-color has-white-color\"\/>\n\n\n\n<div class=\"wp-block-media-text alignwide is-stacked-on-mobile\"><figure class=\"wp-block-media-text__media\"><img loading=\"lazy\" width=\"1024\" height=\"1024\" src=\"http:\/\/xmm-ssc.irap.omp.eu\/xmm2athena\/wp-content\/uploads\/2024\/05\/BH_imagen2024-2.png\" alt=\"\" class=\"wp-image-5611 size-full\" srcset=\"http:\/\/xmm-ssc.irap.omp.eu\/xmm2athena\/wp-content\/uploads\/2024\/05\/BH_imagen2024-2.png 1024w, http:\/\/xmm-ssc.irap.omp.eu\/xmm2athena\/wp-content\/uploads\/2024\/05\/BH_imagen2024-2-300x300.png 300w, http:\/\/xmm-ssc.irap.omp.eu\/xmm2athena\/wp-content\/uploads\/2024\/05\/BH_imagen2024-2-150x150.png 150w, http:\/\/xmm-ssc.irap.omp.eu\/xmm2athena\/wp-content\/uploads\/2024\/05\/BH_imagen2024-2-768x768.png 768w\" sizes=\"(max-width: 1024px) 100vw, 1024px\" \/><\/figure><div class=\"wp-block-media-text__content\">\n<p class=\"has-large-font-size\"><\/p>\n\n\n\n<p class=\"has-black-color has-text-color\">Les trous noirs sont l&rsquo;un des objets les plus fascinants de l&rsquo;univers, et les enfants sont souvent curieux \u00e0 leur sujet. Pendant la semaine des trous noirs, des scientifiques de notre communaut\u00e9 et des projets Athena et AHEAD2020 ont r\u00e9pondu aux questions des enfants en quatre langues.<\/p>\n<\/div><\/div>\n\n\n\n<hr class=\"wp-block-separator has-text-color has-background has-white-background-color has-white-color\"\/>\n\n\n\n<hr class=\"wp-block-separator has-text-color has-background has-white-background-color has-white-color\"\/>\n\n\n\n<div class=\"wp-container-1 wp-block-buttons\">\n<div class=\"wp-block-button aligncenter is-style-outline\"><a class=\"wp-block-button__link has-text-color\" href=\"http:\/\/xmm-ssc.irap.omp.eu\/xmm2athena\/fr\/2024\/05\/14\/semaine-des-trous-noirs-2024-videos\/\" style=\"color:#d12e7e\" target=\"_blank\" rel=\"noreferrer noopener\">Notre Participation<\/a><\/div>\n<\/div>\n\n\n\n<hr class=\"wp-block-separator\"\/>\n\n\n\n<div class=\"wp-block-media-text alignwide is-stacked-on-mobile\"><figure class=\"wp-block-media-text__media\"><img loading=\"lazy\" width=\"1024\" height=\"1024\" src=\"http:\/\/xmm-ssc.irap.omp.eu\/xmm2athena\/wp-content\/uploads\/2024\/03\/fondo-3.jpg\" alt=\"\" class=\"wp-image-5558 size-full\" srcset=\"http:\/\/xmm-ssc.irap.omp.eu\/xmm2athena\/wp-content\/uploads\/2024\/03\/fondo-3.jpg 1024w, http:\/\/xmm-ssc.irap.omp.eu\/xmm2athena\/wp-content\/uploads\/2024\/03\/fondo-3-300x300.jpg 300w, http:\/\/xmm-ssc.irap.omp.eu\/xmm2athena\/wp-content\/uploads\/2024\/03\/fondo-3-150x150.jpg 150w, http:\/\/xmm-ssc.irap.omp.eu\/xmm2athena\/wp-content\/uploads\/2024\/03\/fondo-3-768x768.jpg 768w\" sizes=\"(max-width: 1024px) 100vw, 1024px\" \/><\/figure><div class=\"wp-block-media-text__content\">\n<h3>Journ\u00e9e internationale de la femme 8 mars<\/h3>\n\n\n\n<p class=\"has-black-color has-text-color\">La Journ\u00e9e internationale de la femme est c\u00e9l\u00e9br\u00e9e dans de nombreux pays du monde. C&rsquo;est une journ\u00e9e o\u00f9 les femmes sont reconnues pour leurs r\u00e9alisations, sans distinction de nationalit\u00e9, d&rsquo;ethnie, de langue, de culture, d&rsquo;\u00e9conomie ou de politique.<\/p>\n\n\n\n<p class=\"has-black-color has-text-color\">Depuis ces premi\u00e8res ann\u00e9es, la Journ\u00e9e internationale de la femme a pris une nouvelle dimension mondiale pour les femmes des pays d\u00e9velopp\u00e9s et en d\u00e9veloppement. Le mouvement international des femmes, en pleine expansion et renforc\u00e9 par quatre conf\u00e9rences mondiales des Nations unies sur les femmes, a contribu\u00e9 \u00e0 faire de la comm\u00e9moration un point de ralliement pour soutenir les droits des femmes et leur participation dans les domaines politique et \u00e9conomique.<\/p>\n<\/div><\/div>\n\n\n\n<hr class=\"wp-block-separator has-text-color has-background has-white-background-color has-white-color\"\/>\n\n\n\n<div class=\"wp-container-2 wp-block-buttons\">\n<div class=\"wp-block-button aligncenter is-style-outline\"><a class=\"wp-block-button__link has-text-color\" href=\"http:\/\/xmm-ssc.irap.omp.eu\/xmm2athena\/fr\/2024\/03\/18\/8-mars-2024-journee-internationale-de-la-femme\/\" style=\"color:#d12e7e\">Notre Participation<\/a><\/div>\n<\/div>\n\n\n\n<hr class=\"wp-block-separator has-text-color has-background has-white-background-color has-white-color\"\/>\n\n\n\n<hr class=\"wp-block-separator is-style-wide\"\/>\n\n\n\n<div class=\"wp-block-media-text alignwide is-stacked-on-mobile\"><figure class=\"wp-block-media-text__media\"><img loading=\"lazy\" width=\"941\" height=\"550\" src=\"http:\/\/xmm-ssc.irap.omp.eu\/xmm2athena\/wp-content\/uploads\/2024\/03\/Picture-1.png\" alt=\"\" class=\"wp-image-5559 size-full\" srcset=\"http:\/\/xmm-ssc.irap.omp.eu\/xmm2athena\/wp-content\/uploads\/2024\/03\/Picture-1.png 941w, http:\/\/xmm-ssc.irap.omp.eu\/xmm2athena\/wp-content\/uploads\/2024\/03\/Picture-1-300x175.png 300w, http:\/\/xmm-ssc.irap.omp.eu\/xmm2athena\/wp-content\/uploads\/2024\/03\/Picture-1-768x449.png 768w\" sizes=\"(max-width: 941px) 100vw, 941px\" \/><\/figure><div class=\"wp-block-media-text__content\">\n<h3>Journ\u00e9e internationale des femmes et des filles dans les sciences : 11 f\u00e9vrier<\/h3>\n\n\n\n<p class=\"has-black-color has-text-color\">La science et l&rsquo;\u00e9galit\u00e9 des sexes sont toutes deux essentielles \u00e0 la r\u00e9alisation des objectifs de d\u00e9veloppement convenus au niveau international, y compris l&rsquo;Agenda 2030 pour le d\u00e9veloppement durable. Au cours des derni\u00e8res d\u00e9cennies, la communaut\u00e9 mondiale a fait beaucoup d&rsquo;efforts pour inspirer les femmes et les filles et les inciter \u00e0 s&rsquo;int\u00e9resser \u00e0 la science. Pourtant, les femmes et les filles continuent d&rsquo;\u00eatre exclues d&rsquo;une participation pleine et enti\u00e8re \u00e0 la science.<\/p>\n\n\n\n<p class=\"has-black-color has-text-color\">Afin de permettre aux femmes et aux filles d&rsquo;acc\u00e9der pleinement et sur un pied d&rsquo;\u00e9galit\u00e9 \u00e0 la science et d&rsquo;y participer, et de promouvoir l&rsquo;\u00e9galit\u00e9 des sexes et l&rsquo;autonomisation des femmes et des filles, l&rsquo;Assembl\u00e9e g\u00e9n\u00e9rale des Nations unies a d\u00e9clar\u00e9 le 11 f\u00e9vrier Journ\u00e9e internationale des femmes et des filles dans le domaine de la science en 2015.<br><\/p>\n<\/div><\/div>\n\n\n\n<hr class=\"wp-block-separator has-text-color has-background has-white-background-color has-white-color is-style-dots\"\/>\n\n\n\n<div class=\"wp-container-3 wp-block-buttons\">\n<div class=\"wp-block-button is-style-outline\"><a class=\"wp-block-button__link has-text-color\" href=\"http:\/\/xmm-ssc.irap.omp.eu\/xmm2athena\/fr\/11-fevrier-concours-dinfographie-sur-les-femmes-astronomes\/\" style=\"color:#d12e7e\" target=\"_blank\" rel=\"noreferrer noopener\">Notre Participation<\/a><\/div>\n<\/div>\n\n\n\n<p><\/p>\n","protected":false},"excerpt":{"rendered":"<p>Les trous noirs sont l&rsquo;un des objets les plus fascinants de l&rsquo;univers, et les enfants sont souvent curieux \u00e0 leur sujet. Pendant la semaine des trous noirs, des scientifiques de notre communaut\u00e9 et des projets Athena et AHEAD2020 ont r\u00e9pondu aux questions des enfants en quatre langues. Journ\u00e9e internationale de la femme 8 mars La&hellip; <br \/> <a class=\"read-more\" href=\"http:\/\/xmm-ssc.irap.omp.eu\/xmm2athena\/fr\/www-initiatives-2024-2\/\">Lire la suite<\/a><\/p>\n","protected":false},"author":2,"featured_media":0,"parent":0,"menu_order":0,"comment_status":"closed","ping_status":"closed","template":"","meta":{"_eb_attr":"","_mi_skip_tracking":false,"_monsterinsights_sitenote_active":false,"_monsterinsights_sitenote_note":"","_monsterinsights_sitenote_category":0},"_links":{"self":[{"href":"http:\/\/xmm-ssc.irap.omp.eu\/xmm2athena\/wp-json\/wp\/v2\/pages\/5573"}],"collection":[{"href":"http:\/\/xmm-ssc.irap.omp.eu\/xmm2athena\/wp-json\/wp\/v2\/pages"}],"about":[{"href":"http:\/\/xmm-ssc.irap.omp.eu\/xmm2athena\/wp-json\/wp\/v2\/types\/page"}],"author":[{"embeddable":true,"href":"http:\/\/xmm-ssc.irap.omp.eu\/xmm2athena\/wp-json\/wp\/v2\/users\/2"}],"replies":[{"embeddable":true,"href":"http:\/\/xmm-ssc.irap.omp.eu\/xmm2athena\/wp-json\/wp\/v2\/comments?post=5573"}],"version-history":[{"count":3,"href":"http:\/\/xmm-ssc.irap.omp.eu\/xmm2athena\/wp-json\/wp\/v2\/pages\/5573\/revisions"}],"predecessor-version":[{"id":5759,"href":"http:\/\/xmm-ssc.irap.omp.eu\/xmm2athena\/wp-json\/wp\/v2\/pages\/5573\/revisions\/5759"}],"wp:attachment":[{"href":"http:\/\/xmm-ssc.irap.omp.eu\/xmm2athena\/wp-json\/wp\/v2\/media?parent=5573"}],"curies":[{"name":"wp","href":"https:\/\/api.w.org\/{rel}","templated":true}]}}