{"id":5283,"date":"2023-12-04T13:50:06","date_gmt":"2023-12-04T13:50:06","guid":{"rendered":"http:\/\/xmm-ssc.irap.omp.eu\/xmm2athena\/?page_id=5283"},"modified":"2023-12-04T13:50:08","modified_gmt":"2023-12-04T13:50:08","slug":"semana-de-la-ciencia-2023-ii-edicion-de-las-clases-magistrales-internationales-en-astrofisica","status":"publish","type":"page","link":"http:\/\/xmm-ssc.irap.omp.eu\/xmm2athena\/es\/semana-de-la-ciencia-2023-ii-edicion-de-las-clases-magistrales-internationales-en-astrofisica\/","title":{"rendered":"Semana de la Ciencia 2023: II Edici\u00f3n de las Clases Magistrales Internationales en Astrof\u00edsica."},"content":{"rendered":"\n<p><\/p>\n\n\n\n<p class=\"has-black-color has-text-color\">El pasado 30 de Noviembre se celebr\u00f3 la segunda edici\u00f3n de las Clases Magistrales de Astrof\u00edsica en colaboraci\u00f3n el IFCA y el IRAP.<br>Los alumnos pudieron aprender conceptos sobre la astronom\u00eda de RayosX, as\u00ed como de las observaciones realizadas por el sat\u00e9lite XMM-Newton.<br>\u00a1Posteriormente se convirtieron en astr\u00f3nomos por un d\u00eda! Aprendieron a clasificar las fuentes tomadas por XMM-Newton y llevaron a cabo la clasificaci\u00f3n de algunas de ellas a trav\u00e9s de la aplicaci\u00f3n web <a rel=\"noreferrer noopener\" href=\"http:\/\/xmm-ssc.irap.omp.eu\/claxson\/\" target=\"_blank\">CLAXSON<\/a>.<br>Aqu\u00ed teneis algunas de las fotos del evento:<\/p>\n\n\n\n<div class=\"wp-block-columns\">\n<div class=\"wp-block-column\">\n<figure class=\"wp-block-image size-large\"><img loading=\"lazy\" width=\"1024\" height=\"767\" src=\"http:\/\/xmm-ssc.irap.omp.eu\/xmm2athena\/wp-content\/uploads\/2023\/12\/405982291_758857512944070_5369671183929961110_n-1024x767.jpg\" alt=\"\" class=\"wp-image-5266\" srcset=\"http:\/\/xmm-ssc.irap.omp.eu\/xmm2athena\/wp-content\/uploads\/2023\/12\/405982291_758857512944070_5369671183929961110_n-1024x767.jpg 1024w, http:\/\/xmm-ssc.irap.omp.eu\/xmm2athena\/wp-content\/uploads\/2023\/12\/405982291_758857512944070_5369671183929961110_n-300x225.jpg 300w, http:\/\/xmm-ssc.irap.omp.eu\/xmm2athena\/wp-content\/uploads\/2023\/12\/405982291_758857512944070_5369671183929961110_n-768x575.jpg 768w, http:\/\/xmm-ssc.irap.omp.eu\/xmm2athena\/wp-content\/uploads\/2023\/12\/405982291_758857512944070_5369671183929961110_n.jpg 1170w\" sizes=\"(max-width: 1024px) 100vw, 1024px\" \/><\/figure>\n<\/div>\n\n\n\n<div class=\"wp-block-column\">\n<figure class=\"wp-block-image size-large\"><img loading=\"lazy\" width=\"1024\" height=\"768\" src=\"http:\/\/xmm-ssc.irap.omp.eu\/xmm2athena\/wp-content\/uploads\/2023\/12\/IMG_4139-1024x768.jpg\" alt=\"\" class=\"wp-image-5267\" srcset=\"http:\/\/xmm-ssc.irap.omp.eu\/xmm2athena\/wp-content\/uploads\/2023\/12\/IMG_4139-1024x768.jpg 1024w, http:\/\/xmm-ssc.irap.omp.eu\/xmm2athena\/wp-content\/uploads\/2023\/12\/IMG_4139-300x225.jpg 300w, http:\/\/xmm-ssc.irap.omp.eu\/xmm2athena\/wp-content\/uploads\/2023\/12\/IMG_4139-768x576.jpg 768w, http:\/\/xmm-ssc.irap.omp.eu\/xmm2athena\/wp-content\/uploads\/2023\/12\/IMG_4139-1536x1152.jpg 1536w, http:\/\/xmm-ssc.irap.omp.eu\/xmm2athena\/wp-content\/uploads\/2023\/12\/IMG_4139-2048x1536.jpg 2048w, http:\/\/xmm-ssc.irap.omp.eu\/xmm2athena\/wp-content\/uploads\/2023\/12\/IMG_4139-1440x1080.jpg 1440w\" sizes=\"(max-width: 1024px) 100vw, 1024px\" \/><\/figure>\n<\/div>\n\n\n\n<div class=\"wp-block-column\">\n<figure class=\"wp-block-image size-large\"><img loading=\"lazy\" width=\"1024\" height=\"767\" src=\"http:\/\/xmm-ssc.irap.omp.eu\/xmm2athena\/wp-content\/uploads\/2023\/12\/405417770_1409668676302435_3285098370842806197_n-1024x767.jpg\" alt=\"\" class=\"wp-image-5268\" srcset=\"http:\/\/xmm-ssc.irap.omp.eu\/xmm2athena\/wp-content\/uploads\/2023\/12\/405417770_1409668676302435_3285098370842806197_n-1024x767.jpg 1024w, http:\/\/xmm-ssc.irap.omp.eu\/xmm2athena\/wp-content\/uploads\/2023\/12\/405417770_1409668676302435_3285098370842806197_n-300x225.jpg 300w, http:\/\/xmm-ssc.irap.omp.eu\/xmm2athena\/wp-content\/uploads\/2023\/12\/405417770_1409668676302435_3285098370842806197_n-768x575.jpg 768w, http:\/\/xmm-ssc.irap.omp.eu\/xmm2athena\/wp-content\/uploads\/2023\/12\/405417770_1409668676302435_3285098370842806197_n.jpg 1170w\" sizes=\"(max-width: 1024px) 100vw, 1024px\" \/><\/figure>\n<\/div>\n<\/div>\n\n\n\n<div class=\"wp-block-columns\">\n<div class=\"wp-block-column\">\n<figure class=\"wp-block-image size-large\"><img loading=\"lazy\" width=\"1024\" height=\"768\" src=\"http:\/\/xmm-ssc.irap.omp.eu\/xmm2athena\/wp-content\/uploads\/2023\/12\/IMG_4137-1024x768.jpg\" alt=\"\" class=\"wp-image-5269\" srcset=\"http:\/\/xmm-ssc.irap.omp.eu\/xmm2athena\/wp-content\/uploads\/2023\/12\/IMG_4137-1024x768.jpg 1024w, http:\/\/xmm-ssc.irap.omp.eu\/xmm2athena\/wp-content\/uploads\/2023\/12\/IMG_4137-300x225.jpg 300w, http:\/\/xmm-ssc.irap.omp.eu\/xmm2athena\/wp-content\/uploads\/2023\/12\/IMG_4137-768x576.jpg 768w, http:\/\/xmm-ssc.irap.omp.eu\/xmm2athena\/wp-content\/uploads\/2023\/12\/IMG_4137-1536x1152.jpg 1536w, http:\/\/xmm-ssc.irap.omp.eu\/xmm2athena\/wp-content\/uploads\/2023\/12\/IMG_4137-2048x1536.jpg 2048w, http:\/\/xmm-ssc.irap.omp.eu\/xmm2athena\/wp-content\/uploads\/2023\/12\/IMG_4137-1440x1080.jpg 1440w\" sizes=\"(max-width: 1024px) 100vw, 1024px\" \/><\/figure>\n<\/div>\n\n\n\n<div class=\"wp-block-column\">\n<figure class=\"wp-block-image size-large\"><img loading=\"lazy\" width=\"1024\" height=\"767\" src=\"http:\/\/xmm-ssc.irap.omp.eu\/xmm2athena\/wp-content\/uploads\/2023\/12\/406001693_905710744443045_422107685021351043_n-1024x767.jpg\" alt=\"\" class=\"wp-image-5270\" srcset=\"http:\/\/xmm-ssc.irap.omp.eu\/xmm2athena\/wp-content\/uploads\/2023\/12\/406001693_905710744443045_422107685021351043_n-1024x767.jpg 1024w, http:\/\/xmm-ssc.irap.omp.eu\/xmm2athena\/wp-content\/uploads\/2023\/12\/406001693_905710744443045_422107685021351043_n-300x225.jpg 300w, http:\/\/xmm-ssc.irap.omp.eu\/xmm2athena\/wp-content\/uploads\/2023\/12\/406001693_905710744443045_422107685021351043_n-768x575.jpg 768w, http:\/\/xmm-ssc.irap.omp.eu\/xmm2athena\/wp-content\/uploads\/2023\/12\/406001693_905710744443045_422107685021351043_n.jpg 1170w\" sizes=\"(max-width: 1024px) 100vw, 1024px\" \/><\/figure>\n<\/div>\n\n\n\n<div class=\"wp-block-column\">\n<figure class=\"wp-block-image size-large\"><img loading=\"lazy\" width=\"1024\" height=\"578\" src=\"http:\/\/xmm-ssc.irap.omp.eu\/xmm2athena\/wp-content\/uploads\/2023\/12\/406319336_7038516292877741_5525487161327421069_n-1024x578.jpg\" alt=\"\" class=\"wp-image-5271\" srcset=\"http:\/\/xmm-ssc.irap.omp.eu\/xmm2athena\/wp-content\/uploads\/2023\/12\/406319336_7038516292877741_5525487161327421069_n-1024x578.jpg 1024w, http:\/\/xmm-ssc.irap.omp.eu\/xmm2athena\/wp-content\/uploads\/2023\/12\/406319336_7038516292877741_5525487161327421069_n-300x169.jpg 300w, http:\/\/xmm-ssc.irap.omp.eu\/xmm2athena\/wp-content\/uploads\/2023\/12\/406319336_7038516292877741_5525487161327421069_n-768x433.jpg 768w, http:\/\/xmm-ssc.irap.omp.eu\/xmm2athena\/wp-content\/uploads\/2023\/12\/406319336_7038516292877741_5525487161327421069_n.jpg 1170w\" sizes=\"(max-width: 1024px) 100vw, 1024px\" \/><\/figure>\n<\/div>\n<\/div>\n\n\n\n<div class=\"wp-block-columns\">\n<div class=\"wp-block-column\">\n<figure class=\"wp-block-image size-large\"><img loading=\"lazy\" width=\"1024\" height=\"768\" src=\"http:\/\/xmm-ssc.irap.omp.eu\/xmm2athena\/wp-content\/uploads\/2023\/12\/IMG_4145-1024x768.jpg\" alt=\"\" class=\"wp-image-5272\" srcset=\"http:\/\/xmm-ssc.irap.omp.eu\/xmm2athena\/wp-content\/uploads\/2023\/12\/IMG_4145-1024x768.jpg 1024w, http:\/\/xmm-ssc.irap.omp.eu\/xmm2athena\/wp-content\/uploads\/2023\/12\/IMG_4145-300x225.jpg 300w, http:\/\/xmm-ssc.irap.omp.eu\/xmm2athena\/wp-content\/uploads\/2023\/12\/IMG_4145-768x576.jpg 768w, http:\/\/xmm-ssc.irap.omp.eu\/xmm2athena\/wp-content\/uploads\/2023\/12\/IMG_4145-1536x1152.jpg 1536w, http:\/\/xmm-ssc.irap.omp.eu\/xmm2athena\/wp-content\/uploads\/2023\/12\/IMG_4145-2048x1536.jpg 2048w, http:\/\/xmm-ssc.irap.omp.eu\/xmm2athena\/wp-content\/uploads\/2023\/12\/IMG_4145-1440x1080.jpg 1440w\" sizes=\"(max-width: 1024px) 100vw, 1024px\" \/><\/figure>\n<\/div>\n\n\n\n<div class=\"wp-block-column\">\n<figure class=\"wp-block-image size-large\"><img loading=\"lazy\" width=\"1024\" height=\"569\" src=\"http:\/\/xmm-ssc.irap.omp.eu\/xmm2athena\/wp-content\/uploads\/2023\/12\/406281712_204764039342089_929222866477162151_n-1024x569.jpg\" alt=\"\" class=\"wp-image-5273\" srcset=\"http:\/\/xmm-ssc.irap.omp.eu\/xmm2athena\/wp-content\/uploads\/2023\/12\/406281712_204764039342089_929222866477162151_n-1024x569.jpg 1024w, http:\/\/xmm-ssc.irap.omp.eu\/xmm2athena\/wp-content\/uploads\/2023\/12\/406281712_204764039342089_929222866477162151_n-300x167.jpg 300w, http:\/\/xmm-ssc.irap.omp.eu\/xmm2athena\/wp-content\/uploads\/2023\/12\/406281712_204764039342089_929222866477162151_n-768x427.jpg 768w, http:\/\/xmm-ssc.irap.omp.eu\/xmm2athena\/wp-content\/uploads\/2023\/12\/406281712_204764039342089_929222866477162151_n.jpg 1170w\" sizes=\"(max-width: 1024px) 100vw, 1024px\" \/><\/figure>\n<\/div>\n\n\n\n<div class=\"wp-block-column\">\n<figure class=\"wp-block-image size-large\"><img loading=\"lazy\" width=\"1024\" height=\"768\" src=\"http:\/\/xmm-ssc.irap.omp.eu\/xmm2athena\/wp-content\/uploads\/2023\/12\/IMG_4144-1024x768.jpg\" alt=\"\" class=\"wp-image-5274\" srcset=\"http:\/\/xmm-ssc.irap.omp.eu\/xmm2athena\/wp-content\/uploads\/2023\/12\/IMG_4144-1024x768.jpg 1024w, http:\/\/xmm-ssc.irap.omp.eu\/xmm2athena\/wp-content\/uploads\/2023\/12\/IMG_4144-300x225.jpg 300w, http:\/\/xmm-ssc.irap.omp.eu\/xmm2athena\/wp-content\/uploads\/2023\/12\/IMG_4144-768x576.jpg 768w, http:\/\/xmm-ssc.irap.omp.eu\/xmm2athena\/wp-content\/uploads\/2023\/12\/IMG_4144-1536x1152.jpg 1536w, http:\/\/xmm-ssc.irap.omp.eu\/xmm2athena\/wp-content\/uploads\/2023\/12\/IMG_4144-2048x1536.jpg 2048w, http:\/\/xmm-ssc.irap.omp.eu\/xmm2athena\/wp-content\/uploads\/2023\/12\/IMG_4144-1440x1080.jpg 1440w\" sizes=\"(max-width: 1024px) 100vw, 1024px\" \/><\/figure>\n<\/div>\n<\/div>\n\n\n\n<div class=\"wp-block-columns\">\n<div class=\"wp-block-column\">\n<figure class=\"wp-block-image size-large\"><img loading=\"lazy\" width=\"1024\" height=\"571\" src=\"http:\/\/xmm-ssc.irap.omp.eu\/xmm2athena\/wp-content\/uploads\/2023\/12\/405280033_262947113459734_1349887645470072818_n-1024x571.jpg\" alt=\"\" class=\"wp-image-5275\" srcset=\"http:\/\/xmm-ssc.irap.omp.eu\/xmm2athena\/wp-content\/uploads\/2023\/12\/405280033_262947113459734_1349887645470072818_n-1024x571.jpg 1024w, http:\/\/xmm-ssc.irap.omp.eu\/xmm2athena\/wp-content\/uploads\/2023\/12\/405280033_262947113459734_1349887645470072818_n-300x167.jpg 300w, http:\/\/xmm-ssc.irap.omp.eu\/xmm2athena\/wp-content\/uploads\/2023\/12\/405280033_262947113459734_1349887645470072818_n-768x428.jpg 768w, http:\/\/xmm-ssc.irap.omp.eu\/xmm2athena\/wp-content\/uploads\/2023\/12\/405280033_262947113459734_1349887645470072818_n.jpg 1170w\" sizes=\"(max-width: 1024px) 100vw, 1024px\" \/><\/figure>\n<\/div>\n\n\n\n<div class=\"wp-block-column\">\n<figure class=\"wp-block-image size-large\"><img loading=\"lazy\" width=\"1024\" height=\"1024\" src=\"http:\/\/xmm-ssc.irap.omp.eu\/xmm2athena\/wp-content\/uploads\/2023\/12\/IMG_4148-1024x1024.jpg\" alt=\"\" class=\"wp-image-5276\" srcset=\"http:\/\/xmm-ssc.irap.omp.eu\/xmm2athena\/wp-content\/uploads\/2023\/12\/IMG_4148-1024x1024.jpg 1024w, http:\/\/xmm-ssc.irap.omp.eu\/xmm2athena\/wp-content\/uploads\/2023\/12\/IMG_4148-300x300.jpg 300w, http:\/\/xmm-ssc.irap.omp.eu\/xmm2athena\/wp-content\/uploads\/2023\/12\/IMG_4148-150x150.jpg 150w, http:\/\/xmm-ssc.irap.omp.eu\/xmm2athena\/wp-content\/uploads\/2023\/12\/IMG_4148-768x768.jpg 768w, http:\/\/xmm-ssc.irap.omp.eu\/xmm2athena\/wp-content\/uploads\/2023\/12\/IMG_4148-1536x1536.jpg 1536w, http:\/\/xmm-ssc.irap.omp.eu\/xmm2athena\/wp-content\/uploads\/2023\/12\/IMG_4148-2048x2048.jpg 2048w, http:\/\/xmm-ssc.irap.omp.eu\/xmm2athena\/wp-content\/uploads\/2023\/12\/IMG_4148-1080x1080.jpg 1080w\" sizes=\"(max-width: 1024px) 100vw, 1024px\" \/><\/figure>\n<\/div>\n\n\n\n<div class=\"wp-block-column\">\n<figure class=\"wp-block-image size-large\"><img loading=\"lazy\" width=\"1024\" height=\"588\" src=\"http:\/\/xmm-ssc.irap.omp.eu\/xmm2athena\/wp-content\/uploads\/2023\/12\/406242629_324524373862975_3107642061338013822_n-1024x588.jpg\" alt=\"\" class=\"wp-image-5277\" srcset=\"http:\/\/xmm-ssc.irap.omp.eu\/xmm2athena\/wp-content\/uploads\/2023\/12\/406242629_324524373862975_3107642061338013822_n-1024x588.jpg 1024w, http:\/\/xmm-ssc.irap.omp.eu\/xmm2athena\/wp-content\/uploads\/2023\/12\/406242629_324524373862975_3107642061338013822_n-300x172.jpg 300w, http:\/\/xmm-ssc.irap.omp.eu\/xmm2athena\/wp-content\/uploads\/2023\/12\/406242629_324524373862975_3107642061338013822_n-768x441.jpg 768w, http:\/\/xmm-ssc.irap.omp.eu\/xmm2athena\/wp-content\/uploads\/2023\/12\/406242629_324524373862975_3107642061338013822_n.jpg 1142w\" sizes=\"(max-width: 1024px) 100vw, 1024px\" \/><\/figure>\n<\/div>\n<\/div>\n","protected":false},"excerpt":{"rendered":"<p>El pasado 30 de Noviembre se celebr\u00f3 la segunda edici\u00f3n de las Clases Magistrales de Astrof\u00edsica en colaboraci\u00f3n el IFCA y el IRAP.Los alumnos pudieron aprender conceptos sobre la astronom\u00eda de RayosX, as\u00ed como de las observaciones realizadas por el sat\u00e9lite XMM-Newton.\u00a1Posteriormente se convirtieron en astr\u00f3nomos por un d\u00eda! Aprendieron a clasificar las fuentes tomadas&hellip; <br \/> <a class=\"read-more\" href=\"http:\/\/xmm-ssc.irap.omp.eu\/xmm2athena\/es\/semana-de-la-ciencia-2023-ii-edicion-de-las-clases-magistrales-internationales-en-astrofisica\/\">Lire la suite<\/a><\/p>\n","protected":false},"author":5,"featured_media":0,"parent":0,"menu_order":0,"comment_status":"closed","ping_status":"closed","template":"","meta":{"_eb_attr":"","_mi_skip_tracking":false,"_monsterinsights_sitenote_active":false,"_monsterinsights_sitenote_note":"","_monsterinsights_sitenote_category":0},"_links":{"self":[{"href":"http:\/\/xmm-ssc.irap.omp.eu\/xmm2athena\/wp-json\/wp\/v2\/pages\/5283"}],"collection":[{"href":"http:\/\/xmm-ssc.irap.omp.eu\/xmm2athena\/wp-json\/wp\/v2\/pages"}],"about":[{"href":"http:\/\/xmm-ssc.irap.omp.eu\/xmm2athena\/wp-json\/wp\/v2\/types\/page"}],"author":[{"embeddable":true,"href":"http:\/\/xmm-ssc.irap.omp.eu\/xmm2athena\/wp-json\/wp\/v2\/users\/5"}],"replies":[{"embeddable":true,"href":"http:\/\/xmm-ssc.irap.omp.eu\/xmm2athena\/wp-json\/wp\/v2\/comments?post=5283"}],"version-history":[{"count":2,"href":"http:\/\/xmm-ssc.irap.omp.eu\/xmm2athena\/wp-json\/wp\/v2\/pages\/5283\/revisions"}],"predecessor-version":[{"id":5285,"href":"http:\/\/xmm-ssc.irap.omp.eu\/xmm2athena\/wp-json\/wp\/v2\/pages\/5283\/revisions\/5285"}],"wp:attachment":[{"href":"http:\/\/xmm-ssc.irap.omp.eu\/xmm2athena\/wp-json\/wp\/v2\/media?parent=5283"}],"curies":[{"name":"wp","href":"https:\/\/api.w.org\/{rel}","templated":true}]}}