{"id":5214,"date":"2023-11-20T13:00:53","date_gmt":"2023-11-20T13:00:53","guid":{"rendered":"http:\/\/xmm-ssc.irap.omp.eu\/xmm2athena\/?page_id=5214"},"modified":"2023-11-20T13:00:55","modified_gmt":"2023-11-20T13:00:55","slug":"fiesta-de-la-ciencia-en-el-irap-2023","status":"publish","type":"page","link":"http:\/\/xmm-ssc.irap.omp.eu\/xmm2athena\/es\/fiesta-de-la-ciencia-en-el-irap-2023\/","title":{"rendered":"Fiesta de la Ciencia en el IRAP 2023"},"content":{"rendered":"\n<p class=\"has-black-color has-text-color\">Durante estos d\u00edas, hubo presentaciones de cient\u00edficos relacionadas con el tema del proyecto XMM2ATHENA:<\/p>\n\n\n\n<ul class=\"has-black-color has-text-color\"><li><strong><a rel=\"noreferrer noopener\" href=\"http:\/\/xmm-ssc.irap.omp.eu\/xmm2athena\/wp-content\/uploads\/2021\/07\/Natalie-1.pdf\" target=\"_blank\">Natalie WEBB<\/a><\/strong>, investigadora principal de XMM2ATHENA, pronunciar\u00e1 una conferencia titulada \u00ab\u00a0Las Olimpiadas de las estrellas: \u00bfcu\u00e1les son las m\u00e1s r\u00e1pidas, las m\u00e1s fuertes o las m\u00e1s brillantes?\u00a0\u00bb<\/li><\/ul>\n\n\n\n<div class=\"wp-block-columns\">\n<div class=\"wp-block-column\">\n<figure class=\"wp-block-image size-large\"><img loading=\"lazy\" width=\"1024\" height=\"768\" src=\"http:\/\/xmm-ssc.irap.omp.eu\/xmm2athena\/wp-content\/uploads\/2023\/11\/IMG_3996-1-1024x768.jpg\" alt=\"\" class=\"wp-image-5215\" srcset=\"http:\/\/xmm-ssc.irap.omp.eu\/xmm2athena\/wp-content\/uploads\/2023\/11\/IMG_3996-1-1024x768.jpg 1024w, http:\/\/xmm-ssc.irap.omp.eu\/xmm2athena\/wp-content\/uploads\/2023\/11\/IMG_3996-1-300x225.jpg 300w, http:\/\/xmm-ssc.irap.omp.eu\/xmm2athena\/wp-content\/uploads\/2023\/11\/IMG_3996-1-768x576.jpg 768w, http:\/\/xmm-ssc.irap.omp.eu\/xmm2athena\/wp-content\/uploads\/2023\/11\/IMG_3996-1-1536x1152.jpg 1536w, http:\/\/xmm-ssc.irap.omp.eu\/xmm2athena\/wp-content\/uploads\/2023\/11\/IMG_3996-1-2048x1536.jpg 2048w, http:\/\/xmm-ssc.irap.omp.eu\/xmm2athena\/wp-content\/uploads\/2023\/11\/IMG_3996-1-1440x1080.jpg 1440w\" sizes=\"(max-width: 1024px) 100vw, 1024px\" \/><\/figure>\n<\/div>\n\n\n\n<div class=\"wp-block-column\">\n<figure class=\"wp-block-image size-large\"><img loading=\"lazy\" width=\"1024\" height=\"768\" src=\"http:\/\/xmm-ssc.irap.omp.eu\/xmm2athena\/wp-content\/uploads\/2023\/11\/IMG_3999-1-1024x768.jpg\" alt=\"\" class=\"wp-image-5216\" srcset=\"http:\/\/xmm-ssc.irap.omp.eu\/xmm2athena\/wp-content\/uploads\/2023\/11\/IMG_3999-1-1024x768.jpg 1024w, http:\/\/xmm-ssc.irap.omp.eu\/xmm2athena\/wp-content\/uploads\/2023\/11\/IMG_3999-1-300x225.jpg 300w, http:\/\/xmm-ssc.irap.omp.eu\/xmm2athena\/wp-content\/uploads\/2023\/11\/IMG_3999-1-768x576.jpg 768w, http:\/\/xmm-ssc.irap.omp.eu\/xmm2athena\/wp-content\/uploads\/2023\/11\/IMG_3999-1-1536x1152.jpg 1536w, http:\/\/xmm-ssc.irap.omp.eu\/xmm2athena\/wp-content\/uploads\/2023\/11\/IMG_3999-1-2048x1536.jpg 2048w, http:\/\/xmm-ssc.irap.omp.eu\/xmm2athena\/wp-content\/uploads\/2023\/11\/IMG_3999-1-1440x1080.jpg 1440w\" sizes=\"(max-width: 1024px) 100vw, 1024px\" \/><\/figure>\n<\/div>\n\n\n\n<div class=\"wp-block-column\">\n<figure class=\"wp-block-image size-large\"><img loading=\"lazy\" width=\"1024\" height=\"768\" src=\"http:\/\/xmm-ssc.irap.omp.eu\/xmm2athena\/wp-content\/uploads\/2023\/11\/IMG_4004-1-1024x768.jpg\" alt=\"\" class=\"wp-image-5217\" srcset=\"http:\/\/xmm-ssc.irap.omp.eu\/xmm2athena\/wp-content\/uploads\/2023\/11\/IMG_4004-1-1024x768.jpg 1024w, http:\/\/xmm-ssc.irap.omp.eu\/xmm2athena\/wp-content\/uploads\/2023\/11\/IMG_4004-1-300x225.jpg 300w, http:\/\/xmm-ssc.irap.omp.eu\/xmm2athena\/wp-content\/uploads\/2023\/11\/IMG_4004-1-768x576.jpg 768w, http:\/\/xmm-ssc.irap.omp.eu\/xmm2athena\/wp-content\/uploads\/2023\/11\/IMG_4004-1-1536x1152.jpg 1536w, http:\/\/xmm-ssc.irap.omp.eu\/xmm2athena\/wp-content\/uploads\/2023\/11\/IMG_4004-1-2048x1536.jpg 2048w, http:\/\/xmm-ssc.irap.omp.eu\/xmm2athena\/wp-content\/uploads\/2023\/11\/IMG_4004-1-1440x1080.jpg 1440w\" sizes=\"(max-width: 1024px) 100vw, 1024px\" \/><\/figure>\n<\/div>\n<\/div>\n\n\n\n<div class=\"wp-block-columns\">\n<div class=\"wp-block-column\">\n<figure class=\"wp-block-image size-large\"><img loading=\"lazy\" width=\"1024\" height=\"768\" src=\"http:\/\/xmm-ssc.irap.omp.eu\/xmm2athena\/wp-content\/uploads\/2023\/11\/IMG_4006-1-1024x768.jpg\" alt=\"\" class=\"wp-image-5218\" srcset=\"http:\/\/xmm-ssc.irap.omp.eu\/xmm2athena\/wp-content\/uploads\/2023\/11\/IMG_4006-1-1024x768.jpg 1024w, http:\/\/xmm-ssc.irap.omp.eu\/xmm2athena\/wp-content\/uploads\/2023\/11\/IMG_4006-1-300x225.jpg 300w, http:\/\/xmm-ssc.irap.omp.eu\/xmm2athena\/wp-content\/uploads\/2023\/11\/IMG_4006-1-768x576.jpg 768w, http:\/\/xmm-ssc.irap.omp.eu\/xmm2athena\/wp-content\/uploads\/2023\/11\/IMG_4006-1-1536x1152.jpg 1536w, http:\/\/xmm-ssc.irap.omp.eu\/xmm2athena\/wp-content\/uploads\/2023\/11\/IMG_4006-1-2048x1536.jpg 2048w, http:\/\/xmm-ssc.irap.omp.eu\/xmm2athena\/wp-content\/uploads\/2023\/11\/IMG_4006-1-1440x1080.jpg 1440w\" sizes=\"(max-width: 1024px) 100vw, 1024px\" \/><\/figure>\n<\/div>\n\n\n\n<div class=\"wp-block-column\">\n<figure class=\"wp-block-image size-large\"><img loading=\"lazy\" width=\"1024\" height=\"768\" src=\"http:\/\/xmm-ssc.irap.omp.eu\/xmm2athena\/wp-content\/uploads\/2023\/11\/IMG_4007-1-1024x768.jpg\" alt=\"\" class=\"wp-image-5219\" srcset=\"http:\/\/xmm-ssc.irap.omp.eu\/xmm2athena\/wp-content\/uploads\/2023\/11\/IMG_4007-1-1024x768.jpg 1024w, http:\/\/xmm-ssc.irap.omp.eu\/xmm2athena\/wp-content\/uploads\/2023\/11\/IMG_4007-1-300x225.jpg 300w, http:\/\/xmm-ssc.irap.omp.eu\/xmm2athena\/wp-content\/uploads\/2023\/11\/IMG_4007-1-768x576.jpg 768w, http:\/\/xmm-ssc.irap.omp.eu\/xmm2athena\/wp-content\/uploads\/2023\/11\/IMG_4007-1-1536x1152.jpg 1536w, http:\/\/xmm-ssc.irap.omp.eu\/xmm2athena\/wp-content\/uploads\/2023\/11\/IMG_4007-1-2048x1536.jpg 2048w, http:\/\/xmm-ssc.irap.omp.eu\/xmm2athena\/wp-content\/uploads\/2023\/11\/IMG_4007-1-1440x1080.jpg 1440w\" sizes=\"(max-width: 1024px) 100vw, 1024px\" \/><\/figure>\n<\/div>\n\n\n\n<div class=\"wp-block-column\"><\/div>\n<\/div>\n\n\n\n<ul class=\"has-black-color has-text-color\"><li><a rel=\"noreferrer noopener\" href=\"http:\/\/userpages.irap.omp.eu\/~dbarret\/\" target=\"_blank\"><strong>Didier Barret<\/strong><\/a> tambi\u00e9n dar\u00e1 una charla sobre un tema que nos afecta a todos: \u00abDel big bang al calentamiento global: la humilde perspectiva de un astrof\u00edsico\u00bb.<\/li><\/ul>\n\n\n\n<div class=\"wp-block-columns\">\n<div class=\"wp-block-column\">\n<figure class=\"wp-block-image size-large\"><img loading=\"lazy\" width=\"1024\" height=\"768\" src=\"http:\/\/xmm-ssc.irap.omp.eu\/xmm2athena\/wp-content\/uploads\/2023\/11\/IMG_4048-1-1024x768.jpg\" alt=\"\" class=\"wp-image-5220\" srcset=\"http:\/\/xmm-ssc.irap.omp.eu\/xmm2athena\/wp-content\/uploads\/2023\/11\/IMG_4048-1-1024x768.jpg 1024w, http:\/\/xmm-ssc.irap.omp.eu\/xmm2athena\/wp-content\/uploads\/2023\/11\/IMG_4048-1-300x225.jpg 300w, http:\/\/xmm-ssc.irap.omp.eu\/xmm2athena\/wp-content\/uploads\/2023\/11\/IMG_4048-1-768x576.jpg 768w, http:\/\/xmm-ssc.irap.omp.eu\/xmm2athena\/wp-content\/uploads\/2023\/11\/IMG_4048-1-1536x1152.jpg 1536w, http:\/\/xmm-ssc.irap.omp.eu\/xmm2athena\/wp-content\/uploads\/2023\/11\/IMG_4048-1-2048x1536.jpg 2048w, http:\/\/xmm-ssc.irap.omp.eu\/xmm2athena\/wp-content\/uploads\/2023\/11\/IMG_4048-1-1440x1080.jpg 1440w\" sizes=\"(max-width: 1024px) 100vw, 1024px\" \/><\/figure>\n<\/div>\n\n\n\n<div class=\"wp-block-column\">\n<figure class=\"wp-block-image size-large\"><img loading=\"lazy\" width=\"1024\" height=\"768\" src=\"http:\/\/xmm-ssc.irap.omp.eu\/xmm2athena\/wp-content\/uploads\/2023\/11\/IMG_4050-1-1024x768.jpg\" alt=\"\" class=\"wp-image-5221\" srcset=\"http:\/\/xmm-ssc.irap.omp.eu\/xmm2athena\/wp-content\/uploads\/2023\/11\/IMG_4050-1-1024x768.jpg 1024w, http:\/\/xmm-ssc.irap.omp.eu\/xmm2athena\/wp-content\/uploads\/2023\/11\/IMG_4050-1-300x225.jpg 300w, http:\/\/xmm-ssc.irap.omp.eu\/xmm2athena\/wp-content\/uploads\/2023\/11\/IMG_4050-1-768x576.jpg 768w, http:\/\/xmm-ssc.irap.omp.eu\/xmm2athena\/wp-content\/uploads\/2023\/11\/IMG_4050-1-1536x1152.jpg 1536w, http:\/\/xmm-ssc.irap.omp.eu\/xmm2athena\/wp-content\/uploads\/2023\/11\/IMG_4050-1-2048x1536.jpg 2048w, http:\/\/xmm-ssc.irap.omp.eu\/xmm2athena\/wp-content\/uploads\/2023\/11\/IMG_4050-1-1440x1080.jpg 1440w\" sizes=\"(max-width: 1024px) 100vw, 1024px\" \/><\/figure>\n<\/div>\n\n\n\n<div class=\"wp-block-column\">\n<figure class=\"wp-block-image size-large\"><img loading=\"lazy\" width=\"1024\" height=\"768\" src=\"http:\/\/xmm-ssc.irap.omp.eu\/xmm2athena\/wp-content\/uploads\/2023\/11\/IMG_4053-1-1024x768.jpg\" alt=\"\" class=\"wp-image-5222\" srcset=\"http:\/\/xmm-ssc.irap.omp.eu\/xmm2athena\/wp-content\/uploads\/2023\/11\/IMG_4053-1-1024x768.jpg 1024w, http:\/\/xmm-ssc.irap.omp.eu\/xmm2athena\/wp-content\/uploads\/2023\/11\/IMG_4053-1-300x225.jpg 300w, http:\/\/xmm-ssc.irap.omp.eu\/xmm2athena\/wp-content\/uploads\/2023\/11\/IMG_4053-1-768x576.jpg 768w, http:\/\/xmm-ssc.irap.omp.eu\/xmm2athena\/wp-content\/uploads\/2023\/11\/IMG_4053-1-1536x1152.jpg 1536w, http:\/\/xmm-ssc.irap.omp.eu\/xmm2athena\/wp-content\/uploads\/2023\/11\/IMG_4053-1-2048x1536.jpg 2048w, http:\/\/xmm-ssc.irap.omp.eu\/xmm2athena\/wp-content\/uploads\/2023\/11\/IMG_4053-1-1440x1080.jpg 1440w\" sizes=\"(max-width: 1024px) 100vw, 1024px\" \/><\/figure>\n<\/div>\n<\/div>\n\n\n\n<ul class=\"has-black-color has-text-color\"><li><strong>Alain Blanchard<\/strong>, nos hablar\u00e1 de \u00abLa b\u00fasqueda de los componentes oscuros del Universo\u00bb.<\/li><li>Por \u00faltimo, podr\u00e1 inscribirse en un taller basado en el proyecto Cherenkov Telescope Array (CTA): \u00abEl proyecto CTA: peque\u00f1os destellos en el cielo para observar agujeros negros\u00bb. Estar\u00e1 dirigido por <strong>Jean-Fran\u00e7ois Olive<\/strong>, <strong>Victoria Touzard<\/strong> et <strong>Adellain Tsiahina<\/strong><\/li><\/ul>\n\n\n\n<p class=\"has-black-color has-text-color\">Los res\u00famenes de estas conferencias y talleres est\u00e1n disponibles en el sitio web del IRAP:<br><a rel=\"noreferrer noopener\" href=\"https:\/\/www.irap.omp.eu\/grand-public\/evenements\/journee-portes-ouvertes-2023\/\" target=\"_blank\">https:\/\/www.irap.omp.eu\/grand-public\/evenements\/journee-portes-ouvertes-2023\/<\/a><\/p>\n","protected":false},"excerpt":{"rendered":"<p>Durante estos d\u00edas, hubo presentaciones de cient\u00edficos relacionadas con el tema del proyecto XMM2ATHENA: Natalie WEBB, investigadora principal de XMM2ATHENA, pronunciar\u00e1 una conferencia titulada \u00ab\u00a0Las Olimpiadas de las estrellas: \u00bfcu\u00e1les son las m\u00e1s r\u00e1pidas, las m\u00e1s fuertes o las m\u00e1s brillantes?\u00a0\u00bb Didier Barret tambi\u00e9n dar\u00e1 una charla sobre un tema que nos afecta a todos:&hellip; <br \/> <a class=\"read-more\" href=\"http:\/\/xmm-ssc.irap.omp.eu\/xmm2athena\/es\/fiesta-de-la-ciencia-en-el-irap-2023\/\">Lire la suite<\/a><\/p>\n","protected":false},"author":5,"featured_media":0,"parent":0,"menu_order":0,"comment_status":"closed","ping_status":"closed","template":"","meta":{"_eb_attr":"","_mi_skip_tracking":false,"_monsterinsights_sitenote_active":false,"_monsterinsights_sitenote_note":"","_monsterinsights_sitenote_category":0},"_links":{"self":[{"href":"http:\/\/xmm-ssc.irap.omp.eu\/xmm2athena\/wp-json\/wp\/v2\/pages\/5214"}],"collection":[{"href":"http:\/\/xmm-ssc.irap.omp.eu\/xmm2athena\/wp-json\/wp\/v2\/pages"}],"about":[{"href":"http:\/\/xmm-ssc.irap.omp.eu\/xmm2athena\/wp-json\/wp\/v2\/types\/page"}],"author":[{"embeddable":true,"href":"http:\/\/xmm-ssc.irap.omp.eu\/xmm2athena\/wp-json\/wp\/v2\/users\/5"}],"replies":[{"embeddable":true,"href":"http:\/\/xmm-ssc.irap.omp.eu\/xmm2athena\/wp-json\/wp\/v2\/comments?post=5214"}],"version-history":[{"count":2,"href":"http:\/\/xmm-ssc.irap.omp.eu\/xmm2athena\/wp-json\/wp\/v2\/pages\/5214\/revisions"}],"predecessor-version":[{"id":5224,"href":"http:\/\/xmm-ssc.irap.omp.eu\/xmm2athena\/wp-json\/wp\/v2\/pages\/5214\/revisions\/5224"}],"wp:attachment":[{"href":"http:\/\/xmm-ssc.irap.omp.eu\/xmm2athena\/wp-json\/wp\/v2\/media?parent=5214"}],"curies":[{"name":"wp","href":"https:\/\/api.w.org\/{rel}","templated":true}]}}