{"id":4933,"date":"2023-09-21T10:36:08","date_gmt":"2023-09-21T10:36:08","guid":{"rendered":"http:\/\/xmm-ssc.irap.omp.eu\/xmm2athena\/?page_id=4933"},"modified":"2023-09-21T10:36:09","modified_gmt":"2023-09-21T10:36:09","slug":"lunivers-scintillant-se-devoile","status":"publish","type":"page","link":"http:\/\/xmm-ssc.irap.omp.eu\/xmm2athena\/fr\/lunivers-scintillant-se-devoile\/","title":{"rendered":"L&rsquo;univers scintillant se d\u00e9voile"},"content":{"rendered":"\n<p class=\"has-black-color has-text-color\">Plongez dans le monde fascinant des sources variables dans les observations XMM-Newton! Consultez l&rsquo;article pr\u00e9par\u00e9 par le WP9, qui met en lumi\u00e8re le travail intriguant r\u00e9alis\u00e9 par le WP5. D\u00e9couvrez comment nous \u00e9lucidons les myst\u00e8res du cosmos et trouvons ces sources insaisissables. Lisez l&rsquo;article ici: <a rel=\"noreferrer noopener\" href=\"http:\/\/xmm-ssc.irap.omp.eu\/xmm2athena\/fr\/lunivers-scintillant-se-devoile-script\/\" target=\"_blank\">http:\/\/xmm-ssc.irap.omp.eu\/xmm2athena\/fr\/lunivers-scintillant-se-devoile-script\/<\/a><\/p>\n\n\n\n<p><\/p>\n\n\n\n<p class=\"has-black-color has-text-color\">Vous pr\u00e9f\u00e9rez vous d\u00e9tendre et profiter du retour de vacances tout en \u00e9coutant ? Nous vous proposons \u00e9galement une version podcast ! Vous pouvez l&rsquo;\u00e9couter ici :<\/p>\n\n\n\n<figure class=\"wp-block-embed is-type-rich is-provider-spotify wp-block-embed-spotify wp-embed-aspect-21-9 wp-has-aspect-ratio\"><div class=\"wp-block-embed__wrapper\">\n<div class='embed-container'><iframe title=\"Spotify Embed: L&amp;apos;univers des rayons X : exploration du cosmos cach\u00e9\" style=\"border-radius: 12px\" width=\"100%\" height=\"152\" frameborder=\"0\" allowfullscreen allow=\"autoplay; clipboard-write; encrypted-media; fullscreen; picture-in-picture\" loading=\"lazy\" src=\"https:\/\/open.spotify.com\/embed\/episode\/3mFQ1OqTsbqHxu5c0kNShB?si=9ZobKrYZQ9CWTuFnTLBNHA&#038;utm_source=oembed\"><\/iframe><\/div>\n<\/div><\/figure>\n","protected":false},"excerpt":{"rendered":"<p>Plongez dans le monde fascinant des sources variables dans les observations XMM-Newton! Consultez l&rsquo;article pr\u00e9par\u00e9 par le WP9, qui met en lumi\u00e8re le travail intriguant r\u00e9alis\u00e9 par le WP5. D\u00e9couvrez comment nous \u00e9lucidons les myst\u00e8res du cosmos et trouvons ces sources insaisissables. Lisez l&rsquo;article ici: http:\/\/xmm-ssc.irap.omp.eu\/xmm2athena\/fr\/lunivers-scintillant-se-devoile-script\/ Vous pr\u00e9f\u00e9rez vous d\u00e9tendre et profiter du retour de&hellip; <br \/> <a class=\"read-more\" href=\"http:\/\/xmm-ssc.irap.omp.eu\/xmm2athena\/fr\/lunivers-scintillant-se-devoile\/\">Lire la suite<\/a><\/p>\n","protected":false},"author":5,"featured_media":0,"parent":0,"menu_order":0,"comment_status":"closed","ping_status":"closed","template":"","meta":{"_eb_attr":"","_mi_skip_tracking":false,"_monsterinsights_sitenote_active":false,"_monsterinsights_sitenote_note":"","_monsterinsights_sitenote_category":0},"_links":{"self":[{"href":"http:\/\/xmm-ssc.irap.omp.eu\/xmm2athena\/wp-json\/wp\/v2\/pages\/4933"}],"collection":[{"href":"http:\/\/xmm-ssc.irap.omp.eu\/xmm2athena\/wp-json\/wp\/v2\/pages"}],"about":[{"href":"http:\/\/xmm-ssc.irap.omp.eu\/xmm2athena\/wp-json\/wp\/v2\/types\/page"}],"author":[{"embeddable":true,"href":"http:\/\/xmm-ssc.irap.omp.eu\/xmm2athena\/wp-json\/wp\/v2\/users\/5"}],"replies":[{"embeddable":true,"href":"http:\/\/xmm-ssc.irap.omp.eu\/xmm2athena\/wp-json\/wp\/v2\/comments?post=4933"}],"version-history":[{"count":2,"href":"http:\/\/xmm-ssc.irap.omp.eu\/xmm2athena\/wp-json\/wp\/v2\/pages\/4933\/revisions"}],"predecessor-version":[{"id":4944,"href":"http:\/\/xmm-ssc.irap.omp.eu\/xmm2athena\/wp-json\/wp\/v2\/pages\/4933\/revisions\/4944"}],"wp:attachment":[{"href":"http:\/\/xmm-ssc.irap.omp.eu\/xmm2athena\/wp-json\/wp\/v2\/media?parent=4933"}],"curies":[{"name":"wp","href":"https:\/\/api.w.org\/{rel}","templated":true}]}}