{"id":4896,"date":"2023-09-19T12:03:38","date_gmt":"2023-09-19T12:03:38","guid":{"rendered":"http:\/\/xmm-ssc.irap.omp.eu\/xmm2athena\/?page_id=4896"},"modified":"2023-09-19T12:13:48","modified_gmt":"2023-09-19T12:13:48","slug":"descifrando-en-universo-brillante","status":"publish","type":"page","link":"http:\/\/xmm-ssc.irap.omp.eu\/xmm2athena\/es\/descifrando-en-universo-brillante\/","title":{"rendered":"Descifrando el Universo Brillante"},"content":{"rendered":"\n<p class=\"has-black-color has-text-color\">\u00a1Sum\u00e9rgete en el fascinante mundo de las fuentes variables en las observaciones XMM-Newton! Echa un vistazo al art\u00edculo preparado por el WP9, destacando el intrigante trabajo realizado en el WP5. Descubre c\u00f3mo desentra\u00f1amos los misterios del cosmos y encontramos esas escurridizas fuentes. L\u00e9elo aqu\u00ed: <a href=\"http:\/\/xmm-ssc.irap.omp.eu\/xmm2athena\/es\/descifrando-el-universo-brillante-guion\/\" target=\"_blank\" rel=\"noreferrer noopener\">http:\/\/xmm-ssc.irap.omp.eu\/xmm2athena\/es\/descifrando-el-universo-brillante-guion\/<\/a><\/p>\n\n\n\n<p><\/p>\n\n\n\n<p class=\"has-black-color has-text-color\">\u00bfPrefieres relajarte y disfrutar de la vuelta de vacaciones mientras escuchas? Tambi\u00e9n tenemos una versi\u00f3n en podcast. Sinton\u00edzalo aqu\u00ed:<\/p>\n\n\n\n<figure class=\"wp-block-embed is-type-rich is-provider-spotify wp-block-embed-spotify wp-embed-aspect-21-9 wp-has-aspect-ratio\"><div class=\"wp-block-embed__wrapper\">\n<div class='embed-container'><iframe title=\"Spotify Embed: El Universo en Rayos-X: explorando el Cosmos oculto\" style=\"border-radius: 12px\" width=\"100%\" height=\"152\" frameborder=\"0\" allowfullscreen allow=\"autoplay; clipboard-write; encrypted-media; fullscreen; picture-in-picture\" loading=\"lazy\" src=\"https:\/\/open.spotify.com\/embed\/episode\/7LWBkRblU2UkGiS7eVQOw3?si=yMnKfnMJS6O1FvhzF9yj5g&#038;utm_source=oembed\"><\/iframe><\/div>\n<\/div><\/figure>\n","protected":false},"excerpt":{"rendered":"<p>\u00a1Sum\u00e9rgete en el fascinante mundo de las fuentes variables en las observaciones XMM-Newton! Echa un vistazo al art\u00edculo preparado por el WP9, destacando el intrigante trabajo realizado en el WP5. Descubre c\u00f3mo desentra\u00f1amos los misterios del cosmos y encontramos esas escurridizas fuentes. L\u00e9elo aqu\u00ed: http:\/\/xmm-ssc.irap.omp.eu\/xmm2athena\/es\/descifrando-el-universo-brillante-guion\/ \u00bfPrefieres relajarte y disfrutar de la vuelta de vacaciones mientras&hellip; <br \/> <a class=\"read-more\" href=\"http:\/\/xmm-ssc.irap.omp.eu\/xmm2athena\/es\/descifrando-en-universo-brillante\/\">Lire la suite<\/a><\/p>\n","protected":false},"author":5,"featured_media":0,"parent":0,"menu_order":0,"comment_status":"closed","ping_status":"closed","template":"","meta":{"_eb_attr":"","_mi_skip_tracking":false,"_monsterinsights_sitenote_active":false,"_monsterinsights_sitenote_note":"","_monsterinsights_sitenote_category":0},"_links":{"self":[{"href":"http:\/\/xmm-ssc.irap.omp.eu\/xmm2athena\/wp-json\/wp\/v2\/pages\/4896"}],"collection":[{"href":"http:\/\/xmm-ssc.irap.omp.eu\/xmm2athena\/wp-json\/wp\/v2\/pages"}],"about":[{"href":"http:\/\/xmm-ssc.irap.omp.eu\/xmm2athena\/wp-json\/wp\/v2\/types\/page"}],"author":[{"embeddable":true,"href":"http:\/\/xmm-ssc.irap.omp.eu\/xmm2athena\/wp-json\/wp\/v2\/users\/5"}],"replies":[{"embeddable":true,"href":"http:\/\/xmm-ssc.irap.omp.eu\/xmm2athena\/wp-json\/wp\/v2\/comments?post=4896"}],"version-history":[{"count":6,"href":"http:\/\/xmm-ssc.irap.omp.eu\/xmm2athena\/wp-json\/wp\/v2\/pages\/4896\/revisions"}],"predecessor-version":[{"id":4912,"href":"http:\/\/xmm-ssc.irap.omp.eu\/xmm2athena\/wp-json\/wp\/v2\/pages\/4896\/revisions\/4912"}],"wp:attachment":[{"href":"http:\/\/xmm-ssc.irap.omp.eu\/xmm2athena\/wp-json\/wp\/v2\/media?parent=4896"}],"curies":[{"name":"wp","href":"https:\/\/api.w.org\/{rel}","templated":true}]}}