{"id":4181,"date":"2023-03-06T13:18:07","date_gmt":"2023-03-06T13:18:07","guid":{"rendered":"http:\/\/xmm-ssc.irap.omp.eu\/xmm2athena\/?page_id=4181"},"modified":"2023-03-06T13:18:08","modified_gmt":"2023-03-06T13:18:08","slug":"www-initiatives-2022-2","status":"publish","type":"page","link":"http:\/\/xmm-ssc.irap.omp.eu\/xmm2athena\/fr\/www-initiatives-2022-2\/","title":{"rendered":"WWW-Initiatives 2022"},"content":{"rendered":"\n<div class=\"wp-block-media-text alignwide is-stacked-on-mobile\"><figure class=\"wp-block-media-text__media\"><img loading=\"lazy\" width=\"720\" height=\"405\" src=\"http:\/\/xmm-ssc.irap.omp.eu\/xmm2athena\/wp-content\/uploads\/2022\/11\/imagenportada.png\" alt=\"\" class=\"wp-image-3897 size-full\" srcset=\"http:\/\/xmm-ssc.irap.omp.eu\/xmm2athena\/wp-content\/uploads\/2022\/11\/imagenportada.png 720w, http:\/\/xmm-ssc.irap.omp.eu\/xmm2athena\/wp-content\/uploads\/2022\/11\/imagenportada-300x169.png 300w\" sizes=\"(max-width: 720px) 100vw, 720px\" \/><\/figure><div class=\"wp-block-media-text__content\">\n<h3>Semaine de la Science 2022<\/h3>\n\n\n\n<p class=\"has-black-color has-text-color\">La semaine de la science est une activit\u00e9 de sensibilisation qui se d\u00e9roule simultan\u00e9ment dans les institutions scientifiques et \u00e9ducatives du monde entier pendant les deux premi\u00e8res semaines de novembre.<\/p>\n\n\n\n<p class=\"has-black-color has-text-color\">Certaines des institutions appartenant au projet XMM2ATHENA ont particip\u00e9 \u00e0 cette initiative.<\/p>\n\n\n\n<p class=\"has-black-color has-text-color\">La Semaine de la science est n\u00e9e en France en 1991, lorsque Hubert Curien, ministre fran\u00e7ais de la recherche, a d\u00e9cid\u00e9 de c\u00e9l\u00e9brer le dixi\u00e8me anniversaire du minist\u00e8re en ouvrant pour la premi\u00e8re fois ses jardins au public, dans le but de rapprocher la science et ses protagonistes du public. La Semaine europ\u00e9enne de la science a lieu chaque ann\u00e9e depuis 1993.<\/p>\n<\/div><\/div>\n\n\n\n<hr class=\"wp-block-separator has-text-color has-background has-white-background-color has-white-color is-style-dots\"\/>\n\n\n\n<div class=\"wp-container-1 wp-block-buttons\">\n<div class=\"wp-block-button is-style-outline\"><a class=\"wp-block-button__link has-text-color\" href=\"http:\/\/xmm-ssc.irap.omp.eu\/xmm2athena\/fr\/semaine-de-la-science-2022\/\" style=\"color:#d12e7e\">Notre Participation<\/a><\/div>\n<\/div>\n\n\n\n<hr class=\"wp-block-separator has-text-color has-background has-white-background-color has-white-color is-style-dots\"\/>\n\n\n\n<hr class=\"wp-block-separator is-style-wide\"\/>\n\n\n\n<div class=\"wp-block-media-text alignwide is-stacked-on-mobile\"><figure class=\"wp-block-media-text__media\"><img loading=\"lazy\" width=\"1024\" height=\"576\" src=\"http:\/\/xmm-ssc.irap.omp.eu\/xmm2athena\/wp-content\/uploads\/2022\/10\/Logo_fete-de-la-science-1024x576.png\" alt=\"\" class=\"wp-image-3748 size-full\" srcset=\"http:\/\/xmm-ssc.irap.omp.eu\/xmm2athena\/wp-content\/uploads\/2022\/10\/Logo_fete-de-la-science-1024x576.png 1024w, http:\/\/xmm-ssc.irap.omp.eu\/xmm2athena\/wp-content\/uploads\/2022\/10\/Logo_fete-de-la-science-300x169.png 300w, http:\/\/xmm-ssc.irap.omp.eu\/xmm2athena\/wp-content\/uploads\/2022\/10\/Logo_fete-de-la-science-768x432.png 768w, http:\/\/xmm-ssc.irap.omp.eu\/xmm2athena\/wp-content\/uploads\/2022\/10\/Logo_fete-de-la-science-1536x864.png 1536w, http:\/\/xmm-ssc.irap.omp.eu\/xmm2athena\/wp-content\/uploads\/2022\/10\/Logo_fete-de-la-science.png 1920w\" sizes=\"(max-width: 1024px) 100vw, 1024px\" \/><\/figure><div class=\"wp-block-media-text__content\">\n<h3>La f\u00eate de la Science \u00e0 l&rsquo;IRAP<\/h3>\n\n\n\n<p class=\"has-black-color has-text-color\">Samedi 15 octobre, l&rsquo;IRAP, en collaboration avec l&rsquo;Observatoire Midi-Pyr\u00e9n\u00e9es, a organis\u00e9 ses portes ouvertes dans le cadre de la f\u00eate de la science. Cet \u00e9v\u00e9nement, destin\u00e9 au grand public, avait pour objectif de faire d\u00e9couvrir les th\u00e9matiques et les projets de l&rsquo;IRAP, mais aussi d&rsquo;encourager les jeunes \u00e0 s&rsquo;orienter vers les carri\u00e8res scientifiques. Le programme de la journ\u00e9e comprenait des ateliers, des visites du laboratoire et des conf\u00e9rences. Il y avait \u00e9galement la possibilit\u00e9 de visiter notre site au <a rel=\"noreferrer noopener\" href=\"https:\/\/www.omp.eu\/missions\/appui-a-la-recherche\/observatoire-du-pic-du-midi\/\" target=\"_blank\">Pic du Midi<\/a>.<\/p>\n\n\n\n<p class=\"has-black-color has-text-color\"><strong><a rel=\"noreferrer noopener\" href=\"http:\/\/xmm-ssc.irap.omp.eu\/xmm2athena\/wp-content\/uploads\/2021\/07\/Natalie-1.pdf\" target=\"_blank\">Natalie WEBB<\/a><\/strong>, en tant que chercheur principal de XMM2ATHENA, a donn\u00e9 une conf\u00e9rence sur le projet, intitul\u00e9e \u00a0\u00bb \u00c0 la recherche des trous noirs \u00ab\u00a0.<\/p>\n<\/div><\/div>\n\n\n\n<hr class=\"wp-block-separator has-text-color has-background has-white-background-color has-white-color is-style-dots\"\/>\n\n\n\n<div class=\"wp-container-2 wp-block-buttons\">\n<div class=\"wp-block-button is-style-outline\"><a class=\"wp-block-button__link has-text-color\" href=\"http:\/\/xmm-ssc.irap.omp.eu\/xmm2athena\/fr\/2022\/10\/24\/participation-a-la-fete-de-la-science-a-lirap-conference-de-natalie-webb-chercher-les-trous-noirs\/\" style=\"color:#d12e7e\">Plus d&rsquo;informations<\/a><\/div>\n<\/div>\n\n\n\n<hr class=\"wp-block-separator has-text-color has-background has-white-background-color has-white-color is-style-dots\"\/>\n\n\n\n<hr class=\"wp-block-separator is-style-wide\"\/>\n\n\n\n<div class=\"wp-block-media-text alignwide is-stacked-on-mobile\"><figure class=\"wp-block-media-text__media\"><img loading=\"lazy\" width=\"850\" height=\"478\" src=\"http:\/\/xmm-ssc.irap.omp.eu\/xmm2athena\/wp-content\/uploads\/2022\/11\/640x360_Night_English-wt.jpg\" alt=\"\" class=\"wp-image-3872 size-full\" srcset=\"http:\/\/xmm-ssc.irap.omp.eu\/xmm2athena\/wp-content\/uploads\/2022\/11\/640x360_Night_English-wt.jpg 850w, http:\/\/xmm-ssc.irap.omp.eu\/xmm2athena\/wp-content\/uploads\/2022\/11\/640x360_Night_English-wt-300x169.jpg 300w, http:\/\/xmm-ssc.irap.omp.eu\/xmm2athena\/wp-content\/uploads\/2022\/11\/640x360_Night_English-wt-768x432.jpg 768w\" sizes=\"(max-width: 850px) 100vw, 850px\" \/><\/figure><div class=\"wp-block-media-text__content\">\n<h3>Nuit Europ\u00e9enne des Chercheurs 2022<\/h3>\n\n\n\n<p class=\"has-black-color has-text-color\">La Nuit europ\u00e9enne des chercheurs est un \u00e9v\u00e9nement public \u00e0 l&rsquo;\u00e9chelle europ\u00e9enne, qui pr\u00e9sente la diversit\u00e9 de la science et son impact sur la vie quotidienne des citoyens de mani\u00e8re amusante et inspirante.<\/p>\n\n\n\n<p class=\"has-black-color has-text-color\">Cette ann\u00e9e, l&rsquo;\u00e9v\u00e9nement se d\u00e9roulera dans <strong>26 pays<\/strong> on <strong>Vendredi 30 Septembre 2022<\/strong>.<\/p>\n\n\n\n<p class=\"has-black-color has-text-color\">La Nuit Europ\u00e9enne des chercheur \u00e0 pour but de<\/p>\n\n\n\n<ul><li>rapprocher la recherche et les chercheurs du public<\/li><li>promouvoir d&rsquo;excellents projets de recherche en Europe et au-del\u00e0<\/li><li>accro\u00eetre l&rsquo;int\u00e9r\u00eat des jeunes pour les carri\u00e8res scientifiques et la recherche<\/li><li>mettre en \u00e9vidence l&rsquo;impact des travaux des chercheurs sur la vie quotidienne des gens.<\/li><\/ul>\n\n\n\n<p class=\"has-black-color has-text-color\">La Nuit europ\u00e9enne des chercheurs attire chaque ann\u00e9e plus d&rsquo;un million de visiteurs en Europe et au-del\u00e0.<\/p>\n<\/div><\/div>\n\n\n\n<hr class=\"wp-block-separator has-text-color has-background has-white-background-color has-white-color is-style-dots\"\/>\n\n\n\n<div class=\"wp-container-3 wp-block-buttons\">\n<div class=\"wp-block-button is-style-outline\"><a class=\"wp-block-button__link has-text-color\" href=\"http:\/\/xmm-ssc.irap.omp.eu\/xmm2athena\/fr\/2022\/09\/26\/nuit-europeenne-des-chercheurs-2022-concours-de-memes\/\" style=\"color:#d12e7e\">Notre Participation<\/a><\/div>\n<\/div>\n\n\n\n<hr class=\"wp-block-separator has-text-color has-background has-white-background-color has-white-color is-style-dots\"\/>\n\n\n\n<hr class=\"wp-block-separator is-style-wide\"\/>\n\n\n\n<div class=\"wp-block-media-text alignwide is-stacked-on-mobile\"><figure class=\"wp-block-media-text__media\"><img loading=\"lazy\" width=\"1024\" height=\"699\" src=\"http:\/\/xmm-ssc.irap.omp.eu\/xmm2athena\/wp-content\/uploads\/2022\/05\/Cover-MiA-1-1024x699-3.png\" alt=\"\" class=\"wp-image-3295 size-full\" srcset=\"http:\/\/xmm-ssc.irap.omp.eu\/xmm2athena\/wp-content\/uploads\/2022\/05\/Cover-MiA-1-1024x699-3.png 1024w, http:\/\/xmm-ssc.irap.omp.eu\/xmm2athena\/wp-content\/uploads\/2022\/05\/Cover-MiA-1-1024x699-3-300x205.png 300w, http:\/\/xmm-ssc.irap.omp.eu\/xmm2athena\/wp-content\/uploads\/2022\/05\/Cover-MiA-1-1024x699-3-768x524.png 768w\" sizes=\"(max-width: 1024px) 100vw, 1024px\" \/><\/figure><div class=\"wp-block-media-text__content\">\n<h3>M\u00e8res en Astronomie<\/h3>\n\n\n\n<p class=\"has-black-color has-text-color\">Le livre <strong>M\u00e8res en Astronomie 2022<\/strong> est une initiative du <a rel=\"noreferrer noopener\" href=\"http:\/\/paola-pinilla.com\/\" target=\"_blank\"><mark>Dr Paola Pinilla<\/mark><\/a> (MPIA et MSSL\/UCL) et du <a href=\"https:\/\/www2.mpia-hd.mpg.de\/homes\/ramirez\/\"><mark>Dr Maria Claudia Ramirez-Tannus<\/mark><\/a> (MPIA). Il a pour but de :<\/p>\n\n\n\n<ul><li>Amplifier la voix des m\u00e8res en astronomie.<\/li><li>Sensibiliser aux d\u00e9fis qu&rsquo;elles rencontrent.<\/li><li>Souligner l&rsquo;impact positif de la maternit\u00e9 sur leurs carri\u00e8res.<\/li><li>Cr\u00e9er un pouvoir collectif en s&rsquo;inspirant et en se soutenant mutuellement.<\/li><\/ul>\n\n\n\n<p class=\"has-black-color has-text-color\">Il a \u00e9t\u00e9 illustr\u00e9 et \u00e9dit\u00e9 par le Dr Martha Irene Saladino. Le livre est sous licence Creative Commons (CC) BY-NC-SA 4.0 . Vous pouvez le t\u00e9l\u00e9charger en <a href=\"https:\/\/misaladino.com\/wp-content\/uploads\/2022\/04\/MiA2022.epub\"><mark>EBOOK<\/mark><\/a> ou <a rel=\"noreferrer noopener\" href=\"https:\/\/misaladino.com\/wp-content\/uploads\/2022\/04\/Mothers-In-Astronomy-2022.pdf\" target=\"_blank\"><mark>PDF<\/mark><\/a>.<\/p>\n\n\n\n<p class=\"has-black-color has-text-color\">Notre coll\u00e8gue Natalie Webb a particip\u00e9 \u00e0 cette initiative en partageant son exp\u00e9rience de m\u00e8re astronome.<\/p>\n<\/div><\/div>\n\n\n\n<hr class=\"wp-block-separator has-text-color has-background has-white-background-color has-white-color is-style-dots\"\/>\n\n\n\n<hr class=\"wp-block-separator is-style-wide\"\/>\n\n\n\n<div class=\"wp-block-media-text alignwide is-stacked-on-mobile\"><figure class=\"wp-block-media-text__media\"><img loading=\"lazy\" width=\"1024\" height=\"576\" src=\"http:\/\/xmm-ssc.irap.omp.eu\/xmm2athena\/wp-content\/uploads\/2022\/04\/Common-Post-1-with-logos-2-1024x576.png\" alt=\"\" class=\"wp-image-3206 size-full\" srcset=\"http:\/\/xmm-ssc.irap.omp.eu\/xmm2athena\/wp-content\/uploads\/2022\/04\/Common-Post-1-with-logos-2-1024x576.png 1024w, http:\/\/xmm-ssc.irap.omp.eu\/xmm2athena\/wp-content\/uploads\/2022\/04\/Common-Post-1-with-logos-2-300x169.png 300w, http:\/\/xmm-ssc.irap.omp.eu\/xmm2athena\/wp-content\/uploads\/2022\/04\/Common-Post-1-with-logos-2-768x432.png 768w, http:\/\/xmm-ssc.irap.omp.eu\/xmm2athena\/wp-content\/uploads\/2022\/04\/Common-Post-1-with-logos-2-1536x864.png 1536w, http:\/\/xmm-ssc.irap.omp.eu\/xmm2athena\/wp-content\/uploads\/2022\/04\/Common-Post-1-with-logos-2.png 1600w\" sizes=\"(max-width: 1024px) 100vw, 1024px\" \/><\/figure><div class=\"wp-block-media-text__content\">\n<h3>Semaine des Trous Noirs : 2-6 Mai<\/h3>\n\n\n\n<p class=\"has-black-color has-text-color\">Les trous noirs sont probablement les objets les plus intrigants de l&rsquo;Univers.<\/p>\n\n\n\n<p class=\"has-black-color has-text-color\">Que savez-vous d&rsquo;eux ? Il y a beaucoup de questions, de doutes, autour de ces objets et pendant la semaine du 2 au 6 mai, nos scientifiques r\u00e9pondront \u00e0 des questions cruciales sur les trous noirs pour cette #BlackHoleWeek !<\/p>\n\n\n\n<p class=\"has-black-color has-text-color\">Like @athena.xray.observatory @AthenaXIFU @AHEAD2020 &amp; @XMM2Athena pour obtenir toutes les r\u00e9ponses ! (Twitter and Facebook)<\/p>\n<\/div><\/div>\n\n\n\n<hr class=\"wp-block-separator has-text-color has-background has-white-background-color has-white-color is-style-dots\"\/>\n\n\n\n<div class=\"wp-container-4 wp-block-buttons\">\n<div class=\"wp-block-button is-style-outline\"><a class=\"wp-block-button__link has-text-color\" href=\"http:\/\/xmm-ssc.irap.omp.eu\/xmm2athena\/fr\/semaine-des-trous-noirs-questions-reponses\/\" style=\"color:#d12e7e\">Questions and Answers<\/a><\/div>\n<\/div>\n\n\n\n<hr class=\"wp-block-separator has-text-color has-background has-white-background-color has-white-color is-style-dots\"\/>\n\n\n\n<hr class=\"wp-block-separator is-style-wide\"\/>\n\n\n\n<div class=\"wp-block-media-text alignwide is-stacked-on-mobile\"><figure class=\"wp-block-media-text__media\"><a href=\"https:\/\/www.un.org\/en\/observances\/womens-day\" target=\"_blank\" rel=\"noopener\"><img loading=\"lazy\" width=\"965\" height=\"1024\" src=\"http:\/\/xmm-ssc.irap.omp.eu\/xmm2athena\/wp-content\/uploads\/2022\/03\/MaxPixel.net-International-Womens-Day-8-Wish-March-Womens-Day-3198004-965x1024.jpg\" alt=\"\" class=\"wp-image-2569 size-full\" srcset=\"http:\/\/xmm-ssc.irap.omp.eu\/xmm2athena\/wp-content\/uploads\/2022\/03\/MaxPixel.net-International-Womens-Day-8-Wish-March-Womens-Day-3198004-965x1024.jpg 965w, http:\/\/xmm-ssc.irap.omp.eu\/xmm2athena\/wp-content\/uploads\/2022\/03\/MaxPixel.net-International-Womens-Day-8-Wish-March-Womens-Day-3198004-283x300.jpg 283w, http:\/\/xmm-ssc.irap.omp.eu\/xmm2athena\/wp-content\/uploads\/2022\/03\/MaxPixel.net-International-Womens-Day-8-Wish-March-Womens-Day-3198004-768x815.jpg 768w, http:\/\/xmm-ssc.irap.omp.eu\/xmm2athena\/wp-content\/uploads\/2022\/03\/MaxPixel.net-International-Womens-Day-8-Wish-March-Womens-Day-3198004-1448x1536.jpg 1448w, http:\/\/xmm-ssc.irap.omp.eu\/xmm2athena\/wp-content\/uploads\/2022\/03\/MaxPixel.net-International-Womens-Day-8-Wish-March-Womens-Day-3198004-1024x1086.jpg 1024w, http:\/\/xmm-ssc.irap.omp.eu\/xmm2athena\/wp-content\/uploads\/2022\/03\/MaxPixel.net-International-Womens-Day-8-Wish-March-Womens-Day-3198004-1018x1080.jpg 1018w, http:\/\/xmm-ssc.irap.omp.eu\/xmm2athena\/wp-content\/uploads\/2022\/03\/MaxPixel.net-International-Womens-Day-8-Wish-March-Womens-Day-3198004.jpg 1810w\" sizes=\"(max-width: 965px) 100vw, 965px\" \/><\/a><\/figure><div class=\"wp-block-media-text__content\">\n<h3>Journ\u00e9e internationale de la femme 8 mars<\/h3>\n\n\n\n<p class=\"has-black-color has-text-color\">La Journ\u00e9e internationale de la femme est c\u00e9l\u00e9br\u00e9e dans de nombreux pays du monde. C&rsquo;est une journ\u00e9e o\u00f9 les femmes sont reconnues pour leurs r\u00e9alisations sans tenir compte des diff\u00e9rences, qu&rsquo;elles soient nationales, ethniques, linguistiques, culturelles, \u00e9conomiques ou politiques.<\/p>\n\n\n\n<p class=\"has-black-color has-text-color\">Depuis ces premi\u00e8res ann\u00e9es, la Journ\u00e9e internationale de la femme a pris une nouvelle dimension mondiale pour les femmes des pays d\u00e9velopp\u00e9s et en d\u00e9veloppement. Le mouvement international des femmes, en plein essor et renforc\u00e9 par quatre conf\u00e9rences mondiales des Nations unies sur les femmes, a contribu\u00e9 \u00e0 faire de cette comm\u00e9moration un point de ralliement en faveur des droits des femmes et de leur participation \u00e0 la vie politique et \u00e9conomique.<\/p>\n<\/div><\/div>\n\n\n\n<hr class=\"wp-block-separator has-text-color has-background has-white-background-color has-white-color is-style-dots\"\/>\n\n\n\n<div class=\"wp-container-5 wp-block-buttons\">\n<div class=\"wp-block-button is-style-outline\"><a class=\"wp-block-button__link has-text-color\" href=\"http:\/\/xmm-ssc.irap.omp.eu\/xmm2athena\/fr\/activites-de-la-journee-internationale-de-la-femme-du-8-mars\/\" style=\"color:#d12e7e\">Notre Participation<\/a><\/div>\n<\/div>\n\n\n\n<hr class=\"wp-block-separator has-text-color has-background has-white-background-color has-white-color is-style-dots\"\/>\n\n\n\n<hr class=\"wp-block-separator is-style-wide\"\/>\n\n\n\n<div class=\"wp-block-media-text alignwide is-stacked-on-mobile\"><figure class=\"wp-block-media-text__media\"><a href=\"https:\/\/www.un.org\/en\/observances\/women-and-girls-in-science-day\/\" target=\"_blank\" rel=\"noopener\"><img loading=\"lazy\" width=\"1024\" height=\"1024\" src=\"http:\/\/xmm-ssc.irap.omp.eu\/xmm2athena\/wp-content\/uploads\/2022\/02\/vecteezy_international-day-of-women-and-girls-in-science_-1024x1024.png\" alt=\"\" class=\"wp-image-2395 size-full\" srcset=\"http:\/\/xmm-ssc.irap.omp.eu\/xmm2athena\/wp-content\/uploads\/2022\/02\/vecteezy_international-day-of-women-and-girls-in-science_-1024x1024.png 1024w, http:\/\/xmm-ssc.irap.omp.eu\/xmm2athena\/wp-content\/uploads\/2022\/02\/vecteezy_international-day-of-women-and-girls-in-science_-300x300.png 300w, http:\/\/xmm-ssc.irap.omp.eu\/xmm2athena\/wp-content\/uploads\/2022\/02\/vecteezy_international-day-of-women-and-girls-in-science_-150x150.png 150w, http:\/\/xmm-ssc.irap.omp.eu\/xmm2athena\/wp-content\/uploads\/2022\/02\/vecteezy_international-day-of-women-and-girls-in-science_-768x768.png 768w, http:\/\/xmm-ssc.irap.omp.eu\/xmm2athena\/wp-content\/uploads\/2022\/02\/vecteezy_international-day-of-women-and-girls-in-science_-1536x1536.png 1536w, http:\/\/xmm-ssc.irap.omp.eu\/xmm2athena\/wp-content\/uploads\/2022\/02\/vecteezy_international-day-of-women-and-girls-in-science_-1080x1080.png 1080w, http:\/\/xmm-ssc.irap.omp.eu\/xmm2athena\/wp-content\/uploads\/2022\/02\/vecteezy_international-day-of-women-and-girls-in-science_.png 1920w\" sizes=\"(max-width: 1024px) 100vw, 1024px\" \/><\/a><\/figure><div class=\"wp-block-media-text__content\">\n<h3>Journ\u00e9e internationale des femmes et des filles dans la science : 11 f\u00e9vrier<\/h3>\n\n\n\n<p class=\"has-black-color has-text-color\">La science et l&rsquo;\u00e9galit\u00e9 des sexes sont toutes deux essentielles \u00e0 la r\u00e9alisation des objectifs de d\u00e9veloppement convenus au niveau international, notamment l&rsquo;Agenda 2030 pour le d\u00e9veloppement durable. Au cours des derni\u00e8res d\u00e9cennies, la communaut\u00e9 mondiale a d\u00e9ploy\u00e9 de nombreux efforts pour inspirer les femmes et les filles et les inciter \u00e0 s&rsquo;int\u00e9resser \u00e0 la science. Pourtant, les femmes et les filles continuent d&rsquo;\u00eatre exclues d&rsquo;une pleine participation \u00e0 la science.<\/p>\n\n\n\n<p class=\"has-black-color has-text-color\">Afin de parvenir \u00e0 un acc\u00e8s et une participation pleins et \u00e9gaux des femmes et des filles \u00e0 la science, et de r\u00e9aliser davantage l&rsquo;\u00e9galit\u00e9 des sexes et l&rsquo;autonomisation des femmes et des filles, l&rsquo;Assembl\u00e9e g\u00e9n\u00e9rale des Nations unies a d\u00e9clar\u00e9 le 11 f\u00e9vrier Journ\u00e9e internationale des femmes et des filles dans la science en 2015.<\/p>\n<\/div><\/div>\n\n\n\n<hr class=\"wp-block-separator has-text-color has-background has-white-background-color has-white-color is-style-dots\"\/>\n\n\n\n<div class=\"wp-container-6 wp-block-buttons\">\n<div class=\"wp-block-button is-style-outline\"><a class=\"wp-block-button__link has-text-color\" href=\"http:\/\/xmm-ssc.irap.omp.eu\/xmm2athena\/fr\/11-fevrier-2022-la-contribution-de-lequipe-dxmm2athena\/\" style=\"color:#d12e7e\">Notre Participation<\/a><\/div>\n<\/div>\n\n\n\n<hr class=\"wp-block-separator has-text-color has-background has-white-background-color has-white-color\"\/>\n\n\n\n<p><\/p>\n","protected":false},"excerpt":{"rendered":"<p>Semaine de la Science 2022 La semaine de la science est une activit\u00e9 de sensibilisation qui se d\u00e9roule simultan\u00e9ment dans les institutions scientifiques et \u00e9ducatives du monde entier pendant les deux premi\u00e8res semaines de novembre. Certaines des institutions appartenant au projet XMM2ATHENA ont particip\u00e9 \u00e0 cette initiative. La Semaine de la science est n\u00e9e en&hellip; <br \/> <a class=\"read-more\" href=\"http:\/\/xmm-ssc.irap.omp.eu\/xmm2athena\/fr\/www-initiatives-2022-2\/\">Lire la suite<\/a><\/p>\n","protected":false},"author":2,"featured_media":0,"parent":0,"menu_order":0,"comment_status":"closed","ping_status":"closed","template":"","meta":{"_eb_attr":"","_mi_skip_tracking":false,"_monsterinsights_sitenote_active":false,"_monsterinsights_sitenote_note":"","_monsterinsights_sitenote_category":0},"_links":{"self":[{"href":"http:\/\/xmm-ssc.irap.omp.eu\/xmm2athena\/wp-json\/wp\/v2\/pages\/4181"}],"collection":[{"href":"http:\/\/xmm-ssc.irap.omp.eu\/xmm2athena\/wp-json\/wp\/v2\/pages"}],"about":[{"href":"http:\/\/xmm-ssc.irap.omp.eu\/xmm2athena\/wp-json\/wp\/v2\/types\/page"}],"author":[{"embeddable":true,"href":"http:\/\/xmm-ssc.irap.omp.eu\/xmm2athena\/wp-json\/wp\/v2\/users\/2"}],"replies":[{"embeddable":true,"href":"http:\/\/xmm-ssc.irap.omp.eu\/xmm2athena\/wp-json\/wp\/v2\/comments?post=4181"}],"version-history":[{"count":1,"href":"http:\/\/xmm-ssc.irap.omp.eu\/xmm2athena\/wp-json\/wp\/v2\/pages\/4181\/revisions"}],"predecessor-version":[{"id":4192,"href":"http:\/\/xmm-ssc.irap.omp.eu\/xmm2athena\/wp-json\/wp\/v2\/pages\/4181\/revisions\/4192"}],"wp:attachment":[{"href":"http:\/\/xmm-ssc.irap.omp.eu\/xmm2athena\/wp-json\/wp\/v2\/media?parent=4181"}],"curies":[{"name":"wp","href":"https:\/\/api.w.org\/{rel}","templated":true}]}}