{"id":4178,"date":"2023-03-06T12:39:02","date_gmt":"2023-03-06T12:39:02","guid":{"rendered":"http:\/\/xmm-ssc.irap.omp.eu\/xmm2athena\/?page_id=4178"},"modified":"2023-03-06T12:39:03","modified_gmt":"2023-03-06T12:39:03","slug":"www-initiatives-2021-2","status":"publish","type":"page","link":"http:\/\/xmm-ssc.irap.omp.eu\/xmm2athena\/fr\/www-initiatives-2021-2\/","title":{"rendered":"WWW-Initiatives 2021"},"content":{"rendered":"\n<div class=\"wp-block-media-text alignwide is-stacked-on-mobile\"><figure class=\"wp-block-media-text__media\"><a href=\"https:\/\/ifca.unican.es\/es-es\/news\/Paginas\/IFCA-participa-Semana-Ciencia-2021.aspx\" target=\"_blank\" rel=\"noopener\"><img loading=\"lazy\" width=\"565\" height=\"404\" src=\"http:\/\/xmm-ssc.irap.omp.eu\/xmm2athena\/wp-content\/uploads\/2021\/11\/logo_web.png\" alt=\"\" class=\"wp-image-1916 size-full\" srcset=\"http:\/\/xmm-ssc.irap.omp.eu\/xmm2athena\/wp-content\/uploads\/2021\/11\/logo_web.png 565w, http:\/\/xmm-ssc.irap.omp.eu\/xmm2athena\/wp-content\/uploads\/2021\/11\/logo_web-300x215.png 300w\" sizes=\"(max-width: 565px) 100vw, 565px\" \/><\/a><\/figure><div class=\"wp-block-media-text__content\">\n<h2>Semaine de la Science<\/h2>\n\n\n\n<p class=\"has-black-color has-text-color\">La semaine de la science est le grand \u00e9v\u00e9nement annuel de vulgarisation scientifique. Certaines des institutions appartenant au projet XMM2ATHENA ont particip\u00e9 \u00e0 cette initiative.<br><\/p>\n\n\n\n<p class=\"has-black-color has-text-color\">Le Institut de Physique de Cantabria (IFCA, UC-CSIC), participe une fois de plus \u00e0 cette \u00e9dition afin de rapprocher ses travaux de la soci\u00e9t\u00e9 \u00e0 travers les diff\u00e9rentes propositions. Les scientifiques de l&rsquo;IFCA participeront \u00e0 une s\u00e9rie de conf\u00e9rences et de jeux sur le syst\u00e8me solaire, les trous noirs, l&rsquo;univers et les galaxies \u00e0 rayons X, destin\u00e9s aux \u00e9l\u00e8ves du primaire, de l&rsquo;ESO, du lyc\u00e9e ou de la formation professionnelle (du 8 au 21 novembre).<\/p>\n\n\n\n<p class=\"has-black-color has-text-color\">L&rsquo;Observatoire astronomique de Strasbourg (ObAS) est une autre institution qui a particip\u00e9 \u00e0 cet \u00e9v\u00e9nement. Ils ont r\u00e9alis\u00e9 diverses expositions, stands, ateliers et travaux manuels. Plus d&rsquo;informations ici : https:\/\/astro.unistra.fr\/fr\/2021\/09\/29\/fete-de-la-science-2021\/<\/p>\n\n\n\n<p class=\"has-black-color has-text-color\">La Semaine de la science est n\u00e9e en France en 1991, lorsque Hubert Curien, ministre fran\u00e7ais de la recherche, a d\u00e9cid\u00e9 de c\u00e9l\u00e9brer le dixi\u00e8me anniversaire du minist\u00e8re en ouvrant pour la premi\u00e8re fois ses jardins au public, dans le but de rapprocher la science et ses protagonistes du public. La Semaine europ\u00e9enne de la science a lieu chaque ann\u00e9e depuis 1993.<\/p>\n<\/div><\/div>\n\n\n\n<hr class=\"wp-block-separator has-text-color has-background has-white-background-color has-white-color is-style-dots\"\/>\n\n\n\n<div class=\"wp-container-1 wp-block-buttons\">\n<div class=\"wp-block-button is-style-outline\"><a class=\"wp-block-button__link has-text-color\" href=\"http:\/\/xmm-ssc.irap.omp.eu\/xmm2athena\/fr\/semaine-de-la-science\/\" style=\"color:#d12e7e\">Notre Participation<\/a><\/div>\n<\/div>\n\n\n\n<hr class=\"wp-block-separator has-text-color has-background has-white-background-color has-white-color is-style-dots\"\/>\n\n\n\n<hr class=\"wp-block-separator is-style-wide\"\/>\n\n\n\n<div class=\"wp-block-media-text alignwide is-stacked-on-mobile\"><figure class=\"wp-block-media-text__media\"><a href=\"https:\/\/www.worldspaceweek.org\/\" target=\"_blank\" rel=\"noopener\"><img loading=\"lazy\" width=\"1024\" height=\"256\" src=\"http:\/\/xmm-ssc.irap.omp.eu\/xmm2athena\/wp-content\/uploads\/2021\/09\/home-banner-2021-1-1024x256.jpg\" alt=\"\" class=\"wp-image-1352 size-full\" srcset=\"http:\/\/xmm-ssc.irap.omp.eu\/xmm2athena\/wp-content\/uploads\/2021\/09\/home-banner-2021-1-1024x256.jpg 1024w, http:\/\/xmm-ssc.irap.omp.eu\/xmm2athena\/wp-content\/uploads\/2021\/09\/home-banner-2021-1-300x75.jpg 300w, http:\/\/xmm-ssc.irap.omp.eu\/xmm2athena\/wp-content\/uploads\/2021\/09\/home-banner-2021-1-768x192.jpg 768w, http:\/\/xmm-ssc.irap.omp.eu\/xmm2athena\/wp-content\/uploads\/2021\/09\/home-banner-2021-1-1536x384.jpg 1536w, http:\/\/xmm-ssc.irap.omp.eu\/xmm2athena\/wp-content\/uploads\/2021\/09\/home-banner-2021-1.jpg 1584w\" sizes=\"(max-width: 1024px) 100vw, 1024px\" \/><\/a><\/figure><div class=\"wp-block-media-text__content\">\n<h1>Semaine Mondiale de l&rsquo;Espace<\/h1>\n\n\n\n<p class=\"has-black-color has-text-color\">Plus de 8 000 \u00e9v\u00e9nements dans 96 pays ont c\u00e9l\u00e9br\u00e9 \u00ab\u00a0La Lune : Gateway to the Stars\u00a0\u00bb l&rsquo;ann\u00e9e derni\u00e8re. Cette ann\u00e9e, le th\u00e8me est \u00ab\u00a0Les satellites am\u00e9liorent la vie\u00a0\u00bb. En 2021, la Semaine Mondiale de l&rsquo;Espace c\u00e9l\u00e9brera \u00ab\u00a0Les femmes dans l&rsquo;espace\u00a0\u00bb.<\/p>\n\n\n\n<p class=\"has-black-color has-text-color\">\u00ab\u00a0L&rsquo;Assembl\u00e9e g\u00e9n\u00e9rale d\u00e9clare la Semaine mondiale de l&rsquo;espace du 4 au 10 octobre pour c\u00e9l\u00e9brer chaque ann\u00e9e au niveau international les contributions des sciences et techniques spatiales \u00e0 l&rsquo;am\u00e9lioration de la condition humaine\u00a0\u00bb.<\/p>\n\n\n\n<p class=\"has-black-color has-text-color\">R\u00e9solution de l&rsquo;Assembl\u00e9e <em>G\u00e9n\u00e9rale NU, 6 December 1999<\/em><\/p>\n<\/div><\/div>\n\n\n\n<hr class=\"wp-block-separator has-text-color has-background has-white-background-color has-white-color is-style-dots\"\/>\n\n\n\n<div class=\"wp-container-2 wp-block-buttons\">\n<div class=\"wp-block-button is-style-outline\"><a class=\"wp-block-button__link has-text-color\" href=\"http:\/\/xmm-ssc.irap.omp.eu\/xmm2athena\/wp-content\/uploads\/2021\/10\/compo3.jpg\" style=\"color:#d12e7e\" target=\"_blank\" rel=\"noreferrer noopener\">Notre Participation<\/a><\/div>\n<\/div>\n\n\n\n<hr class=\"wp-block-separator has-text-color has-background has-white-background-color has-white-color is-style-dots\"\/>\n\n\n\n<hr class=\"wp-block-separator is-style-wide\"\/>\n\n\n\n<div class=\"wp-block-media-text alignwide is-stacked-on-mobile\"><figure class=\"wp-block-media-text__media\"><a href=\"https:\/\/ec.europa.eu\/research\/mariecurieactions\/event\/2021-european-researchers-night\" target=\"_blank\" rel=\"noopener\"><img loading=\"lazy\" width=\"850\" height=\"478\" src=\"http:\/\/xmm-ssc.irap.omp.eu\/xmm2athena\/wp-content\/uploads\/2021\/09\/NIGHT2021.png\" alt=\"\" class=\"wp-image-1344 size-full\" srcset=\"http:\/\/xmm-ssc.irap.omp.eu\/xmm2athena\/wp-content\/uploads\/2021\/09\/NIGHT2021.png 850w, http:\/\/xmm-ssc.irap.omp.eu\/xmm2athena\/wp-content\/uploads\/2021\/09\/NIGHT2021-300x169.png 300w, http:\/\/xmm-ssc.irap.omp.eu\/xmm2athena\/wp-content\/uploads\/2021\/09\/NIGHT2021-768x432.png 768w\" sizes=\"(max-width: 850px) 100vw, 850px\" \/><\/a><\/figure><div class=\"wp-block-media-text__content\">\n<p class=\"has-black-color has-text-color\">La Nuit Europ\u00e9enne des chercheurs est un \u00e9v\u00e9nement public \u00e0 l&rsquo;\u00e9chelle europ\u00e9enne, qui pr\u00e9sente la diversit\u00e9 de la science et son impact sur la vie quotidienne des citoyens de mani\u00e8re amusante et inspirante.<\/p>\n\n\n\n<p class=\"has-black-color has-text-color\">Cette ann\u00e9e, l&rsquo;\u00e9v\u00e9nement se d\u00e9roulera dans 29 pays le <strong>Vendredi 24 Septembre 2021<\/strong>.<\/p>\n\n\n\n<p class=\"has-black-color has-text-color\"><mark style=\"background-color:rgba(0, 0, 0, 0)\" class=\"has-inline-color has-black-color\">La Nuit des chercheurs europ\u00e9ens vise \u00e0<\/mark><\/p>\n\n\n\n<ul><li>rapprocher la recherche et les chercheurs du public<\/li><li>promouvoir d&rsquo;excellents projets de recherche en Europe et au-del\u00e0<\/li><li>accro\u00eetre l&rsquo;int\u00e9r\u00eat des jeunes pour les carri\u00e8res scientifiques et la recherche<\/li><li>mettre en \u00e9vidence l&rsquo;impact des travaux des chercheurs sur la vie quotidienne des gens.<\/li><\/ul>\n\n\n\n<p class=\"has-black-color has-text-color\">En 2020, la Nuit europ\u00e9enne des chercheurs a attir\u00e9 plus de 2 millions de visiteurs en Europe et au-del\u00e0.<\/p>\n<\/div><\/div>\n\n\n\n<hr class=\"wp-block-separator has-text-color has-background has-white-background-color has-white-color is-style-dots\"\/>\n\n\n\n<div class=\"wp-container-3 wp-block-buttons\">\n<div class=\"wp-block-button is-style-outline\"><a class=\"wp-block-button__link has-text-color\" href=\"http:\/\/xmm-ssc.irap.omp.eu\/xmm2athena\/fr\/la-nuit-europeenne-des-chercheurs\/\" style=\"color:#d12e7e\">Notre Participation<\/a><\/div>\n<\/div>\n\n\n\n<hr class=\"wp-block-separator has-text-color has-background has-white-background-color has-white-color\"\/>\n\n\n\n<p><\/p>\n","protected":false},"excerpt":{"rendered":"<p>Semaine de la Science La semaine de la science est le grand \u00e9v\u00e9nement annuel de vulgarisation scientifique. Certaines des institutions appartenant au projet XMM2ATHENA ont particip\u00e9 \u00e0 cette initiative. Le Institut de Physique de Cantabria (IFCA, UC-CSIC), participe une fois de plus \u00e0 cette \u00e9dition afin de rapprocher ses travaux de la soci\u00e9t\u00e9 \u00e0 travers&hellip; <br \/> <a class=\"read-more\" href=\"http:\/\/xmm-ssc.irap.omp.eu\/xmm2athena\/fr\/www-initiatives-2021-2\/\">Lire la suite<\/a><\/p>\n","protected":false},"author":2,"featured_media":0,"parent":0,"menu_order":0,"comment_status":"closed","ping_status":"closed","template":"","meta":{"_eb_attr":"","_mi_skip_tracking":false,"_monsterinsights_sitenote_active":false,"_monsterinsights_sitenote_note":"","_monsterinsights_sitenote_category":0},"_links":{"self":[{"href":"http:\/\/xmm-ssc.irap.omp.eu\/xmm2athena\/wp-json\/wp\/v2\/pages\/4178"}],"collection":[{"href":"http:\/\/xmm-ssc.irap.omp.eu\/xmm2athena\/wp-json\/wp\/v2\/pages"}],"about":[{"href":"http:\/\/xmm-ssc.irap.omp.eu\/xmm2athena\/wp-json\/wp\/v2\/types\/page"}],"author":[{"embeddable":true,"href":"http:\/\/xmm-ssc.irap.omp.eu\/xmm2athena\/wp-json\/wp\/v2\/users\/2"}],"replies":[{"embeddable":true,"href":"http:\/\/xmm-ssc.irap.omp.eu\/xmm2athena\/wp-json\/wp\/v2\/comments?post=4178"}],"version-history":[{"count":1,"href":"http:\/\/xmm-ssc.irap.omp.eu\/xmm2athena\/wp-json\/wp\/v2\/pages\/4178\/revisions"}],"predecessor-version":[{"id":4180,"href":"http:\/\/xmm-ssc.irap.omp.eu\/xmm2athena\/wp-json\/wp\/v2\/pages\/4178\/revisions\/4180"}],"wp:attachment":[{"href":"http:\/\/xmm-ssc.irap.omp.eu\/xmm2athena\/wp-json\/wp\/v2\/media?parent=4178"}],"curies":[{"name":"wp","href":"https:\/\/api.w.org\/{rel}","templated":true}]}}