{"id":4175,"date":"2023-03-06T12:24:12","date_gmt":"2023-03-06T12:24:12","guid":{"rendered":"http:\/\/xmm-ssc.irap.omp.eu\/xmm2athena\/?page_id=4175"},"modified":"2023-03-06T12:24:13","modified_gmt":"2023-03-06T12:24:13","slug":"11-fevrier-2023-concours-de-mots-croises-que-savez-vous-des-femmes-astronomes","status":"publish","type":"page","link":"http:\/\/xmm-ssc.irap.omp.eu\/xmm2athena\/fr\/11-fevrier-2023-concours-de-mots-croises-que-savez-vous-des-femmes-astronomes\/","title":{"rendered":"11 f\u00e9vrier 2023 : Concours de mots crois\u00e9s : que savez-vous des femmes astronomes ?"},"content":{"rendered":"\n<p class=\"has-black-color has-text-color\"> Comme les ann\u00e9es pr\u00e9c\u00e9dentes, pour c\u00e9l\u00e9brer le 11 f\u00e9vrier, nous avons pr\u00e9par\u00e9 une initiative internationale en collaboration avec le <a rel=\"noreferrer noopener\" href=\"https:\/\/www.the-athena-x-ray-observatory.eu\/resources\/presentations\/36-resources\/presentations\/468-athena-community-office.html\" target=\"_blank\">bureau communautaire Athena<\/a>, les consortiums <a rel=\"noreferrer noopener\" href=\"http:\/\/x-ifu.irap.omp.eu\/\" target=\"_blank\">Athena\/X-IFU<\/a> et <a rel=\"noreferrer noopener\" href=\"https:\/\/www.mpe.mpg.de\/ATHENA-WFI\/\" target=\"_blank\">Athena\/WFI<\/a> et le <a rel=\"noreferrer noopener\" href=\"http:\/\/ahead.astro.noa.gr\/\" target=\"_blank\">projet AHEAD2020<\/a>, en lan\u00e7ant un appel pour un concours de <em>Mots Crois\u00e9s sur les Femmes Astronomes<\/em>.<\/p>\n\n\n\n<p class=\"has-black-color has-text-color\">Ce concours est ouvert \u00e0 tous ceux qui souhaitent y participer. Les mots crois\u00e9s seront publi\u00e9s sur les sites web et les m\u00e9dias sociaux des projets mentionn\u00e9s ci-dessus avec le hashtag #2023AstroWomenXword. Les mots crois\u00e9s r\u00e9solus doivent \u00eatre envoy\u00e9s avant le 13 f\u00e9vrier 2023 \u00e0 l&rsquo;adresse \u00e9lectronique suivante : xmmathena@gmail.com . <strong>Elles ne doivent jamais \u00eatre t\u00e9l\u00e9charg\u00e9es sur les m\u00e9dias sociaux apr\u00e8s avoir \u00e9t\u00e9 r\u00e9solues.<\/strong><\/p>\n\n\n\n<p class=\"has-black-color has-text-color\"><strong>R\u00e8gles du Concours :<\/strong><\/p>\n\n\n\n<p class=\"has-black-color has-text-color\">* <strong>La soumission de Mots Crois\u00e9s commence avec cette publication et se termine le 13 f\u00e9vrier 2023.<\/strong><\/p>\n\n\n\n<p class=\"has-black-color has-text-color\">* <strong>Participants<\/strong> : tout le monde peut soumettre des Mots Crois\u00e9s<em>.<\/em><\/p>\n\n\n\n<p class=\"has-black-color has-text-color\">* <strong>Comment participer <\/strong>: une fois que vous avez r\u00e9solu les Mots Crois\u00e9s, vous devez l&rsquo;envoyer \u00e0 l&rsquo;adresse e-mail xmmathena@gmail.com<\/p>\n\n\n\n<p class=\"has-black-color has-text-color\"><strong>Vous ne devez jamais le publier sur les r\u00e9seaux sociaux une fois que vous l&rsquo;avez r\u00e9solu.<\/strong><\/p>\n\n\n\n<p class=\"has-black-color has-text-color\">* <strong>Au sujet des Mots Crois\u00e9s <\/strong>: Le mot crois\u00e9 sera accompagn\u00e9 de d\u00e9finitions pour chaque colonne et chaque ligne, sur une feuille s\u00e9par\u00e9e, afin de pouvoir le compl\u00e9ter. Pour le compl\u00e9ter, vous devrez \u00e9crire\u00a0<\/p>\n\n\n\n<p class=\"has-black-color has-text-color\">NOM<img loading=\"lazy\" width=\"20\" height=\"20\" src=\"https:\/\/lh4.googleusercontent.com\/_riOdAOuJgFmWOtQRigrdruVby_G4o187ZzIrpkKT6P-60yeHBsqEqCInHS51U1QYQ2WJI4S91C7m-TYyvxxgaWea1qKiOVXr6xkEHwdDd2_2w7yLm5PJJhtVE6Fzpoyhlaf_L_yoz3fFreA3c3-9VS5u8SauN151THGqkaGtcCMECFWTAm2dNYu-Ijwig\" alt=\":cuadrado_morado_grande:\"> PRENOME    de la femme astronome.<\/p>\n\n\n\n<p class=\"has-black-color has-text-color\">* <strong>S\u00e9lection<\/strong> : la s\u00e9lection du gagnant se fera par tirage au sort, parmi toutes les bonnes r\u00e9ponses. Elle sera d\u00e9finitive et ne pourra pas \u00eatre reconsid\u00e9r\u00e9e. Le r\u00e9sultat sera publi\u00e9 le 15 f\u00e9vrier 2023 sur les canaux de communication des projets\/consortia.\u00a0<\/p>\n\n\n\n<p class=\"has-black-color has-text-color\">* <strong>Prix :<\/strong> <strong>le gagnant  <\/strong>recevra un pack de merchandising des projets et une reconnaissance publique de l&rsquo;ing\u00e9niosit\u00e9 de l&rsquo;auteur avec la publication du gagnant (nom de la soumission) sur les m\u00e9dias sociaux et les sites web des diff\u00e9rents projets impliqu\u00e9s le 11 f\u00e9vrier de l&rsquo;activit\u00e9.<\/p>\n\n\n\n<p class=\"has-black-color has-text-color\">Les donn\u00e9es personnelles telles que l&rsquo;adresse ou l&rsquo;e-mail ne seront en aucun cas publi\u00e9es et ne seront utilis\u00e9es que pour contacter le gagnant.<\/p>\n\n\n\n<p class=\"has-black-color has-text-color\">* <strong>Copyright<\/strong> : Les projets auront le droit d&rsquo;utiliser les mots crois\u00e9s soumis pour leurs activit\u00e9s de communication. La participation \u00e0 ce concours implique l&rsquo;acceptation de toutes les r\u00e8gles du concours.<\/p>\n\n\n\n<hr class=\"wp-block-separator has-text-color has-background has-white-background-color has-white-color is-style-dots\"\/>\n\n\n\n<p class=\"has-black-color has-text-color\">T\u00e9l\u00e9chargement de la grille de Mots Crois\u00e9s :<\/p>\n\n\n\n<hr class=\"wp-block-separator has-text-color has-background has-white-background-color has-white-color is-style-dots\"\/>\n\n\n\n<div class=\"wp-block-columns\">\n<div class=\"wp-block-column\">\n<figure class=\"wp-block-image size-large is-style-default\"><a href=\"http:\/\/xmm-ssc.irap.omp.eu\/xmm2athena\/wp-content\/uploads\/2023\/01\/Slide4_high.png\" target=\"_blank\" rel=\"noopener\"><img loading=\"lazy\" width=\"1024\" height=\"768\" src=\"http:\/\/xmm-ssc.irap.omp.eu\/xmm2athena\/wp-content\/uploads\/2023\/01\/Slide4_high-1024x768.png\" alt=\"\" class=\"wp-image-3986\" srcset=\"http:\/\/xmm-ssc.irap.omp.eu\/xmm2athena\/wp-content\/uploads\/2023\/01\/Slide4_high-1024x768.png 1024w, http:\/\/xmm-ssc.irap.omp.eu\/xmm2athena\/wp-content\/uploads\/2023\/01\/Slide4_high-300x225.png 300w, http:\/\/xmm-ssc.irap.omp.eu\/xmm2athena\/wp-content\/uploads\/2023\/01\/Slide4_high-768x576.png 768w, http:\/\/xmm-ssc.irap.omp.eu\/xmm2athena\/wp-content\/uploads\/2023\/01\/Slide4_high-1440x1080.png 1440w, http:\/\/xmm-ssc.irap.omp.eu\/xmm2athena\/wp-content\/uploads\/2023\/01\/Slide4_high.png 1500w\" sizes=\"(max-width: 1024px) 100vw, 1024px\" \/><\/a><\/figure>\n<\/div>\n\n\n\n<div class=\"wp-block-column\">\n<figure class=\"wp-block-image size-full is-style-default\"><a href=\"http:\/\/xmm-ssc.irap.omp.eu\/xmm2athena\/wp-content\/uploads\/2023\/01\/Slide5.png\" target=\"_blank\" rel=\"noopener\"><img loading=\"lazy\" width=\"720\" height=\"540\" src=\"http:\/\/xmm-ssc.irap.omp.eu\/xmm2athena\/wp-content\/uploads\/2023\/01\/Slide5.png\" alt=\"\" class=\"wp-image-3990\" srcset=\"http:\/\/xmm-ssc.irap.omp.eu\/xmm2athena\/wp-content\/uploads\/2023\/01\/Slide5.png 720w, http:\/\/xmm-ssc.irap.omp.eu\/xmm2athena\/wp-content\/uploads\/2023\/01\/Slide5-300x225.png 300w\" sizes=\"(max-width: 720px) 100vw, 720px\" \/><\/a><\/figure>\n<\/div>\n<\/div>\n","protected":false},"excerpt":{"rendered":"<p>Comme les ann\u00e9es pr\u00e9c\u00e9dentes, pour c\u00e9l\u00e9brer le 11 f\u00e9vrier, nous avons pr\u00e9par\u00e9 une initiative internationale en collaboration avec le bureau communautaire Athena, les consortiums Athena\/X-IFU et Athena\/WFI et le projet AHEAD2020, en lan\u00e7ant un appel pour un concours de Mots Crois\u00e9s sur les Femmes Astronomes. Ce concours est ouvert \u00e0 tous ceux qui souhaitent y&hellip; <br \/> <a class=\"read-more\" href=\"http:\/\/xmm-ssc.irap.omp.eu\/xmm2athena\/fr\/11-fevrier-2023-concours-de-mots-croises-que-savez-vous-des-femmes-astronomes\/\">Lire la suite<\/a><\/p>\n","protected":false},"author":2,"featured_media":0,"parent":0,"menu_order":0,"comment_status":"closed","ping_status":"closed","template":"","meta":{"_eb_attr":"","_mi_skip_tracking":false,"_monsterinsights_sitenote_active":false,"_monsterinsights_sitenote_note":"","_monsterinsights_sitenote_category":0},"_links":{"self":[{"href":"http:\/\/xmm-ssc.irap.omp.eu\/xmm2athena\/wp-json\/wp\/v2\/pages\/4175"}],"collection":[{"href":"http:\/\/xmm-ssc.irap.omp.eu\/xmm2athena\/wp-json\/wp\/v2\/pages"}],"about":[{"href":"http:\/\/xmm-ssc.irap.omp.eu\/xmm2athena\/wp-json\/wp\/v2\/types\/page"}],"author":[{"embeddable":true,"href":"http:\/\/xmm-ssc.irap.omp.eu\/xmm2athena\/wp-json\/wp\/v2\/users\/2"}],"replies":[{"embeddable":true,"href":"http:\/\/xmm-ssc.irap.omp.eu\/xmm2athena\/wp-json\/wp\/v2\/comments?post=4175"}],"version-history":[{"count":1,"href":"http:\/\/xmm-ssc.irap.omp.eu\/xmm2athena\/wp-json\/wp\/v2\/pages\/4175\/revisions"}],"predecessor-version":[{"id":4176,"href":"http:\/\/xmm-ssc.irap.omp.eu\/xmm2athena\/wp-json\/wp\/v2\/pages\/4175\/revisions\/4176"}],"wp:attachment":[{"href":"http:\/\/xmm-ssc.irap.omp.eu\/xmm2athena\/wp-json\/wp\/v2\/media?parent=4175"}],"curies":[{"name":"wp","href":"https:\/\/api.w.org\/{rel}","templated":true}]}}