{"id":4125,"date":"2023-02-27T12:54:37","date_gmt":"2023-02-27T12:54:37","guid":{"rendered":"http:\/\/xmm-ssc.irap.omp.eu\/xmm2athena\/?page_id=4125"},"modified":"2023-02-27T12:54:38","modified_gmt":"2023-02-27T12:54:38","slug":"www-iniciativas-2022","status":"publish","type":"page","link":"http:\/\/xmm-ssc.irap.omp.eu\/xmm2athena\/es\/www-iniciativas-2022\/","title":{"rendered":"WWW-Iniciativas 2022"},"content":{"rendered":"\n<div class=\"wp-block-media-text alignwide is-stacked-on-mobile\"><figure class=\"wp-block-media-text__media\"><img loading=\"lazy\" width=\"720\" height=\"405\" src=\"http:\/\/xmm-ssc.irap.omp.eu\/xmm2athena\/wp-content\/uploads\/2022\/11\/imagenportada-1.png\" alt=\"\" class=\"wp-image-3901 size-full\" srcset=\"http:\/\/xmm-ssc.irap.omp.eu\/xmm2athena\/wp-content\/uploads\/2022\/11\/imagenportada-1.png 720w, http:\/\/xmm-ssc.irap.omp.eu\/xmm2athena\/wp-content\/uploads\/2022\/11\/imagenportada-1-300x169.png 300w\" sizes=\"(max-width: 720px) 100vw, 720px\" \/><\/figure><div class=\"wp-block-media-text__content\">\n<h3>Semana de la Ciencia 2022<\/h3>\n\n\n\n<p class=\"has-black-color has-text-color\">La Semana de la Ciencia es una actividad de divulgaci\u00f3n que tiene lugar simult\u00e1neamente en instituciones cient\u00edficas y educativas de todo el mundo durante las dos primeras semanas de noviembre.<\/p>\n\n\n\n<p class=\"has-black-color has-text-color\">Algunas de las instituciones pertenecientes al proyecto XMM2ATHENA han participado en esta iniciativa.<\/p>\n\n\n\n<p class=\"has-black-color has-text-color\">La Semana de la Ciencia se origin\u00f3 en Francia en 1991, cuando Hubert Curien, Ministro de Investigaci\u00f3n franc\u00e9s, decidi\u00f3 celebrar el d\u00e9cimo aniversario del Ministerio abriendo por primera vez sus jardines al p\u00fablico, con el objetivo de acercar la ciencia y sus protagonistas al p\u00fablico. La Semana Europea de la Ciencia se celebra cada a\u00f1o desde 1993.<\/p>\n<\/div><\/div>\n\n\n\n<hr class=\"wp-block-separator has-text-color has-background has-white-background-color has-white-color is-style-dots\"\/>\n\n\n\n<div class=\"wp-container-1 wp-block-buttons\">\n<div class=\"wp-block-button is-style-outline\"><a class=\"wp-block-button__link has-text-color\" href=\"http:\/\/xmm-ssc.irap.omp.eu\/xmm2athena\/es\/semana-de-la-ciencia-2022\/\" style=\"color:#d12e7e\" target=\"_blank\" rel=\"noreferrer noopener\">Nuestra Participaci\u00f3n<\/a><\/div>\n<\/div>\n\n\n\n<hr class=\"wp-block-separator has-text-color has-background has-white-background-color has-white-color is-style-dots\"\/>\n\n\n\n<hr class=\"wp-block-separator is-style-wide\"\/>\n\n\n\n<hr class=\"wp-block-separator has-text-color has-background has-white-background-color has-white-color is-style-dots\"\/>\n\n\n\n<div class=\"wp-block-media-text alignwide is-stacked-on-mobile\"><figure class=\"wp-block-media-text__media\"><img loading=\"lazy\" width=\"1024\" height=\"576\" src=\"http:\/\/xmm-ssc.irap.omp.eu\/xmm2athena\/wp-content\/uploads\/2022\/10\/Logo_fete-de-la-science-1024x576-2.png\" alt=\"\" class=\"wp-image-3788 size-full\" srcset=\"http:\/\/xmm-ssc.irap.omp.eu\/xmm2athena\/wp-content\/uploads\/2022\/10\/Logo_fete-de-la-science-1024x576-2.png 1024w, http:\/\/xmm-ssc.irap.omp.eu\/xmm2athena\/wp-content\/uploads\/2022\/10\/Logo_fete-de-la-science-1024x576-2-300x169.png 300w, http:\/\/xmm-ssc.irap.omp.eu\/xmm2athena\/wp-content\/uploads\/2022\/10\/Logo_fete-de-la-science-1024x576-2-768x432.png 768w\" sizes=\"(max-width: 1024px) 100vw, 1024px\" \/><\/figure><div class=\"wp-block-media-text__content\">\n<h3>La fiesta de la cienca del IRAP<\/h3>\n\n\n\n<p class=\"has-black-color has-text-color\">El s\u00e1bado 15 de octubre, el <a rel=\"noreferrer noopener\" href=\"https:\/\/www.irap.omp.eu\/\" target=\"_blank\">IRAP<\/a>, junto con el <a rel=\"noreferrer noopener\" href=\"https:\/\/www.omp.eu\/\" target=\"_blank\">Observatoire Midi-Pyr\u00e9n\u00e9es<\/a>, organiz\u00f3 su jornada de puertas abiertas en el marco de la <a rel=\"noreferrer noopener\" href=\"https:\/\/www.fetedelascience.fr\/\" target=\"_blank\">Fiesta de la ciencia<\/a>. Este evento estaba dirigido al p\u00fablico en general y el objetivo era dar a conocer los temas y proyectos del IRAP, pero tambi\u00e9n animar a los j\u00f3venes a convertirse en cient\u00edficos. El <a rel=\"noreferrer noopener\" href=\"https:\/\/www.irap.omp.eu\/grand-public\/evenements\/journee-portes-ouvertes-2022\/\" target=\"_blank\">programa<\/a> de la jornada inclu\u00eda talleres, visitas al laboratorio y conferencias. Tambi\u00e9n hubo la posibilidad de visitar las instalaciones del <a rel=\"noreferrer noopener\" href=\"https:\/\/www.omp.eu\/missions\/appui-a-la-recherche\/observatoire-du-pic-du-midi\/\" target=\"_blank\">Pic du Midi<\/a>.<\/p>\n\n\n\n<p class=\"has-black-color has-text-color\"><strong><a rel=\"noreferrer noopener\" href=\"http:\/\/xmm-ssc.irap.omp.eu\/xmm2athena\/wp-content\/uploads\/2021\/07\/Natalie-1.pdf\" target=\"_blank\">Natalie WEBB<\/a><\/strong>, como investigadora principal de XMM2ATHENA, dio una conferencia sobre el proyecto, titulado \u00abB\u00fasqueda de agujeros negros\u00bb.<\/p>\n<\/div><\/div>\n\n\n\n<hr class=\"wp-block-separator has-text-color has-background has-white-background-color has-white-color is-style-dots\"\/>\n\n\n\n<div class=\"wp-container-2 wp-block-buttons\">\n<div class=\"wp-block-button is-style-outline\"><a class=\"wp-block-button__link has-text-color\" href=\"http:\/\/xmm-ssc.irap.omp.eu\/xmm2athena\/es\/2022\/10\/28\/participacion-en-la-fiesta-de-la-ciencia-del-irap-conferencia-de-natalie-webb-searching-for-black-holes\/\" style=\"color:#d12e7e\">M\u00e1s informaci\u00f3n<\/a><\/div>\n<\/div>\n\n\n\n<hr class=\"wp-block-separator has-text-color has-background has-white-background-color has-white-color is-style-dots\"\/>\n\n\n\n<hr class=\"wp-block-separator is-style-wide\"\/>\n\n\n\n<div class=\"wp-block-media-text alignwide is-stacked-on-mobile\"><figure class=\"wp-block-media-text__media\"><img loading=\"lazy\" width=\"850\" height=\"478\" src=\"http:\/\/xmm-ssc.irap.omp.eu\/xmm2athena\/wp-content\/uploads\/2022\/11\/640x360_Night_English-wt-1.jpg\" alt=\"\" class=\"wp-image-3880 size-full\" srcset=\"http:\/\/xmm-ssc.irap.omp.eu\/xmm2athena\/wp-content\/uploads\/2022\/11\/640x360_Night_English-wt-1.jpg 850w, http:\/\/xmm-ssc.irap.omp.eu\/xmm2athena\/wp-content\/uploads\/2022\/11\/640x360_Night_English-wt-1-300x169.jpg 300w, http:\/\/xmm-ssc.irap.omp.eu\/xmm2athena\/wp-content\/uploads\/2022\/11\/640x360_Night_English-wt-1-768x432.jpg 768w\" sizes=\"(max-width: 850px) 100vw, 850px\" \/><\/figure><div class=\"wp-block-media-text__content\">\n<h3>Noche Europea de los Investigadores<\/h3>\n\n\n\n<p class=\"has-black-color has-text-color\">La Noche Europea de los Investigadores es un acto p\u00fablico de \u00e1mbito europeo que muestra la diversidad de la ciencia y su impacto en la vida cotidiana de los ciudadanos de forma divertida e inspiradora.<\/p>\n\n\n\n<p class=\"has-black-color has-text-color\">Este a\u00f1o, el evento tendr\u00e1 lugar en 26 pa\u00edses el viernes 30 de septiembre de 2022.<\/p>\n\n\n\n<p class=\"has-black-color has-text-color\">La Noche Europea de los Investigadores tiene como objetivo<\/p>\n\n\n\n<ul class=\"has-black-color has-text-color\"><li>acercar la investigaci\u00f3n y los investigadores al p\u00fablico<\/li><li>promover proyectos de investigaci\u00f3n excelentes en toda Europa y fuera de ella<\/li><li>aumentar el inter\u00e9s de los j\u00f3venes por las carreras cient\u00edficas y de investigaci\u00f3n<\/li><li>mostrar el impacto del trabajo de los investigadores en la vida cotidiana de las personas<\/li><\/ul>\n\n\n\n<p class=\"has-black-color has-text-color\">La Noche Europea de los Investigadores atrae cada a\u00f1o a m\u00e1s de un mill\u00f3n de visitantes en Europa y fuera de ella.<\/p>\n<\/div><\/div>\n\n\n\n<hr class=\"wp-block-separator has-text-color has-background has-white-background-color has-white-color is-style-dots\"\/>\n\n\n\n<div class=\"wp-container-3 wp-block-buttons\">\n<div class=\"wp-block-button is-style-outline\"><a class=\"wp-block-button__link has-text-color\" href=\"http:\/\/xmm-ssc.irap.omp.eu\/xmm2athena\/es\/2022\/09\/09\/noche-europea-de-los-investigadores-concurso-de-memes\/\" style=\"color:#d12e7e\">Nuestra Participaci\u00f3n<\/a><\/div>\n<\/div>\n\n\n\n<hr class=\"wp-block-separator has-text-color has-background has-white-background-color has-white-color is-style-dots\"\/>\n\n\n\n<hr class=\"wp-block-separator is-style-wide\"\/>\n\n\n\n<div class=\"wp-block-media-text alignwide is-stacked-on-mobile\"><figure class=\"wp-block-media-text__media\"><img loading=\"lazy\" width=\"1024\" height=\"699\" src=\"http:\/\/xmm-ssc.irap.omp.eu\/xmm2athena\/wp-content\/uploads\/2022\/05\/Cover-MiA-1-1024x699-2.png\" alt=\"\" class=\"wp-image-3290 size-full\" srcset=\"http:\/\/xmm-ssc.irap.omp.eu\/xmm2athena\/wp-content\/uploads\/2022\/05\/Cover-MiA-1-1024x699-2.png 1024w, http:\/\/xmm-ssc.irap.omp.eu\/xmm2athena\/wp-content\/uploads\/2022\/05\/Cover-MiA-1-1024x699-2-300x205.png 300w, http:\/\/xmm-ssc.irap.omp.eu\/xmm2athena\/wp-content\/uploads\/2022\/05\/Cover-MiA-1-1024x699-2-768x524.png 768w\" sizes=\"(max-width: 1024px) 100vw, 1024px\" \/><\/figure><div class=\"wp-block-media-text__content\">\n<h3>Madres en Astronom\u00eda<\/h3>\n\n\n\n<p class=\"has-black-color has-text-color\">El libro Mothers In Astronomy 2022 es una iniciativa de la Dra. <a href=\"http:\/\/paola-pinilla.com\/\" target=\"_blank\" rel=\"noreferrer noopener\">Paola Pinilla<\/a> (MPIA y MSSL\/UCL) y la Dra. <a href=\"https:\/\/www2.mpia-hd.mpg.de\/homes\/ramirez\/\"><\/a><a href=\"https:\/\/www2.mpia-hd.mpg.de\/homes\/ramirez\/\">Dr Maria Claudia Ramirez-Tannus<\/a> (MPIA). Su objetivo es:<\/p>\n\n\n\n<ul class=\"has-black-color has-text-color\"><li>Ampliar las voces de las madres en la astronom\u00eda.<\/li><li>Concienciar sobre los retos a los que se enfrentan.<\/li><li>Destacar el impacto positivo de la maternidad en sus carreras.<\/li><li>Crear un empoderamiento colectivo inspir\u00e1ndose y apoy\u00e1ndose mutuamente.<\/li><\/ul>\n\n\n\n<p class=\"has-black-color has-text-color\">Ha sido ilustrado y editado por la Dra. Martha Irene Saladino. El libro tiene una licencia Creative Commons (CC) BY-NC-SA 4.0. Puede descargarlo gratuitamente en formato <a href=\"https:\/\/misaladino.com\/wp-content\/uploads\/2022\/04\/MiA2022.epub\"><mark>EBOOK<\/mark><\/a> o <a rel=\"noreferrer noopener\" href=\"https:\/\/misaladino.com\/wp-content\/uploads\/2022\/04\/Mothers-In-Astronomy-2022.pdf\" target=\"_blank\"><mark>PDF<\/mark><\/a>.<\/p>\n\n\n\n<p class=\"has-black-color has-text-color\">Nuestra compa\u00f1era Natalie Webb ha participado en esta iniciativa, compartiendo sus experiencias como madre astr\u00f3noma.<\/p>\n<\/div><\/div>\n\n\n\n<hr class=\"wp-block-separator has-text-color has-background has-white-background-color has-white-color is-style-dots\"\/>\n\n\n\n<hr class=\"wp-block-separator is-style-wide\"\/>\n\n\n\n<div class=\"wp-block-media-text alignwide is-stacked-on-mobile\"><figure class=\"wp-block-media-text__media\"><img loading=\"lazy\" width=\"1024\" height=\"576\" src=\"http:\/\/xmm-ssc.irap.omp.eu\/xmm2athena\/wp-content\/uploads\/2022\/04\/Common-Post-1-with-logos-2-1-1024x576.png\" alt=\"\" class=\"wp-image-3210 size-full\" srcset=\"http:\/\/xmm-ssc.irap.omp.eu\/xmm2athena\/wp-content\/uploads\/2022\/04\/Common-Post-1-with-logos-2-1-1024x576.png 1024w, http:\/\/xmm-ssc.irap.omp.eu\/xmm2athena\/wp-content\/uploads\/2022\/04\/Common-Post-1-with-logos-2-1-300x169.png 300w, http:\/\/xmm-ssc.irap.omp.eu\/xmm2athena\/wp-content\/uploads\/2022\/04\/Common-Post-1-with-logos-2-1-768x432.png 768w, http:\/\/xmm-ssc.irap.omp.eu\/xmm2athena\/wp-content\/uploads\/2022\/04\/Common-Post-1-with-logos-2-1-1536x864.png 1536w, http:\/\/xmm-ssc.irap.omp.eu\/xmm2athena\/wp-content\/uploads\/2022\/04\/Common-Post-1-with-logos-2-1.png 1600w\" sizes=\"(max-width: 1024px) 100vw, 1024px\" \/><\/figure><div class=\"wp-block-media-text__content\">\n<h3>Semana sobre los agujeros negros, del 2 al 6 de Mayo<\/h3>\n\n\n\n<p class=\"has-black-color has-text-color\">Los agujeros negros son posiblemente los objetos m\u00e1s intrigantes del Universo.<\/p>\n\n\n\n<p class=\"has-black-color has-text-color\">\u00bfQu\u00e9 sabes de ellos? \u00a1Hay muchas preguntas, dudas, en torno a estos objetos y durante la semana del 2 al 6 de mayo nuestros cient\u00edficos responder\u00e1n a preguntas cruciales sobre los agujeros negros para esta #BlackHoleWeek!<\/p>\n\n\n\n<p class=\"has-black-color has-text-color\">S\u00edguenos en @athena.xray.observatory @AthenaXIFU @AHEAD2020 y @XMM2Athena para obtener todas las respuestas. (Twitter y Facebook)<\/p>\n<\/div><\/div>\n\n\n\n<hr class=\"wp-block-separator has-text-color has-background has-white-background-color has-white-color is-style-dots\"\/>\n\n\n\n<div class=\"wp-container-4 wp-block-buttons\">\n<div class=\"wp-block-button is-style-outline\"><a class=\"wp-block-button__link has-text-color\" href=\"http:\/\/xmm-ssc.irap.omp.eu\/xmm2athena\/es\/semana-sobre-los-agujeros-negros-preguntas-y-respuestas\/\" style=\"color:#d12e7e\" target=\"_blank\" rel=\"noreferrer noopener\">Preguntas y Respuestas<\/a><\/div>\n<\/div>\n\n\n\n<hr class=\"wp-block-separator has-text-color has-background has-white-background-color has-white-color is-style-dots\"\/>\n\n\n\n<hr class=\"wp-block-separator is-style-wide\"\/>\n\n\n\n<hr class=\"wp-block-separator has-text-color has-background has-white-background-color has-white-color is-style-dots\"\/>\n\n\n\n<div class=\"wp-block-media-text alignwide is-stacked-on-mobile\"><figure class=\"wp-block-media-text__media\"><a href=\"https:\/\/www.un.org\/en\/observances\/womens-day\/background\" target=\"_blank\" rel=\"noopener\"><img loading=\"lazy\" width=\"965\" height=\"1024\" src=\"http:\/\/xmm-ssc.irap.omp.eu\/xmm2athena\/wp-content\/uploads\/2022\/03\/MaxPixel.net-International-Womens-Day-8-Wish-March-Womens-Day-3198004-1-965x1024.jpg\" alt=\"\" class=\"wp-image-2581 size-full\" srcset=\"http:\/\/xmm-ssc.irap.omp.eu\/xmm2athena\/wp-content\/uploads\/2022\/03\/MaxPixel.net-International-Womens-Day-8-Wish-March-Womens-Day-3198004-1-965x1024.jpg 965w, http:\/\/xmm-ssc.irap.omp.eu\/xmm2athena\/wp-content\/uploads\/2022\/03\/MaxPixel.net-International-Womens-Day-8-Wish-March-Womens-Day-3198004-1-283x300.jpg 283w, http:\/\/xmm-ssc.irap.omp.eu\/xmm2athena\/wp-content\/uploads\/2022\/03\/MaxPixel.net-International-Womens-Day-8-Wish-March-Womens-Day-3198004-1-768x815.jpg 768w, http:\/\/xmm-ssc.irap.omp.eu\/xmm2athena\/wp-content\/uploads\/2022\/03\/MaxPixel.net-International-Womens-Day-8-Wish-March-Womens-Day-3198004-1-1448x1536.jpg 1448w, http:\/\/xmm-ssc.irap.omp.eu\/xmm2athena\/wp-content\/uploads\/2022\/03\/MaxPixel.net-International-Womens-Day-8-Wish-March-Womens-Day-3198004-1-1024x1086.jpg 1024w, http:\/\/xmm-ssc.irap.omp.eu\/xmm2athena\/wp-content\/uploads\/2022\/03\/MaxPixel.net-International-Womens-Day-8-Wish-March-Womens-Day-3198004-1-1018x1080.jpg 1018w, http:\/\/xmm-ssc.irap.omp.eu\/xmm2athena\/wp-content\/uploads\/2022\/03\/MaxPixel.net-International-Womens-Day-8-Wish-March-Womens-Day-3198004-1.jpg 1810w\" sizes=\"(max-width: 965px) 100vw, 965px\" \/><\/a><\/figure><div class=\"wp-block-media-text__content\">\n<h3>8 de Marzo, d\u00eda Internacional de la Mujer <\/h3>\n\n\n\n<p class=\"has-black-color has-text-color\">El D\u00eda Internacional de la Mujer se celebra en muchos pa\u00edses del mundo. Es un d\u00eda en el que se reconocen los logros de las mujeres sin tener en cuenta las divisiones, ya sean nacionales, \u00e9tnicas, ling\u00fc\u00edsticas, culturales, econ\u00f3micas o pol\u00edticas.<\/p>\n\n\n\n<p class=\"has-black-color has-text-color\">Desde aquellos primeros a\u00f1os, el D\u00eda Internacional de la Mujer ha adquirido una nueva dimensi\u00f3n mundial, tanto para las mujeres de los pa\u00edses desarrollados como para las de los pa\u00edses en desarrollo. El creciente movimiento internacional de las mujeres, reforzado por cuatro conferencias mundiales de las Naciones Unidas sobre la mujer, ha contribuido a convertir la conmemoraci\u00f3n en un punto de encuentro para conseguir apoyo a los derechos de la mujer y su participaci\u00f3n en los \u00e1mbitos pol\u00edtico y econ\u00f3mico.<\/p>\n<\/div><\/div>\n\n\n\n<hr class=\"wp-block-separator has-text-color has-background has-white-background-color has-white-color is-style-dots\"\/>\n\n\n\n<div class=\"wp-container-5 wp-block-buttons\">\n<div class=\"wp-block-button is-style-outline\"><a class=\"wp-block-button__link has-text-color\" href=\"http:\/\/xmm-ssc.irap.omp.eu\/xmm2athena\/es\/actividades-del-dia-internacional-de-la-mujer\/\" style=\"color:#d12e7e\" target=\"_blank\" rel=\"noreferrer noopener\">Nuestra participaci\u00f3n<\/a><\/div>\n<\/div>\n\n\n\n<hr class=\"wp-block-separator has-text-color has-background has-white-background-color has-white-color is-style-dots\"\/>\n\n\n\n<hr class=\"wp-block-separator is-style-wide\"\/>\n\n\n\n<div class=\"wp-block-media-text alignwide is-stacked-on-mobile\"><figure class=\"wp-block-media-text__media\"><a href=\"https:\/\/www.un.org\/en\/observances\/women-and-girls-in-science-day\/\" target=\"_blank\" rel=\"noopener\"><img loading=\"lazy\" width=\"1024\" height=\"1024\" src=\"http:\/\/xmm-ssc.irap.omp.eu\/xmm2athena\/wp-content\/uploads\/2022\/02\/vecteezy_international-day-of-women-and-girls-in-science_-1-1024x1024.png\" alt=\"\" class=\"wp-image-2427 size-full\" srcset=\"http:\/\/xmm-ssc.irap.omp.eu\/xmm2athena\/wp-content\/uploads\/2022\/02\/vecteezy_international-day-of-women-and-girls-in-science_-1-1024x1024.png 1024w, http:\/\/xmm-ssc.irap.omp.eu\/xmm2athena\/wp-content\/uploads\/2022\/02\/vecteezy_international-day-of-women-and-girls-in-science_-1-300x300.png 300w, http:\/\/xmm-ssc.irap.omp.eu\/xmm2athena\/wp-content\/uploads\/2022\/02\/vecteezy_international-day-of-women-and-girls-in-science_-1-150x150.png 150w, http:\/\/xmm-ssc.irap.omp.eu\/xmm2athena\/wp-content\/uploads\/2022\/02\/vecteezy_international-day-of-women-and-girls-in-science_-1-768x768.png 768w, http:\/\/xmm-ssc.irap.omp.eu\/xmm2athena\/wp-content\/uploads\/2022\/02\/vecteezy_international-day-of-women-and-girls-in-science_-1-1536x1536.png 1536w, http:\/\/xmm-ssc.irap.omp.eu\/xmm2athena\/wp-content\/uploads\/2022\/02\/vecteezy_international-day-of-women-and-girls-in-science_-1-1080x1080.png 1080w, http:\/\/xmm-ssc.irap.omp.eu\/xmm2athena\/wp-content\/uploads\/2022\/02\/vecteezy_international-day-of-women-and-girls-in-science_-1.png 1920w\" sizes=\"(max-width: 1024px) 100vw, 1024px\" \/><\/a><\/figure><div class=\"wp-block-media-text__content\">\n<h3>D\u00eda internacional de la Mujer y la Ni\u00f1a en la Ciencia: 11 de Febrero<\/h3>\n\n\n\n<p class=\"has-black-color has-text-color\">Tanto la ciencia como la igualdad de g\u00e9nero son vitales para la consecuci\u00f3n de los objetivos de desarrollo acordados internacionalmente, incluidos en la Agenda 2030 para el Desarrollo Sostenible. A lo largo de las \u00faltimas d\u00e9cadas, la comunidad mundial se ha esforzado mucho por inspirar e involucrar a las mujeres y las ni\u00f1as en la ciencia. Sin embargo, las mujeres y las ni\u00f1as siguen estando excluidas de participar plenamente en la ciencia.<\/p>\n\n\n\n<p class=\"has-black-color has-text-color\">Con el fin de lograr el acceso y la participaci\u00f3n plena y equitativa de las mujeres y las ni\u00f1as en la ciencia, y seguir logrando la igualdad de g\u00e9nero y el empoderamiento de las mujeres y las ni\u00f1as, la Asamblea General de las Naciones Unidas declar\u00f3 el 11 de febrero como el D\u00eda Internacional de la Mujer y la Ni\u00f1a en la Ciencia en 2015.<\/p>\n<\/div><\/div>\n\n\n\n<hr class=\"wp-block-separator has-text-color has-background has-white-background-color has-white-color is-style-dots\"\/>\n\n\n\n<div class=\"wp-container-6 wp-block-buttons\">\n<div class=\"wp-block-button is-style-outline\"><a class=\"wp-block-button__link has-text-color\" href=\"http:\/\/xmm-ssc.irap.omp.eu\/xmm2athena\/es\/11-feb-2022-contribuciones-del-equipo-de-xmm2athena\" style=\"color:#d12e7e\" target=\"_blank\" rel=\"noreferrer noopener\">Nuestra participaci\u00f3n<\/a><\/div>\n<\/div>\n\n\n\n<hr class=\"wp-block-separator has-text-color has-background has-white-background-color has-white-color\"\/>\n\n\n\n<p><\/p>\n","protected":false},"excerpt":{"rendered":"<p>Semana de la Ciencia 2022 La Semana de la Ciencia es una actividad de divulgaci\u00f3n que tiene lugar simult\u00e1neamente en instituciones cient\u00edficas y educativas de todo el mundo durante las dos primeras semanas de noviembre. Algunas de las instituciones pertenecientes al proyecto XMM2ATHENA han participado en esta iniciativa. La Semana de la Ciencia se origin\u00f3&hellip; <br \/> <a class=\"read-more\" href=\"http:\/\/xmm-ssc.irap.omp.eu\/xmm2athena\/es\/www-iniciativas-2022\/\">Lire la suite<\/a><\/p>\n","protected":false},"author":5,"featured_media":0,"parent":0,"menu_order":0,"comment_status":"closed","ping_status":"closed","template":"","meta":{"_eb_attr":"","_mi_skip_tracking":false,"_monsterinsights_sitenote_active":false,"_monsterinsights_sitenote_note":"","_monsterinsights_sitenote_category":0},"_links":{"self":[{"href":"http:\/\/xmm-ssc.irap.omp.eu\/xmm2athena\/wp-json\/wp\/v2\/pages\/4125"}],"collection":[{"href":"http:\/\/xmm-ssc.irap.omp.eu\/xmm2athena\/wp-json\/wp\/v2\/pages"}],"about":[{"href":"http:\/\/xmm-ssc.irap.omp.eu\/xmm2athena\/wp-json\/wp\/v2\/types\/page"}],"author":[{"embeddable":true,"href":"http:\/\/xmm-ssc.irap.omp.eu\/xmm2athena\/wp-json\/wp\/v2\/users\/5"}],"replies":[{"embeddable":true,"href":"http:\/\/xmm-ssc.irap.omp.eu\/xmm2athena\/wp-json\/wp\/v2\/comments?post=4125"}],"version-history":[{"count":1,"href":"http:\/\/xmm-ssc.irap.omp.eu\/xmm2athena\/wp-json\/wp\/v2\/pages\/4125\/revisions"}],"predecessor-version":[{"id":4126,"href":"http:\/\/xmm-ssc.irap.omp.eu\/xmm2athena\/wp-json\/wp\/v2\/pages\/4125\/revisions\/4126"}],"wp:attachment":[{"href":"http:\/\/xmm-ssc.irap.omp.eu\/xmm2athena\/wp-json\/wp\/v2\/media?parent=4125"}],"curies":[{"name":"wp","href":"https:\/\/api.w.org\/{rel}","templated":true}]}}