{"id":4123,"date":"2023-02-27T12:52:34","date_gmt":"2023-02-27T12:52:34","guid":{"rendered":"http:\/\/xmm-ssc.irap.omp.eu\/xmm2athena\/?page_id=4123"},"modified":"2023-02-27T12:52:36","modified_gmt":"2023-02-27T12:52:36","slug":"www-iniciativas-2021","status":"publish","type":"page","link":"http:\/\/xmm-ssc.irap.omp.eu\/xmm2athena\/es\/www-iniciativas-2021\/","title":{"rendered":"WWW-Iniciativas 2021"},"content":{"rendered":"\n<div class=\"wp-block-media-text alignwide is-stacked-on-mobile\"><figure class=\"wp-block-media-text__media\"><img loading=\"lazy\" width=\"565\" height=\"404\" src=\"http:\/\/xmm-ssc.irap.omp.eu\/xmm2athena\/wp-content\/uploads\/2021\/11\/logo_web-1.png\" alt=\"\" class=\"wp-image-1918 size-full\" srcset=\"http:\/\/xmm-ssc.irap.omp.eu\/xmm2athena\/wp-content\/uploads\/2021\/11\/logo_web-1.png 565w, http:\/\/xmm-ssc.irap.omp.eu\/xmm2athena\/wp-content\/uploads\/2021\/11\/logo_web-1-300x215.png 300w\" sizes=\"(max-width: 565px) 100vw, 565px\" \/><\/figure><div class=\"wp-block-media-text__content\">\n<h2>Semana de la Ciencia<\/h2>\n\n\n\n<p class=\"has-black-color has-text-color\"><mark style=\"background-color:rgba(0, 0, 0, 0)\" class=\"has-inline-color has-black-color\">La<\/mark> Semana de la Ciencia es la gran cita anual de la divulgaci\u00f3n cient\u00edfica. <br><\/p>\n\n\n\n<p class=\"has-black-color has-text-color\">El Instituto de F\u00edsica de Cantabria (IFCA, CSIC-UC), vuelve a participar en esta edici\u00f3n con el fin de acercar su trabajo a la sociedad a trav\u00e9s de las varias propuestas. Cient\u00edficos del XMM2ATHENA-IFCA participar\u00e1n con una serie de charlas y juegos sobre Sistema Solar, Agujeros Negros, el Universo y los rayos-X y las galaxias de rayos-X, dirigidos a estudiantes de Primaria, ESO, Bachillerato, o Ciclos formativos.<\/p>\n\n\n\n<p class=\"has-black-color has-text-color\">El Observatorio Astron\u00f3mico de Estrasburgo es otra de las instituciones que han participado en este evento. Desde el Observatorio se han llevado a cabo varias exposiciones, stands, talleres y manualidades. Para m\u00e1s informaci\u00f3n de las actividades realizadas visita este enlace: https:\/\/astro.unistra.fr\/fr\/2021\/09\/29\/fete-de-la-science-2021\/<\/p>\n\n\n\n<p class=\"has-black-color has-text-color\">La Semana de la Ciencia tiene su origen en Francia, en 1991, cuando Hubert Curien, ministro franc\u00e9s de la investigaci\u00f3n, decidi\u00f3 celebrar el d\u00e9cimo aniversario del Ministerio abriendo sus jardines por primera vez al p\u00fablico, con el objetivo de acercar al ciudadano la ciencia y sus protagonistas. Desde 1993 cada a\u00f1o se celebra la Semana Europea de la Ciencia. <\/p>\n<\/div><\/div>\n\n\n\n<hr class=\"wp-block-separator has-text-color has-background has-white-background-color has-white-color is-style-dots\"\/>\n\n\n\n<hr class=\"wp-block-separator has-text-color has-background has-white-background-color has-white-color is-style-dots\"\/>\n\n\n\n<div class=\"wp-container-1 wp-block-buttons\">\n<div class=\"wp-block-button is-style-outline\"><a class=\"wp-block-button__link has-text-color\" href=\"http:\/\/xmm-ssc.irap.omp.eu\/xmm2athena\/es\/semana-ciencia\/\" style=\"color:#d12e7e\" target=\"_blank\" rel=\"noreferrer noopener\">Nuestra Participaci\u00f3n<\/a><\/div>\n<\/div>\n\n\n\n<hr class=\"wp-block-separator has-text-color has-background has-white-background-color has-white-color is-style-dots\"\/>\n\n\n\n<hr class=\"wp-block-separator is-style-wide\"\/>\n\n\n\n<div class=\"wp-block-media-text alignwide is-stacked-on-mobile\"><figure class=\"wp-block-media-text__media\"><a href=\"https:\/\/www.worldspaceweek.org\/\" target=\"_blank\" rel=\"noopener\"><img loading=\"lazy\" width=\"1024\" height=\"256\" src=\"http:\/\/xmm-ssc.irap.omp.eu\/xmm2athena\/wp-content\/uploads\/2021\/09\/home-banner-2021-1-1024x256.jpg\" alt=\"\" class=\"wp-image-1352 size-full\" srcset=\"http:\/\/xmm-ssc.irap.omp.eu\/xmm2athena\/wp-content\/uploads\/2021\/09\/home-banner-2021-1-1024x256.jpg 1024w, http:\/\/xmm-ssc.irap.omp.eu\/xmm2athena\/wp-content\/uploads\/2021\/09\/home-banner-2021-1-300x75.jpg 300w, http:\/\/xmm-ssc.irap.omp.eu\/xmm2athena\/wp-content\/uploads\/2021\/09\/home-banner-2021-1-768x192.jpg 768w, http:\/\/xmm-ssc.irap.omp.eu\/xmm2athena\/wp-content\/uploads\/2021\/09\/home-banner-2021-1-1536x384.jpg 1536w, http:\/\/xmm-ssc.irap.omp.eu\/xmm2athena\/wp-content\/uploads\/2021\/09\/home-banner-2021-1.jpg 1584w\" sizes=\"(max-width: 1024px) 100vw, 1024px\" \/><\/a><\/figure><div class=\"wp-block-media-text__content\">\n<h1>Semana Mundial del Espacio (World Space Week)<\/h1>\n\n\n\n<p class=\"has-black-color has-text-color\">M\u00e1s de 8.000 eventos en 96 pa\u00edses para celebrar \u00ab\u00a0La Luna: La puerta de las estrellas\u00a0\u00bb en el 2019 . En 2020 el tema fue \u00ab\u00a0Los sat\u00e9lites mejoran la vida\u00a0\u00bb. Este a\u00f1o, 2021, la Semana Mundial del Espacio celebra \u00ab\u00a0Las mujeres en el espacio\u00a0\u00bb.<\/p>\n\n\n\n<p class=\"has-black-color has-text-color\">\u201cLa Asamblea General declara del 4 al 10 de octubre la Semana Mundial del Espacio para celebrar cada a\u00f1o a nivel internacional las contribuciones de la ciencia y la tecnolog\u00eda espaciales para la mejora de la condici\u00f3n humana\u201d<\/p>\n\n\n\n<p class=\"has-black-color has-text-color\"><em>Resoluci\u00f3n de la Asamblea General de la ONU, 6 de diciembre de 1999<\/em><\/p>\n<\/div><\/div>\n\n\n\n<hr class=\"wp-block-separator has-text-color has-background has-white-background-color has-white-color is-style-dots\"\/>\n\n\n\n<div class=\"wp-container-2 wp-block-buttons\">\n<div class=\"wp-block-button is-style-outline\"><a class=\"wp-block-button__link has-text-color\" href=\"http:\/\/xmm-ssc.irap.omp.eu\/xmm2athena\/wp-content\/uploads\/2021\/10\/compo3.jpg\" style=\"color:#d12e7e\" target=\"_blank\" rel=\"noreferrer noopener\">Nuestra participaci\u00f3n<\/a><\/div>\n<\/div>\n\n\n\n<hr class=\"wp-block-separator has-text-color has-background has-white-background-color has-white-color is-style-dots\"\/>\n\n\n\n<hr class=\"wp-block-separator is-style-wide\"\/>\n\n\n\n<div class=\"wp-block-media-text alignwide is-stacked-on-mobile\"><figure class=\"wp-block-media-text__media\"><a href=\"https:\/\/ec.europa.eu\/research\/mariecurieactions\/event\/2021-european-researchers-night\" target=\"_blank\" rel=\"noopener\"><img loading=\"lazy\" width=\"850\" height=\"478\" src=\"http:\/\/xmm-ssc.irap.omp.eu\/xmm2athena\/wp-content\/uploads\/2021\/09\/NIGHT2021.png\" alt=\"\" class=\"wp-image-1344 size-full\" srcset=\"http:\/\/xmm-ssc.irap.omp.eu\/xmm2athena\/wp-content\/uploads\/2021\/09\/NIGHT2021.png 850w, http:\/\/xmm-ssc.irap.omp.eu\/xmm2athena\/wp-content\/uploads\/2021\/09\/NIGHT2021-300x169.png 300w, http:\/\/xmm-ssc.irap.omp.eu\/xmm2athena\/wp-content\/uploads\/2021\/09\/NIGHT2021-768x432.png 768w\" sizes=\"(max-width: 850px) 100vw, 850px\" \/><\/a><\/figure><div class=\"wp-block-media-text__content\">\n<p class=\"has-black-color has-text-color\">La Noche Europea de los Investigadores es un acto p\u00fablico de \u00e1mbito europeo que muestra la diversidad de la ciencia y su impacto en la vida cotidiana de los ciudadanos de forma divertida e inspiradora.<\/p>\n\n\n\n<p class=\"has-black-color has-text-color\">Este a\u00f1o, el evento tendr\u00e1 lugar en 29 pa\u00edses el viernes 24 de septiembre de 2021.<\/p>\n\n\n\n<p class=\"has-black-color has-text-color\">La Noche Europea de los Investigadores tiene como objetivo<\/p>\n\n\n\n<ul class=\"has-black-color has-text-color\"><li>acercar la investigaci\u00f3n y los investigadores al p\u00fablico<\/li><li>promover proyectos de investigaci\u00f3n excelentes en toda Europa y fuera de ella<\/li><li>iaumentar el inter\u00e9s de los j\u00f3venes por las carreras cient\u00edficas y de investigaci\u00f3<\/li><li>mostrar el impacto del trabajo de los investigadores en la vida cotidiana de los ciudadanos<\/li><\/ul>\n\n\n\n<p class=\"has-black-color has-text-color\">En 2020, la Noche Europea de los Investigadores atrajo a m\u00e1s de 2 millones de visitantes en Europa y fuera de ella<\/p>\n<\/div><\/div>\n\n\n\n<hr class=\"wp-block-separator has-text-color has-background has-white-background-color has-white-color is-style-dots\"\/>\n\n\n\n<div class=\"wp-container-3 wp-block-buttons\">\n<div class=\"wp-block-button is-style-outline\"><a class=\"wp-block-button__link has-text-color\" href=\"http:\/\/xmm-ssc.irap.omp.eu\/xmm2athena\/la-noche-europea-de-los-investigadores\" style=\"color:#d12e7e\" target=\"_blank\" rel=\"noreferrer noopener\">Nuestra participaci\u00f3n<\/a><\/div>\n<\/div>\n\n\n\n<hr class=\"wp-block-separator has-text-color has-background has-white-background-color has-white-color\"\/>\n\n\n\n<p><\/p>\n","protected":false},"excerpt":{"rendered":"<p>Semana de la Ciencia La Semana de la Ciencia es la gran cita anual de la divulgaci\u00f3n cient\u00edfica. El Instituto de F\u00edsica de Cantabria (IFCA, CSIC-UC), vuelve a participar en esta edici\u00f3n con el fin de acercar su trabajo a la sociedad a trav\u00e9s de las varias propuestas. Cient\u00edficos del XMM2ATHENA-IFCA participar\u00e1n con una serie&hellip; <br \/> <a class=\"read-more\" href=\"http:\/\/xmm-ssc.irap.omp.eu\/xmm2athena\/es\/www-iniciativas-2021\/\">Lire la suite<\/a><\/p>\n","protected":false},"author":5,"featured_media":0,"parent":0,"menu_order":0,"comment_status":"closed","ping_status":"closed","template":"","meta":{"_eb_attr":"","_mi_skip_tracking":false,"_monsterinsights_sitenote_active":false,"_monsterinsights_sitenote_note":"","_monsterinsights_sitenote_category":0},"_links":{"self":[{"href":"http:\/\/xmm-ssc.irap.omp.eu\/xmm2athena\/wp-json\/wp\/v2\/pages\/4123"}],"collection":[{"href":"http:\/\/xmm-ssc.irap.omp.eu\/xmm2athena\/wp-json\/wp\/v2\/pages"}],"about":[{"href":"http:\/\/xmm-ssc.irap.omp.eu\/xmm2athena\/wp-json\/wp\/v2\/types\/page"}],"author":[{"embeddable":true,"href":"http:\/\/xmm-ssc.irap.omp.eu\/xmm2athena\/wp-json\/wp\/v2\/users\/5"}],"replies":[{"embeddable":true,"href":"http:\/\/xmm-ssc.irap.omp.eu\/xmm2athena\/wp-json\/wp\/v2\/comments?post=4123"}],"version-history":[{"count":1,"href":"http:\/\/xmm-ssc.irap.omp.eu\/xmm2athena\/wp-json\/wp\/v2\/pages\/4123\/revisions"}],"predecessor-version":[{"id":4124,"href":"http:\/\/xmm-ssc.irap.omp.eu\/xmm2athena\/wp-json\/wp\/v2\/pages\/4123\/revisions\/4124"}],"wp:attachment":[{"href":"http:\/\/xmm-ssc.irap.omp.eu\/xmm2athena\/wp-json\/wp\/v2\/media?parent=4123"}],"curies":[{"name":"wp","href":"https:\/\/api.w.org\/{rel}","templated":true}]}}