{"id":4075,"date":"2023-02-23T13:24:10","date_gmt":"2023-02-23T13:24:10","guid":{"rendered":"http:\/\/xmm-ssc.irap.omp.eu\/xmm2athena\/?page_id=4075"},"modified":"2023-03-20T12:20:09","modified_gmt":"2023-03-20T12:20:09","slug":"11-feb-2023-xmm2athena-team-contribution","status":"publish","type":"page","link":"http:\/\/xmm-ssc.irap.omp.eu\/xmm2athena\/11-feb-2023-xmm2athena-team-contribution\/","title":{"rendered":"11 Feb 2023: XMM2ATHENA team contribution"},"content":{"rendered":"\n<p><mark style=\"background-color:rgba(0, 0, 0, 0)\" class=\"has-inline-color has-black-color\">To celebrate the International Day of Women and Girls in Science, the XMM2ATHENA team has carried out several activities. You can see them below.<\/mark><\/p>\n\n\n\n<h2>XMM2ATHENA contribution<\/h2>\n\n\n\n<hr class=\"wp-block-separator has-text-color has-background has-white-background-color has-white-color\"\/>\n\n\n\n<div class=\"wp-block-media-text alignwide is-stacked-on-mobile\" style=\"grid-template-columns:39% auto\"><figure class=\"wp-block-media-text__media\"><img loading=\"lazy\" width=\"1024\" height=\"768\" src=\"http:\/\/xmm-ssc.irap.omp.eu\/xmm2athena\/wp-content\/uploads\/2023\/02\/Slide2_high-1024x768.png\" alt=\"\" class=\"wp-image-4068 size-full\" srcset=\"http:\/\/xmm-ssc.irap.omp.eu\/xmm2athena\/wp-content\/uploads\/2023\/02\/Slide2_high-1024x768.png 1024w, http:\/\/xmm-ssc.irap.omp.eu\/xmm2athena\/wp-content\/uploads\/2023\/02\/Slide2_high-300x225.png 300w, http:\/\/xmm-ssc.irap.omp.eu\/xmm2athena\/wp-content\/uploads\/2023\/02\/Slide2_high-768x576.png 768w, http:\/\/xmm-ssc.irap.omp.eu\/xmm2athena\/wp-content\/uploads\/2023\/02\/Slide2_high-1440x1080.png 1440w, http:\/\/xmm-ssc.irap.omp.eu\/xmm2athena\/wp-content\/uploads\/2023\/02\/Slide2_high.png 1500w\" sizes=\"(max-width: 1024px) 100vw, 1024px\" \/><\/figure><div class=\"wp-block-media-text__content\">\n<p class=\"has-black-color has-text-color\">XMM2Athena is joining the celebrations of the International Day of Women and Girls in Science with the aim of showing the contributions of women to science and in particular to the field of astronomy and astrophysics.<\/p>\n\n\n\n<p class=\"has-black-color has-text-color\">This year to celebrate de 11th of February we present a joint international initiative of the <a rel=\"noreferrer noopener\" href=\"http:\/\/xmm-ssc.irap.omp.eu\/xmm2athena\/\" target=\"_blank\">XMM2Athena<\/a>,  <a rel=\"noreferrer noopener\" href=\"https:\/\/www.the-athena-x-ray-observatory.eu\/en\" target=\"_blank\">Athena Community Office<\/a>, the <a rel=\"noreferrer noopener\" href=\"http:\/\/x-ifu.irap.omp.eu\/\" target=\"_blank\">X-IFU<\/a> and <a rel=\"noreferrer noopener\" href=\"https:\/\/www.mpe.mpg.de\/ATHENA-WFI\/\" target=\"_blank\">WFI<\/a> consortia and the <a href=\"https:\/\/ahead.iaps.inaf.it\/\" target=\"_blank\" rel=\"noreferrer noopener\">AHEAD2020<\/a> project, launching a Crossword contest: how much do you know about women astronomers?<\/p>\n\n\n\n<p class=\"has-black-color has-text-color\">This contest was open to anyone who wants to participate. The crossword was published on websites and social media of the above mentioned projects with the hashtag #2023AstroWomenXword. The winner selection was done by draw, among all the correct answers, and the winner was Gloria Raharimbolamena.<\/p>\n<\/div><\/div>\n\n\n\n<hr class=\"wp-block-separator has-text-color has-background has-white-background-color has-white-color is-style-dots\"\/>\n\n\n\n<hr class=\"wp-block-separator is-style-wide\"\/>\n\n\n\n<h2>IRAP contribution<\/h2>\n\n\n\n<div class=\"wp-block-media-text alignwide is-stacked-on-mobile\" style=\"grid-template-columns:40% auto\"><figure class=\"wp-block-media-text__media\"><img loading=\"lazy\" width=\"1024\" height=\"488\" src=\"http:\/\/xmm-ssc.irap.omp.eu\/xmm2athena\/wp-content\/uploads\/2023\/02\/FLYER-JIFFS-1-1024x488.png\" alt=\"\" class=\"wp-image-4078 size-full\" srcset=\"http:\/\/xmm-ssc.irap.omp.eu\/xmm2athena\/wp-content\/uploads\/2023\/02\/FLYER-JIFFS-1-1024x488.png 1024w, http:\/\/xmm-ssc.irap.omp.eu\/xmm2athena\/wp-content\/uploads\/2023\/02\/FLYER-JIFFS-1-300x143.png 300w, http:\/\/xmm-ssc.irap.omp.eu\/xmm2athena\/wp-content\/uploads\/2023\/02\/FLYER-JIFFS-1-768x366.png 768w, http:\/\/xmm-ssc.irap.omp.eu\/xmm2athena\/wp-content\/uploads\/2023\/02\/FLYER-JIFFS-1-1536x731.png 1536w, http:\/\/xmm-ssc.irap.omp.eu\/xmm2athena\/wp-content\/uploads\/2023\/02\/FLYER-JIFFS-1-2048x975.png 2048w, http:\/\/xmm-ssc.irap.omp.eu\/xmm2athena\/wp-content\/uploads\/2023\/02\/FLYER-JIFFS-1-1920x914.png 1920w\" sizes=\"(max-width: 1024px) 100vw, 1024px\" \/><\/figure><div class=\"wp-block-media-text__content\">\n<p class=\"has-black-color has-text-color\">This day aims to promote access and full and equal participation of women and girls in science.<br>In this context, Les Chemins Buissonniers, a popular education association and member of the French Federation of Clubs for UNESCO and particularly young people, will take up the issue of equal opportunities in the scientific sphere.<br>With a programme spread over the months of February and March 2023, the objective of the project carried out by Les Chemins Buissonniers is to highlight current and past women scientists who have been invisible to society and history.<br>On the occasion of the International Women and Science Days, doctoral candidates, young researchers and distinguished women scientists &#8211; true role models for the younger generations &#8211; will share with you their stories, their careers and their professions.<\/p>\n<\/div><\/div>\n\n\n\n<hr class=\"wp-block-separator has-text-color has-background has-white-background-color has-white-color\"\/>\n\n\n\n<hr class=\"wp-block-separator is-style-dots\"\/>\n\n\n\n<hr class=\"wp-block-separator has-text-color has-background has-white-background-color has-white-color\"\/>\n\n\n\n<hr class=\"wp-block-separator has-text-color has-background has-white-background-color has-white-color is-style-dots\"\/>\n\n\n\n<div class=\"wp-block-media-text alignwide is-stacked-on-mobile\" style=\"grid-template-columns:41% auto\"><figure class=\"wp-block-media-text__media\"><img loading=\"lazy\" width=\"1024\" height=\"576\" src=\"http:\/\/xmm-ssc.irap.omp.eu\/xmm2athena\/wp-content\/uploads\/2023\/02\/Chercheuses_dEtoiles-1024x576.png\" alt=\"\" class=\"wp-image-4079 size-full\" srcset=\"http:\/\/xmm-ssc.irap.omp.eu\/xmm2athena\/wp-content\/uploads\/2023\/02\/Chercheuses_dEtoiles-1024x576.png 1024w, http:\/\/xmm-ssc.irap.omp.eu\/xmm2athena\/wp-content\/uploads\/2023\/02\/Chercheuses_dEtoiles-300x169.png 300w, http:\/\/xmm-ssc.irap.omp.eu\/xmm2athena\/wp-content\/uploads\/2023\/02\/Chercheuses_dEtoiles-768x432.png 768w, http:\/\/xmm-ssc.irap.omp.eu\/xmm2athena\/wp-content\/uploads\/2023\/02\/Chercheuses_dEtoiles-1536x864.png 1536w, http:\/\/xmm-ssc.irap.omp.eu\/xmm2athena\/wp-content\/uploads\/2023\/02\/Chercheuses_dEtoiles.png 1920w\" sizes=\"(max-width: 1024px) 100vw, 1024px\" \/><\/figure><div class=\"wp-block-media-text__content\">\n<p class=\"has-large-font-size\"><\/p>\n\n\n\n<p class=\"has-black-color has-text-color\">Chercheuses d&rsquo;\u00c9toiles is an event dedicated to the promotion of women in the astronomy and space professions. Its objective is to raise awareness, particularly among students, of the accessibility of these fields to all today. Young girls should no longer think that these professions are out of their reach because of their gender or their abilities. There are many ways to work in this field, but they are often unknown to the public. Here you can find out from those who have made space a passion and a profession.<\/p>\n<\/div><\/div>\n\n\n\n<hr class=\"wp-block-separator has-text-color has-background has-white-background-color has-white-color\"\/>\n\n\n\n<hr class=\"wp-block-separator is-style-dots\"\/>\n\n\n\n<hr class=\"wp-block-separator has-text-color has-background has-white-background-color has-white-color\"\/>\n\n\n\n<div class=\"wp-block-media-text alignwide is-stacked-on-mobile\" style=\"grid-template-columns:41% auto\"><figure class=\"wp-block-media-text__media\"><img loading=\"lazy\" width=\"582\" height=\"827\" src=\"http:\/\/xmm-ssc.irap.omp.eu\/xmm2athena\/wp-content\/uploads\/2023\/03\/compo.png\" alt=\"\" class=\"wp-image-4230 size-full\" srcset=\"http:\/\/xmm-ssc.irap.omp.eu\/xmm2athena\/wp-content\/uploads\/2023\/03\/compo.png 582w, http:\/\/xmm-ssc.irap.omp.eu\/xmm2athena\/wp-content\/uploads\/2023\/03\/compo-211x300.png 211w\" sizes=\"(max-width: 582px) 100vw, 582px\" \/><\/figure><div class=\"wp-block-media-text__content\">\n<p class=\"has-large-font-size\"><\/p>\n\n\n\n<p class=\"has-black-color has-text-color\">The United Nations Educational, Scientific and Cultural Organisation (Unesco) has declared 11 February as the \u00ab\u00a0International Day of Women and Girls in Science\u00a0\u00bb. In Toulouse, Seilh, Brax and Balma, from 1 to 13 February 2020, the French Federation of Unesco clubs, relayed by the association Les chemins buissonniers, is coordinating several events for the general public, but also for schoolchildren, in partnership with local structures invested in gender equality and scientific culture.<br>The event will also be held at the Espace diversit\u00e9s la\u00efcit\u00e9 on Tuesday 11 February, at 8 pm: a lecture and show entitled \u00ab\u00a0In search of sound\u00a0\u00bb, by the anthropologist Marie Baltazar, accompanied by the organist Baptiste Genniaux.<\/p>\n<\/div><\/div>\n\n\n\n<hr class=\"wp-block-separator is-style-dots\"\/>\n\n\n\n<hr class=\"wp-block-separator has-text-color has-background has-white-background-color has-white-color\"\/>\n\n\n\n<div class=\"wp-block-media-text alignwide is-stacked-on-mobile\" style=\"grid-template-columns:41% auto\"><figure class=\"wp-block-media-text__media\"><img loading=\"lazy\" width=\"1024\" height=\"553\" src=\"http:\/\/xmm-ssc.irap.omp.eu\/xmm2athena\/wp-content\/uploads\/2023\/03\/9Feb_2023-1024x553.jpg\" alt=\"\" class=\"wp-image-4231 size-full\" srcset=\"http:\/\/xmm-ssc.irap.omp.eu\/xmm2athena\/wp-content\/uploads\/2023\/03\/9Feb_2023-1024x553.jpg 1024w, http:\/\/xmm-ssc.irap.omp.eu\/xmm2athena\/wp-content\/uploads\/2023\/03\/9Feb_2023-300x162.jpg 300w, http:\/\/xmm-ssc.irap.omp.eu\/xmm2athena\/wp-content\/uploads\/2023\/03\/9Feb_2023-768x414.jpg 768w, http:\/\/xmm-ssc.irap.omp.eu\/xmm2athena\/wp-content\/uploads\/2023\/03\/9Feb_2023-1536x829.jpg 1536w, http:\/\/xmm-ssc.irap.omp.eu\/xmm2athena\/wp-content\/uploads\/2023\/03\/9Feb_2023-1920x1036.jpg 1920w, http:\/\/xmm-ssc.irap.omp.eu\/xmm2athena\/wp-content\/uploads\/2023\/03\/9Feb_2023.jpg 2048w\" sizes=\"(max-width: 1024px) 100vw, 1024px\" \/><\/figure><div class=\"wp-block-media-text__content\">\n<p class=\"has-large-font-size\"><\/p>\n\n\n\n<p class=\"has-black-color has-text-color\">Time and space travel, given by IRAP astrophysics PhD students, part of the Universciel association.<\/p>\n\n\n\n<p><\/p>\n<\/div><\/div>\n\n\n\n<hr class=\"wp-block-separator has-text-color has-background has-white-background-color has-white-color\"\/>\n\n\n\n<hr class=\"wp-block-separator is-style-wide\"\/>\n\n\n\n<h2>IFCA contribution<\/h2>\n\n\n\n<hr class=\"wp-block-separator has-text-color has-background has-white-background-color has-white-color\"\/>\n\n\n\n<div class=\"wp-block-media-text alignwide is-stacked-on-mobile\" style=\"grid-template-columns:42% auto\"><figure class=\"wp-block-media-text__media\"><img loading=\"lazy\" width=\"1024\" height=\"493\" src=\"http:\/\/xmm-ssc.irap.omp.eu\/xmm2athena\/wp-content\/uploads\/2022\/02\/FOTOS-WEB-1024x493.png\" alt=\"\" class=\"wp-image-2389 size-full\" srcset=\"http:\/\/xmm-ssc.irap.omp.eu\/xmm2athena\/wp-content\/uploads\/2022\/02\/FOTOS-WEB-1024x493.png 1024w, http:\/\/xmm-ssc.irap.omp.eu\/xmm2athena\/wp-content\/uploads\/2022\/02\/FOTOS-WEB-300x144.png 300w, http:\/\/xmm-ssc.irap.omp.eu\/xmm2athena\/wp-content\/uploads\/2022\/02\/FOTOS-WEB-768x370.png 768w, http:\/\/xmm-ssc.irap.omp.eu\/xmm2athena\/wp-content\/uploads\/2022\/02\/FOTOS-WEB.png 1350w\" sizes=\"(max-width: 1024px) 100vw, 1024px\" \/><\/figure><div class=\"wp-block-media-text__content\">\n<h3>Expanding science<\/h3>\n\n\n\n<p class=\"has-black-color has-text-color\">This initiative allows high schools and secondary schools to have an IFCA researcher giving a seminar on diverse fields of physics, either online or on-site.<br>During the activities scheduled for the 11 February celebration, the talks given were: On the shoulder of (women) giants and Women scientists in the cinema and the TV<\/p>\n<\/div><\/div>\n\n\n\n<hr class=\"wp-block-separator has-text-color has-background has-white-background-color has-white-color\"\/>\n\n\n\n<hr class=\"wp-block-separator is-style-dots\"\/>\n\n\n\n<div class=\"wp-block-media-text alignwide is-stacked-on-mobile\" style=\"grid-template-columns:42% auto\"><figure class=\"wp-block-media-text__media\"><img loading=\"lazy\" width=\"1024\" height=\"576\" src=\"http:\/\/xmm-ssc.irap.omp.eu\/xmm2athena\/wp-content\/uploads\/2022\/02\/Cartel-Chatea-2022_1200x675-1024x576.png\" alt=\"\" class=\"wp-image-2383 size-full\" srcset=\"http:\/\/xmm-ssc.irap.omp.eu\/xmm2athena\/wp-content\/uploads\/2022\/02\/Cartel-Chatea-2022_1200x675-1024x576.png 1024w, http:\/\/xmm-ssc.irap.omp.eu\/xmm2athena\/wp-content\/uploads\/2022\/02\/Cartel-Chatea-2022_1200x675-300x169.png 300w, http:\/\/xmm-ssc.irap.omp.eu\/xmm2athena\/wp-content\/uploads\/2022\/02\/Cartel-Chatea-2022_1200x675-768x432.png 768w, http:\/\/xmm-ssc.irap.omp.eu\/xmm2athena\/wp-content\/uploads\/2022\/02\/Cartel-Chatea-2022_1200x675.png 1200w\" sizes=\"(max-width: 1024px) 100vw, 1024px\" \/><\/figure><div class=\"wp-block-media-text__content\">\n<h3>Chat with an Astronomer<\/h3>\n\n\n\n<p class=\"has-black-color has-text-color\">On 7 March 2023, from 10 am to 10 pm (Iberian Peninsula time), the 6th edition of the activity \u00ab\u00a0Chat with an Astronomer\u00a0\u00bb will take place in the framework of 11 February: International Day of Women and Girls in Science. This activity is organised by the Women and Astronomy Commission of the Spanish Astronomy Society and the TAWK.TO platform.<\/p>\n\n\n\n<p class=\"has-black-color has-text-color\">The main objective of \u00ab\u00a0Chat with an Astronomer\u00a0\u00bb is to bring current science closer to the general public through its female protagonists, thus giving visibility to their presence and relevance. \u00ab\u00a0Chat with an Astronomer\u00a0\u00bb is a unique outreach activity because it is available to anyone with an internet connection, no matter how remote their location, and because it provides a direct and private platform for conversation between professional astrophysicists and the general public.<\/p>\n<\/div><\/div>\n\n\n\n<hr class=\"wp-block-separator has-text-color has-background has-white-background-color has-white-color is-style-dots\"\/>\n\n\n\n<hr class=\"wp-block-separator has-text-color has-background has-white-background-color has-white-color\"\/>\n\n\n\n<hr class=\"wp-block-separator is-style-dots\"\/>\n\n\n\n<hr class=\"wp-block-separator has-text-color has-background has-white-background-color has-white-color\"\/>\n\n\n\n<div class=\"wp-block-media-text alignwide is-stacked-on-mobile\" style=\"grid-template-columns:42% auto\"><figure class=\"wp-block-media-text__media\"><img loading=\"lazy\" width=\"366\" height=\"383\" src=\"http:\/\/xmm-ssc.irap.omp.eu\/xmm2athena\/wp-content\/uploads\/2023\/02\/compo.png\" alt=\"\" class=\"wp-image-4142 size-full\" srcset=\"http:\/\/xmm-ssc.irap.omp.eu\/xmm2athena\/wp-content\/uploads\/2023\/02\/compo.png 366w, http:\/\/xmm-ssc.irap.omp.eu\/xmm2athena\/wp-content\/uploads\/2023\/02\/compo-287x300.png 287w\" sizes=\"(max-width: 366px) 100vw, 366px\" \/><\/figure><div class=\"wp-block-media-text__content\">\n<p class=\"has-large-font-size\"><\/p>\n\n\n\n<p class=\"has-black-color has-text-color\">As part of the International Day of Women and Girls in Science, three female researchers from the University of Cantabria participated in the radio programme Vive Cantabria in order to share their own experiences both professionally and personally, and to analyse the inequality that still exists between men and women when accessing university studies, especially STEM degrees.<\/p>\n<\/div><\/div>\n","protected":false},"excerpt":{"rendered":"<p>To celebrate the International Day of Women and Girls in Science, the XMM2ATHENA team has carried out several activities. You can see them below. XMM2ATHENA contribution XMM2Athena is joining the celebrations of the International Day of Women and Girls in Science with the aim of showing the contributions of women to science and in particular&hellip; <br \/> <a class=\"read-more\" href=\"http:\/\/xmm-ssc.irap.omp.eu\/xmm2athena\/11-feb-2023-xmm2athena-team-contribution\/\">Lire la suite<\/a><\/p>\n","protected":false},"author":5,"featured_media":0,"parent":0,"menu_order":0,"comment_status":"closed","ping_status":"closed","template":"","meta":{"_eb_attr":"","_mi_skip_tracking":false,"_monsterinsights_sitenote_active":false,"_monsterinsights_sitenote_note":"","_monsterinsights_sitenote_category":0},"_links":{"self":[{"href":"http:\/\/xmm-ssc.irap.omp.eu\/xmm2athena\/wp-json\/wp\/v2\/pages\/4075"}],"collection":[{"href":"http:\/\/xmm-ssc.irap.omp.eu\/xmm2athena\/wp-json\/wp\/v2\/pages"}],"about":[{"href":"http:\/\/xmm-ssc.irap.omp.eu\/xmm2athena\/wp-json\/wp\/v2\/types\/page"}],"author":[{"embeddable":true,"href":"http:\/\/xmm-ssc.irap.omp.eu\/xmm2athena\/wp-json\/wp\/v2\/users\/5"}],"replies":[{"embeddable":true,"href":"http:\/\/xmm-ssc.irap.omp.eu\/xmm2athena\/wp-json\/wp\/v2\/comments?post=4075"}],"version-history":[{"count":21,"href":"http:\/\/xmm-ssc.irap.omp.eu\/xmm2athena\/wp-json\/wp\/v2\/pages\/4075\/revisions"}],"predecessor-version":[{"id":4232,"href":"http:\/\/xmm-ssc.irap.omp.eu\/xmm2athena\/wp-json\/wp\/v2\/pages\/4075\/revisions\/4232"}],"wp:attachment":[{"href":"http:\/\/xmm-ssc.irap.omp.eu\/xmm2athena\/wp-json\/wp\/v2\/media?parent=4075"}],"curies":[{"name":"wp","href":"https:\/\/api.w.org\/{rel}","templated":true}]}}