{"id":4001,"date":"2023-01-23T11:00:00","date_gmt":"2023-01-23T11:00:00","guid":{"rendered":"http:\/\/xmm-ssc.irap.omp.eu\/xmm2athena\/?page_id=4001"},"modified":"2023-01-20T13:12:39","modified_gmt":"2023-01-20T13:12:39","slug":"concurso-de-crucigramas-cuanto-sabes-sobre-las-mujeres-astronomas","status":"publish","type":"page","link":"http:\/\/xmm-ssc.irap.omp.eu\/xmm2athena\/es\/concurso-de-crucigramas-cuanto-sabes-sobre-las-mujeres-astronomas\/","title":{"rendered":"Concurso de crucigramas: \u00bfcu\u00e1nto sabes sobre las mujeres astr\u00f3nomas?"},"content":{"rendered":"\n<p class=\"has-black-color has-text-color\">Como en a\u00f1os anteriores, para celebrar el 11 de febrero hemos preparado una iniciativa internacional junto con el proyecto <a rel=\"noreferrer noopener\" href=\"https:\/\/www.the-athena-x-ray-observatory.eu\/resources\/presentations\/36-resources\/presentations\/468-athena-community-office.html\" target=\"_blank\">Athena Community Office<\/a>, los consorcios<a href=\"http:\/\/x-ifu.irap.omp.eu\/\"> X-IFU<\/a> y<a href=\"https:\/\/www.mpe.mpg.de\/ATHENA-WFI\/\"> WFI<\/a> y el proyecto<a href=\"http:\/\/ahead.astro.noa.gr\/\"> AHEAD2020<\/a> lanzando una convocatoria para un concurso de Crucigramas de Mujeres Astr\u00f3nomas.<\/p>\n\n\n\n<p class=\"has-black-color has-text-color\">Este concurso est\u00e1 abierto a quien quiera participar. El crucigrama se publicar\u00e1 en los sitios web y redes sociales de los proyectos mencionados con el hashtag #2023AstroWomenXword. Los crucigramas resueltos deber\u00e1n enviarse antes del 13 de febrero de 2023 a nuestro correo electr\u00f3nico xmmathena@gmail.com. <strong>Nunca deben subirse a las redes sociales despu\u00e9s de haber sido resueltos.<\/strong><\/p>\n\n\n\n<p class=\"has-black-color has-text-color\"><strong>Las reglas del concurso:<\/strong><\/p>\n\n\n\n<p class=\"has-black-color has-text-color\">* El env\u00edo de Crucigramas comienza con esta publicaci\u00f3n y finaliza el 13 de febrero de 2023.<\/p>\n\n\n\n<p class=\"has-black-color has-text-color\">* <strong>Participantes<\/strong>: cualquier persona puede enviar su Crucigrama resuelto.<\/p>\n\n\n\n<p class=\"has-black-color has-text-color\">* <strong>C\u00f3mo participar<\/strong>: una vez resuelto el crucigrama hay que enviarlo al e-mail xmmathena@gmail.com<\/p>\n\n\n\n<p class=\"has-black-color has-text-color\">Nunca debe publicarse en las redes sociales una vez resuelto.<\/p>\n\n\n\n<p class=\"has-black-color has-text-color\">* <strong>Sobre el crucigrama<\/strong>: El crucigrama ir\u00e1 acompa\u00f1ado de definiciones para cada columna y fila, en hoja aparte, para que pueda ser completado. Para completarlo necesitar\u00e1s escribir <img loading=\"lazy\" src=\"https:\/\/lh5.googleusercontent.com\/0OJH7RSBtPQS699htQHoO9GXxTj0GXDFq7Vg2s7MijXIE_S08Z9c5gmyBwl8SEKVDtBXoTa4DQVgslG1wLTxkvrcIKO-JOitbaK9EuGe6zSq0rB_leKKmtRRzS9R7K-dLuADePza_KUmktOQQivpWOunGZQU-QB4jX1ID2vP922NKtBE8yei4HOi6E0O6A\" width=\"145\" height=\"24\"><img loading=\"lazy\" src=\"https:\/\/lh6.googleusercontent.com\/btwQA1P1aQqhmfCb6k-ToVCS6csq6MuwbzXYLAuT-gPvJ8tUK41gyuHLvsuJEzhDtwQmk8IQf62THB8s_dfNpPRHYP34m_3KRu8_JFJpau59umD0kQBkeShVYeFy4yLhcACT0oHcv7kwQBQ7hyo31FWJ3-8QfNwMZKcSbS1Qf_vQfDHBi29KFLVvSKZGjg\" width=\"15\" height=\"15\">\u200bde las mujeres astr\u00f3nomas.<\/p>\n\n\n\n<p class=\"has-black-color has-text-color\">* <strong>Selecci\u00f3n<\/strong>: la selecci\u00f3n de la persona ganadora se har\u00e1 por sorteo, entre todas las respuestas correctas. Ser\u00e1 definitiva y no podr\u00e1 ser reconsiderada. El resultado se publicar\u00e1 el 15 de febrero de 2023 a trav\u00e9s de los canales de comunicaci\u00f3n de proyectos\/consorcios.<\/p>\n\n\n\n<p class=\"has-black-color has-text-color\">* <strong>Premio<\/strong>: la persona ganadora recibir\u00e1 un pack de merchandising de los proyectos y reconocimiento p\u00fablico a su ingenio con la publicaci\u00f3n de su nombre (seg\u00fan env\u00edo) en redes sociales y webs de los diferentes proyectos implicados en la actividad del 11 de febrero.<\/p>\n\n\n\n<p class=\"has-black-color has-text-color\">Los datos personales como la direcci\u00f3n o el correo electr\u00f3nico no se publicar\u00e1n en ning\u00fan caso y solo se utilizar\u00e1n para contactar con la persona ganadora.<\/p>\n\n\n\n<p class=\"has-black-color has-text-color\">* <strong>Copyright<\/strong>: Los proyectos tendr\u00e1n derecho a utilizar el Crucigrama enviado para sus actividades de comunicaci\u00f3n. La participaci\u00f3n en este concurso implica la aceptaci\u00f3n de todas las presentes bases del concurso.<\/p>\n\n\n\n<hr class=\"wp-block-separator has-text-color has-background has-white-background-color has-white-color is-style-dots\"\/>\n\n\n\n<p class=\"has-black-color has-text-color\">Crucigrama para descargar y participar:<\/p>\n\n\n\n<hr class=\"wp-block-separator has-text-color has-background has-white-background-color has-white-color is-style-dots\"\/>\n\n\n\n<div class=\"wp-block-columns\">\n<div class=\"wp-block-column\">\n<figure class=\"wp-block-image size-large is-style-default\"><a href=\"http:\/\/xmm-ssc.irap.omp.eu\/xmm2athena\/wp-content\/uploads\/2023\/01\/Slide4_high-1.png\" target=\"_blank\" rel=\"noopener\"><img loading=\"lazy\" width=\"1024\" height=\"768\" src=\"http:\/\/xmm-ssc.irap.omp.eu\/xmm2athena\/wp-content\/uploads\/2023\/01\/Slide4_high-1-1024x768.png\" alt=\"\" class=\"wp-image-4000\" srcset=\"http:\/\/xmm-ssc.irap.omp.eu\/xmm2athena\/wp-content\/uploads\/2023\/01\/Slide4_high-1-1024x768.png 1024w, http:\/\/xmm-ssc.irap.omp.eu\/xmm2athena\/wp-content\/uploads\/2023\/01\/Slide4_high-1-300x225.png 300w, http:\/\/xmm-ssc.irap.omp.eu\/xmm2athena\/wp-content\/uploads\/2023\/01\/Slide4_high-1-768x576.png 768w, http:\/\/xmm-ssc.irap.omp.eu\/xmm2athena\/wp-content\/uploads\/2023\/01\/Slide4_high-1-1440x1080.png 1440w, http:\/\/xmm-ssc.irap.omp.eu\/xmm2athena\/wp-content\/uploads\/2023\/01\/Slide4_high-1.png 1500w\" sizes=\"(max-width: 1024px) 100vw, 1024px\" \/><\/a><\/figure>\n<\/div>\n\n\n\n<div class=\"wp-block-column\">\n<figure class=\"wp-block-image size-full is-style-default\"><a href=\"http:\/\/xmm-ssc.irap.omp.eu\/xmm2athena\/wp-content\/uploads\/2023\/01\/Slide6.png\" target=\"_blank\" rel=\"noopener\"><img loading=\"lazy\" width=\"720\" height=\"540\" src=\"http:\/\/xmm-ssc.irap.omp.eu\/xmm2athena\/wp-content\/uploads\/2023\/01\/Slide6.png\" alt=\"\" class=\"wp-image-4005\" srcset=\"http:\/\/xmm-ssc.irap.omp.eu\/xmm2athena\/wp-content\/uploads\/2023\/01\/Slide6.png 720w, http:\/\/xmm-ssc.irap.omp.eu\/xmm2athena\/wp-content\/uploads\/2023\/01\/Slide6-300x225.png 300w\" sizes=\"(max-width: 720px) 100vw, 720px\" \/><\/a><\/figure>\n<\/div>\n<\/div>\n","protected":false},"excerpt":{"rendered":"<p>Como en a\u00f1os anteriores, para celebrar el 11 de febrero hemos preparado una iniciativa internacional junto con el proyecto Athena Community Office, los consorcios X-IFU y WFI y el proyecto AHEAD2020 lanzando una convocatoria para un concurso de Crucigramas de Mujeres Astr\u00f3nomas. Este concurso est\u00e1 abierto a quien quiera participar. El crucigrama se publicar\u00e1 en&hellip; <br \/> <a class=\"read-more\" href=\"http:\/\/xmm-ssc.irap.omp.eu\/xmm2athena\/es\/concurso-de-crucigramas-cuanto-sabes-sobre-las-mujeres-astronomas\/\">Lire la suite<\/a><\/p>\n","protected":false},"author":5,"featured_media":0,"parent":0,"menu_order":0,"comment_status":"closed","ping_status":"closed","template":"","meta":{"_eb_attr":"","_mi_skip_tracking":false,"_monsterinsights_sitenote_active":false,"_monsterinsights_sitenote_note":"","_monsterinsights_sitenote_category":0},"_links":{"self":[{"href":"http:\/\/xmm-ssc.irap.omp.eu\/xmm2athena\/wp-json\/wp\/v2\/pages\/4001"}],"collection":[{"href":"http:\/\/xmm-ssc.irap.omp.eu\/xmm2athena\/wp-json\/wp\/v2\/pages"}],"about":[{"href":"http:\/\/xmm-ssc.irap.omp.eu\/xmm2athena\/wp-json\/wp\/v2\/types\/page"}],"author":[{"embeddable":true,"href":"http:\/\/xmm-ssc.irap.omp.eu\/xmm2athena\/wp-json\/wp\/v2\/users\/5"}],"replies":[{"embeddable":true,"href":"http:\/\/xmm-ssc.irap.omp.eu\/xmm2athena\/wp-json\/wp\/v2\/comments?post=4001"}],"version-history":[{"count":2,"href":"http:\/\/xmm-ssc.irap.omp.eu\/xmm2athena\/wp-json\/wp\/v2\/pages\/4001\/revisions"}],"predecessor-version":[{"id":4007,"href":"http:\/\/xmm-ssc.irap.omp.eu\/xmm2athena\/wp-json\/wp\/v2\/pages\/4001\/revisions\/4007"}],"wp:attachment":[{"href":"http:\/\/xmm-ssc.irap.omp.eu\/xmm2athena\/wp-json\/wp\/v2\/media?parent=4001"}],"curies":[{"name":"wp","href":"https:\/\/api.w.org\/{rel}","templated":true}]}}