{"id":3951,"date":"2022-11-28T11:15:38","date_gmt":"2022-11-28T11:15:38","guid":{"rendered":"http:\/\/xmm-ssc.irap.omp.eu\/xmm2athena\/?page_id=3951"},"modified":"2024-01-23T14:55:32","modified_gmt":"2024-01-23T14:55:32","slug":"semaine-de-la-science-2022","status":"publish","type":"page","link":"http:\/\/xmm-ssc.irap.omp.eu\/xmm2athena\/fr\/semaine-de-la-science-2022\/","title":{"rendered":"Semaine de la Science 2022"},"content":{"rendered":"\n<p class=\"has-black-color has-text-color\">Cette ann\u00e9e, pour c\u00e9l\u00e9brer la semaine de la science, l&rsquo;IRAP et l&rsquo;IFCA ont r\u00e9alis\u00e9 une activit\u00e9 conjointe destin\u00e9e aux \u00e9tudiants du secondaire.&nbsp;<br>Des \u00e9tudiants fran\u00e7ais et espagnols ont collabor\u00e9 \u00e0 cette initiative dans laquelle ils ont pu apprendre \u00e0 utiliser le programme <a href=\"http:\/\/xmm-ssc.irap.omp.eu\/claxson\/index.php\" target=\"_blank\" rel=\"noreferrer noopener\">CLAXSON<\/a> pour la classification des sources de rayons X, en \u00e9tant capables de classifier eux-m\u00eames plusieurs objets.<\/p>\n\n\n\n<div class=\"wp-block-columns\">\n<div class=\"wp-block-column\">\n<figure class=\"wp-block-image size-large is-style-default\"><img loading=\"lazy\" width=\"1024\" height=\"768\" src=\"http:\/\/xmm-ssc.irap.omp.eu\/xmm2athena\/wp-content\/uploads\/2022\/11\/FhwWj-oWQAA79LK-1024x768.jpg\" alt=\"\" class=\"wp-image-3919\" srcset=\"http:\/\/xmm-ssc.irap.omp.eu\/xmm2athena\/wp-content\/uploads\/2022\/11\/FhwWj-oWQAA79LK-1024x768.jpg 1024w, http:\/\/xmm-ssc.irap.omp.eu\/xmm2athena\/wp-content\/uploads\/2022\/11\/FhwWj-oWQAA79LK-300x225.jpg 300w, http:\/\/xmm-ssc.irap.omp.eu\/xmm2athena\/wp-content\/uploads\/2022\/11\/FhwWj-oWQAA79LK-768x576.jpg 768w, http:\/\/xmm-ssc.irap.omp.eu\/xmm2athena\/wp-content\/uploads\/2022\/11\/FhwWj-oWQAA79LK-1536x1152.jpg 1536w, http:\/\/xmm-ssc.irap.omp.eu\/xmm2athena\/wp-content\/uploads\/2022\/11\/FhwWj-oWQAA79LK-1440x1080.jpg 1440w, http:\/\/xmm-ssc.irap.omp.eu\/xmm2athena\/wp-content\/uploads\/2022\/11\/FhwWj-oWQAA79LK.jpg 2048w\" sizes=\"(max-width: 1024px) 100vw, 1024px\" \/><\/figure>\n<\/div>\n\n\n\n<div class=\"wp-block-column\">\n<figure class=\"wp-block-image size-large is-style-default\"><img loading=\"lazy\" width=\"1024\" height=\"768\" src=\"http:\/\/xmm-ssc.irap.omp.eu\/xmm2athena\/wp-content\/uploads\/2022\/11\/FhwWj-nXgAIKRMD-1024x768.jpg\" alt=\"\" class=\"wp-image-3920\" srcset=\"http:\/\/xmm-ssc.irap.omp.eu\/xmm2athena\/wp-content\/uploads\/2022\/11\/FhwWj-nXgAIKRMD-1024x768.jpg 1024w, http:\/\/xmm-ssc.irap.omp.eu\/xmm2athena\/wp-content\/uploads\/2022\/11\/FhwWj-nXgAIKRMD-300x225.jpg 300w, http:\/\/xmm-ssc.irap.omp.eu\/xmm2athena\/wp-content\/uploads\/2022\/11\/FhwWj-nXgAIKRMD-768x576.jpg 768w, http:\/\/xmm-ssc.irap.omp.eu\/xmm2athena\/wp-content\/uploads\/2022\/11\/FhwWj-nXgAIKRMD-1536x1152.jpg 1536w, http:\/\/xmm-ssc.irap.omp.eu\/xmm2athena\/wp-content\/uploads\/2022\/11\/FhwWj-nXgAIKRMD-1440x1080.jpg 1440w, http:\/\/xmm-ssc.irap.omp.eu\/xmm2athena\/wp-content\/uploads\/2022\/11\/FhwWj-nXgAIKRMD.jpg 2048w\" sizes=\"(max-width: 1024px) 100vw, 1024px\" \/><\/figure>\n<\/div>\n\n\n\n<div class=\"wp-block-column\">\n<figure class=\"wp-block-image size-large is-style-default\"><img loading=\"lazy\" width=\"1024\" height=\"768\" src=\"http:\/\/xmm-ssc.irap.omp.eu\/xmm2athena\/wp-content\/uploads\/2022\/11\/FhwvBb_XkAMnC_J-1024x768.jpg\" alt=\"\" class=\"wp-image-3921\" srcset=\"http:\/\/xmm-ssc.irap.omp.eu\/xmm2athena\/wp-content\/uploads\/2022\/11\/FhwvBb_XkAMnC_J-1024x768.jpg 1024w, http:\/\/xmm-ssc.irap.omp.eu\/xmm2athena\/wp-content\/uploads\/2022\/11\/FhwvBb_XkAMnC_J-300x225.jpg 300w, http:\/\/xmm-ssc.irap.omp.eu\/xmm2athena\/wp-content\/uploads\/2022\/11\/FhwvBb_XkAMnC_J-768x576.jpg 768w, http:\/\/xmm-ssc.irap.omp.eu\/xmm2athena\/wp-content\/uploads\/2022\/11\/FhwvBb_XkAMnC_J-1536x1152.jpg 1536w, http:\/\/xmm-ssc.irap.omp.eu\/xmm2athena\/wp-content\/uploads\/2022\/11\/FhwvBb_XkAMnC_J-1440x1080.jpg 1440w, http:\/\/xmm-ssc.irap.omp.eu\/xmm2athena\/wp-content\/uploads\/2022\/11\/FhwvBb_XkAMnC_J.jpg 2048w\" sizes=\"(max-width: 1024px) 100vw, 1024px\" \/><\/figure>\n<\/div>\n<\/div>\n\n\n\n<div class=\"wp-block-columns\">\n<div class=\"wp-block-column\">\n<figure class=\"wp-block-image size-large is-style-default\"><img loading=\"lazy\" width=\"1024\" height=\"768\" src=\"http:\/\/xmm-ssc.irap.omp.eu\/xmm2athena\/wp-content\/uploads\/2022\/11\/thumbnail_IMG_3725-1024x768.jpg\" alt=\"\" class=\"wp-image-3933\" srcset=\"http:\/\/xmm-ssc.irap.omp.eu\/xmm2athena\/wp-content\/uploads\/2022\/11\/thumbnail_IMG_3725-1024x768.jpg 1024w, http:\/\/xmm-ssc.irap.omp.eu\/xmm2athena\/wp-content\/uploads\/2022\/11\/thumbnail_IMG_3725-300x225.jpg 300w, http:\/\/xmm-ssc.irap.omp.eu\/xmm2athena\/wp-content\/uploads\/2022\/11\/thumbnail_IMG_3725-768x576.jpg 768w, http:\/\/xmm-ssc.irap.omp.eu\/xmm2athena\/wp-content\/uploads\/2022\/11\/thumbnail_IMG_3725.jpg 1280w\" sizes=\"(max-width: 1024px) 100vw, 1024px\" \/><\/figure>\n<\/div>\n\n\n\n<div class=\"wp-block-column\">\n<figure class=\"wp-block-image size-large is-style-default\"><img loading=\"lazy\" width=\"1024\" height=\"768\" src=\"http:\/\/xmm-ssc.irap.omp.eu\/xmm2athena\/wp-content\/uploads\/2022\/11\/thumbnail_IMG_3733-1024x768.jpg\" alt=\"\" class=\"wp-image-3934\" srcset=\"http:\/\/xmm-ssc.irap.omp.eu\/xmm2athena\/wp-content\/uploads\/2022\/11\/thumbnail_IMG_3733-1024x768.jpg 1024w, http:\/\/xmm-ssc.irap.omp.eu\/xmm2athena\/wp-content\/uploads\/2022\/11\/thumbnail_IMG_3733-300x225.jpg 300w, http:\/\/xmm-ssc.irap.omp.eu\/xmm2athena\/wp-content\/uploads\/2022\/11\/thumbnail_IMG_3733-768x576.jpg 768w, http:\/\/xmm-ssc.irap.omp.eu\/xmm2athena\/wp-content\/uploads\/2022\/11\/thumbnail_IMG_3733.jpg 1280w\" sizes=\"(max-width: 1024px) 100vw, 1024px\" \/><\/figure>\n<\/div>\n\n\n\n<div class=\"wp-block-column\">\n<figure class=\"wp-block-image size-large is-style-default\"><img loading=\"lazy\" width=\"1024\" height=\"768\" src=\"http:\/\/xmm-ssc.irap.omp.eu\/xmm2athena\/wp-content\/uploads\/2022\/11\/thumbnail_IMG_3727-1024x768.jpg\" alt=\"\" class=\"wp-image-3938\" srcset=\"http:\/\/xmm-ssc.irap.omp.eu\/xmm2athena\/wp-content\/uploads\/2022\/11\/thumbnail_IMG_3727-1024x768.jpg 1024w, http:\/\/xmm-ssc.irap.omp.eu\/xmm2athena\/wp-content\/uploads\/2022\/11\/thumbnail_IMG_3727-300x225.jpg 300w, http:\/\/xmm-ssc.irap.omp.eu\/xmm2athena\/wp-content\/uploads\/2022\/11\/thumbnail_IMG_3727-768x576.jpg 768w, http:\/\/xmm-ssc.irap.omp.eu\/xmm2athena\/wp-content\/uploads\/2022\/11\/thumbnail_IMG_3727.jpg 1280w\" sizes=\"(max-width: 1024px) 100vw, 1024px\" \/><\/figure>\n<\/div>\n<\/div>\n\n\n\n<p class=\"has-black-color has-text-color\">Le personnel du <a href=\"https:\/\/www.irap.omp.eu\/en\/homepage-en\/\" target=\"_blank\" rel=\"noreferrer noopener\">IRAP<\/a> et de l&rsquo;<a href=\"https:\/\/ifca.unican.es\/es-es\" target=\"_blank\" rel=\"noreferrer noopener\">IFCA<\/a> du projet XMM2Athena ont aussi particip\u00e9 \u00e0 l&rsquo;activit\u00e9.<br>Natalie Webb, coordinatrice du projet, a pr\u00e9sent\u00e9 l&rsquo;expos\u00e9 initial, en pr\u00e9sentant aux \u00e9tudiants l&rsquo;objectif du travail qu&rsquo;ils devaient effectuer et \u00e0 quoi il servait.<\/p>\n\n\n\n<div class=\"wp-block-columns\">\n<div class=\"wp-block-column\">\n<figure class=\"wp-block-image size-large is-style-default\"><img loading=\"lazy\" width=\"1024\" height=\"768\" src=\"http:\/\/xmm-ssc.irap.omp.eu\/xmm2athena\/wp-content\/uploads\/2022\/11\/FhwEWZGWYAArgPO-1024x768.jpg\" alt=\"\" class=\"wp-image-3918\" srcset=\"http:\/\/xmm-ssc.irap.omp.eu\/xmm2athena\/wp-content\/uploads\/2022\/11\/FhwEWZGWYAArgPO-1024x768.jpg 1024w, http:\/\/xmm-ssc.irap.omp.eu\/xmm2athena\/wp-content\/uploads\/2022\/11\/FhwEWZGWYAArgPO-300x225.jpg 300w, http:\/\/xmm-ssc.irap.omp.eu\/xmm2athena\/wp-content\/uploads\/2022\/11\/FhwEWZGWYAArgPO-768x576.jpg 768w, http:\/\/xmm-ssc.irap.omp.eu\/xmm2athena\/wp-content\/uploads\/2022\/11\/FhwEWZGWYAArgPO-1536x1152.jpg 1536w, http:\/\/xmm-ssc.irap.omp.eu\/xmm2athena\/wp-content\/uploads\/2022\/11\/FhwEWZGWYAArgPO-1440x1080.jpg 1440w, http:\/\/xmm-ssc.irap.omp.eu\/xmm2athena\/wp-content\/uploads\/2022\/11\/FhwEWZGWYAArgPO.jpg 2048w\" sizes=\"(max-width: 1024px) 100vw, 1024px\" \/><\/figure>\n<\/div>\n\n\n\n<div class=\"wp-block-column\">\n<figure class=\"wp-block-image size-large is-style-default\"><img loading=\"lazy\" width=\"1024\" height=\"768\" src=\"http:\/\/xmm-ssc.irap.omp.eu\/xmm2athena\/wp-content\/uploads\/2022\/11\/FhwvBcEXoAAC3fx-1024x768.jpg\" alt=\"\" class=\"wp-image-3922\" srcset=\"http:\/\/xmm-ssc.irap.omp.eu\/xmm2athena\/wp-content\/uploads\/2022\/11\/FhwvBcEXoAAC3fx-1024x768.jpg 1024w, http:\/\/xmm-ssc.irap.omp.eu\/xmm2athena\/wp-content\/uploads\/2022\/11\/FhwvBcEXoAAC3fx-300x225.jpg 300w, http:\/\/xmm-ssc.irap.omp.eu\/xmm2athena\/wp-content\/uploads\/2022\/11\/FhwvBcEXoAAC3fx-768x576.jpg 768w, http:\/\/xmm-ssc.irap.omp.eu\/xmm2athena\/wp-content\/uploads\/2022\/11\/FhwvBcEXoAAC3fx-1536x1152.jpg 1536w, http:\/\/xmm-ssc.irap.omp.eu\/xmm2athena\/wp-content\/uploads\/2022\/11\/FhwvBcEXoAAC3fx-1440x1080.jpg 1440w, http:\/\/xmm-ssc.irap.omp.eu\/xmm2athena\/wp-content\/uploads\/2022\/11\/FhwvBcEXoAAC3fx.jpg 2048w\" sizes=\"(max-width: 1024px) 100vw, 1024px\" \/><\/figure>\n<\/div>\n\n\n\n<div class=\"wp-block-column\">\n<figure class=\"wp-block-image size-full is-style-default\"><img loading=\"lazy\" width=\"827\" height=\"620\" src=\"http:\/\/xmm-ssc.irap.omp.eu\/xmm2athena\/wp-content\/uploads\/2022\/11\/ASTROFISICA-MASTERCLASS-2_low.png\" alt=\"\" class=\"wp-image-3926\" srcset=\"http:\/\/xmm-ssc.irap.omp.eu\/xmm2athena\/wp-content\/uploads\/2022\/11\/ASTROFISICA-MASTERCLASS-2_low.png 827w, http:\/\/xmm-ssc.irap.omp.eu\/xmm2athena\/wp-content\/uploads\/2022\/11\/ASTROFISICA-MASTERCLASS-2_low-300x225.png 300w, http:\/\/xmm-ssc.irap.omp.eu\/xmm2athena\/wp-content\/uploads\/2022\/11\/ASTROFISICA-MASTERCLASS-2_low-768x576.png 768w\" sizes=\"(max-width: 827px) 100vw, 827px\" \/><\/figure>\n<\/div>\n<\/div>\n\n\n\n<div class=\"wp-block-columns\">\n<div class=\"wp-block-column\">\n<figure class=\"wp-block-image size-full is-style-default\"><img loading=\"lazy\" width=\"580\" height=\"330\" src=\"http:\/\/xmm-ssc.irap.omp.eu\/xmm2athena\/wp-content\/uploads\/2022\/11\/exposicionfinal_low.png\" alt=\"\" class=\"wp-image-3927\" srcset=\"http:\/\/xmm-ssc.irap.omp.eu\/xmm2athena\/wp-content\/uploads\/2022\/11\/exposicionfinal_low.png 580w, http:\/\/xmm-ssc.irap.omp.eu\/xmm2athena\/wp-content\/uploads\/2022\/11\/exposicionfinal_low-300x171.png 300w\" sizes=\"(max-width: 580px) 100vw, 580px\" \/><\/figure>\n<\/div>\n\n\n\n<div class=\"wp-block-column\">\n<figure class=\"wp-block-image size-full is-style-default\"><img loading=\"lazy\" width=\"577\" height=\"318\" src=\"http:\/\/xmm-ssc.irap.omp.eu\/xmm2athena\/wp-content\/uploads\/2022\/11\/expfinalfrances_low.png\" alt=\"\" class=\"wp-image-3928\" srcset=\"http:\/\/xmm-ssc.irap.omp.eu\/xmm2athena\/wp-content\/uploads\/2022\/11\/expfinalfrances_low.png 577w, http:\/\/xmm-ssc.irap.omp.eu\/xmm2athena\/wp-content\/uploads\/2022\/11\/expfinalfrances_low-300x165.png 300w\" sizes=\"(max-width: 577px) 100vw, 577px\" \/><\/figure>\n<\/div>\n\n\n\n<div class=\"wp-block-column\">\n<figure class=\"wp-block-image size-full is-style-default\"><img loading=\"lazy\" width=\"579\" height=\"434\" src=\"http:\/\/xmm-ssc.irap.omp.eu\/xmm2athena\/wp-content\/uploads\/2022\/11\/thumbnail_IMG_3730_reescalada-1.png\" alt=\"\" class=\"wp-image-3940\" srcset=\"http:\/\/xmm-ssc.irap.omp.eu\/xmm2athena\/wp-content\/uploads\/2022\/11\/thumbnail_IMG_3730_reescalada-1.png 579w, http:\/\/xmm-ssc.irap.omp.eu\/xmm2athena\/wp-content\/uploads\/2022\/11\/thumbnail_IMG_3730_reescalada-1-300x225.png 300w\" sizes=\"(max-width: 579px) 100vw, 579px\" \/><\/figure>\n<\/div>\n<\/div>\n\n\n\n<p class=\"has-black-color has-text-color\"><br>C&rsquo;est la premi\u00e8re fois que cette initiative est mise en place et elle a \u00e9t\u00e9 tr\u00e8s bien accueillie par les \u00e9tudiants, qui ont pu se sentir comme de vrais scientifiques pour une journ\u00e9e. Les \u00e9tudiants ont \u00e9valu\u00e9 l&rsquo;activit\u00e9 de mani\u00e8re tr\u00e8s positive, ce qui nous motive \u00e0 poursuivre l&rsquo;id\u00e9e dans les ann\u00e9es \u00e0 venir en int\u00e9grant d&rsquo;autres instituts de recherche.<\/p>\n\n\n\n<p class=\"has-black-color has-text-color\">Agenda de l\u2019\u00e9v\u00e9nement::<\/p>\n\n\n\n<ul class=\"has-black-color has-text-color\"><li>08:45 : R\u00e9ception \u00e0 l\u2019IRAP<\/li><li>09:00 : D\u00e9but de la session, pr\u00e9sentation de l\u2019ordre du jour, connexion internet<\/li><li>09:10 : Connexion zoom avec Natalie Webb (IRAP), investigatrice principale du projet (en anglais)<\/li><li>\u2013 9:15 : Quelques mots sur le XMM2ATHENA<\/li><li>\u2013 9:30 : Pr\u00e9sentation des donn\u00e9es d\u2019XMM<\/li><li>\u2013 9:45 : Pr\u00e9sentation de CLAXSON<\/li><li>10:00 : Tutoriel sur l\u2019outil de classification des galaxies CLAXSON (en fran\u00e7ais)<\/li><li>10:30 : Classification de galaxies (fran\u00e7ais)<\/li><li>11:50 : Break \/ Repas<\/li><li>13:00 : Connexion Zoom avec les \u00e9tudiants de l\u2019IFAC et partage d\u2019exp\u00e9rience (anglais)<\/li><li>14:00 : Fin de la journ\u00e9e<\/li><\/ul>\n\n\n\n<p class=\"has-black-color has-text-color\">Dans la vid\u00e9o suivante, vous pouvez voir un compte rendu de cette journ\u00e9e (en espagnol uniquement).<\/p>\n\n\n\n<figure class=\"wp-block-embed is-type-video is-provider-youtube wp-block-embed-youtube wp-embed-aspect-16-9 wp-has-aspect-ratio\"><div class=\"wp-block-embed__wrapper\">\n<div class='embed-container'><iframe loading=\"lazy\" title=\"El IFCA inaugura las clases magistrales de astrof\u00edsica en la Semana de la Ciencia\" width=\"1920\" height=\"1080\" src=\"https:\/\/www.youtube.com\/embed\/ucnN2G2UwX4?feature=oembed\" frameborder=\"0\" allow=\"accelerometer; autoplay; clipboard-write; encrypted-media; gyroscope; picture-in-picture\" allowfullscreen><\/iframe><\/div>\n<\/div><\/figure>\n","protected":false},"excerpt":{"rendered":"<p>Cette ann\u00e9e, pour c\u00e9l\u00e9brer la semaine de la science, l&rsquo;IRAP et l&rsquo;IFCA ont r\u00e9alis\u00e9 une activit\u00e9 conjointe destin\u00e9e aux \u00e9tudiants du secondaire.&nbsp;Des \u00e9tudiants fran\u00e7ais et espagnols ont collabor\u00e9 \u00e0 cette initiative dans laquelle ils ont pu apprendre \u00e0 utiliser le programme CLAXSON pour la classification des sources de rayons X, en \u00e9tant capables de classifier&hellip; <br \/> <a class=\"read-more\" href=\"http:\/\/xmm-ssc.irap.omp.eu\/xmm2athena\/fr\/semaine-de-la-science-2022\/\">Lire la suite<\/a><\/p>\n","protected":false},"author":5,"featured_media":0,"parent":0,"menu_order":0,"comment_status":"closed","ping_status":"closed","template":"","meta":{"_eb_attr":"","_mi_skip_tracking":false,"_monsterinsights_sitenote_active":false,"_monsterinsights_sitenote_note":"","_monsterinsights_sitenote_category":0},"_links":{"self":[{"href":"http:\/\/xmm-ssc.irap.omp.eu\/xmm2athena\/wp-json\/wp\/v2\/pages\/3951"}],"collection":[{"href":"http:\/\/xmm-ssc.irap.omp.eu\/xmm2athena\/wp-json\/wp\/v2\/pages"}],"about":[{"href":"http:\/\/xmm-ssc.irap.omp.eu\/xmm2athena\/wp-json\/wp\/v2\/types\/page"}],"author":[{"embeddable":true,"href":"http:\/\/xmm-ssc.irap.omp.eu\/xmm2athena\/wp-json\/wp\/v2\/users\/5"}],"replies":[{"embeddable":true,"href":"http:\/\/xmm-ssc.irap.omp.eu\/xmm2athena\/wp-json\/wp\/v2\/comments?post=3951"}],"version-history":[{"count":3,"href":"http:\/\/xmm-ssc.irap.omp.eu\/xmm2athena\/wp-json\/wp\/v2\/pages\/3951\/revisions"}],"predecessor-version":[{"id":4182,"href":"http:\/\/xmm-ssc.irap.omp.eu\/xmm2athena\/wp-json\/wp\/v2\/pages\/3951\/revisions\/4182"}],"wp:attachment":[{"href":"http:\/\/xmm-ssc.irap.omp.eu\/xmm2athena\/wp-json\/wp\/v2\/media?parent=3951"}],"curies":[{"name":"wp","href":"https:\/\/api.w.org\/{rel}","templated":true}]}}