{"id":3942,"date":"2022-11-28T10:18:03","date_gmt":"2022-11-28T10:18:03","guid":{"rendered":"http:\/\/xmm-ssc.irap.omp.eu\/xmm2athena\/?page_id=3942"},"modified":"2022-11-28T10:18:04","modified_gmt":"2022-11-28T10:18:04","slug":"semana-de-la-ciencia-2022","status":"publish","type":"page","link":"http:\/\/xmm-ssc.irap.omp.eu\/xmm2athena\/es\/semana-de-la-ciencia-2022\/","title":{"rendered":"Semana de la ciencia 2022"},"content":{"rendered":"\n<p class=\"has-black-color has-text-color\">Este a\u00f1o, para celebrar la semana de la ciencia, el IRAP y el IFCA han llevado a cabo una actividad conjunta dirigida a estudiantes de instituto.&nbsp;<br>Estudiantes franceses y espa\u00f1oles han colaborado en esta iniciativa en la que han podido aprender a utilizar el programa CLAXSON para la clasificaci\u00f3n de fuentes de rayos X, pudiendo clasificar ellos mismos varios objetos.<\/p>\n\n\n\n<div class=\"wp-block-columns\">\n<div class=\"wp-block-column\">\n<figure class=\"wp-block-image size-large is-style-default\"><img loading=\"lazy\" width=\"1024\" height=\"768\" src=\"http:\/\/xmm-ssc.irap.omp.eu\/xmm2athena\/wp-content\/uploads\/2022\/11\/FhwWj-oWQAA79LK-1024x768.jpg\" alt=\"\" class=\"wp-image-3919\" srcset=\"http:\/\/xmm-ssc.irap.omp.eu\/xmm2athena\/wp-content\/uploads\/2022\/11\/FhwWj-oWQAA79LK-1024x768.jpg 1024w, http:\/\/xmm-ssc.irap.omp.eu\/xmm2athena\/wp-content\/uploads\/2022\/11\/FhwWj-oWQAA79LK-300x225.jpg 300w, http:\/\/xmm-ssc.irap.omp.eu\/xmm2athena\/wp-content\/uploads\/2022\/11\/FhwWj-oWQAA79LK-768x576.jpg 768w, http:\/\/xmm-ssc.irap.omp.eu\/xmm2athena\/wp-content\/uploads\/2022\/11\/FhwWj-oWQAA79LK-1536x1152.jpg 1536w, http:\/\/xmm-ssc.irap.omp.eu\/xmm2athena\/wp-content\/uploads\/2022\/11\/FhwWj-oWQAA79LK-1440x1080.jpg 1440w, http:\/\/xmm-ssc.irap.omp.eu\/xmm2athena\/wp-content\/uploads\/2022\/11\/FhwWj-oWQAA79LK.jpg 2048w\" sizes=\"(max-width: 1024px) 100vw, 1024px\" \/><\/figure>\n<\/div>\n\n\n\n<div class=\"wp-block-column\">\n<figure class=\"wp-block-image size-large is-style-default\"><img loading=\"lazy\" width=\"1024\" height=\"768\" src=\"http:\/\/xmm-ssc.irap.omp.eu\/xmm2athena\/wp-content\/uploads\/2022\/11\/FhwWj-nXgAIKRMD-1024x768.jpg\" alt=\"\" class=\"wp-image-3920\" srcset=\"http:\/\/xmm-ssc.irap.omp.eu\/xmm2athena\/wp-content\/uploads\/2022\/11\/FhwWj-nXgAIKRMD-1024x768.jpg 1024w, http:\/\/xmm-ssc.irap.omp.eu\/xmm2athena\/wp-content\/uploads\/2022\/11\/FhwWj-nXgAIKRMD-300x225.jpg 300w, http:\/\/xmm-ssc.irap.omp.eu\/xmm2athena\/wp-content\/uploads\/2022\/11\/FhwWj-nXgAIKRMD-768x576.jpg 768w, http:\/\/xmm-ssc.irap.omp.eu\/xmm2athena\/wp-content\/uploads\/2022\/11\/FhwWj-nXgAIKRMD-1536x1152.jpg 1536w, http:\/\/xmm-ssc.irap.omp.eu\/xmm2athena\/wp-content\/uploads\/2022\/11\/FhwWj-nXgAIKRMD-1440x1080.jpg 1440w, http:\/\/xmm-ssc.irap.omp.eu\/xmm2athena\/wp-content\/uploads\/2022\/11\/FhwWj-nXgAIKRMD.jpg 2048w\" sizes=\"(max-width: 1024px) 100vw, 1024px\" \/><\/figure>\n<\/div>\n\n\n\n<div class=\"wp-block-column\">\n<figure class=\"wp-block-image size-large is-style-default\"><img loading=\"lazy\" width=\"1024\" height=\"768\" src=\"http:\/\/xmm-ssc.irap.omp.eu\/xmm2athena\/wp-content\/uploads\/2022\/11\/FhwvBb_XkAMnC_J-1024x768.jpg\" alt=\"\" class=\"wp-image-3921\" srcset=\"http:\/\/xmm-ssc.irap.omp.eu\/xmm2athena\/wp-content\/uploads\/2022\/11\/FhwvBb_XkAMnC_J-1024x768.jpg 1024w, http:\/\/xmm-ssc.irap.omp.eu\/xmm2athena\/wp-content\/uploads\/2022\/11\/FhwvBb_XkAMnC_J-300x225.jpg 300w, http:\/\/xmm-ssc.irap.omp.eu\/xmm2athena\/wp-content\/uploads\/2022\/11\/FhwvBb_XkAMnC_J-768x576.jpg 768w, http:\/\/xmm-ssc.irap.omp.eu\/xmm2athena\/wp-content\/uploads\/2022\/11\/FhwvBb_XkAMnC_J-1536x1152.jpg 1536w, http:\/\/xmm-ssc.irap.omp.eu\/xmm2athena\/wp-content\/uploads\/2022\/11\/FhwvBb_XkAMnC_J-1440x1080.jpg 1440w, http:\/\/xmm-ssc.irap.omp.eu\/xmm2athena\/wp-content\/uploads\/2022\/11\/FhwvBb_XkAMnC_J.jpg 2048w\" sizes=\"(max-width: 1024px) 100vw, 1024px\" \/><\/figure>\n<\/div>\n<\/div>\n\n\n\n<div class=\"wp-block-columns\">\n<div class=\"wp-block-column\">\n<figure class=\"wp-block-image size-large is-style-default\"><img loading=\"lazy\" width=\"1024\" height=\"768\" src=\"http:\/\/xmm-ssc.irap.omp.eu\/xmm2athena\/wp-content\/uploads\/2022\/11\/thumbnail_IMG_3725-1024x768.jpg\" alt=\"\" class=\"wp-image-3933\" srcset=\"http:\/\/xmm-ssc.irap.omp.eu\/xmm2athena\/wp-content\/uploads\/2022\/11\/thumbnail_IMG_3725-1024x768.jpg 1024w, http:\/\/xmm-ssc.irap.omp.eu\/xmm2athena\/wp-content\/uploads\/2022\/11\/thumbnail_IMG_3725-300x225.jpg 300w, http:\/\/xmm-ssc.irap.omp.eu\/xmm2athena\/wp-content\/uploads\/2022\/11\/thumbnail_IMG_3725-768x576.jpg 768w, http:\/\/xmm-ssc.irap.omp.eu\/xmm2athena\/wp-content\/uploads\/2022\/11\/thumbnail_IMG_3725.jpg 1280w\" sizes=\"(max-width: 1024px) 100vw, 1024px\" \/><\/figure>\n<\/div>\n\n\n\n<div class=\"wp-block-column\">\n<figure class=\"wp-block-image size-large is-style-default\"><img loading=\"lazy\" width=\"1024\" height=\"768\" src=\"http:\/\/xmm-ssc.irap.omp.eu\/xmm2athena\/wp-content\/uploads\/2022\/11\/thumbnail_IMG_3733-1024x768.jpg\" alt=\"\" class=\"wp-image-3934\" srcset=\"http:\/\/xmm-ssc.irap.omp.eu\/xmm2athena\/wp-content\/uploads\/2022\/11\/thumbnail_IMG_3733-1024x768.jpg 1024w, http:\/\/xmm-ssc.irap.omp.eu\/xmm2athena\/wp-content\/uploads\/2022\/11\/thumbnail_IMG_3733-300x225.jpg 300w, http:\/\/xmm-ssc.irap.omp.eu\/xmm2athena\/wp-content\/uploads\/2022\/11\/thumbnail_IMG_3733-768x576.jpg 768w, http:\/\/xmm-ssc.irap.omp.eu\/xmm2athena\/wp-content\/uploads\/2022\/11\/thumbnail_IMG_3733.jpg 1280w\" sizes=\"(max-width: 1024px) 100vw, 1024px\" \/><\/figure>\n<\/div>\n\n\n\n<div class=\"wp-block-column\">\n<figure class=\"wp-block-image size-large is-style-default\"><img loading=\"lazy\" width=\"1024\" height=\"768\" src=\"http:\/\/xmm-ssc.irap.omp.eu\/xmm2athena\/wp-content\/uploads\/2022\/11\/thumbnail_IMG_3727-1024x768.jpg\" alt=\"\" class=\"wp-image-3938\" srcset=\"http:\/\/xmm-ssc.irap.omp.eu\/xmm2athena\/wp-content\/uploads\/2022\/11\/thumbnail_IMG_3727-1024x768.jpg 1024w, http:\/\/xmm-ssc.irap.omp.eu\/xmm2athena\/wp-content\/uploads\/2022\/11\/thumbnail_IMG_3727-300x225.jpg 300w, http:\/\/xmm-ssc.irap.omp.eu\/xmm2athena\/wp-content\/uploads\/2022\/11\/thumbnail_IMG_3727-768x576.jpg 768w, http:\/\/xmm-ssc.irap.omp.eu\/xmm2athena\/wp-content\/uploads\/2022\/11\/thumbnail_IMG_3727.jpg 1280w\" sizes=\"(max-width: 1024px) 100vw, 1024px\" \/><\/figure>\n<\/div>\n<\/div>\n\n\n\n<p class=\"has-black-color has-text-color\">En esta iniciativa han participado personal del IRAP y del IFCA pertenecientes al proyecto XMM2Athena.<br>Natalie Webb, coordinadora del proyecto, present\u00f3 la charla inicial, introduciendo a los estudiantes el objetivo del trabajo que iban a realizar y para qu\u00e9 iba a servir.<\/p>\n\n\n\n<div class=\"wp-block-columns\">\n<div class=\"wp-block-column\">\n<figure class=\"wp-block-image size-large is-style-default\"><img loading=\"lazy\" width=\"1024\" height=\"768\" src=\"http:\/\/xmm-ssc.irap.omp.eu\/xmm2athena\/wp-content\/uploads\/2022\/11\/FhwEWZGWYAArgPO-1024x768.jpg\" alt=\"\" class=\"wp-image-3918\" srcset=\"http:\/\/xmm-ssc.irap.omp.eu\/xmm2athena\/wp-content\/uploads\/2022\/11\/FhwEWZGWYAArgPO-1024x768.jpg 1024w, http:\/\/xmm-ssc.irap.omp.eu\/xmm2athena\/wp-content\/uploads\/2022\/11\/FhwEWZGWYAArgPO-300x225.jpg 300w, http:\/\/xmm-ssc.irap.omp.eu\/xmm2athena\/wp-content\/uploads\/2022\/11\/FhwEWZGWYAArgPO-768x576.jpg 768w, http:\/\/xmm-ssc.irap.omp.eu\/xmm2athena\/wp-content\/uploads\/2022\/11\/FhwEWZGWYAArgPO-1536x1152.jpg 1536w, http:\/\/xmm-ssc.irap.omp.eu\/xmm2athena\/wp-content\/uploads\/2022\/11\/FhwEWZGWYAArgPO-1440x1080.jpg 1440w, http:\/\/xmm-ssc.irap.omp.eu\/xmm2athena\/wp-content\/uploads\/2022\/11\/FhwEWZGWYAArgPO.jpg 2048w\" sizes=\"(max-width: 1024px) 100vw, 1024px\" \/><\/figure>\n<\/div>\n\n\n\n<div class=\"wp-block-column\">\n<figure class=\"wp-block-image size-large is-style-default\"><img loading=\"lazy\" width=\"1024\" height=\"768\" src=\"http:\/\/xmm-ssc.irap.omp.eu\/xmm2athena\/wp-content\/uploads\/2022\/11\/FhwvBcEXoAAC3fx-1024x768.jpg\" alt=\"\" class=\"wp-image-3922\" srcset=\"http:\/\/xmm-ssc.irap.omp.eu\/xmm2athena\/wp-content\/uploads\/2022\/11\/FhwvBcEXoAAC3fx-1024x768.jpg 1024w, http:\/\/xmm-ssc.irap.omp.eu\/xmm2athena\/wp-content\/uploads\/2022\/11\/FhwvBcEXoAAC3fx-300x225.jpg 300w, http:\/\/xmm-ssc.irap.omp.eu\/xmm2athena\/wp-content\/uploads\/2022\/11\/FhwvBcEXoAAC3fx-768x576.jpg 768w, http:\/\/xmm-ssc.irap.omp.eu\/xmm2athena\/wp-content\/uploads\/2022\/11\/FhwvBcEXoAAC3fx-1536x1152.jpg 1536w, http:\/\/xmm-ssc.irap.omp.eu\/xmm2athena\/wp-content\/uploads\/2022\/11\/FhwvBcEXoAAC3fx-1440x1080.jpg 1440w, http:\/\/xmm-ssc.irap.omp.eu\/xmm2athena\/wp-content\/uploads\/2022\/11\/FhwvBcEXoAAC3fx.jpg 2048w\" sizes=\"(max-width: 1024px) 100vw, 1024px\" \/><\/figure>\n<\/div>\n\n\n\n<div class=\"wp-block-column\">\n<figure class=\"wp-block-image size-full is-style-default\"><img loading=\"lazy\" width=\"827\" height=\"620\" src=\"http:\/\/xmm-ssc.irap.omp.eu\/xmm2athena\/wp-content\/uploads\/2022\/11\/ASTROFISICA-MASTERCLASS-2_low.png\" alt=\"\" class=\"wp-image-3926\" srcset=\"http:\/\/xmm-ssc.irap.omp.eu\/xmm2athena\/wp-content\/uploads\/2022\/11\/ASTROFISICA-MASTERCLASS-2_low.png 827w, http:\/\/xmm-ssc.irap.omp.eu\/xmm2athena\/wp-content\/uploads\/2022\/11\/ASTROFISICA-MASTERCLASS-2_low-300x225.png 300w, http:\/\/xmm-ssc.irap.omp.eu\/xmm2athena\/wp-content\/uploads\/2022\/11\/ASTROFISICA-MASTERCLASS-2_low-768x576.png 768w\" sizes=\"(max-width: 827px) 100vw, 827px\" \/><\/figure>\n<\/div>\n<\/div>\n\n\n\n<div class=\"wp-block-columns\">\n<div class=\"wp-block-column\">\n<figure class=\"wp-block-image size-full is-style-default\"><img loading=\"lazy\" width=\"580\" height=\"330\" src=\"http:\/\/xmm-ssc.irap.omp.eu\/xmm2athena\/wp-content\/uploads\/2022\/11\/exposicionfinal_low.png\" alt=\"\" class=\"wp-image-3927\" srcset=\"http:\/\/xmm-ssc.irap.omp.eu\/xmm2athena\/wp-content\/uploads\/2022\/11\/exposicionfinal_low.png 580w, http:\/\/xmm-ssc.irap.omp.eu\/xmm2athena\/wp-content\/uploads\/2022\/11\/exposicionfinal_low-300x171.png 300w\" sizes=\"(max-width: 580px) 100vw, 580px\" \/><\/figure>\n<\/div>\n\n\n\n<div class=\"wp-block-column\">\n<figure class=\"wp-block-image size-full is-style-default\"><img loading=\"lazy\" width=\"577\" height=\"318\" src=\"http:\/\/xmm-ssc.irap.omp.eu\/xmm2athena\/wp-content\/uploads\/2022\/11\/expfinalfrances_low.png\" alt=\"\" class=\"wp-image-3928\" srcset=\"http:\/\/xmm-ssc.irap.omp.eu\/xmm2athena\/wp-content\/uploads\/2022\/11\/expfinalfrances_low.png 577w, http:\/\/xmm-ssc.irap.omp.eu\/xmm2athena\/wp-content\/uploads\/2022\/11\/expfinalfrances_low-300x165.png 300w\" sizes=\"(max-width: 577px) 100vw, 577px\" \/><\/figure>\n<\/div>\n\n\n\n<div class=\"wp-block-column\">\n<figure class=\"wp-block-image size-full is-style-default\"><img loading=\"lazy\" width=\"579\" height=\"434\" src=\"http:\/\/xmm-ssc.irap.omp.eu\/xmm2athena\/wp-content\/uploads\/2022\/11\/thumbnail_IMG_3730_reescalada-1.png\" alt=\"\" class=\"wp-image-3940\" srcset=\"http:\/\/xmm-ssc.irap.omp.eu\/xmm2athena\/wp-content\/uploads\/2022\/11\/thumbnail_IMG_3730_reescalada-1.png 579w, http:\/\/xmm-ssc.irap.omp.eu\/xmm2athena\/wp-content\/uploads\/2022\/11\/thumbnail_IMG_3730_reescalada-1-300x225.png 300w\" sizes=\"(max-width: 579px) 100vw, 579px\" \/><\/figure>\n<\/div>\n<\/div>\n\n\n\n<p class=\"has-black-color has-text-color\"><br>Es la primera vez que se realiza esta iniciativa y ha sido muy bien recibida por los alumnos, que han podido sentirse como verdaderos cient\u00edficos por un d\u00eda. Los alumnos han valorado muy positivamente la actividad, lo que nos motiva a continuar con la idea de seguir realiz\u00e1ndola en los pr\u00f3ximos a\u00f1os con la incorporaci\u00f3n de m\u00e1s institutos de investigaci\u00f3n.<\/p>\n\n\n\n<p class=\"has-black-color has-text-color\">La agenda del evento fue la siguiente:<\/p>\n\n\n\n<ul class=\"has-black-color has-text-color\"><li>08:45 Recepci\u00f3n en las puertas del IFCA<\/li><li>09:00 Inicio de la sesi\u00f3n, presentaci\u00f3n de la agenda, conexi\u00f3n internet (Sala Multimedia Facultad de Ciencias)\u00a0<\/li><li>09:10 Conexi\u00f3n Zoom con Natalie Webb (IRAP), investigadora principal del proyecto <strong>(en ingl\u00e9s)<\/strong><\/li><li>\u2013 9:15: Some words about the XMM2ATHENA<\/li><li>\u2013 9:30: Presentation of XMM\/data<\/li><li>\u2013 9:45: Presentation of CLAXSON<\/li><li>10:00: Tutorial de la herramienta CLAXSON de clasificaci\u00f3n de galaxias <strong>(en espa\u00f1ol)<\/strong><\/li><li>10:30: Clasificaci\u00f3n de galaxias <strong>(espa\u00f1ol\/ingl\u00e9s)<\/strong><\/li><li>12:30: Vuelta a IFCA \u2013 preparaci\u00f3n de la puesta en com\u00fan <strong>(espa\u00f1ol\/ingl\u00e9s)<\/strong><\/li><li>13:00: Conexi\u00f3n Zoom puesta en com\u00fan con estudiantes de IRAP <strong>(ingl\u00e9s)<\/strong><\/li><li>14:00: Fin de la jornada<\/li><\/ul>\n\n\n\n<p class=\"has-black-color has-text-color\">En el siguiente video se puede ver un resumen del evento (en espa\u00f1ol solo).<\/p>\n\n\n\n<figure class=\"wp-block-embed is-type-video is-provider-youtube wp-block-embed-youtube wp-embed-aspect-16-9 wp-has-aspect-ratio\"><div class=\"wp-block-embed__wrapper\">\n<div class='embed-container'><iframe loading=\"lazy\" title=\"El IFCA inaugura las clases magistrales de astrof\u00edsica en la Semana de la Ciencia\" width=\"1920\" height=\"1080\" src=\"https:\/\/www.youtube.com\/embed\/ucnN2G2UwX4?feature=oembed\" frameborder=\"0\" allow=\"accelerometer; autoplay; clipboard-write; encrypted-media; gyroscope; picture-in-picture\" allowfullscreen><\/iframe><\/div>\n<\/div><\/figure>\n","protected":false},"excerpt":{"rendered":"<p>Este a\u00f1o, para celebrar la semana de la ciencia, el IRAP y el IFCA han llevado a cabo una actividad conjunta dirigida a estudiantes de instituto.&nbsp;Estudiantes franceses y espa\u00f1oles han colaborado en esta iniciativa en la que han podido aprender a utilizar el programa CLAXSON para la clasificaci\u00f3n de fuentes de rayos X, pudiendo clasificar&hellip; <br \/> <a class=\"read-more\" href=\"http:\/\/xmm-ssc.irap.omp.eu\/xmm2athena\/es\/semana-de-la-ciencia-2022\/\">Lire la suite<\/a><\/p>\n","protected":false},"author":5,"featured_media":0,"parent":0,"menu_order":0,"comment_status":"closed","ping_status":"closed","template":"","meta":{"_eb_attr":"","_mi_skip_tracking":false,"_monsterinsights_sitenote_active":false,"_monsterinsights_sitenote_note":"","_monsterinsights_sitenote_category":0},"_links":{"self":[{"href":"http:\/\/xmm-ssc.irap.omp.eu\/xmm2athena\/wp-json\/wp\/v2\/pages\/3942"}],"collection":[{"href":"http:\/\/xmm-ssc.irap.omp.eu\/xmm2athena\/wp-json\/wp\/v2\/pages"}],"about":[{"href":"http:\/\/xmm-ssc.irap.omp.eu\/xmm2athena\/wp-json\/wp\/v2\/types\/page"}],"author":[{"embeddable":true,"href":"http:\/\/xmm-ssc.irap.omp.eu\/xmm2athena\/wp-json\/wp\/v2\/users\/5"}],"replies":[{"embeddable":true,"href":"http:\/\/xmm-ssc.irap.omp.eu\/xmm2athena\/wp-json\/wp\/v2\/comments?post=3942"}],"version-history":[{"count":2,"href":"http:\/\/xmm-ssc.irap.omp.eu\/xmm2athena\/wp-json\/wp\/v2\/pages\/3942\/revisions"}],"predecessor-version":[{"id":3944,"href":"http:\/\/xmm-ssc.irap.omp.eu\/xmm2athena\/wp-json\/wp\/v2\/pages\/3942\/revisions\/3944"}],"wp:attachment":[{"href":"http:\/\/xmm-ssc.irap.omp.eu\/xmm2athena\/wp-json\/wp\/v2\/media?parent=3942"}],"curies":[{"name":"wp","href":"https:\/\/api.w.org\/{rel}","templated":true}]}}