{"id":3671,"date":"2022-09-30T10:52:04","date_gmt":"2022-09-30T10:52:04","guid":{"rendered":"http:\/\/xmm-ssc.irap.omp.eu\/xmm2athena\/?page_id=3671"},"modified":"2022-09-30T10:54:29","modified_gmt":"2022-09-30T10:54:29","slug":"memes","status":"publish","type":"page","link":"http:\/\/xmm-ssc.irap.omp.eu\/xmm2athena\/memes\/","title":{"rendered":"Memes"},"content":{"rendered":"\n<div class=\"wp-block-columns\">\n<div class=\"wp-block-column\" style=\"flex-basis:100%\">\n<div class=\"wp-block-columns\">\n<div class=\"wp-block-column\">\n<h2 class=\"has-text-align-center\">Meme<\/h2>\n\n\n\n<div class=\"wp-block-image is-style-default\"><figure class=\"aligncenter size-full is-resized\"><img loading=\"lazy\" src=\"http:\/\/xmm-ssc.irap.omp.eu\/xmm2athena\/wp-content\/uploads\/2022\/09\/ATHENAmemeContest_XYray_PRELE-Damien-Prele.jpg\" alt=\"\" class=\"wp-image-3672\" width=\"236\" height=\"279\" srcset=\"http:\/\/xmm-ssc.irap.omp.eu\/xmm2athena\/wp-content\/uploads\/2022\/09\/ATHENAmemeContest_XYray_PRELE-Damien-Prele.jpg 472w, http:\/\/xmm-ssc.irap.omp.eu\/xmm2athena\/wp-content\/uploads\/2022\/09\/ATHENAmemeContest_XYray_PRELE-Damien-Prele-254x300.jpg 254w\" sizes=\"(max-width: 236px) 100vw, 236px\" \/><\/figure><\/div>\n<\/div>\n\n\n\n<div class=\"wp-block-column\">\n<h2 class=\"has-text-align-center\">Author<\/h2>\n\n\n\n<p class=\"has-text-align-center has-black-color has-text-color\">Damien Prele<\/p>\n\n\n\n<p><\/p>\n\n\n\n<p><\/p>\n<\/div>\n\n\n\n<div class=\"wp-block-column\">\n<h2 class=\"has-text-align-center\">Winners<\/h2>\n<\/div>\n<\/div>\n<\/div>\n<\/div>\n\n\n\n<hr class=\"wp-block-separator is-style-wide\"\/>\n\n\n\n<div class=\"wp-block-columns\">\n<div class=\"wp-block-column\">\n<div class=\"wp-block-image is-style-default\"><figure class=\"aligncenter size-large is-resized\"><img loading=\"lazy\" src=\"http:\/\/xmm-ssc.irap.omp.eu\/xmm2athena\/wp-content\/uploads\/2022\/09\/B1624741-AEFE-4C3A-865B-9DEEE80F5DCA-Giacomo-Riva-1024x663.jpeg\" alt=\"\" class=\"wp-image-3673\" width=\"256\" height=\"166\" srcset=\"http:\/\/xmm-ssc.irap.omp.eu\/xmm2athena\/wp-content\/uploads\/2022\/09\/B1624741-AEFE-4C3A-865B-9DEEE80F5DCA-Giacomo-Riva-1024x663.jpeg 1024w, http:\/\/xmm-ssc.irap.omp.eu\/xmm2athena\/wp-content\/uploads\/2022\/09\/B1624741-AEFE-4C3A-865B-9DEEE80F5DCA-Giacomo-Riva-300x194.jpeg 300w, http:\/\/xmm-ssc.irap.omp.eu\/xmm2athena\/wp-content\/uploads\/2022\/09\/B1624741-AEFE-4C3A-865B-9DEEE80F5DCA-Giacomo-Riva-768x498.jpeg 768w, http:\/\/xmm-ssc.irap.omp.eu\/xmm2athena\/wp-content\/uploads\/2022\/09\/B1624741-AEFE-4C3A-865B-9DEEE80F5DCA-Giacomo-Riva.jpeg 1170w\" sizes=\"(max-width: 256px) 100vw, 256px\" \/><\/figure><\/div>\n<\/div>\n\n\n\n<div class=\"wp-block-column\">\n<p class=\"has-text-align-center has-black-color has-text-color\">Giacomo Riva<\/p>\n<\/div>\n\n\n\n<div class=\"wp-block-column\">\n<div class=\"wp-block-image is-style-rounded\"><figure class=\"aligncenter size-full is-resized\"><img loading=\"lazy\" src=\"http:\/\/xmm-ssc.irap.omp.eu\/xmm2athena\/wp-content\/uploads\/2022\/03\/n2.png\" alt=\"\" class=\"wp-image-2661\" width=\"72\" height=\"100\" srcset=\"http:\/\/xmm-ssc.irap.omp.eu\/xmm2athena\/wp-content\/uploads\/2022\/03\/n2.png 288w, http:\/\/xmm-ssc.irap.omp.eu\/xmm2athena\/wp-content\/uploads\/2022\/03\/n2-216x300.png 216w\" sizes=\"(max-width: 72px) 100vw, 72px\" \/><\/figure><\/div>\n<\/div>\n<\/div>\n\n\n\n<hr class=\"wp-block-separator is-style-wide\"\/>\n\n\n\n<div class=\"wp-block-columns\">\n<div class=\"wp-block-column\">\n<div class=\"wp-block-image is-style-default\"><figure class=\"aligncenter size-large is-resized\"><img loading=\"lazy\" src=\"http:\/\/xmm-ssc.irap.omp.eu\/xmm2athena\/wp-content\/uploads\/2022\/09\/FC91175B-5EF6-4EEB-B3C1-8A946B28C18F-Giacomo-Riva-1024x976.jpeg\" alt=\"\" class=\"wp-image-3675\" width=\"256\" height=\"244\" srcset=\"http:\/\/xmm-ssc.irap.omp.eu\/xmm2athena\/wp-content\/uploads\/2022\/09\/FC91175B-5EF6-4EEB-B3C1-8A946B28C18F-Giacomo-Riva-1024x976.jpeg 1024w, http:\/\/xmm-ssc.irap.omp.eu\/xmm2athena\/wp-content\/uploads\/2022\/09\/FC91175B-5EF6-4EEB-B3C1-8A946B28C18F-Giacomo-Riva-300x286.jpeg 300w, http:\/\/xmm-ssc.irap.omp.eu\/xmm2athena\/wp-content\/uploads\/2022\/09\/FC91175B-5EF6-4EEB-B3C1-8A946B28C18F-Giacomo-Riva-768x732.jpeg 768w, http:\/\/xmm-ssc.irap.omp.eu\/xmm2athena\/wp-content\/uploads\/2022\/09\/FC91175B-5EF6-4EEB-B3C1-8A946B28C18F-Giacomo-Riva-1133x1080.jpeg 1133w, http:\/\/xmm-ssc.irap.omp.eu\/xmm2athena\/wp-content\/uploads\/2022\/09\/FC91175B-5EF6-4EEB-B3C1-8A946B28C18F-Giacomo-Riva.jpeg 1169w\" sizes=\"(max-width: 256px) 100vw, 256px\" \/><\/figure><\/div>\n<\/div>\n\n\n\n<div class=\"wp-block-column\">\n<p class=\"has-text-align-center has-black-color has-text-color\">Giacomo Riva<\/p>\n<\/div>\n\n\n\n<div class=\"wp-block-column\">\n<div class=\"wp-block-image is-style-rounded\"><figure class=\"aligncenter size-full is-resized\"><img loading=\"lazy\" src=\"http:\/\/xmm-ssc.irap.omp.eu\/xmm2athena\/wp-content\/uploads\/2022\/03\/n3.png\" alt=\"\" class=\"wp-image-2662\" width=\"72\" height=\"100\" srcset=\"http:\/\/xmm-ssc.irap.omp.eu\/xmm2athena\/wp-content\/uploads\/2022\/03\/n3.png 287w, http:\/\/xmm-ssc.irap.omp.eu\/xmm2athena\/wp-content\/uploads\/2022\/03\/n3-215x300.png 215w\" sizes=\"(max-width: 72px) 100vw, 72px\" \/><\/figure><\/div>\n<\/div>\n<\/div>\n\n\n\n<hr class=\"wp-block-separator is-style-wide\"\/>\n\n\n\n<div class=\"wp-block-columns\">\n<div class=\"wp-block-column\">\n<div class=\"wp-block-image is-style-default\"><figure class=\"aligncenter size-large is-resized\"><img loading=\"lazy\" src=\"http:\/\/xmm-ssc.irap.omp.eu\/xmm2athena\/wp-content\/uploads\/2022\/09\/perfection_ds9-Michael-Hubbard-1024x961.png\" alt=\"\" class=\"wp-image-3676\" width=\"256\" height=\"240\" srcset=\"http:\/\/xmm-ssc.irap.omp.eu\/xmm2athena\/wp-content\/uploads\/2022\/09\/perfection_ds9-Michael-Hubbard-1024x961.png 1024w, http:\/\/xmm-ssc.irap.omp.eu\/xmm2athena\/wp-content\/uploads\/2022\/09\/perfection_ds9-Michael-Hubbard-300x282.png 300w, http:\/\/xmm-ssc.irap.omp.eu\/xmm2athena\/wp-content\/uploads\/2022\/09\/perfection_ds9-Michael-Hubbard-768x721.png 768w, http:\/\/xmm-ssc.irap.omp.eu\/xmm2athena\/wp-content\/uploads\/2022\/09\/perfection_ds9-Michael-Hubbard-1151x1080.png 1151w, http:\/\/xmm-ssc.irap.omp.eu\/xmm2athena\/wp-content\/uploads\/2022\/09\/perfection_ds9-Michael-Hubbard.png 1534w\" sizes=\"(max-width: 256px) 100vw, 256px\" \/><\/figure><\/div>\n<\/div>\n\n\n\n<div class=\"wp-block-column\">\n<p class=\"has-text-align-center has-black-color has-text-color\">Michael Hubbard<\/p>\n<\/div>\n\n\n\n<div class=\"wp-block-column\"><\/div>\n<\/div>\n\n\n\n<hr class=\"wp-block-separator is-style-wide\"\/>\n\n\n\n<div class=\"wp-block-columns\">\n<div class=\"wp-block-column\">\n<div class=\"wp-block-image is-style-default\"><figure class=\"aligncenter size-large is-resized\"><img loading=\"lazy\" src=\"http:\/\/xmm-ssc.irap.omp.eu\/xmm2athena\/wp-content\/uploads\/2022\/09\/wide_field_image-Michael-Hubbard_low-1024x744.png\" alt=\"\" class=\"wp-image-3677\" width=\"256\" height=\"186\" srcset=\"http:\/\/xmm-ssc.irap.omp.eu\/xmm2athena\/wp-content\/uploads\/2022\/09\/wide_field_image-Michael-Hubbard_low-1024x744.png 1024w, http:\/\/xmm-ssc.irap.omp.eu\/xmm2athena\/wp-content\/uploads\/2022\/09\/wide_field_image-Michael-Hubbard_low-300x218.png 300w, http:\/\/xmm-ssc.irap.omp.eu\/xmm2athena\/wp-content\/uploads\/2022\/09\/wide_field_image-Michael-Hubbard_low-768x558.png 768w, http:\/\/xmm-ssc.irap.omp.eu\/xmm2athena\/wp-content\/uploads\/2022\/09\/wide_field_image-Michael-Hubbard_low.png 1180w\" sizes=\"(max-width: 256px) 100vw, 256px\" \/><\/figure><\/div>\n<\/div>\n\n\n\n<div class=\"wp-block-column\">\n<p class=\"has-text-align-center has-black-color has-text-color\">Michael Hubbard<\/p>\n<\/div>\n\n\n\n<div class=\"wp-block-column\"><\/div>\n<\/div>\n\n\n\n<hr class=\"wp-block-separator is-style-wide\"\/>\n\n\n\n<div class=\"wp-block-columns\">\n<div class=\"wp-block-column\">\n<div class=\"wp-block-image is-style-default\"><figure class=\"aligncenter size-large is-resized\"><img loading=\"lazy\" src=\"http:\/\/xmm-ssc.irap.omp.eu\/xmm2athena\/wp-content\/uploads\/2022\/09\/compo2_2-Rosa-Dominguez-1024x574.png\" alt=\"\" class=\"wp-image-3678\" width=\"256\" height=\"144\" srcset=\"http:\/\/xmm-ssc.irap.omp.eu\/xmm2athena\/wp-content\/uploads\/2022\/09\/compo2_2-Rosa-Dominguez-1024x574.png 1024w, http:\/\/xmm-ssc.irap.omp.eu\/xmm2athena\/wp-content\/uploads\/2022\/09\/compo2_2-Rosa-Dominguez-300x168.png 300w, http:\/\/xmm-ssc.irap.omp.eu\/xmm2athena\/wp-content\/uploads\/2022\/09\/compo2_2-Rosa-Dominguez-768x431.png 768w, http:\/\/xmm-ssc.irap.omp.eu\/xmm2athena\/wp-content\/uploads\/2022\/09\/compo2_2-Rosa-Dominguez-1536x862.png 1536w, http:\/\/xmm-ssc.irap.omp.eu\/xmm2athena\/wp-content\/uploads\/2022\/09\/compo2_2-Rosa-Dominguez.png 1920w\" sizes=\"(max-width: 256px) 100vw, 256px\" \/><\/figure><\/div>\n<\/div>\n\n\n\n<div class=\"wp-block-column\">\n<p class=\"has-text-align-center has-black-color has-text-color\">Rosa Mar\u00eda Dom\u00ednguez<\/p>\n<\/div>\n\n\n\n<div class=\"wp-block-column\"><\/div>\n<\/div>\n\n\n\n<hr class=\"wp-block-separator is-style-wide\"\/>\n\n\n\n<div class=\"wp-block-columns\">\n<div class=\"wp-block-column\">\n<div class=\"wp-block-image is-style-default\"><figure class=\"aligncenter size-large is-resized\"><img loading=\"lazy\" src=\"http:\/\/xmm-ssc.irap.omp.eu\/xmm2athena\/wp-content\/uploads\/2022\/09\/compo4-XMM2Athena-EUH2020_low-1024x683.png\" alt=\"\" class=\"wp-image-3679\" width=\"256\" height=\"171\" srcset=\"http:\/\/xmm-ssc.irap.omp.eu\/xmm2athena\/wp-content\/uploads\/2022\/09\/compo4-XMM2Athena-EUH2020_low-1024x683.png 1024w, http:\/\/xmm-ssc.irap.omp.eu\/xmm2athena\/wp-content\/uploads\/2022\/09\/compo4-XMM2Athena-EUH2020_low-300x200.png 300w, http:\/\/xmm-ssc.irap.omp.eu\/xmm2athena\/wp-content\/uploads\/2022\/09\/compo4-XMM2Athena-EUH2020_low-768x512.png 768w, http:\/\/xmm-ssc.irap.omp.eu\/xmm2athena\/wp-content\/uploads\/2022\/09\/compo4-XMM2Athena-EUH2020_low.png 1333w\" sizes=\"(max-width: 256px) 100vw, 256px\" \/><\/figure><\/div>\n<\/div>\n\n\n\n<div class=\"wp-block-column\">\n<p class=\"has-text-align-center has-black-color has-text-color\">Rosa Mar\u00eda Dom\u00ednguez<\/p>\n<\/div>\n\n\n\n<div class=\"wp-block-column\"><\/div>\n<\/div>\n\n\n\n<hr class=\"wp-block-separator is-style-wide\"\/>\n\n\n\n<div class=\"wp-block-columns\">\n<div class=\"wp-block-column\">\n<div class=\"wp-block-image is-style-default\"><figure class=\"aligncenter size-large is-resized\"><img loading=\"lazy\" src=\"http:\/\/xmm-ssc.irap.omp.eu\/xmm2athena\/wp-content\/uploads\/2022\/09\/Xraydetection_MTC-Maite-Ceballos-896x1024.png\" alt=\"\" class=\"wp-image-3680\" width=\"224\" height=\"256\" srcset=\"http:\/\/xmm-ssc.irap.omp.eu\/xmm2athena\/wp-content\/uploads\/2022\/09\/Xraydetection_MTC-Maite-Ceballos-896x1024.png 896w, http:\/\/xmm-ssc.irap.omp.eu\/xmm2athena\/wp-content\/uploads\/2022\/09\/Xraydetection_MTC-Maite-Ceballos-262x300.png 262w, http:\/\/xmm-ssc.irap.omp.eu\/xmm2athena\/wp-content\/uploads\/2022\/09\/Xraydetection_MTC-Maite-Ceballos-768x878.png 768w, http:\/\/xmm-ssc.irap.omp.eu\/xmm2athena\/wp-content\/uploads\/2022\/09\/Xraydetection_MTC-Maite-Ceballos-945x1080.png 945w, http:\/\/xmm-ssc.irap.omp.eu\/xmm2athena\/wp-content\/uploads\/2022\/09\/Xraydetection_MTC-Maite-Ceballos.png 1000w\" sizes=\"(max-width: 224px) 100vw, 224px\" \/><\/figure><\/div>\n<\/div>\n\n\n\n<div class=\"wp-block-column\">\n<p class=\"has-text-align-center has-black-color has-text-color\">Maite Ceballos<\/p>\n<\/div>\n\n\n\n<div class=\"wp-block-column\">\n<div class=\"wp-block-image is-style-rounded\"><figure class=\"aligncenter size-full is-resized\"><img loading=\"lazy\" src=\"http:\/\/xmm-ssc.irap.omp.eu\/xmm2athena\/wp-content\/uploads\/2022\/03\/n1.png\" alt=\"\" class=\"wp-image-2660\" width=\"72\" height=\"100\" srcset=\"http:\/\/xmm-ssc.irap.omp.eu\/xmm2athena\/wp-content\/uploads\/2022\/03\/n1.png 287w, http:\/\/xmm-ssc.irap.omp.eu\/xmm2athena\/wp-content\/uploads\/2022\/03\/n1-215x300.png 215w\" sizes=\"(max-width: 72px) 100vw, 72px\" \/><\/figure><\/div>\n<\/div>\n<\/div>\n","protected":false},"excerpt":{"rendered":"<p>Meme Author Damien Prele Winners Giacomo Riva Giacomo Riva Michael Hubbard Michael Hubbard Rosa Mar\u00eda Dom\u00ednguez Rosa Mar\u00eda Dom\u00ednguez Maite Ceballos<\/p>\n","protected":false},"author":5,"featured_media":0,"parent":0,"menu_order":0,"comment_status":"closed","ping_status":"closed","template":"","meta":{"_eb_attr":"","_mi_skip_tracking":false,"_monsterinsights_sitenote_active":false,"_monsterinsights_sitenote_note":"","_monsterinsights_sitenote_category":0},"_links":{"self":[{"href":"http:\/\/xmm-ssc.irap.omp.eu\/xmm2athena\/wp-json\/wp\/v2\/pages\/3671"}],"collection":[{"href":"http:\/\/xmm-ssc.irap.omp.eu\/xmm2athena\/wp-json\/wp\/v2\/pages"}],"about":[{"href":"http:\/\/xmm-ssc.irap.omp.eu\/xmm2athena\/wp-json\/wp\/v2\/types\/page"}],"author":[{"embeddable":true,"href":"http:\/\/xmm-ssc.irap.omp.eu\/xmm2athena\/wp-json\/wp\/v2\/users\/5"}],"replies":[{"embeddable":true,"href":"http:\/\/xmm-ssc.irap.omp.eu\/xmm2athena\/wp-json\/wp\/v2\/comments?post=3671"}],"version-history":[{"count":5,"href":"http:\/\/xmm-ssc.irap.omp.eu\/xmm2athena\/wp-json\/wp\/v2\/pages\/3671\/revisions"}],"predecessor-version":[{"id":3685,"href":"http:\/\/xmm-ssc.irap.omp.eu\/xmm2athena\/wp-json\/wp\/v2\/pages\/3671\/revisions\/3685"}],"wp:attachment":[{"href":"http:\/\/xmm-ssc.irap.omp.eu\/xmm2athena\/wp-json\/wp\/v2\/media?parent=3671"}],"curies":[{"name":"wp","href":"https:\/\/api.w.org\/{rel}","templated":true}]}}