{"id":3438,"date":"2022-06-01T11:30:58","date_gmt":"2022-06-01T11:30:58","guid":{"rendered":"http:\/\/xmm-ssc.irap.omp.eu\/xmm2athena\/?page_id=3438"},"modified":"2022-06-01T11:31:00","modified_gmt":"2022-06-01T11:31:00","slug":"diffusion-2","status":"publish","type":"page","link":"http:\/\/xmm-ssc.irap.omp.eu\/xmm2athena\/fr\/diffusion-2\/","title":{"rendered":"Diffusion"},"content":{"rendered":"\n<p>La page de diffusion du projet XMM2Athena a pour objectif de faire conna\u00eetre les r\u00e9sultats scientifiques obtenus au plus grand nombre de personnes possible, quelles que soient leurs connaissances dans le domaine.<br>Cette page est ouverte au grand public, le contenu audiovisuel sur le projet sera ajout\u00e9 de m\u00eame que les activit\u00e9s qui seront d\u00e9velopp\u00e9es. Vous pouvez \u00e9galement y trouver du mat\u00e9riel de sensibilisation, des liens sur nos r\u00e9seaux sociaux et sur les principaux sites web d&rsquo;astronomie.<\/p>\n\n\n\n<div class=\"wp-block-columns are-vertically-aligned-center\">\n<div class=\"wp-block-column is-vertically-aligned-center\" style=\"flex-basis:100%\">\n<div class=\"wp-container-4 wp-block-group alignwide\"><div class=\"wp-block-group__inner-container\">\n<div class=\"wp-block-columns\">\n<div class=\"wp-block-column\">\n<div class=\"wp-block-image is-style-rounded\"><figure class=\"aligncenter size-large\"><img loading=\"lazy\" width=\"1728\" height=\"1078\" src=\"http:\/\/xmm-ssc.irap.omp.eu\/xmm2athena\/wp-content\/uploads\/2021\/06\/back-to-school-6305169_1920-2-edited.jpg\" alt=\"\" class=\"wp-image-749\" srcset=\"http:\/\/xmm-ssc.irap.omp.eu\/xmm2athena\/wp-content\/uploads\/2021\/06\/back-to-school-6305169_1920-2-edited.jpg 1728w, http:\/\/xmm-ssc.irap.omp.eu\/xmm2athena\/wp-content\/uploads\/2021\/06\/back-to-school-6305169_1920-2-edited-300x187.jpg 300w, http:\/\/xmm-ssc.irap.omp.eu\/xmm2athena\/wp-content\/uploads\/2021\/06\/back-to-school-6305169_1920-2-edited-1024x639.jpg 1024w, http:\/\/xmm-ssc.irap.omp.eu\/xmm2athena\/wp-content\/uploads\/2021\/06\/back-to-school-6305169_1920-2-edited-768x479.jpg 768w, http:\/\/xmm-ssc.irap.omp.eu\/xmm2athena\/wp-content\/uploads\/2021\/06\/back-to-school-6305169_1920-2-edited-1536x958.jpg 1536w\" sizes=\"(max-width: 1728px) 100vw, 1728px\" \/><\/figure><\/div>\n\n\n\n<div class=\"wp-container-1 wp-block-buttons\">\n<div class=\"wp-block-button is-style-outline\"><a class=\"wp-block-button__link has-text-color\" href=\"http:\/\/xmm-ssc.irap.omp.eu\/xmm2athena\/fr\/materiels\/\" style=\"color:#d12e7e\" target=\"_blank\" rel=\"noreferrer noopener\">MAT\u00c9RIELS<\/a><\/div>\n<\/div>\n<\/div>\n\n\n\n<div class=\"wp-block-column\">\n<div class=\"wp-block-image is-style-rounded\"><figure class=\"aligncenter size-large\"><img loading=\"lazy\" width=\"1554\" height=\"975\" src=\"http:\/\/xmm-ssc.irap.omp.eu\/xmm2athena\/wp-content\/uploads\/2021\/06\/demonstration-767983_1920-2-edited.jpg\" alt=\"\" class=\"wp-image-751\" srcset=\"http:\/\/xmm-ssc.irap.omp.eu\/xmm2athena\/wp-content\/uploads\/2021\/06\/demonstration-767983_1920-2-edited.jpg 1554w, http:\/\/xmm-ssc.irap.omp.eu\/xmm2athena\/wp-content\/uploads\/2021\/06\/demonstration-767983_1920-2-edited-300x188.jpg 300w, http:\/\/xmm-ssc.irap.omp.eu\/xmm2athena\/wp-content\/uploads\/2021\/06\/demonstration-767983_1920-2-edited-1024x642.jpg 1024w, http:\/\/xmm-ssc.irap.omp.eu\/xmm2athena\/wp-content\/uploads\/2021\/06\/demonstration-767983_1920-2-edited-768x482.jpg 768w, http:\/\/xmm-ssc.irap.omp.eu\/xmm2athena\/wp-content\/uploads\/2021\/06\/demonstration-767983_1920-2-edited-1536x964.jpg 1536w\" sizes=\"(max-width: 1554px) 100vw, 1554px\" \/><\/figure><\/div>\n\n\n\n<div class=\"wp-container-2 wp-block-buttons\">\n<div class=\"wp-block-button is-style-outline\"><a class=\"wp-block-button__link has-text-color\" href=\"http:\/\/xmm-ssc.irap.omp.eu\/xmm2athena\/fr\/multimedia-2\/\" style=\"color:#d12e7e\" target=\"_blank\" rel=\"noreferrer noopener\">MULTIMEDIA<\/a><\/div>\n<\/div>\n<\/div>\n\n\n\n<div class=\"wp-block-column\">\n<div class=\"wp-block-image is-style-rounded\"><figure class=\"aligncenter size-large\"><img loading=\"lazy\" width=\"376\" height=\"234\" src=\"http:\/\/xmm-ssc.irap.omp.eu\/xmm2athena\/wp-content\/uploads\/2021\/06\/cinema_astro_low-6-edited.png\" alt=\"\" class=\"wp-image-755\" srcset=\"http:\/\/xmm-ssc.irap.omp.eu\/xmm2athena\/wp-content\/uploads\/2021\/06\/cinema_astro_low-6-edited.png 376w, http:\/\/xmm-ssc.irap.omp.eu\/xmm2athena\/wp-content\/uploads\/2021\/06\/cinema_astro_low-6-edited-300x187.png 300w\" sizes=\"(max-width: 376px) 100vw, 376px\" \/><\/figure><\/div>\n\n\n\n<div class=\"wp-container-3 wp-block-buttons\">\n<div class=\"wp-block-button is-style-outline\"><a class=\"wp-block-button__link has-text-color\" href=\"http:\/\/xmm-ssc.irap.omp.eu\/xmm2athena\/fr\/gallerie-2\/\" style=\"color:#d12e7e\" target=\"_blank\" rel=\"noreferrer noopener\">GALLERIE<\/a><\/div>\n<\/div>\n<\/div>\n<\/div>\n<\/div><\/div>\n<\/div>\n<\/div>\n\n\n\n<hr class=\"wp-block-separator\"\/>\n\n\n\n<div class=\"wp-block-columns\">\n<div class=\"wp-block-column\">\n<div class=\"wp-block-columns\">\n<div class=\"wp-block-column\">\n<div class=\"wp-block-image is-style-rounded\"><figure class=\"aligncenter size-large\"><img loading=\"lazy\" width=\"399\" height=\"250\" src=\"http:\/\/xmm-ssc.irap.omp.eu\/xmm2athena\/wp-content\/uploads\/2021\/06\/feb11-7-edited.jpg\" alt=\"\" class=\"wp-image-759\" srcset=\"http:\/\/xmm-ssc.irap.omp.eu\/xmm2athena\/wp-content\/uploads\/2021\/06\/feb11-7-edited.jpg 399w, http:\/\/xmm-ssc.irap.omp.eu\/xmm2athena\/wp-content\/uploads\/2021\/06\/feb11-7-edited-300x188.jpg 300w\" sizes=\"(max-width: 399px) 100vw, 399px\" \/><\/figure><\/div>\n\n\n\n<div class=\"wp-container-5 wp-block-buttons\">\n<div class=\"wp-block-button is-style-outline\"><a class=\"wp-block-button__link has-text-color\" href=\"http:\/\/xmm-ssc.irap.omp.eu\/xmm2athena\/fr\/www-initiatives-2\/\" style=\"color:#d12e7e\" target=\"_blank\" rel=\"noreferrer noopener\">WWW-INITIATIVES<\/a><\/div>\n<\/div>\n<\/div>\n\n\n\n<div class=\"wp-block-column\">\n<div class=\"wp-block-image is-style-rounded\"><figure class=\"aligncenter size-large\"><img loading=\"lazy\" width=\"1230\" height=\"766\" src=\"http:\/\/xmm-ssc.irap.omp.eu\/xmm2athena\/wp-content\/uploads\/2021\/06\/https-3344700_1920-3-edited.jpg\" alt=\"\" class=\"wp-image-761\" srcset=\"http:\/\/xmm-ssc.irap.omp.eu\/xmm2athena\/wp-content\/uploads\/2021\/06\/https-3344700_1920-3-edited.jpg 1230w, http:\/\/xmm-ssc.irap.omp.eu\/xmm2athena\/wp-content\/uploads\/2021\/06\/https-3344700_1920-3-edited-300x187.jpg 300w, http:\/\/xmm-ssc.irap.omp.eu\/xmm2athena\/wp-content\/uploads\/2021\/06\/https-3344700_1920-3-edited-1024x638.jpg 1024w, http:\/\/xmm-ssc.irap.omp.eu\/xmm2athena\/wp-content\/uploads\/2021\/06\/https-3344700_1920-3-edited-768x478.jpg 768w\" sizes=\"(max-width: 1230px) 100vw, 1230px\" \/><\/figure><\/div>\n\n\n\n<div class=\"wp-container-6 wp-block-buttons\">\n<div class=\"wp-block-button is-style-outline\"><a class=\"wp-block-button__link has-text-color\" href=\"http:\/\/xmm-ssc.irap.omp.eu\/xmm2athena\/fr\/liens\/\" style=\"color:#d12e7e\" target=\"_blank\" rel=\"noreferrer noopener\">LIENS<\/a><\/div>\n<\/div>\n<\/div>\n\n\n\n<div class=\"wp-block-column\">\n<div class=\"wp-block-image is-style-rounded\"><figure class=\"aligncenter size-large\"><img loading=\"lazy\" width=\"1364\" height=\"855\" src=\"http:\/\/xmm-ssc.irap.omp.eu\/xmm2athena\/wp-content\/uploads\/2021\/06\/smartphone-1445489_1920-2-edited.jpg\" alt=\"\" class=\"wp-image-763\" srcset=\"http:\/\/xmm-ssc.irap.omp.eu\/xmm2athena\/wp-content\/uploads\/2021\/06\/smartphone-1445489_1920-2-edited.jpg 1364w, http:\/\/xmm-ssc.irap.omp.eu\/xmm2athena\/wp-content\/uploads\/2021\/06\/smartphone-1445489_1920-2-edited-300x188.jpg 300w, http:\/\/xmm-ssc.irap.omp.eu\/xmm2athena\/wp-content\/uploads\/2021\/06\/smartphone-1445489_1920-2-edited-1024x642.jpg 1024w, http:\/\/xmm-ssc.irap.omp.eu\/xmm2athena\/wp-content\/uploads\/2021\/06\/smartphone-1445489_1920-2-edited-768x481.jpg 768w\" sizes=\"(max-width: 1364px) 100vw, 1364px\" \/><\/figure><\/div>\n\n\n\n<div class=\"wp-container-7 wp-block-buttons\">\n<div class=\"wp-block-button is-style-outline\"><a class=\"wp-block-button__link has-text-color\" href=\"http:\/\/xmm-ssc.irap.omp.eu\/xmm2athena\/fr\/consortium2\/\" style=\"color:#d12e7e\" target=\"_blank\" rel=\"noreferrer noopener\">CONSORTIUM<\/a><\/div>\n<\/div>\n<\/div>\n<\/div>\n<\/div>\n<\/div>\n\n\n\n<p><\/p>\n","protected":false},"excerpt":{"rendered":"<p>La page de diffusion du projet XMM2Athena a pour objectif de faire conna\u00eetre les r\u00e9sultats scientifiques obtenus au plus grand nombre de personnes possible, quelles que soient leurs connaissances dans le domaine.Cette page est ouverte au grand public, le contenu audiovisuel sur le projet sera ajout\u00e9 de m\u00eame que les activit\u00e9s qui seront d\u00e9velopp\u00e9es. Vous&hellip; <br \/> <a class=\"read-more\" href=\"http:\/\/xmm-ssc.irap.omp.eu\/xmm2athena\/fr\/diffusion-2\/\">Lire la suite<\/a><\/p>\n","protected":false},"author":5,"featured_media":0,"parent":0,"menu_order":0,"comment_status":"closed","ping_status":"closed","template":"","meta":{"_eb_attr":"","_mi_skip_tracking":false,"_monsterinsights_sitenote_active":false,"_monsterinsights_sitenote_note":"","_monsterinsights_sitenote_category":0},"_links":{"self":[{"href":"http:\/\/xmm-ssc.irap.omp.eu\/xmm2athena\/wp-json\/wp\/v2\/pages\/3438"}],"collection":[{"href":"http:\/\/xmm-ssc.irap.omp.eu\/xmm2athena\/wp-json\/wp\/v2\/pages"}],"about":[{"href":"http:\/\/xmm-ssc.irap.omp.eu\/xmm2athena\/wp-json\/wp\/v2\/types\/page"}],"author":[{"embeddable":true,"href":"http:\/\/xmm-ssc.irap.omp.eu\/xmm2athena\/wp-json\/wp\/v2\/users\/5"}],"replies":[{"embeddable":true,"href":"http:\/\/xmm-ssc.irap.omp.eu\/xmm2athena\/wp-json\/wp\/v2\/comments?post=3438"}],"version-history":[{"count":2,"href":"http:\/\/xmm-ssc.irap.omp.eu\/xmm2athena\/wp-json\/wp\/v2\/pages\/3438\/revisions"}],"predecessor-version":[{"id":3440,"href":"http:\/\/xmm-ssc.irap.omp.eu\/xmm2athena\/wp-json\/wp\/v2\/pages\/3438\/revisions\/3440"}],"wp:attachment":[{"href":"http:\/\/xmm-ssc.irap.omp.eu\/xmm2athena\/wp-json\/wp\/v2\/media?parent=3438"}],"curies":[{"name":"wp","href":"https:\/\/api.w.org\/{rel}","templated":true}]}}