{"id":3417,"date":"2022-05-30T09:27:02","date_gmt":"2022-05-30T09:27:02","guid":{"rendered":"http:\/\/xmm-ssc.irap.omp.eu\/xmm2athena\/?page_id=3417"},"modified":"2024-10-18T10:10:09","modified_gmt":"2024-10-18T10:10:09","slug":"science-a-emporter","status":"publish","type":"page","link":"http:\/\/xmm-ssc.irap.omp.eu\/xmm2athena\/fr\/science-a-emporter\/","title":{"rendered":"Science \u00e0 emporter"},"content":{"rendered":"\n<p class=\"has-text-align-center has-medium-font-size\">Nos chercheurs nous font d\u00e9couvrir la science qui se cache derri\u00e8re les lots de travaux dans lesquels ils travaillent. <\/p>\n\n\n\n<p class=\"has-text-align-center has-medium-font-size\">Ce sont de petits morceaux de science, pr\u00eats \u00e0 \u00eatre utilis\u00e9s !<\/p>\n\n\n\n<hr class=\"wp-block-separator has-text-color has-background has-white-background-color has-white-color\"\/>\n\n\n\n<div class=\"wp-block-media-text alignwide has-media-on-the-right is-stacked-on-mobile\"><figure class=\"wp-block-media-text__media\"><a href=\"http:\/\/xmm-ssc.irap.omp.eu\/xmm2athena\/wp-content\/uploads\/2024\/10\/davidh_nugget.pdf\" target=\"_blank\" rel=\"noopener\"><img loading=\"lazy\" width=\"1024\" height=\"576\" src=\"http:\/\/xmm-ssc.irap.omp.eu\/xmm2athena\/wp-content\/uploads\/2024\/10\/davidh_nugget_low-2-1024x576.png\" alt=\"\" class=\"wp-image-5900 size-full\" srcset=\"http:\/\/xmm-ssc.irap.omp.eu\/xmm2athena\/wp-content\/uploads\/2024\/10\/davidh_nugget_low-2-1024x576.png 1024w, http:\/\/xmm-ssc.irap.omp.eu\/xmm2athena\/wp-content\/uploads\/2024\/10\/davidh_nugget_low-2-300x169.png 300w, http:\/\/xmm-ssc.irap.omp.eu\/xmm2athena\/wp-content\/uploads\/2024\/10\/davidh_nugget_low-2-768x432.png 768w, http:\/\/xmm-ssc.irap.omp.eu\/xmm2athena\/wp-content\/uploads\/2024\/10\/davidh_nugget_low-2-1536x864.png 1536w, http:\/\/xmm-ssc.irap.omp.eu\/xmm2athena\/wp-content\/uploads\/2024\/10\/davidh_nugget_low-2-2048x1152.png 2048w, http:\/\/xmm-ssc.irap.omp.eu\/xmm2athena\/wp-content\/uploads\/2024\/10\/davidh_nugget_low-2-1920x1080.png 1920w\" sizes=\"(max-width: 1024px) 100vw, 1024px\" \/><\/a><\/figure><div class=\"wp-block-media-text__content\">\n<h3 class=\"has-text-color\" style=\"color:#d12e7e\"><a rel=\"noreferrer noopener\" href=\"http:\/\/xmm-ssc.irap.omp.eu\/xmm2athena\/wp-content\/uploads\/2024\/10\/davidh_nugget.pdf\" target=\"_blank\">Using the Enhanced XMM-Newton Catalogue to identify extremely variable AGN<\/a><\/h3>\n\n\n\n<p>David Homan, Leibniz-Institut f\u00fcr Astrophysik Potsdam (AIP)<\/p>\n<\/div><\/div>\n\n\n\n<hr class=\"wp-block-separator is-style-dots\"\/>\n\n\n\n<hr class=\"wp-block-separator has-text-color has-background has-white-background-color has-white-color\"\/>\n\n\n\n<div class=\"wp-block-media-text alignwide has-media-on-the-right is-stacked-on-mobile\"><figure class=\"wp-block-media-text__media\"><a href=\"http:\/\/xmm-ssc.irap.omp.eu\/xmm2athena\/wp-content\/uploads\/2023\/10\/georges_nugget.pdf\" target=\"_blank\" rel=\"noopener\"><img loading=\"lazy\" width=\"1024\" height=\"576\" src=\"http:\/\/xmm-ssc.irap.omp.eu\/xmm2athena\/wp-content\/uploads\/2023\/10\/george_nugget-fr-1024x576.png\" alt=\"\" class=\"wp-image-5043 size-full\" srcset=\"http:\/\/xmm-ssc.irap.omp.eu\/xmm2athena\/wp-content\/uploads\/2023\/10\/george_nugget-fr-1024x576.png 1024w, http:\/\/xmm-ssc.irap.omp.eu\/xmm2athena\/wp-content\/uploads\/2023\/10\/george_nugget-fr-300x169.png 300w, http:\/\/xmm-ssc.irap.omp.eu\/xmm2athena\/wp-content\/uploads\/2023\/10\/george_nugget-fr-768x432.png 768w, http:\/\/xmm-ssc.irap.omp.eu\/xmm2athena\/wp-content\/uploads\/2023\/10\/george_nugget-fr.png 1280w\" sizes=\"(max-width: 1024px) 100vw, 1024px\" \/><\/a><\/figure><div class=\"wp-block-media-text__content\">\n<h3 class=\"has-text-color\" style=\"color:#d12e7e\"><a rel=\"noreferrer noopener\" href=\"http:\/\/xmm-ssc.irap.omp.eu\/xmm2athena\/wp-content\/uploads\/2023\/10\/georges_nugget.pdf\" target=\"_blank\">Lien entre les propri\u00e9t\u00e9s spectrales des rayons X, la structure de l&rsquo;AGN et la galaxie h\u00f4te<\/a><\/h3>\n\n\n\n<p>George Mountrichas, Instituto de F\u00edsica de Cantabria (IFCA)<\/p>\n<\/div><\/div>\n\n\n\n<hr class=\"wp-block-separator is-style-dots\"\/>\n\n\n\n<div class=\"wp-block-media-text alignwide has-media-on-the-right is-stacked-on-mobile\"><figure class=\"wp-block-media-text__media\"><a href=\"http:\/\/xmm-ssc.irap.omp.eu\/xmm2athena\/wp-content\/uploads\/2023\/02\/laurent_nugget-fr.pdf\" target=\"_blank\" rel=\"noopener\"><img loading=\"lazy\" width=\"682\" height=\"383\" src=\"http:\/\/xmm-ssc.irap.omp.eu\/xmm2athena\/wp-content\/uploads\/2023\/02\/laurent_nugget-fr-SMALL.png\" alt=\"\" class=\"wp-image-4167 size-full\" srcset=\"http:\/\/xmm-ssc.irap.omp.eu\/xmm2athena\/wp-content\/uploads\/2023\/02\/laurent_nugget-fr-SMALL.png 682w, http:\/\/xmm-ssc.irap.omp.eu\/xmm2athena\/wp-content\/uploads\/2023\/02\/laurent_nugget-fr-SMALL-300x168.png 300w\" sizes=\"(max-width: 682px) 100vw, 682px\" \/><\/a><\/figure><div class=\"wp-block-media-text__content\">\n<h3 class=\"has-text-color\" style=\"color:#d12e7e\"><a rel=\"noreferrer noopener\" href=\"http:\/\/xmm-ssc.irap.omp.eu\/xmm2athena\/wp-content\/uploads\/2023\/02\/laurent_nugget.pdf\" target=\"_blank\">Ex\u00e9cution du logiciel d&rsquo;analyse scientifique sur toute r\u00e9gion du ciel de XMM-Newton avec Amora<\/a><\/h3>\n\n\n\n<p>Alexandre VIALA (stagiaire), Universit\u00e9 Technologique de Belfort-Montb\u00e9liard &#8211; France Supervis\u00e9 par Laurent MICHEL et l&rsquo;\u00e9quipe SSC del&rsquo;Observatoire de Strasbourg<\/p>\n<\/div><\/div>\n\n\n\n<hr class=\"wp-block-separator is-style-dots\"\/>\n\n\n\n<div class=\"wp-block-media-text alignwide has-media-on-the-right is-stacked-on-mobile\"><figure class=\"wp-block-media-text__media\"><a href=\"http:\/\/xmm-ssc.irap.omp.eu\/xmm2athena\/wp-content\/uploads\/2023\/02\/angel_nugget-FR_Small.jpg\" target=\"_blank\" rel=\"noopener\"><img loading=\"lazy\" width=\"682\" height=\"383\" src=\"http:\/\/xmm-ssc.irap.omp.eu\/xmm2athena\/wp-content\/uploads\/2023\/02\/angel_nugget-FR_Small.jpg\" alt=\"\" class=\"wp-image-4046 size-full\" srcset=\"http:\/\/xmm-ssc.irap.omp.eu\/xmm2athena\/wp-content\/uploads\/2023\/02\/angel_nugget-FR_Small.jpg 682w, http:\/\/xmm-ssc.irap.omp.eu\/xmm2athena\/wp-content\/uploads\/2023\/02\/angel_nugget-FR_Small-300x168.jpg 300w\" sizes=\"(max-width: 682px) 100vw, 682px\" \/><\/a><\/figure><div class=\"wp-block-media-text__content\">\n<h3 class=\"has-text-color\" style=\"color:#d12e7e\"><a href=\"http:\/\/xmm-ssc.irap.omp.eu\/xmm2athena\/wp-content\/uploads\/2023\/02\/angel_nugget-FR.pdf\">Mesurer les distances des galaxies \u00e9mettant dans les rayons X<\/a><\/h3>\n\n\n\n<p>\u00c1ngel Ruiz, Institute for Astronomy, Astrophysics, Space Applications and Remote Sensing at the National Observatory of Athens (NOA)<\/p>\n\n\n\n<p>\u00c1ngel Ruiz, Institute for Astronomy, Astrophysics, Space Applications and Remote Sensing at the National Observatory of Athens (NOA)<\/p>\n<\/div><\/div>\n\n\n\n<hr class=\"wp-block-separator is-style-dots\"\/>\n\n\n\n<hr class=\"wp-block-separator has-text-color has-background has-white-background-color has-white-color\"\/>\n\n\n\n<div class=\"wp-block-media-text alignwide has-media-on-the-right is-stacked-on-mobile\"><figure class=\"wp-block-media-text__media\"><a href=\"http:\/\/xmm-ssc.irap.omp.eu\/xmm2athena\/wp-content\/uploads\/2022\/06\/maitrayee_nugget2.pdf\" target=\"_blank\" rel=\"noopener\"><img loading=\"lazy\" width=\"1024\" height=\"576\" src=\"http:\/\/xmm-ssc.irap.omp.eu\/xmm2athena\/wp-content\/uploads\/2022\/06\/maitrayee_nugget2-fr-1-1024x576.png\" alt=\"\" class=\"wp-image-3553 size-full\" srcset=\"http:\/\/xmm-ssc.irap.omp.eu\/xmm2athena\/wp-content\/uploads\/2022\/06\/maitrayee_nugget2-fr-1-1024x576.png 1024w, http:\/\/xmm-ssc.irap.omp.eu\/xmm2athena\/wp-content\/uploads\/2022\/06\/maitrayee_nugget2-fr-1-300x169.png 300w, http:\/\/xmm-ssc.irap.omp.eu\/xmm2athena\/wp-content\/uploads\/2022\/06\/maitrayee_nugget2-fr-1-768x432.png 768w, http:\/\/xmm-ssc.irap.omp.eu\/xmm2athena\/wp-content\/uploads\/2022\/06\/maitrayee_nugget2-fr-1-1536x864.png 1536w, http:\/\/xmm-ssc.irap.omp.eu\/xmm2athena\/wp-content\/uploads\/2022\/06\/maitrayee_nugget2-fr-1-2048x1152.png 2048w, http:\/\/xmm-ssc.irap.omp.eu\/xmm2athena\/wp-content\/uploads\/2022\/06\/maitrayee_nugget2-fr-1-1920x1080.png 1920w\" sizes=\"(max-width: 1024px) 100vw, 1024px\" \/><\/a><\/figure><div class=\"wp-block-media-text__content\">\n<h3 class=\"has-text-color\" style=\"color:#d12e7e\"><a href=\"http:\/\/xmm-ssc.irap.omp.eu\/xmm2athena\/wp-content\/uploads\/2022\/06\/maitrayee_nugget2-fr.pdf\">D\u00e9tection de sources transitoires rapides faibles avec Athena<\/a><\/h3>\n\n\n\n<p>Maitrayee GUPTA, Institut de Recherche en Astrophysique et Plan\u00e9tologie (CNRS\/IRAP)<\/p>\n<\/div><\/div>\n\n\n\n<hr class=\"wp-block-separator is-style-dots\"\/>\n\n\n\n<div class=\"wp-block-media-text alignwide has-media-on-the-right is-stacked-on-mobile\"><figure class=\"wp-block-media-text__media\"><a href=\"http:\/\/xmm-ssc.irap.omp.eu\/xmm2athena\/wp-content\/uploads\/2022\/05\/erwan.pdf\"><img loading=\"lazy\" width=\"1024\" height=\"576\" src=\"http:\/\/xmm-ssc.irap.omp.eu\/xmm2athena\/wp-content\/uploads\/2022\/06\/erwan-1-fr-1-1-1024x576.png\" alt=\"\" class=\"wp-image-3558 size-full\" srcset=\"http:\/\/xmm-ssc.irap.omp.eu\/xmm2athena\/wp-content\/uploads\/2022\/06\/erwan-1-fr-1-1-1024x576.png 1024w, http:\/\/xmm-ssc.irap.omp.eu\/xmm2athena\/wp-content\/uploads\/2022\/06\/erwan-1-fr-1-1-300x169.png 300w, http:\/\/xmm-ssc.irap.omp.eu\/xmm2athena\/wp-content\/uploads\/2022\/06\/erwan-1-fr-1-1-768x432.png 768w, http:\/\/xmm-ssc.irap.omp.eu\/xmm2athena\/wp-content\/uploads\/2022\/06\/erwan-1-fr-1-1-1536x864.png 1536w, http:\/\/xmm-ssc.irap.omp.eu\/xmm2athena\/wp-content\/uploads\/2022\/06\/erwan-1-fr-1-1-2048x1152.png 2048w, http:\/\/xmm-ssc.irap.omp.eu\/xmm2athena\/wp-content\/uploads\/2022\/06\/erwan-1-fr-1-1-1920x1080.png 1920w\" sizes=\"(max-width: 1024px) 100vw, 1024px\" \/><\/a><\/figure><div class=\"wp-block-media-text__content\">\n<h3 class=\"has-text-color\" style=\"color:#d12e7e\"><a href=\"http:\/\/xmm-ssc.irap.omp.eu\/xmm2athena\/wp-content\/uploads\/2022\/06\/erwan-1-fr.pdf\">L&rsquo;histoire de l&rsquo;\u00e9toile \u00e0 neutrons disparue<\/a><\/h3>\n\n\n\n<p>Erwan Quintin, Institut de Recherche en Astrophysique et Plan\u00e9tologie (CNRS\/IRAP)<\/p>\n<\/div><\/div>\n\n\n\n<p><\/p>\n","protected":false},"excerpt":{"rendered":"<p>Nos chercheurs nous font d\u00e9couvrir la science qui se cache derri\u00e8re les lots de travaux dans lesquels ils travaillent. Ce sont de petits morceaux de science, pr\u00eats \u00e0 \u00eatre utilis\u00e9s ! Using the Enhanced XMM-Newton Catalogue to identify extremely variable AGN David Homan, Leibniz-Institut f\u00fcr Astrophysik Potsdam (AIP) Lien entre les propri\u00e9t\u00e9s spectrales des rayons&hellip; <br \/> <a class=\"read-more\" href=\"http:\/\/xmm-ssc.irap.omp.eu\/xmm2athena\/fr\/science-a-emporter\/\">Lire la suite<\/a><\/p>\n","protected":false},"author":2,"featured_media":0,"parent":0,"menu_order":0,"comment_status":"closed","ping_status":"closed","template":"","meta":{"_eb_attr":"","_mi_skip_tracking":false,"_monsterinsights_sitenote_active":false,"_monsterinsights_sitenote_note":"","_monsterinsights_sitenote_category":0},"_links":{"self":[{"href":"http:\/\/xmm-ssc.irap.omp.eu\/xmm2athena\/wp-json\/wp\/v2\/pages\/3417"}],"collection":[{"href":"http:\/\/xmm-ssc.irap.omp.eu\/xmm2athena\/wp-json\/wp\/v2\/pages"}],"about":[{"href":"http:\/\/xmm-ssc.irap.omp.eu\/xmm2athena\/wp-json\/wp\/v2\/types\/page"}],"author":[{"embeddable":true,"href":"http:\/\/xmm-ssc.irap.omp.eu\/xmm2athena\/wp-json\/wp\/v2\/users\/2"}],"replies":[{"embeddable":true,"href":"http:\/\/xmm-ssc.irap.omp.eu\/xmm2athena\/wp-json\/wp\/v2\/comments?post=3417"}],"version-history":[{"count":10,"href":"http:\/\/xmm-ssc.irap.omp.eu\/xmm2athena\/wp-json\/wp\/v2\/pages\/3417\/revisions"}],"predecessor-version":[{"id":5902,"href":"http:\/\/xmm-ssc.irap.omp.eu\/xmm2athena\/wp-json\/wp\/v2\/pages\/3417\/revisions\/5902"}],"wp:attachment":[{"href":"http:\/\/xmm-ssc.irap.omp.eu\/xmm2athena\/wp-json\/wp\/v2\/media?parent=3417"}],"curies":[{"name":"wp","href":"https:\/\/api.w.org\/{rel}","templated":true}]}}