{"id":2681,"date":"2022-03-11T15:39:50","date_gmt":"2022-03-11T15:39:50","guid":{"rendered":"http:\/\/xmm-ssc.irap.omp.eu\/xmm2athena\/?page_id=2681"},"modified":"2022-03-11T15:41:15","modified_gmt":"2022-03-11T15:41:15","slug":"le-projet-dans-lactualite","status":"publish","type":"page","link":"http:\/\/xmm-ssc.irap.omp.eu\/xmm2athena\/fr\/le-projet-dans-lactualite\/","title":{"rendered":"Le projet dans l&rsquo;actualit\u00e9"},"content":{"rendered":"\n<h2><span class=\"has-inline-color has-black-color\">Nouvelles \u00e0 notre sujet<\/span><\/h2>\n\n\n\n<div class=\"wp-block-media-text alignwide is-stacked-on-mobile has-black-color has-text-color\"><figure class=\"wp-block-media-text__media\"><img loading=\"lazy\" width=\"800\" height=\"533\" src=\"http:\/\/xmm-ssc.irap.omp.eu\/xmm2athena\/wp-content\/uploads\/2021\/12\/20210616_Proyecto_XMM2Athena_IFCA_foto1_800.jpg\" alt=\"\" class=\"wp-image-2084 size-full\" srcset=\"http:\/\/xmm-ssc.irap.omp.eu\/xmm2athena\/wp-content\/uploads\/2021\/12\/20210616_Proyecto_XMM2Athena_IFCA_foto1_800.jpg 800w, http:\/\/xmm-ssc.irap.omp.eu\/xmm2athena\/wp-content\/uploads\/2021\/12\/20210616_Proyecto_XMM2Athena_IFCA_foto1_800-300x200.jpg 300w, http:\/\/xmm-ssc.irap.omp.eu\/xmm2athena\/wp-content\/uploads\/2021\/12\/20210616_Proyecto_XMM2Athena_IFCA_foto1_800-768x512.jpg 768w\" sizes=\"(max-width: 800px) 100vw, 800px\" \/><\/figure><div class=\"wp-block-media-text__content\">\n<p class=\"has-black-color has-text-color\">L&rsquo;Universit\u00e9 de Cantabrie a discut\u00e9 avec deux de nos scientifiques, Francisco Carrea et Maite Ceballos.<br>Tous deux ont expliqu\u00e9 les objectifs de XMM2ATHENA.<br>L&rsquo;interview et l&rsquo;article complet peuvent \u00eatre consult\u00e9s sur le lien ci-dessous :<\/p>\n\n\n\n<p><a href=\"https:\/\/web.unican.es\/noticias\/Paginas\/2021\/junio_2021\/IFCA-proyecto-XMM2Athena.aspx\">https:\/\/web.unican.es\/noticias\/Paginas\/2021\/junio_2021\/IFCA-proyecto-XMM2Athena.aspx<\/a><\/p>\n<\/div><\/div>\n","protected":false},"excerpt":{"rendered":"<p>Nouvelles \u00e0 notre sujet L&rsquo;Universit\u00e9 de Cantabrie a discut\u00e9 avec deux de nos scientifiques, Francisco Carrea et Maite Ceballos.Tous deux ont expliqu\u00e9 les objectifs de XMM2ATHENA.L&rsquo;interview et l&rsquo;article complet peuvent \u00eatre consult\u00e9s sur le lien ci-dessous : https:\/\/web.unican.es\/noticias\/Paginas\/2021\/junio_2021\/IFCA-proyecto-XMM2Athena.aspx<\/p>\n","protected":false},"author":2,"featured_media":0,"parent":0,"menu_order":0,"comment_status":"closed","ping_status":"closed","template":"","meta":{"_eb_attr":"","_mi_skip_tracking":false,"_monsterinsights_sitenote_active":false,"_monsterinsights_sitenote_note":"","_monsterinsights_sitenote_category":0},"_links":{"self":[{"href":"http:\/\/xmm-ssc.irap.omp.eu\/xmm2athena\/wp-json\/wp\/v2\/pages\/2681"}],"collection":[{"href":"http:\/\/xmm-ssc.irap.omp.eu\/xmm2athena\/wp-json\/wp\/v2\/pages"}],"about":[{"href":"http:\/\/xmm-ssc.irap.omp.eu\/xmm2athena\/wp-json\/wp\/v2\/types\/page"}],"author":[{"embeddable":true,"href":"http:\/\/xmm-ssc.irap.omp.eu\/xmm2athena\/wp-json\/wp\/v2\/users\/2"}],"replies":[{"embeddable":true,"href":"http:\/\/xmm-ssc.irap.omp.eu\/xmm2athena\/wp-json\/wp\/v2\/comments?post=2681"}],"version-history":[{"count":2,"href":"http:\/\/xmm-ssc.irap.omp.eu\/xmm2athena\/wp-json\/wp\/v2\/pages\/2681\/revisions"}],"predecessor-version":[{"id":2684,"href":"http:\/\/xmm-ssc.irap.omp.eu\/xmm2athena\/wp-json\/wp\/v2\/pages\/2681\/revisions\/2684"}],"wp:attachment":[{"href":"http:\/\/xmm-ssc.irap.omp.eu\/xmm2athena\/wp-json\/wp\/v2\/media?parent=2681"}],"curies":[{"name":"wp","href":"https:\/\/api.w.org\/{rel}","templated":true}]}}