{"id":2582,"date":"2022-03-02T10:09:03","date_gmt":"2022-03-02T10:09:03","guid":{"rendered":"http:\/\/xmm-ssc.irap.omp.eu\/xmm2athena\/?page_id=2582"},"modified":"2022-03-08T11:13:40","modified_gmt":"2022-03-08T11:13:40","slug":"actividades-del-dia-internacional-de-la-mujer","status":"publish","type":"page","link":"http:\/\/xmm-ssc.irap.omp.eu\/xmm2athena\/es\/actividades-del-dia-internacional-de-la-mujer\/","title":{"rendered":"Actividades del D\u00eda Internacional de la Mujer"},"content":{"rendered":"\n<h2>Contribuci\u00f3n del IRAP<\/h2>\n\n\n\n<div class=\"wp-block-media-text alignwide is-stacked-on-mobile\"><figure class=\"wp-block-media-text__media\"><a href=\"https:\/\/www.occitanie-ouest.cnrs.fr\/fr\/cnrsinfo\/les-femmes-scientifiques-sortent-de-lombre-4-les-maths-la-une\" target=\"_blank\" rel=\"noopener\"><img loading=\"lazy\" width=\"1024\" height=\"453\" src=\"http:\/\/xmm-ssc.irap.omp.eu\/xmm2athena\/wp-content\/uploads\/2022\/03\/5.-AdobeStock-Pixel-Shotjpeg_low-1-1024x453.png\" alt=\"\" class=\"wp-image-2579 size-full\" srcset=\"http:\/\/xmm-ssc.irap.omp.eu\/xmm2athena\/wp-content\/uploads\/2022\/03\/5.-AdobeStock-Pixel-Shotjpeg_low-1-1024x453.png 1024w, http:\/\/xmm-ssc.irap.omp.eu\/xmm2athena\/wp-content\/uploads\/2022\/03\/5.-AdobeStock-Pixel-Shotjpeg_low-1-300x133.png 300w, http:\/\/xmm-ssc.irap.omp.eu\/xmm2athena\/wp-content\/uploads\/2022\/03\/5.-AdobeStock-Pixel-Shotjpeg_low-1-768x339.png 768w, http:\/\/xmm-ssc.irap.omp.eu\/xmm2athena\/wp-content\/uploads\/2022\/03\/5.-AdobeStock-Pixel-Shotjpeg_low-1-1536x679.png 1536w, http:\/\/xmm-ssc.irap.omp.eu\/xmm2athena\/wp-content\/uploads\/2022\/03\/5.-AdobeStock-Pixel-Shotjpeg_low-1.png 1584w\" sizes=\"(max-width: 1024px) 100vw, 1024px\" \/><\/a><\/figure><div class=\"wp-block-media-text__content\">\n<p><span class=\"has-inline-color has-black-color\">El CNRS Occitanie Ouest se moviliza en favor de la visibilidad de las mujeres cient\u00edficas con la operaci\u00f3n <em>Les femmes scientifiques sortent de l&rsquo;ombre.<\/em> Esta jornada de encuentros, debates y actividades est\u00e1 programada en el Quai des savoirs, el 8 de marzo, para que en este d\u00eda internacional de los derechos de la mujer se hable tambi\u00e9n de ciencia.<\/span><\/p>\n\n\n\n<p><span class=\"has-inline-color has-black-color\">Los socios de este evento (el CNRS Occitanie Ouest, el Quai des Savoirs y las asociaciones Femmes &amp; Sciences, Maths en sc\u00e8ne y Club de la presse) han elegido las matem\u00e1ticas como disciplina estrella de esta edici\u00f3n para aumentar su visibilidad gracias al festival \u00ab\u00a0Les Maths dans tous leurs \u00e9tats\u00a0\u00bb que se celebrar\u00e1 del 8 al 25 de marzo de 2022 con el fuerte apoyo del Instituto de Matem\u00e1ticas de Toulouse (IMT-CNRS, UT3, INSA Toulouse).<\/span><\/p>\n\n\n\n<p><span class=\"has-inline-color has-black-color\">Nuestra coordinadora, Natalie Webb, participa en este evento con un speed dating cient\u00edfico, el d\u00eda 8 a las 15:00h.<\/span><\/p>\n\n\n\n<p><span class=\"has-inline-color has-black-color\">Mas informaci\u00f3n: <a href=\"https:\/\/www.occitanie-ouest.cnrs.fr\/fr\/cnrsinfo\/les-femmes-scientifiques-sortent-de-lombre-4-les-maths-la-une\" target=\"_blank\" rel=\"noreferrer noopener\">https:\/\/www.occitanie-ouest.cnrs.fr\/fr\/cnrsinfo\/les-femmes-scientifiques-sortent-de-lombre-4-les-maths-la-une<\/a><\/span><\/p>\n<\/div><\/div>\n\n\n\n<hr class=\"wp-block-separator has-text-color has-background has-white-background-color has-white-color is-style-dots\"\/>\n\n\n\n<hr class=\"wp-block-separator is-style-wide\"\/>\n\n\n\n<hr class=\"wp-block-separator has-text-color has-background has-white-background-color has-white-color is-style-dots\"\/>\n\n\n\n<h2>Contribuci\u00f3n del IFCA<\/h2>\n\n\n\n<p><span class=\"has-inline-color has-black-color\">Con motivo de la celebraci\u00f3n del 8 de marzo, la Universidad de Cantabria va a celebrar diversos actos entre los cabe destacar una mesa redonda en la que Maite Ceballos (l\u00edder del paquete de trabajo 10 del proyecto) va a participar.<\/span><br><span class=\"has-inline-color has-black-color\">Ser\u00e1 el d\u00eda 9 de Marzo a las 11:00H CET, mesa redonde titulada: \u201dDesigualdad de g\u00e9nero en ciencia: diagn\u00f3stico y debate para el avance hacia la igualdad real\u201d, se podr\u00e1 seguir a trav\u00e9s de este enlace: <a rel=\"noreferrer noopener\" href=\"https:\/\/youtu.be\/UQLwBmMxPFQ.\" target=\"_blank\">https:\/\/youtu.be\/UQLwBmMxPFQ.<\/a><\/span><\/p>\n","protected":false},"excerpt":{"rendered":"<p>Contribuci\u00f3n del IRAP El CNRS Occitanie Ouest se moviliza en favor de la visibilidad de las mujeres cient\u00edficas con la operaci\u00f3n Les femmes scientifiques sortent de l&rsquo;ombre. Esta jornada de encuentros, debates y actividades est\u00e1 programada en el Quai des savoirs, el 8 de marzo, para que en este d\u00eda internacional de los derechos de&hellip; <br \/> <a class=\"read-more\" href=\"http:\/\/xmm-ssc.irap.omp.eu\/xmm2athena\/es\/actividades-del-dia-internacional-de-la-mujer\/\">Lire la suite<\/a><\/p>\n","protected":false},"author":5,"featured_media":0,"parent":0,"menu_order":0,"comment_status":"closed","ping_status":"closed","template":"","meta":{"_eb_attr":"","_mi_skip_tracking":false,"_monsterinsights_sitenote_active":false,"_monsterinsights_sitenote_note":"","_monsterinsights_sitenote_category":0},"_links":{"self":[{"href":"http:\/\/xmm-ssc.irap.omp.eu\/xmm2athena\/wp-json\/wp\/v2\/pages\/2582"}],"collection":[{"href":"http:\/\/xmm-ssc.irap.omp.eu\/xmm2athena\/wp-json\/wp\/v2\/pages"}],"about":[{"href":"http:\/\/xmm-ssc.irap.omp.eu\/xmm2athena\/wp-json\/wp\/v2\/types\/page"}],"author":[{"embeddable":true,"href":"http:\/\/xmm-ssc.irap.omp.eu\/xmm2athena\/wp-json\/wp\/v2\/users\/5"}],"replies":[{"embeddable":true,"href":"http:\/\/xmm-ssc.irap.omp.eu\/xmm2athena\/wp-json\/wp\/v2\/comments?post=2582"}],"version-history":[{"count":3,"href":"http:\/\/xmm-ssc.irap.omp.eu\/xmm2athena\/wp-json\/wp\/v2\/pages\/2582\/revisions"}],"predecessor-version":[{"id":2632,"href":"http:\/\/xmm-ssc.irap.omp.eu\/xmm2athena\/wp-json\/wp\/v2\/pages\/2582\/revisions\/2632"}],"wp:attachment":[{"href":"http:\/\/xmm-ssc.irap.omp.eu\/xmm2athena\/wp-json\/wp\/v2\/media?parent=2582"}],"curies":[{"name":"wp","href":"https:\/\/api.w.org\/{rel}","templated":true}]}}