{"id":2470,"date":"2022-02-11T10:41:01","date_gmt":"2022-02-11T10:41:01","guid":{"rendered":"http:\/\/xmm-ssc.irap.omp.eu\/xmm2athena\/?page_id=2470"},"modified":"2024-01-23T14:55:35","modified_gmt":"2024-01-23T14:55:35","slug":"semaine-de-la-science","status":"publish","type":"page","link":"http:\/\/xmm-ssc.irap.omp.eu\/xmm2athena\/fr\/semaine-de-la-science\/","title":{"rendered":"Semaine de la science"},"content":{"rendered":"\n<p><mark style=\"background-color:rgba(0, 0, 0, 0)\" class=\"has-inline-color has-black-color\">Voici les activit\u00e9s men\u00e9es par les scientifiques de XMM2ATHENA pendant la semaine scientifique.<\/mark><\/p>\n\n\n\n<h4 class=\"has-text-color\" style=\"color:#d12e7e\">Activit\u00e9s de l&rsquo;Observatoire Astronomique de Strasbourg (ObAS)<\/h4>\n\n\n\n<p><mark style=\"background-color:rgba(0, 0, 0, 0)\" class=\"has-inline-color has-black-color\">L&rsquo;observatoire astronomique participe cette ann\u00e9e \u00e0 deux Villages des sciences (plus d&rsquo;informations : <a rel=\"noreferrer noopener\" href=\"https:\/\/astro.unistra.fr\/fr\/2021\/09\/29\/fete-de-la-science-2021\/\" target=\"_blank\">https:\/\/astro.unistra.fr\/fr\/2021\/09\/29\/fete-de-la-science-2021\/<\/a>).<\/mark><\/p>\n\n\n\n<div class=\"wp-block-media-text alignwide is-stacked-on-mobile\"><figure class=\"wp-block-media-text__media\"><img loading=\"lazy\" width=\"300\" height=\"225\" src=\"http:\/\/xmm-ssc.irap.omp.eu\/xmm2athena\/wp-content\/uploads\/2021\/11\/2exemples-300x225.jpg\" alt=\"\" class=\"wp-image-1983 size-medium\" srcset=\"http:\/\/xmm-ssc.irap.omp.eu\/xmm2athena\/wp-content\/uploads\/2021\/11\/2exemples-300x225.jpg 300w, http:\/\/xmm-ssc.irap.omp.eu\/xmm2athena\/wp-content\/uploads\/2021\/11\/2exemples-1024x768.jpg 1024w, http:\/\/xmm-ssc.irap.omp.eu\/xmm2athena\/wp-content\/uploads\/2021\/11\/2exemples-768x576.jpg 768w, http:\/\/xmm-ssc.irap.omp.eu\/xmm2athena\/wp-content\/uploads\/2021\/11\/2exemples-1536x1152.jpg 1536w, http:\/\/xmm-ssc.irap.omp.eu\/xmm2athena\/wp-content\/uploads\/2021\/11\/2exemples-1440x1080.jpg 1440w, http:\/\/xmm-ssc.irap.omp.eu\/xmm2athena\/wp-content\/uploads\/2021\/11\/2exemples.jpg 1600w\" sizes=\"(max-width: 300px) 100vw, 300px\" \/><\/figure><div class=\"wp-block-media-text__content\">\n<p><mark style=\"background-color:rgba(0, 0, 0, 0)\" class=\"has-inline-color has-black-color\">La premi\u00e8re s&rsquo;est tenue sur le Campus de Cronenbourg, ouvert au public \u00e0 l&rsquo;occasion de son 60\u00e8me anniversaire. Les principales \u00e9tudes astronomiques ont \u00e9t\u00e9 pr\u00e9sent\u00e9es \u00e0 l&rsquo;aide du logiciel Aladin, d\u00e9velopp\u00e9 par le Centre de donn\u00e9es astronomiques de Strasbourg. Il y avait \u00e9galement des petits ateliers de bricolage pour fabriquer son propre globe c\u00e9leste en papier.<\/mark><\/p>\n\n\n\n<p><\/p>\n<\/div><\/div>\n\n\n\n<hr class=\"wp-block-separator has-text-color has-background has-white-background-color has-white-color is-style-dots\"\/>\n\n\n\n<div class=\"wp-block-media-text alignwide is-stacked-on-mobile\"><figure class=\"wp-block-media-text__media\"><img loading=\"lazy\" width=\"300\" height=\"225\" src=\"http:\/\/xmm-ssc.irap.omp.eu\/xmm2athena\/wp-content\/uploads\/2021\/11\/PXL_20210928_113034031-2048x1536-1-300x225.jpg\" alt=\"\" class=\"wp-image-1984 size-medium\" srcset=\"http:\/\/xmm-ssc.irap.omp.eu\/xmm2athena\/wp-content\/uploads\/2021\/11\/PXL_20210928_113034031-2048x1536-1-300x225.jpg 300w, http:\/\/xmm-ssc.irap.omp.eu\/xmm2athena\/wp-content\/uploads\/2021\/11\/PXL_20210928_113034031-2048x1536-1-1024x768.jpg 1024w, http:\/\/xmm-ssc.irap.omp.eu\/xmm2athena\/wp-content\/uploads\/2021\/11\/PXL_20210928_113034031-2048x1536-1-768x576.jpg 768w, http:\/\/xmm-ssc.irap.omp.eu\/xmm2athena\/wp-content\/uploads\/2021\/11\/PXL_20210928_113034031-2048x1536-1-1536x1152.jpg 1536w, http:\/\/xmm-ssc.irap.omp.eu\/xmm2athena\/wp-content\/uploads\/2021\/11\/PXL_20210928_113034031-2048x1536-1-1440x1080.jpg 1440w, http:\/\/xmm-ssc.irap.omp.eu\/xmm2athena\/wp-content\/uploads\/2021\/11\/PXL_20210928_113034031-2048x1536-1.jpg 2048w\" sizes=\"(max-width: 300px) 100vw, 300px\" \/><\/figure><div class=\"wp-block-media-text__content\">\n<p><mark style=\"background-color:rgba(0, 0, 0, 0)\" class=\"has-inline-color has-black-color\">L&rsquo;observatoire \u00e9tait \u00e9galement pr\u00e9sent dans un Village des Sciences \u00e0 1000 m\u00e8tres d&rsquo;altitude, sur le site du Champ du Feu, avec le Plan\u00e9tarium du Jardin des Sciences et les astronomes amateurs du F4A.<\/mark><\/p>\n\n\n\n<p><mark style=\"background-color:rgba(0, 0, 0, 0)\" class=\"has-inline-color has-black-color\">Diverses expositions, stands et ateliers ont \u00e9t\u00e9 organis\u00e9s : une table ronde \u00ab\u00a0La plan\u00e8te B existe-t-elle ?\u00a0\u00bb; la cr\u00e9ation de globes c\u00e9lestes en papier.<\/mark><\/p>\n<\/div><\/div>\n\n\n\n<hr class=\"wp-block-separator has-text-color has-background has-white-background-color has-white-color is-style-dots\"\/>\n\n\n\n<h4 class=\"has-text-color\" style=\"color:#d12e7e\">Les activit\u00e9s de l&rsquo;Instituto de F\u00edsica de Cantabria (IFCA, UC-CSIC)<\/h4>\n\n\n\n<div class=\"wp-block-media-text alignwide is-stacked-on-mobile\"><figure class=\"wp-block-media-text__media\"><img loading=\"lazy\" width=\"1024\" height=\"679\" src=\"http:\/\/xmm-ssc.irap.omp.eu\/xmm2athena\/wp-content\/uploads\/2021\/11\/sistema-solar-maite-1024x679.png\" alt=\"\" class=\"wp-image-1993 size-full\" srcset=\"http:\/\/xmm-ssc.irap.omp.eu\/xmm2athena\/wp-content\/uploads\/2021\/11\/sistema-solar-maite-1024x679.png 1024w, http:\/\/xmm-ssc.irap.omp.eu\/xmm2athena\/wp-content\/uploads\/2021\/11\/sistema-solar-maite-300x199.png 300w, http:\/\/xmm-ssc.irap.omp.eu\/xmm2athena\/wp-content\/uploads\/2021\/11\/sistema-solar-maite-768x509.png 768w, http:\/\/xmm-ssc.irap.omp.eu\/xmm2athena\/wp-content\/uploads\/2021\/11\/sistema-solar-maite-1536x1018.png 1536w, http:\/\/xmm-ssc.irap.omp.eu\/xmm2athena\/wp-content\/uploads\/2021\/11\/sistema-solar-maite.png 1625w\" sizes=\"(max-width: 1024px) 100vw, 1024px\" \/><\/figure><div class=\"wp-block-media-text__content\">\n<p><mark style=\"background-color:rgba(0, 0, 0, 0)\" class=\"has-inline-color has-black-color\">Pendant la semaine de la science qui s&rsquo;est tenue en Espagne du 8 au 21 novembre, les scientifiques de l&rsquo;IFCA appartenant au projet XMM2ATHENA ont r\u00e9alis\u00e9 plusieurs expos\u00e9s et jeux sur le syst\u00e8me solaire, les trous noirs, l&rsquo;Univers et les rayons X et les galaxies \u00e0 rayons X, destin\u00e9s aux \u00e9l\u00e8ves de l&rsquo;\u00e9cole primaire, de l&rsquo;ESO, du lyc\u00e9e ou de la formation professionnelle.<\/mark><\/p>\n\n\n\n<p><mark style=\"background-color:rgba(0, 0, 0, 0)\" class=\"has-inline-color has-black-color\">Vous pouvez voir les photos des conf\u00e9rences dans notre galerie.<\/mark><\/p>\n<\/div><\/div>\n\n\n\n<p><\/p>\n","protected":false},"excerpt":{"rendered":"<p>Voici les activit\u00e9s men\u00e9es par les scientifiques de XMM2ATHENA pendant la semaine scientifique. Activit\u00e9s de l&rsquo;Observatoire Astronomique de Strasbourg (ObAS) L&rsquo;observatoire astronomique participe cette ann\u00e9e \u00e0 deux Villages des sciences (plus d&rsquo;informations : https:\/\/astro.unistra.fr\/fr\/2021\/09\/29\/fete-de-la-science-2021\/). La premi\u00e8re s&rsquo;est tenue sur le Campus de Cronenbourg, ouvert au public \u00e0 l&rsquo;occasion de son 60\u00e8me anniversaire. Les principales \u00e9tudes&hellip; <br \/> <a class=\"read-more\" href=\"http:\/\/xmm-ssc.irap.omp.eu\/xmm2athena\/fr\/semaine-de-la-science\/\">Lire la suite<\/a><\/p>\n","protected":false},"author":2,"featured_media":0,"parent":0,"menu_order":0,"comment_status":"closed","ping_status":"closed","template":"","meta":{"_eb_attr":"","_mi_skip_tracking":false,"_monsterinsights_sitenote_active":false,"_monsterinsights_sitenote_note":"","_monsterinsights_sitenote_category":0},"_links":{"self":[{"href":"http:\/\/xmm-ssc.irap.omp.eu\/xmm2athena\/wp-json\/wp\/v2\/pages\/2470"}],"collection":[{"href":"http:\/\/xmm-ssc.irap.omp.eu\/xmm2athena\/wp-json\/wp\/v2\/pages"}],"about":[{"href":"http:\/\/xmm-ssc.irap.omp.eu\/xmm2athena\/wp-json\/wp\/v2\/types\/page"}],"author":[{"embeddable":true,"href":"http:\/\/xmm-ssc.irap.omp.eu\/xmm2athena\/wp-json\/wp\/v2\/users\/2"}],"replies":[{"embeddable":true,"href":"http:\/\/xmm-ssc.irap.omp.eu\/xmm2athena\/wp-json\/wp\/v2\/comments?post=2470"}],"version-history":[{"count":2,"href":"http:\/\/xmm-ssc.irap.omp.eu\/xmm2athena\/wp-json\/wp\/v2\/pages\/2470\/revisions"}],"predecessor-version":[{"id":5415,"href":"http:\/\/xmm-ssc.irap.omp.eu\/xmm2athena\/wp-json\/wp\/v2\/pages\/2470\/revisions\/5415"}],"wp:attachment":[{"href":"http:\/\/xmm-ssc.irap.omp.eu\/xmm2athena\/wp-json\/wp\/v2\/media?parent=2470"}],"curies":[{"name":"wp","href":"https:\/\/api.w.org\/{rel}","templated":true}]}}