{"id":2468,"date":"2022-02-11T10:30:11","date_gmt":"2022-02-11T10:30:11","guid":{"rendered":"http:\/\/xmm-ssc.irap.omp.eu\/xmm2athena\/?page_id=2468"},"modified":"2023-03-06T13:17:38","modified_gmt":"2023-03-06T13:17:38","slug":"11-fevrier-2022-la-contribution-de-lequipe-dxmm2athena","status":"publish","type":"page","link":"http:\/\/xmm-ssc.irap.omp.eu\/xmm2athena\/fr\/11-fevrier-2022-la-contribution-de-lequipe-dxmm2athena\/","title":{"rendered":"11 f\u00e9vrier 2022 : la contribution de l&rsquo;\u00e9quipe d&rsquo;XMM2ATHENA"},"content":{"rendered":"\n<p class=\"has-black-color has-text-color\"><mark style=\"background-color:rgba(0, 0, 0, 0)\" class=\"has-inline-color has-black-color\">Pour c\u00e9l\u00e9brer la Journ\u00e9e internationale des femmes et des filles dans la science, l&rsquo;\u00e9quipe XMM2ATHENA a r\u00e9alis\u00e9 plusieurs activit\u00e9s. Vous pouvez les voir ci-dessous.<\/mark><\/p>\n\n\n\n<h2>Contribution d&rsquo;XMM2ATHENA<\/h2>\n\n\n\n<div class=\"wp-block-media-text alignwide is-stacked-on-mobile\" style=\"grid-template-columns:39% auto\"><figure class=\"wp-block-media-text__media\"><img loading=\"lazy\" width=\"960\" height=\"560\" src=\"http:\/\/xmm-ssc.irap.omp.eu\/xmm2athena\/wp-content\/uploads\/2022\/02\/haiku_def.png\" alt=\"\" class=\"wp-image-2374 size-full\" srcset=\"http:\/\/xmm-ssc.irap.omp.eu\/xmm2athena\/wp-content\/uploads\/2022\/02\/haiku_def.png 960w, http:\/\/xmm-ssc.irap.omp.eu\/xmm2athena\/wp-content\/uploads\/2022\/02\/haiku_def-300x175.png 300w, http:\/\/xmm-ssc.irap.omp.eu\/xmm2athena\/wp-content\/uploads\/2022\/02\/haiku_def-768x448.png 768w\" sizes=\"(max-width: 960px) 100vw, 960px\" \/><\/figure><div class=\"wp-block-media-text__content\">\n<p class=\"has-black-color has-text-color\">XMM2Athena se joint aux c\u00e9l\u00e9brations de la <a rel=\"noreferrer noopener\" href=\"https:\/\/www.un.org\/en\/observances\/women-and-girls-in-science-day\" target=\"_blank\">Journ\u00e9e internationale des filles et des femmes e<\/a><a href=\"https:\/\/www.un.org\/en\/observances\/women-and-girls-in-science-day\" target=\"_blank\" rel=\"noreferrer noopener\">n<\/a><a rel=\"noreferrer noopener\" href=\"https:\/\/www.un.org\/en\/observances\/women-and-girls-in-science-day\" target=\"_blank\"> science<\/a> dans le but de montrer les contributions des femmes \u00e0 la science et en particulier au domaine de l&rsquo;astronomie et de l&rsquo;astrophysique.<\/p>\n\n\n\n<p class=\"has-black-color has-text-color\">Cette ann\u00e9e, nous pr\u00e9sentons une initiative internationale conjointe du <a rel=\"noreferrer noopener\" href=\"https:\/\/www.the-athena-x-ray-observatory.eu\/resources\/presentations\/36-resources\/presentations\/468-athena-community-office.html\" target=\"_blank\">bureau de la communaut\u00e9 Athena<\/a>, du projet <a rel=\"noreferrer noopener\" href=\"http:\/\/xmm-ssc.irap.omp.eu\/xmm2athena\/fr\/\" target=\"_blank\">XMM2Athena<\/a>, des consortiums <a rel=\"noreferrer noopener\" href=\"http:\/\/x-ifu.irap.omp.eu\/\" target=\"_blank\">X-IFU<\/a> et <a rel=\"noreferrer noopener\" href=\"https:\/\/www.mpe.mpg.de\/ATHENA-WFI\/\" target=\"_blank\">WFI <\/a>et du <a rel=\"noreferrer noopener\" href=\"http:\/\/ahead.astro.noa.gr\/\" target=\"_blank\">projet AHEAD2020<\/a> lan\u00e7ant un appel \u00e0 AstroSciku. Un AstroSciku est une adaptation de la forme du po\u00e8me japonais ha\u00efku, recherchant la m\u00eame simplicit\u00e9 et la capture de l&rsquo;instant, mais centr\u00e9e sur l&rsquo;astronomie et, pour ce concours, avec une perspective de genre. Bien qu&rsquo;il existe plusieurs variantes de Scikus, nous suivrons le mod\u00e8le traditionnel de 3 lignes, \u00e9crit en anglais avec une structure syllabique de 5-7-5 et sans rimes (consultez le site <a rel=\"noreferrer noopener\" href=\"https:\/\/thescikuproject.com\/about\/sciku-writing-tips\/#ScikuWritingInAction\" target=\"_blank\">Web du projet Sciku<\/a> et <a rel=\"noreferrer noopener\" href=\"https:\/\/twitter.com\/thescikuproject?ref_src=twsrc%5Egoogle%7Ctwcamp%5Eserp%7Ctwgr%5Eauthor\" target=\"_blank\">Twitter <\/a>pour obtenir de l&rsquo;aide et des id\u00e9es !).<br><strong>Les participants doivent s&rsquo;inspirer des d\u00e9couvertes ou des recherches faites par des femmes astronomes et astrophysiciens (de toutes les \u00e9poques) pour cr\u00e9er leur <em>AstroSciku<\/em>.<\/strong> Chaque AstroSciku doit \u00eatre original et contenir, en plus des 3 versets, un titre li\u00e9 soit \u00e0 la scientifique \u00e0 laquelle il fait r\u00e9f\u00e9rence, soit au contexte. Les th\u00e8mes relatifs \u00e0 l&rsquo;astrophysique des hautes \u00e9nergies seront particuli\u00e8rement appr\u00e9ci\u00e9s.<\/p>\n<\/div><\/div>\n\n\n\n<hr class=\"wp-block-separator has-text-color has-background has-white-background-color has-white-color is-style-dots\"\/>\n\n\n\n<div class=\"wp-container-1 wp-block-buttons\">\n<div class=\"wp-block-button is-style-outline\"><a class=\"wp-block-button__link has-text-color\" href=\"http:\/\/xmm-ssc.irap.omp.eu\/xmm2athena\/astroscikus\/\" style=\"color:#d12e7e\" target=\"_blank\" rel=\"noreferrer noopener\">Voir les AstroScikus<\/a><\/div>\n<\/div>\n\n\n\n<hr class=\"wp-block-separator has-text-color has-background has-white-background-color has-white-color is-style-dots\"\/>\n\n\n\n<hr class=\"wp-block-separator is-style-wide\"\/>\n\n\n\n<h2>Contribution de l&rsquo;IRAP<\/h2>\n\n\n\n<h3>Les femmes en science : Travailler sur la mission spatiale Athena<\/h3>\n\n\n\n<p class=\"has-black-color has-text-color\">\u00c0 l&rsquo;occasion de la Journ\u00e9e internationale des femmes et des filles dans la science, l&rsquo;\u00e9quipe Athena X-IFU de l&rsquo;IRAP  organise une rencontre avec des \u00e9l\u00e8ves du secondaire sur le th\u00e8me \u00ab\u00a0Les femmes en science : Travailler sur la mission spatiale Athena\u00a0\u00bb. Au cours de cette rencontre, plusieurs femmes scientifiques et ing\u00e9nieurs travaillant sur la mission Athena pr\u00e9senteront leurs exp\u00e9riences et leur r\u00f4le dans le d\u00e9veloppement d&rsquo;un instrument scientifique de haute technologie.<\/p>\n\n\n\n<p><mark style=\"background-color:rgba(0, 0, 0, 0)\" class=\"has-inline-color has-black-color\">Plus d&rsquo;information :<\/mark> <a rel=\"noreferrer noopener\" href=\"https:\/\/www.irap.omp.eu\/event\/femmes-en-science-travailler-sur-la-mission-spatiale-athena\/\" target=\"_blank\">https:\/\/www.irap.omp.eu\/event\/femmes-en-science-travailler-sur-la-mission-spatiale-athena\/<\/a><\/p>\n\n\n\n<hr class=\"wp-block-separator has-text-color has-background has-white-background-color has-white-color is-style-dots\"\/>\n\n\n\n<hr class=\"wp-block-separator is-style-wide\"\/>\n\n\n\n<h2>Contribution de l&rsquo;IFCA<\/h2>\n\n\n\n<div class=\"wp-block-media-text alignwide is-stacked-on-mobile\" style=\"grid-template-columns:39% auto\"><figure class=\"wp-block-media-text__media\"><img loading=\"lazy\" width=\"1024\" height=\"634\" src=\"http:\/\/xmm-ssc.irap.omp.eu\/xmm2athena\/wp-content\/uploads\/2022\/02\/FK-9xA5WQAEyKEL-1024x634.jpg\" alt=\"\" class=\"wp-image-2385 size-full\" srcset=\"http:\/\/xmm-ssc.irap.omp.eu\/xmm2athena\/wp-content\/uploads\/2022\/02\/FK-9xA5WQAEyKEL-1024x634.jpg 1024w, http:\/\/xmm-ssc.irap.omp.eu\/xmm2athena\/wp-content\/uploads\/2022\/02\/FK-9xA5WQAEyKEL-300x186.jpg 300w, http:\/\/xmm-ssc.irap.omp.eu\/xmm2athena\/wp-content\/uploads\/2022\/02\/FK-9xA5WQAEyKEL-768x475.jpg 768w, http:\/\/xmm-ssc.irap.omp.eu\/xmm2athena\/wp-content\/uploads\/2022\/02\/FK-9xA5WQAEyKEL-1536x950.jpg 1536w, http:\/\/xmm-ssc.irap.omp.eu\/xmm2athena\/wp-content\/uploads\/2022\/02\/FK-9xA5WQAEyKEL-2048x1267.jpg 2048w, http:\/\/xmm-ssc.irap.omp.eu\/xmm2athena\/wp-content\/uploads\/2022\/02\/FK-9xA5WQAEyKEL-1745x1080.jpg 1745w\" sizes=\"(max-width: 1024px) 100vw, 1024px\" \/><\/figure><div class=\"wp-block-media-text__content\">\n<h3>Rencontre avec des femmes scientifiques<\/h3>\n\n\n\n<p class=\"has-black-color has-text-color\"><mark style=\"background-color:rgba(0, 0, 0, 0)\" class=\"has-inline-color has-black-color\">Une rencontre en ligne entre \u00e9coliers et scientifiques sera organis\u00e9e le 11 f\u00e9vrier. Les \u00e9l\u00e8ves qui s&rsquo;inscriront \u00e0 cette activit\u00e9 auront \u00e0 leurs c\u00f4t\u00e9s une \u00e9quipe de femmes scientifiques issues de diff\u00e9rents domaines afin qu&rsquo;ils puissent leur poser des questions ou exprimer leurs pr\u00e9occupations.<br><\/mark><\/p>\n<\/div><\/div>\n\n\n\n<hr class=\"wp-block-separator has-text-color has-background has-white-background-color has-white-color is-style-dots\"\/>\n\n\n\n<hr class=\"wp-block-separator is-style-dots\"\/>\n\n\n\n<div class=\"wp-block-media-text alignwide is-stacked-on-mobile\" style=\"grid-template-columns:40% auto\"><figure class=\"wp-block-media-text__media\"><img loading=\"lazy\" width=\"1024\" height=\"576\" src=\"http:\/\/xmm-ssc.irap.omp.eu\/xmm2athena\/wp-content\/uploads\/2022\/02\/Cartel-Chatea-2022_1200x675-1024x576.png\" alt=\"\" class=\"wp-image-2383 size-full\" srcset=\"http:\/\/xmm-ssc.irap.omp.eu\/xmm2athena\/wp-content\/uploads\/2022\/02\/Cartel-Chatea-2022_1200x675-1024x576.png 1024w, http:\/\/xmm-ssc.irap.omp.eu\/xmm2athena\/wp-content\/uploads\/2022\/02\/Cartel-Chatea-2022_1200x675-300x169.png 300w, http:\/\/xmm-ssc.irap.omp.eu\/xmm2athena\/wp-content\/uploads\/2022\/02\/Cartel-Chatea-2022_1200x675-768x432.png 768w, http:\/\/xmm-ssc.irap.omp.eu\/xmm2athena\/wp-content\/uploads\/2022\/02\/Cartel-Chatea-2022_1200x675.png 1200w\" sizes=\"(max-width: 1024px) 100vw, 1024px\" \/><\/figure><div class=\"wp-block-media-text__content\">\n<h3>Conversation avec un astronome<\/h3>\n\n\n\n<p><mark style=\"background-color:rgba(0, 0, 0, 0)\" class=\"has-inline-color has-black-color\">Le 17 f\u00e9vrier 2022, de 10h \u00e0 22 h (heure de la p\u00e9ninsule ib\u00e9rique), la 5e \u00e9dition de l&rsquo;activit\u00e9 \u00ab\u00a0Chat avec un astronome\u00a0\u00bb aura lieu dans le cadre du 11 f\u00e9vrier : Journ\u00e9e internationale des femmes et des filles dans la science. Cette activit\u00e9 est organis\u00e9e par la Commission Femmes et Astronomie de la Soci\u00e9t\u00e9 Espagnole d&rsquo;Astronomie et la plateforme PureChat.<\/mark><\/p>\n\n\n\n<p class=\"has-black-color has-text-color\"><mark style=\"background-color:rgba(0, 0, 0, 0)\" class=\"has-inline-color has-black-color\">L&rsquo;objectif principal de \u00ab\u00a0Chat with an Astronomer\u00a0\u00bb est de rapprocher la science actuelle du grand public par le biais de ses protagonistes f\u00e9minins, donnant ainsi une visibilit\u00e9 \u00e0 leur pr\u00e9sence et \u00e0 leur pertinence. Le \u00ab\u00a0Chat avec un astronome\u00a0\u00bb est une activit\u00e9 de sensibilisation unique car elle est accessible \u00e0 toute personne disposant d&rsquo;une connexion internet, quel que soit l&rsquo;endroit o\u00f9 elle se trouve, et parce qu&rsquo;elle offre une plateforme de conversation directe et priv\u00e9e entre des astrophysiciens professionnels et le grand public.<\/mark><\/p>\n<\/div><\/div>\n\n\n\n<hr class=\"wp-block-separator has-text-color has-background has-white-background-color has-white-color is-style-dots\"\/>\n\n\n\n<hr class=\"wp-block-separator is-style-dots\"\/>\n\n\n\n<div class=\"wp-block-media-text alignwide is-stacked-on-mobile\" style=\"grid-template-columns:41% auto\"><figure class=\"wp-block-media-text__media\"><img loading=\"lazy\" width=\"1024\" height=\"493\" src=\"http:\/\/xmm-ssc.irap.omp.eu\/xmm2athena\/wp-content\/uploads\/2022\/02\/FOTOS-WEB-1024x493.png\" alt=\"\" class=\"wp-image-2389 size-full\" srcset=\"http:\/\/xmm-ssc.irap.omp.eu\/xmm2athena\/wp-content\/uploads\/2022\/02\/FOTOS-WEB-1024x493.png 1024w, http:\/\/xmm-ssc.irap.omp.eu\/xmm2athena\/wp-content\/uploads\/2022\/02\/FOTOS-WEB-300x144.png 300w, http:\/\/xmm-ssc.irap.omp.eu\/xmm2athena\/wp-content\/uploads\/2022\/02\/FOTOS-WEB-768x370.png 768w, http:\/\/xmm-ssc.irap.omp.eu\/xmm2athena\/wp-content\/uploads\/2022\/02\/FOTOS-WEB.png 1350w\" sizes=\"(max-width: 1024px) 100vw, 1024px\" \/><\/figure><div class=\"wp-block-media-text__content\">\n<h3>D\u00e9velopper la science<\/h3>\n\n\n\n<p class=\"has-black-color has-text-color\">Cette initiative permet aux lyc\u00e9es et aux \u00e9coles secondaires d&rsquo;inviter un chercheur de l&rsquo;IFCA \u00e0 donner un s\u00e9minaire sur divers domaines de la physique, en ligne ou sur place.<br>Lors des activit\u00e9s pr\u00e9vues pour la c\u00e9l\u00e9bration du 11 f\u00e9vrier, les conf\u00e9rences donn\u00e9es \u00e9taient les suivantes : Sur l&rsquo;\u00e9paule des g\u00e9ants (femmes) et Les femmes scientifiques au cin\u00e9ma et \u00e0 la t\u00e9l\u00e9vision.<\/p>\n<\/div><\/div>\n\n\n\n<hr class=\"wp-block-separator has-text-color has-background has-white-background-color has-white-color is-style-dots\"\/>\n\n\n\n<hr class=\"wp-block-separator is-style-dots\"\/>\n\n\n\n<div class=\"wp-block-media-text alignwide is-stacked-on-mobile\" style=\"grid-template-columns:40% auto\"><figure class=\"wp-block-media-text__media\"><img loading=\"lazy\" width=\"1024\" height=\"574\" src=\"http:\/\/xmm-ssc.irap.omp.eu\/xmm2athena\/wp-content\/uploads\/2022\/02\/claxson_low-1024x574.png\" alt=\"\" class=\"wp-image-2436 size-full\" srcset=\"http:\/\/xmm-ssc.irap.omp.eu\/xmm2athena\/wp-content\/uploads\/2022\/02\/claxson_low-1024x574.png 1024w, http:\/\/xmm-ssc.irap.omp.eu\/xmm2athena\/wp-content\/uploads\/2022\/02\/claxson_low-300x168.png 300w, http:\/\/xmm-ssc.irap.omp.eu\/xmm2athena\/wp-content\/uploads\/2022\/02\/claxson_low-768x430.png 768w, http:\/\/xmm-ssc.irap.omp.eu\/xmm2athena\/wp-content\/uploads\/2022\/02\/claxson_low.png 1404w\" sizes=\"(max-width: 1024px) 100vw, 1024px\" \/><\/figure><div class=\"wp-block-media-text__content\">\n<h3>Workshops<\/h3>\n\n\n\n<p><mark style=\"background-color:rgba(0, 0, 0, 0)\" class=\"has-inline-color has-black-color\">Cette initiative est ouverte au grand public. Pour en savoir plus sur les rayons X et sur la mani\u00e8re d&rsquo;aider la communaut\u00e9 scientifique, un atelier sera organis\u00e9 : L&rsquo;univers en rayons X : La science citoyenne avec CLAXSON<\/mark><\/p>\n<\/div><\/div>\n","protected":false},"excerpt":{"rendered":"<p>Pour c\u00e9l\u00e9brer la Journ\u00e9e internationale des femmes et des filles dans la science, l&rsquo;\u00e9quipe XMM2ATHENA a r\u00e9alis\u00e9 plusieurs activit\u00e9s. Vous pouvez les voir ci-dessous. Contribution d&rsquo;XMM2ATHENA XMM2Athena se joint aux c\u00e9l\u00e9brations de la Journ\u00e9e internationale des filles et des femmes en science dans le but de montrer les contributions des femmes \u00e0 la science et&hellip; <br \/> <a class=\"read-more\" href=\"http:\/\/xmm-ssc.irap.omp.eu\/xmm2athena\/fr\/11-fevrier-2022-la-contribution-de-lequipe-dxmm2athena\/\">Lire la suite<\/a><\/p>\n","protected":false},"author":2,"featured_media":0,"parent":0,"menu_order":0,"comment_status":"closed","ping_status":"closed","template":"","meta":{"_eb_attr":"","_mi_skip_tracking":false,"_monsterinsights_sitenote_active":false,"_monsterinsights_sitenote_note":"","_monsterinsights_sitenote_category":0},"_links":{"self":[{"href":"http:\/\/xmm-ssc.irap.omp.eu\/xmm2athena\/wp-json\/wp\/v2\/pages\/2468"}],"collection":[{"href":"http:\/\/xmm-ssc.irap.omp.eu\/xmm2athena\/wp-json\/wp\/v2\/pages"}],"about":[{"href":"http:\/\/xmm-ssc.irap.omp.eu\/xmm2athena\/wp-json\/wp\/v2\/types\/page"}],"author":[{"embeddable":true,"href":"http:\/\/xmm-ssc.irap.omp.eu\/xmm2athena\/wp-json\/wp\/v2\/users\/2"}],"replies":[{"embeddable":true,"href":"http:\/\/xmm-ssc.irap.omp.eu\/xmm2athena\/wp-json\/wp\/v2\/comments?post=2468"}],"version-history":[{"count":6,"href":"http:\/\/xmm-ssc.irap.omp.eu\/xmm2athena\/wp-json\/wp\/v2\/pages\/2468\/revisions"}],"predecessor-version":[{"id":4191,"href":"http:\/\/xmm-ssc.irap.omp.eu\/xmm2athena\/wp-json\/wp\/v2\/pages\/2468\/revisions\/4191"}],"wp:attachment":[{"href":"http:\/\/xmm-ssc.irap.omp.eu\/xmm2athena\/wp-json\/wp\/v2\/media?parent=2468"}],"curies":[{"name":"wp","href":"https:\/\/api.w.org\/{rel}","templated":true}]}}