{"id":2408,"date":"2022-02-09T11:31:55","date_gmt":"2022-02-09T11:31:55","guid":{"rendered":"http:\/\/xmm-ssc.irap.omp.eu\/xmm2athena\/?page_id=2408"},"modified":"2022-03-10T09:56:23","modified_gmt":"2022-03-10T09:56:23","slug":"11-feb-2022-contribuciones-del-equipo-de-xmm2athena","status":"publish","type":"page","link":"http:\/\/xmm-ssc.irap.omp.eu\/xmm2athena\/es\/11-feb-2022-contribuciones-del-equipo-de-xmm2athena\/","title":{"rendered":"11 Feb 2022: contribuciones del equipo de XMM2ATHENA"},"content":{"rendered":"\n<p><span class=\"has-inline-color has-black-color\">Para celebrar el D\u00eda Internacional de la Mujer y la Ni\u00f1a en la Ciencia el equipo de XMM2ATHENA ha llevado a cabo diversas actividades, las cuales se pueden ver aqu\u00ed: <\/span><\/p>\n\n\n\n<h2>Contribuci\u00f3n de XMM2ATHENA <\/h2>\n\n\n\n<div class=\"wp-block-media-text alignwide is-stacked-on-mobile\" style=\"grid-template-columns:39% auto\"><figure class=\"wp-block-media-text__media\"><img loading=\"lazy\" width=\"960\" height=\"560\" src=\"http:\/\/xmm-ssc.irap.omp.eu\/xmm2athena\/wp-content\/uploads\/2022\/02\/haiku_def.png\" alt=\"\" class=\"wp-image-2374 size-full\" srcset=\"http:\/\/xmm-ssc.irap.omp.eu\/xmm2athena\/wp-content\/uploads\/2022\/02\/haiku_def.png 960w, http:\/\/xmm-ssc.irap.omp.eu\/xmm2athena\/wp-content\/uploads\/2022\/02\/haiku_def-300x175.png 300w, http:\/\/xmm-ssc.irap.omp.eu\/xmm2athena\/wp-content\/uploads\/2022\/02\/haiku_def-768x448.png 768w\" sizes=\"(max-width: 960px) 100vw, 960px\" \/><\/figure><div class=\"wp-block-media-text__content\">\n<p><\/p>\n\n\n\n<p><span class=\"has-inline-color has-black-color\">XMM2Athena se suma a las celebraciones del <a rel=\"noreferrer noopener\" href=\"https:\/\/www.un.org\/en\/observances\/women-and-girls-in-science-day\" target=\"_blank\">D\u00eda Internacional de la Ni\u00f1a y la Mujer en la Ciencia<\/a> con el objetivo de mostrar las contribuciones de las mujeres a la ciencia y, en particular, al campo de la astronom\u00eda y la astrof\u00edsica.<\/span><\/p>\n\n\n\n<p><span class=\"has-inline-color has-black-color\">Este a\u00f1o presentamos una iniciativa internacional conjunta de <a href=\"https:\/\/www.the-athena-x-ray-observatory.eu\/resources\/presentations\/36-resources\/presentations\/468-athena-community-office.html\">Athena Community Office<\/a>, el proyecto <a rel=\"noreferrer noopener\" href=\"http:\/\/xmm-ssc.irap.omp.eu\/xmm2athena\/\" target=\"_blank\">XMM2Athena<\/a>, los consorcios <a rel=\"noreferrer noopener\" href=\"http:\/\/x-ifu.irap.omp.eu\/\" target=\"_blank\">X-IFU<\/a> y <a rel=\"noreferrer noopener\" href=\"https:\/\/www.mpe.mpg.de\/ATHENA-WFI\/\" target=\"_blank\">WFI<\/a> y el proyecto <a rel=\"noreferrer noopener\" href=\"http:\/\/ahead.astro.noa.gr\/\" target=\"_blank\">AHEAD2020<\/a> lanzando una convocatoria de AstroSciku. Un AstroSciku es una adaptaci\u00f3n de la forma de poema japon\u00e9s haiku, buscando la misma sencillez y captura del momento, pero enfocado a la astronom\u00eda y, para este concurso, con perspectiva de g\u00e9nero. Aunque existen diversas variantes de los Scikus, seguiremos el tradicional de 3 l\u00edneas, escrito en ingl\u00e9s con estructura sil\u00e1bica 5-7-5 y sin rimas (\u00a1mira el <a rel=\"noreferrer noopener\" href=\"https:\/\/twitter.com\/thescikuproject?ref_src=twsrc%5Egoogle%7Ctwcamp%5Eserp%7Ctwgr%5Eauthor\" target=\"_blank\">Twitter<\/a> y la<a rel=\"noreferrer noopener\" href=\"https:\/\/thescikuproject.com\/about\/sciku-writing-tips\/#ScikuWritingInAction\" target=\"_blank\"> web del proyecto Sciku<\/a> para obtener ayuda e ideas!) Los participantes deber\u00e1n inspirarse en descubrimientos o investigaciones realizadas por mujeres astr\u00f3nomas y astrof\u00edsicas (de todos los tiempos) para crear su AstroSciku. Cada AstroSciku debe ser original y contener, adem\u00e1s de los 3 versos, un t\u00edtulo relacionado con la cient\u00edfica a la que se refiere o con el contexto. Se valorar\u00e1n especialmente los temas sobre astrof\u00edsica de altas energ\u00edas.<\/span><\/p>\n<\/div><\/div>\n\n\n\n<hr class=\"wp-block-separator has-text-color has-background has-white-background-color has-white-color is-style-dots\"\/>\n\n\n\n<div class=\"wp-container-1 wp-block-buttons is-content-justification-center\">\n<div class=\"wp-block-button is-style-outline\"><a class=\"wp-block-button__link has-text-color\" href=\"http:\/\/xmm-ssc.irap.omp.eu\/xmm2athena\/astroscikus\/\" style=\"color:#d12e7e\" target=\"_blank\" rel=\"noreferrer noopener\">Ver los AstroScikus<\/a><\/div>\n<\/div>\n\n\n\n<hr class=\"wp-block-separator has-text-color has-background has-white-background-color has-white-color is-style-dots\"\/>\n\n\n\n<hr class=\"wp-block-separator is-style-wide\"\/>\n\n\n\n<h2>Contribuciones del IRAP <\/h2>\n\n\n\n<h3>Mujeres en la Ciencia: Trabajando en la misi\u00f3n espacial  Athena <\/h3>\n\n\n\n<p><span class=\"has-inline-color has-black-color\">Con motivo del D\u00eda Internacional de la Mujer y la Ni\u00f1a en la Ciencia, el equipo del IRAP Athena X-IFU organiza un encuentro con estudiantes de secundaria sobre el tema \u00ab\u00a0Mujeres en la ciencia: trabajando en la misi\u00f3n espacial Athena\u00a0\u00bb. Durante esta reuni\u00f3n, varias cient\u00edficas e ingenieras que trabajan en la misi\u00f3n Athena presentar\u00e1n su trayectoria y su papel en el desarrollo de un instrumento cient\u00edfico de alta tecnolog\u00eda.<\/span><\/p>\n\n\n\n<p><span class=\"has-inline-color has-black-color\">M\u00e1s informaci\u00f3n:<\/span> <a rel=\"noreferrer noopener\" href=\"https:\/\/www.irap.omp.eu\/event\/femmes-en-science-travailler-sur-la-mission-spatiale-athena\/\" target=\"_blank\">https:\/\/www.irap.omp.eu\/event\/femmes-en-science-travailler-sur-la-mission-spatiale-athena\/<\/a><\/p>\n\n\n\n<hr class=\"wp-block-separator has-text-color has-background has-white-background-color has-white-color is-style-dots\"\/>\n\n\n\n<hr class=\"wp-block-separator is-style-wide\"\/>\n\n\n\n<h2>Contribuci\u00f3n del IFCA <\/h2>\n\n\n\n<div class=\"wp-block-media-text alignwide is-stacked-on-mobile\" style=\"grid-template-columns:39% auto\"><figure class=\"wp-block-media-text__media\"><img loading=\"lazy\" width=\"1024\" height=\"634\" src=\"http:\/\/xmm-ssc.irap.omp.eu\/xmm2athena\/wp-content\/uploads\/2022\/02\/FK-9xA5WQAEyKEL-1024x634.jpg\" alt=\"\" class=\"wp-image-2385 size-full\" srcset=\"http:\/\/xmm-ssc.irap.omp.eu\/xmm2athena\/wp-content\/uploads\/2022\/02\/FK-9xA5WQAEyKEL-1024x634.jpg 1024w, http:\/\/xmm-ssc.irap.omp.eu\/xmm2athena\/wp-content\/uploads\/2022\/02\/FK-9xA5WQAEyKEL-300x186.jpg 300w, http:\/\/xmm-ssc.irap.omp.eu\/xmm2athena\/wp-content\/uploads\/2022\/02\/FK-9xA5WQAEyKEL-768x475.jpg 768w, http:\/\/xmm-ssc.irap.omp.eu\/xmm2athena\/wp-content\/uploads\/2022\/02\/FK-9xA5WQAEyKEL-1536x950.jpg 1536w, http:\/\/xmm-ssc.irap.omp.eu\/xmm2athena\/wp-content\/uploads\/2022\/02\/FK-9xA5WQAEyKEL-2048x1267.jpg 2048w, http:\/\/xmm-ssc.irap.omp.eu\/xmm2athena\/wp-content\/uploads\/2022\/02\/FK-9xA5WQAEyKEL-1745x1080.jpg 1745w\" sizes=\"(max-width: 1024px) 100vw, 1024px\" \/><\/figure><div class=\"wp-block-media-text__content\">\n<h3>II Encuentro con Cient\u00edficas<\/h3>\n\n\n\n<p><span class=\"has-inline-color has-black-color\">El 11 de febrero se organizar\u00e1 un encuentro online entre escolares y cient\u00edficas. Los alumnos que se inscriban en la actividad tendr\u00e1n a su lado a un equipo de cient\u00edficas de diferentes \u00e1mbitos para que puedan plantearles sus preguntas o expresar sus inquietudes.<br><br><\/span><\/p>\n<\/div><\/div>\n\n\n\n<hr class=\"wp-block-separator has-text-color has-background has-white-background-color has-white-color is-style-dots\"\/>\n\n\n\n<hr class=\"wp-block-separator is-style-dots\"\/>\n\n\n\n<div class=\"wp-block-media-text alignwide is-stacked-on-mobile\" style=\"grid-template-columns:40% auto\"><figure class=\"wp-block-media-text__media\"><img loading=\"lazy\" width=\"1024\" height=\"576\" src=\"http:\/\/xmm-ssc.irap.omp.eu\/xmm2athena\/wp-content\/uploads\/2022\/02\/Cartel-Chatea-2022_1200x675-1024x576.png\" alt=\"\" class=\"wp-image-2383 size-full\" srcset=\"http:\/\/xmm-ssc.irap.omp.eu\/xmm2athena\/wp-content\/uploads\/2022\/02\/Cartel-Chatea-2022_1200x675-1024x576.png 1024w, http:\/\/xmm-ssc.irap.omp.eu\/xmm2athena\/wp-content\/uploads\/2022\/02\/Cartel-Chatea-2022_1200x675-300x169.png 300w, http:\/\/xmm-ssc.irap.omp.eu\/xmm2athena\/wp-content\/uploads\/2022\/02\/Cartel-Chatea-2022_1200x675-768x432.png 768w, http:\/\/xmm-ssc.irap.omp.eu\/xmm2athena\/wp-content\/uploads\/2022\/02\/Cartel-Chatea-2022_1200x675.png 1200w\" sizes=\"(max-width: 1024px) 100vw, 1024px\" \/><\/figure><div class=\"wp-block-media-text__content\">\n<h3>Chatea con una Astr\u00f3noma<\/h3>\n\n\n\n<p><span class=\"has-inline-color has-black-color\">El pr\u00f3ximo 17 de febrero de 2022, de 10 de la ma\u00f1ana a 10 de la noche (horario de la Pen\u00ednsula Ib\u00e9rica), tendr\u00e1 lugar la V edici\u00f3n de la actividad \u00ab\u00a0Chatea con una Astr\u00f3noma\u00a0\u00bb en el marco del 11 de febrero: D\u00eda Internacional de la Mujer y la Ni\u00f1a en Ciencia. Esta actividad est\u00e1 organizada por la Comisi\u00f3n Mujer y Astronom\u00eda de la Sociedad Espa\u00f1ola de Astronom\u00eda y por la plataforma PureChat.<\/span><\/p>\n\n\n\n<p><span class=\"has-inline-color has-black-color\">El objetivo principal de \u00ab\u00a0Chatea con una Astr\u00f3noma\u00a0\u00bb es acercar la ciencia actual al p\u00fablico general de mano de sus protagonistas femeninas, dando as\u00ed visibilidad a su presencia y relevancia. \u00ab\u00a0Chatea con una Astr\u00f3noma\u00a0\u00bb es una actividad de divulgaci\u00f3n \u00fanica pues est\u00e1 al alcance de cualquiera que disponga de conexi\u00f3n a internet, independientemente de lo remota que sea su localizaci\u00f3n, y porque proporciona una plataforma directa y privada de conversaci\u00f3n entre las astrof\u00edsicas profesionales y el p\u00fablico general.<\/span><\/p>\n<\/div><\/div>\n\n\n\n<hr class=\"wp-block-separator has-text-color has-background has-white-background-color has-white-color is-style-dots\"\/>\n\n\n\n<hr class=\"wp-block-separator is-style-dots\"\/>\n\n\n\n<div class=\"wp-block-media-text alignwide is-stacked-on-mobile\" style=\"grid-template-columns:41% auto\"><figure class=\"wp-block-media-text__media\"><img loading=\"lazy\" width=\"1024\" height=\"493\" src=\"http:\/\/xmm-ssc.irap.omp.eu\/xmm2athena\/wp-content\/uploads\/2022\/02\/FOTOS-WEB-1024x493.png\" alt=\"\" class=\"wp-image-2389 size-full\" srcset=\"http:\/\/xmm-ssc.irap.omp.eu\/xmm2athena\/wp-content\/uploads\/2022\/02\/FOTOS-WEB-1024x493.png 1024w, http:\/\/xmm-ssc.irap.omp.eu\/xmm2athena\/wp-content\/uploads\/2022\/02\/FOTOS-WEB-300x144.png 300w, http:\/\/xmm-ssc.irap.omp.eu\/xmm2athena\/wp-content\/uploads\/2022\/02\/FOTOS-WEB-768x370.png 768w, http:\/\/xmm-ssc.irap.omp.eu\/xmm2athena\/wp-content\/uploads\/2022\/02\/FOTOS-WEB.png 1350w\" sizes=\"(max-width: 1024px) 100vw, 1024px\" \/><\/figure><div class=\"wp-block-media-text__content\">\n<h3>Expandiendo la Ciencia<\/h3>\n\n\n\n<p><span class=\"has-inline-color has-black-color\">Esta iniciativa permite a los institutos y centros de ense\u00f1anza secundaria contar con un investigador del IFCA que imparta un seminario sobre diversos campos de la f\u00edsica, ya sea online o presencialmente.<\/span><br><span class=\"has-inline-color has-black-color\">Durante las actividades programadas para la celebraci\u00f3n del 11 de febrero, las charlas impartidas fueron: A hombros de GigantAs y Cient\u00edficas del cine y la TV.<\/span><\/p>\n<\/div><\/div>\n\n\n\n<hr class=\"wp-block-separator has-text-color has-background has-white-background-color has-white-color is-style-dots\"\/>\n\n\n\n<hr class=\"wp-block-separator is-style-dots\"\/>\n\n\n\n<div class=\"wp-block-media-text alignwide is-stacked-on-mobile\" style=\"grid-template-columns:40% auto\"><figure class=\"wp-block-media-text__media\"><img loading=\"lazy\" width=\"1024\" height=\"574\" src=\"http:\/\/xmm-ssc.irap.omp.eu\/xmm2athena\/wp-content\/uploads\/2022\/02\/claxson_low-1-1024x574.png\" alt=\"\" class=\"wp-image-2438 size-full\" srcset=\"http:\/\/xmm-ssc.irap.omp.eu\/xmm2athena\/wp-content\/uploads\/2022\/02\/claxson_low-1-1024x574.png 1024w, http:\/\/xmm-ssc.irap.omp.eu\/xmm2athena\/wp-content\/uploads\/2022\/02\/claxson_low-1-300x168.png 300w, http:\/\/xmm-ssc.irap.omp.eu\/xmm2athena\/wp-content\/uploads\/2022\/02\/claxson_low-1-768x430.png 768w, http:\/\/xmm-ssc.irap.omp.eu\/xmm2athena\/wp-content\/uploads\/2022\/02\/claxson_low-1.png 1404w\" sizes=\"(max-width: 1024px) 100vw, 1024px\" \/><\/figure><div class=\"wp-block-media-text__content\">\n<h3>Talleres<\/h3>\n\n\n\n<p><span class=\"has-inline-color has-black-color\">Esta iniciativa est\u00e1 abierta al p\u00fablico en general. Para saber m\u00e1s sobre los rayos X y c\u00f3mo ayudar a la comunidad cient\u00edfica, se celebrar\u00e1 el taller: Universo en rayos X: ciencia ciudadana con CLAXSON<\/span><\/p>\n<\/div><\/div>\n\n\n\n<p><\/p>\n","protected":false},"excerpt":{"rendered":"<p>Para celebrar el D\u00eda Internacional de la Mujer y la Ni\u00f1a en la Ciencia el equipo de XMM2ATHENA ha llevado a cabo diversas actividades, las cuales se pueden ver aqu\u00ed: Contribuci\u00f3n de XMM2ATHENA XMM2Athena se suma a las celebraciones del D\u00eda Internacional de la Ni\u00f1a y la Mujer en la Ciencia con el objetivo de&hellip; <br \/> <a class=\"read-more\" href=\"http:\/\/xmm-ssc.irap.omp.eu\/xmm2athena\/es\/11-feb-2022-contribuciones-del-equipo-de-xmm2athena\/\">Lire la suite<\/a><\/p>\n","protected":false},"author":5,"featured_media":0,"parent":0,"menu_order":0,"comment_status":"closed","ping_status":"closed","template":"","meta":{"_eb_attr":"","_mi_skip_tracking":false,"_monsterinsights_sitenote_active":false,"_monsterinsights_sitenote_note":"","_monsterinsights_sitenote_category":0},"_links":{"self":[{"href":"http:\/\/xmm-ssc.irap.omp.eu\/xmm2athena\/wp-json\/wp\/v2\/pages\/2408"}],"collection":[{"href":"http:\/\/xmm-ssc.irap.omp.eu\/xmm2athena\/wp-json\/wp\/v2\/pages"}],"about":[{"href":"http:\/\/xmm-ssc.irap.omp.eu\/xmm2athena\/wp-json\/wp\/v2\/types\/page"}],"author":[{"embeddable":true,"href":"http:\/\/xmm-ssc.irap.omp.eu\/xmm2athena\/wp-json\/wp\/v2\/users\/5"}],"replies":[{"embeddable":true,"href":"http:\/\/xmm-ssc.irap.omp.eu\/xmm2athena\/wp-json\/wp\/v2\/comments?post=2408"}],"version-history":[{"count":11,"href":"http:\/\/xmm-ssc.irap.omp.eu\/xmm2athena\/wp-json\/wp\/v2\/pages\/2408\/revisions"}],"predecessor-version":[{"id":2657,"href":"http:\/\/xmm-ssc.irap.omp.eu\/xmm2athena\/wp-json\/wp\/v2\/pages\/2408\/revisions\/2657"}],"wp:attachment":[{"href":"http:\/\/xmm-ssc.irap.omp.eu\/xmm2athena\/wp-json\/wp\/v2\/media?parent=2408"}],"curies":[{"name":"wp","href":"https:\/\/api.w.org\/{rel}","templated":true}]}}