{"id":2363,"date":"2022-02-07T12:01:45","date_gmt":"2022-02-07T12:01:45","guid":{"rendered":"http:\/\/xmm-ssc.irap.omp.eu\/xmm2athena\/?page_id=2363"},"modified":"2023-04-06T12:11:30","modified_gmt":"2023-04-06T12:11:30","slug":"kahoot-2","status":"publish","type":"page","link":"http:\/\/xmm-ssc.irap.omp.eu\/xmm2athena\/fr\/kahoot-2\/","title":{"rendered":"Kahoot"},"content":{"rendered":"\n<p class=\"has-black-color has-text-color\">Vous trouverez ici plusieurs Kahoots (en anglais) li\u00e9s \u00e0 l&rsquo;astronomie, qui ont \u00e9t\u00e9 r\u00e9alis\u00e9s par les membres de notre \u00e9quipe.<br>Ils sont tous publics, vous pouvez donc en profiter quand vous le souhaitez<\/p>\n\n\n\n<p class=\"has-black-color has-text-color\">Pour pouvoir jouer, vous devez avoir pr\u00e9alablement cr\u00e9e un compte sur <a href=\"https:\/\/kahoot.com\" target=\"_blank\" rel=\"noreferrer noopener\">https:\/\/kahoot.com <\/a><\/p>\n\n\n\n<hr class=\"wp-block-separator has-text-color has-background has-white-background-color has-white-color is-style-dots\"\/>\n\n\n\n<div class=\"wp-block-columns\">\n<div class=\"wp-block-column\">\n<figure class=\"wp-block-image size-large is-style-rounded\"><a href=\"https:\/\/create.kahoot.it\/share\/scales-in-the-solar-system-6-to-12-years\/6c992b69-5bf5-425a-9d3e-5dad8593be98\" target=\"_blank\" rel=\"noopener\"><img loading=\"lazy\" width=\"1024\" height=\"534\" src=\"http:\/\/xmm-ssc.irap.omp.eu\/xmm2athena\/wp-content\/uploads\/2022\/02\/foto_web_sistemasolar-1024x534.png\" alt=\"\" class=\"wp-image-2322\" srcset=\"http:\/\/xmm-ssc.irap.omp.eu\/xmm2athena\/wp-content\/uploads\/2022\/02\/foto_web_sistemasolar-1024x534.png 1024w, http:\/\/xmm-ssc.irap.omp.eu\/xmm2athena\/wp-content\/uploads\/2022\/02\/foto_web_sistemasolar-300x156.png 300w, http:\/\/xmm-ssc.irap.omp.eu\/xmm2athena\/wp-content\/uploads\/2022\/02\/foto_web_sistemasolar-768x401.png 768w, http:\/\/xmm-ssc.irap.omp.eu\/xmm2athena\/wp-content\/uploads\/2022\/02\/foto_web_sistemasolar-1536x801.png 1536w, http:\/\/xmm-ssc.irap.omp.eu\/xmm2athena\/wp-content\/uploads\/2022\/02\/foto_web_sistemasolar.png 1848w\" sizes=\"(max-width: 1024px) 100vw, 1024px\" \/><\/a><\/figure>\n\n\n\n<p class=\"has-text-align-center has-text-color\" style=\"color:#d12e7e;font-size:26px\"><strong><strong>Les \u00e9chelles dans le syst\u00e8me solaire (6 \u00e0 12 ans)<\/strong><\/strong><\/p>\n<\/div>\n\n\n\n<div class=\"wp-block-column\" style=\"flex-basis:5%\"><\/div>\n\n\n\n<div class=\"wp-block-column\">\n<figure class=\"wp-block-image size-large is-style-rounded\"><a href=\"https:\/\/create.kahoot.it\/share\/the-universe-at-scale\/b3305684-e7ce-4f9e-b75d-8b639686e231\" target=\"_blank\" rel=\"noopener\"><img loading=\"lazy\" width=\"478\" height=\"270\" src=\"http:\/\/xmm-ssc.irap.omp.eu\/xmm2athena\/wp-content\/uploads\/2022\/02\/planck_universo-478x270-1.jpg\" alt=\"\" class=\"wp-image-2321\" srcset=\"http:\/\/xmm-ssc.irap.omp.eu\/xmm2athena\/wp-content\/uploads\/2022\/02\/planck_universo-478x270-1.jpg 478w, http:\/\/xmm-ssc.irap.omp.eu\/xmm2athena\/wp-content\/uploads\/2022\/02\/planck_universo-478x270-1-300x169.jpg 300w\" sizes=\"(max-width: 478px) 100vw, 478px\" \/><\/a><\/figure>\n\n\n\n<p class=\"has-text-align-center has-text-color\" style=\"color:#d12e7e;font-size:26px\"><strong><strong>L&rsquo;Univers \u00e0 l&rsquo;\u00e9chelle<\/strong><\/strong><\/p>\n<\/div>\n\n\n\n<div class=\"wp-block-column\" style=\"flex-basis:5%\"><\/div>\n\n\n\n<div class=\"wp-block-column\">\n<figure class=\"wp-block-image size-large is-style-rounded\"><a href=\"https:\/\/create.kahoot.it\/share\/the-x-ray-universe\/f89c998c-bfbf-4847-bc3e-1fae994d9fb8\" target=\"_blank\" rel=\"noopener\"><img loading=\"lazy\" width=\"960\" height=\"560\" src=\"http:\/\/xmm-ssc.irap.omp.eu\/xmm2athena\/wp-content\/uploads\/2022\/02\/Slide3-2.png\" alt=\"\" class=\"wp-image-2458\" srcset=\"http:\/\/xmm-ssc.irap.omp.eu\/xmm2athena\/wp-content\/uploads\/2022\/02\/Slide3-2.png 960w, http:\/\/xmm-ssc.irap.omp.eu\/xmm2athena\/wp-content\/uploads\/2022\/02\/Slide3-2-300x175.png 300w, http:\/\/xmm-ssc.irap.omp.eu\/xmm2athena\/wp-content\/uploads\/2022\/02\/Slide3-2-768x448.png 768w\" sizes=\"(max-width: 960px) 100vw, 960px\" \/><\/a><\/figure>\n\n\n\n<p class=\"has-text-align-center has-text-color\" style=\"color:#d12e7e;font-size:26px\"><strong>L&rsquo;univers des rayons X<\/strong><\/p>\n<\/div>\n<\/div>\n","protected":false},"excerpt":{"rendered":"<p>Vous trouverez ici plusieurs Kahoots (en anglais) li\u00e9s \u00e0 l&rsquo;astronomie, qui ont \u00e9t\u00e9 r\u00e9alis\u00e9s par les membres de notre \u00e9quipe.Ils sont tous publics, vous pouvez donc en profiter quand vous le souhaitez Pour pouvoir jouer, vous devez avoir pr\u00e9alablement cr\u00e9e un compte sur https:\/\/kahoot.com Les \u00e9chelles dans le syst\u00e8me solaire (6 \u00e0 12 ans) L&rsquo;Univers&hellip; <br \/> <a class=\"read-more\" href=\"http:\/\/xmm-ssc.irap.omp.eu\/xmm2athena\/fr\/kahoot-2\/\">Lire la suite<\/a><\/p>\n","protected":false},"author":2,"featured_media":0,"parent":0,"menu_order":0,"comment_status":"closed","ping_status":"closed","template":"","meta":{"_eb_attr":"","_mi_skip_tracking":false,"_monsterinsights_sitenote_active":false,"_monsterinsights_sitenote_note":"","_monsterinsights_sitenote_category":0},"_links":{"self":[{"href":"http:\/\/xmm-ssc.irap.omp.eu\/xmm2athena\/wp-json\/wp\/v2\/pages\/2363"}],"collection":[{"href":"http:\/\/xmm-ssc.irap.omp.eu\/xmm2athena\/wp-json\/wp\/v2\/pages"}],"about":[{"href":"http:\/\/xmm-ssc.irap.omp.eu\/xmm2athena\/wp-json\/wp\/v2\/types\/page"}],"author":[{"embeddable":true,"href":"http:\/\/xmm-ssc.irap.omp.eu\/xmm2athena\/wp-json\/wp\/v2\/users\/2"}],"replies":[{"embeddable":true,"href":"http:\/\/xmm-ssc.irap.omp.eu\/xmm2athena\/wp-json\/wp\/v2\/comments?post=2363"}],"version-history":[{"count":7,"href":"http:\/\/xmm-ssc.irap.omp.eu\/xmm2athena\/wp-json\/wp\/v2\/pages\/2363\/revisions"}],"predecessor-version":[{"id":4344,"href":"http:\/\/xmm-ssc.irap.omp.eu\/xmm2athena\/wp-json\/wp\/v2\/pages\/2363\/revisions\/4344"}],"wp:attachment":[{"href":"http:\/\/xmm-ssc.irap.omp.eu\/xmm2athena\/wp-json\/wp\/v2\/media?parent=2363"}],"curies":[{"name":"wp","href":"https:\/\/api.w.org\/{rel}","templated":true}]}}