{"id":2317,"date":"2022-02-03T11:53:44","date_gmt":"2022-02-03T11:53:44","guid":{"rendered":"http:\/\/xmm-ssc.irap.omp.eu\/xmm2athena\/?page_id=2317"},"modified":"2022-02-10T11:43:31","modified_gmt":"2022-02-10T11:43:31","slug":"kahoot_esp","status":"publish","type":"page","link":"http:\/\/xmm-ssc.irap.omp.eu\/xmm2athena\/es\/kahoot_esp\/","title":{"rendered":"Kahoots"},"content":{"rendered":"\n<p><span class=\"has-inline-color has-black-color\">Aqu\u00ed vais a encontrar diversos Kahoots relacionados con la astronom\u00eda, los cuales han sido hechos por miembros de nuestro equipo.<br>Son todos p\u00fablicos para que puedas disfrutar de ellos siempre que lo desees.<\/span><\/p>\n\n\n\n<p><span class=\"has-inline-color has-black-color\">Para poder jugar tienes que tener previamente una cuenta creada en <a rel=\"noreferrer noopener\" href=\"https:\/\/kahoot.com\" target=\"_blank\">https:\/\/kahoot.com<\/a><\/span><\/p>\n\n\n\n<hr class=\"wp-block-separator has-text-color has-background has-white-background-color has-white-color is-style-dots\"\/>\n\n\n\n<div class=\"wp-block-columns\">\n<div class=\"wp-block-column\">\n<figure class=\"wp-block-image size-large is-style-rounded\"><a href=\"https:\/\/create.kahoot.it\/share\/el-universo-en-escala\/36b91eed-0355-4754-9d45-40db8633c3d4\" target=\"_blank\" rel=\"noopener\"><img loading=\"lazy\" width=\"478\" height=\"270\" src=\"http:\/\/xmm-ssc.irap.omp.eu\/xmm2athena\/wp-content\/uploads\/2022\/02\/planck_universo-478x270-1.jpg\" alt=\"\" class=\"wp-image-2321\" srcset=\"http:\/\/xmm-ssc.irap.omp.eu\/xmm2athena\/wp-content\/uploads\/2022\/02\/planck_universo-478x270-1.jpg 478w, http:\/\/xmm-ssc.irap.omp.eu\/xmm2athena\/wp-content\/uploads\/2022\/02\/planck_universo-478x270-1-300x169.jpg 300w\" sizes=\"(max-width: 478px) 100vw, 478px\" \/><\/a><\/figure>\n\n\n\n<p class=\"has-text-align-center has-text-color\" style=\"color:#d12e7e;font-size:26px\"><strong>El Univeso en Escala<\/strong> <br><\/p>\n<\/div>\n\n\n\n<div class=\"wp-block-column\" style=\"flex-basis:5%\"><\/div>\n\n\n\n<div class=\"wp-block-column\">\n<figure class=\"wp-block-image size-large is-style-rounded\"><a href=\"https:\/\/create.kahoot.it\/share\/escalas-en-el-sistema-solar-6-a-12-anos\/399b4a8d-aeaa-4ce1-8de9-7eae0a846abb\" target=\"_blank\" rel=\"noopener\"><img loading=\"lazy\" width=\"1024\" height=\"534\" src=\"http:\/\/xmm-ssc.irap.omp.eu\/xmm2athena\/wp-content\/uploads\/2022\/02\/foto_web_sistemasolar-1024x534.png\" alt=\"\" class=\"wp-image-2322\" srcset=\"http:\/\/xmm-ssc.irap.omp.eu\/xmm2athena\/wp-content\/uploads\/2022\/02\/foto_web_sistemasolar-1024x534.png 1024w, http:\/\/xmm-ssc.irap.omp.eu\/xmm2athena\/wp-content\/uploads\/2022\/02\/foto_web_sistemasolar-300x156.png 300w, http:\/\/xmm-ssc.irap.omp.eu\/xmm2athena\/wp-content\/uploads\/2022\/02\/foto_web_sistemasolar-768x401.png 768w, http:\/\/xmm-ssc.irap.omp.eu\/xmm2athena\/wp-content\/uploads\/2022\/02\/foto_web_sistemasolar-1536x801.png 1536w, http:\/\/xmm-ssc.irap.omp.eu\/xmm2athena\/wp-content\/uploads\/2022\/02\/foto_web_sistemasolar.png 1848w\" sizes=\"(max-width: 1024px) 100vw, 1024px\" \/><\/a><\/figure>\n\n\n\n<p class=\"has-text-align-center has-text-color\" style=\"color:#d12e7e;font-size:26px\"><strong>Escalas en el Sistema Solar (6 a 12 a\u00f1os)<\/strong><\/p>\n<\/div>\n\n\n\n<div class=\"wp-block-column\" style=\"flex-basis:5%\"><\/div>\n\n\n\n<div class=\"wp-block-column\">\n<figure class=\"wp-block-image size-large is-style-rounded\"><a href=\"https:\/\/create.kahoot.it\/share\/el-universo-en-rayos-x\/97951efe-9efe-4e4a-b625-e5c5d2b20e3c\" target=\"_blank\" rel=\"noopener\"><img loading=\"lazy\" width=\"960\" height=\"560\" src=\"http:\/\/xmm-ssc.irap.omp.eu\/xmm2athena\/wp-content\/uploads\/2022\/02\/Slide3-1.png\" alt=\"\" class=\"wp-image-2453\" srcset=\"http:\/\/xmm-ssc.irap.omp.eu\/xmm2athena\/wp-content\/uploads\/2022\/02\/Slide3-1.png 960w, http:\/\/xmm-ssc.irap.omp.eu\/xmm2athena\/wp-content\/uploads\/2022\/02\/Slide3-1-300x175.png 300w, http:\/\/xmm-ssc.irap.omp.eu\/xmm2athena\/wp-content\/uploads\/2022\/02\/Slide3-1-768x448.png 768w\" sizes=\"(max-width: 960px) 100vw, 960px\" \/><\/a><\/figure>\n\n\n\n<p class=\"has-text-align-center has-text-color\" style=\"color:#d12e7e;font-size:26px\"><strong>El Universo en Rayos-X<\/strong><\/p>\n<\/div>\n<\/div>\n\n\n\n<hr class=\"wp-block-separator has-text-color has-background has-white-background-color has-white-color is-style-dots\"\/>\n\n\n\n<div class=\"wp-block-columns\">\n<div class=\"wp-block-column\">\n<figure class=\"wp-block-image size-large is-style-rounded\"><a href=\"https:\/\/create.kahoot.it\/share\/agujeros-negros-v2\/710885f6-9ba1-4801-8746-1d29dce5d443\" target=\"_blank\" rel=\"noopener\"><img loading=\"lazy\" width=\"1024\" height=\"725\" src=\"http:\/\/xmm-ssc.irap.omp.eu\/xmm2athena\/wp-content\/uploads\/2022\/02\/agujeros_negros_low-1024x725.png\" alt=\"\" class=\"wp-image-2462\" srcset=\"http:\/\/xmm-ssc.irap.omp.eu\/xmm2athena\/wp-content\/uploads\/2022\/02\/agujeros_negros_low-1024x725.png 1024w, http:\/\/xmm-ssc.irap.omp.eu\/xmm2athena\/wp-content\/uploads\/2022\/02\/agujeros_negros_low-300x213.png 300w, http:\/\/xmm-ssc.irap.omp.eu\/xmm2athena\/wp-content\/uploads\/2022\/02\/agujeros_negros_low-768x544.png 768w, http:\/\/xmm-ssc.irap.omp.eu\/xmm2athena\/wp-content\/uploads\/2022\/02\/agujeros_negros_low.png 1440w\" sizes=\"(max-width: 1024px) 100vw, 1024px\" \/><\/a><\/figure>\n\n\n\n<p class=\"has-text-align-center has-text-color\" style=\"color:#d12e7e;font-size:26px\"><strong>Agujeros Negros v2<\/strong><\/p>\n<\/div>\n\n\n\n<div class=\"wp-block-column\" style=\"flex-basis:5%\"><\/div>\n\n\n\n<div class=\"wp-block-column\"><\/div>\n\n\n\n<div class=\"wp-block-column\" style=\"flex-basis:5%\"><\/div>\n\n\n\n<div class=\"wp-block-column\"><\/div>\n<\/div>\n","protected":false},"excerpt":{"rendered":"<p>Aqu\u00ed vais a encontrar diversos Kahoots relacionados con la astronom\u00eda, los cuales han sido hechos por miembros de nuestro equipo.Son todos p\u00fablicos para que puedas disfrutar de ellos siempre que lo desees. Para poder jugar tienes que tener previamente una cuenta creada en https:\/\/kahoot.com El Univeso en Escala Escalas en el Sistema Solar (6 a&hellip; <br \/> <a class=\"read-more\" href=\"http:\/\/xmm-ssc.irap.omp.eu\/xmm2athena\/es\/kahoot_esp\/\">Lire la suite<\/a><\/p>\n","protected":false},"author":5,"featured_media":0,"parent":0,"menu_order":0,"comment_status":"closed","ping_status":"closed","template":"","meta":{"_eb_attr":"","_mi_skip_tracking":false,"_monsterinsights_sitenote_active":false,"_monsterinsights_sitenote_note":"","_monsterinsights_sitenote_category":0},"_links":{"self":[{"href":"http:\/\/xmm-ssc.irap.omp.eu\/xmm2athena\/wp-json\/wp\/v2\/pages\/2317"}],"collection":[{"href":"http:\/\/xmm-ssc.irap.omp.eu\/xmm2athena\/wp-json\/wp\/v2\/pages"}],"about":[{"href":"http:\/\/xmm-ssc.irap.omp.eu\/xmm2athena\/wp-json\/wp\/v2\/types\/page"}],"author":[{"embeddable":true,"href":"http:\/\/xmm-ssc.irap.omp.eu\/xmm2athena\/wp-json\/wp\/v2\/users\/5"}],"replies":[{"embeddable":true,"href":"http:\/\/xmm-ssc.irap.omp.eu\/xmm2athena\/wp-json\/wp\/v2\/comments?post=2317"}],"version-history":[{"count":11,"href":"http:\/\/xmm-ssc.irap.omp.eu\/xmm2athena\/wp-json\/wp\/v2\/pages\/2317\/revisions"}],"predecessor-version":[{"id":2465,"href":"http:\/\/xmm-ssc.irap.omp.eu\/xmm2athena\/wp-json\/wp\/v2\/pages\/2317\/revisions\/2465"}],"wp:attachment":[{"href":"http:\/\/xmm-ssc.irap.omp.eu\/xmm2athena\/wp-json\/wp\/v2\/media?parent=2317"}],"curies":[{"name":"wp","href":"https:\/\/api.w.org\/{rel}","templated":true}]}}