{"id":2216,"date":"2022-01-13T10:39:43","date_gmt":"2022-01-13T10:39:43","guid":{"rendered":"http:\/\/xmm-ssc.irap.omp.eu\/xmm2athena\/?page_id=2216"},"modified":"2024-01-23T13:47:26","modified_gmt":"2024-01-23T13:47:26","slug":"arbeitspakete","status":"publish","type":"page","link":"http:\/\/xmm-ssc.irap.omp.eu\/xmm2athena\/de\/arbeitspakete\/","title":{"rendered":"Arbeitspakete"},"content":{"rendered":"\n<h4 class=\"has-text-color\" style=\"color:#5a145c\">Arbeitspaket 1: Verwaltung<\/h4>\n\n\n\n<p class=\"has-black-color has-text-color\">Leitung: <strong><a href=\"http:\/\/irap.omp.eu\/en\/homepage-en\/\" target=\"_blank\" rel=\"noreferrer noopener\">CNRS\/IRAP<\/a><\/strong><br><em>Zielsetzungen<\/em>: Verwaltung und Management des Projekts<\/p>\n\n\n\n<h4 class=\"has-text-color\" style=\"color:#5a145c\">Arbeitspaket 2: Multi-Wellenl\u00e4ngen\/Multi-Messenger-Gegenst\u00fccke<\/h4>\n\n\n\n<p class=\"has-black-color has-text-color\">Leitung: <strong><a href=\"http:\/\/astro.unistra.fr\" target=\"_blank\" rel=\"noreferrer noopener\">CNRS\/Observatoire Astronomique de Strasbourg<\/a><\/strong><br><em><em>Zielsetzungen<\/em><\/em>: Statistischen Identifizierungen und spektralen Energieverteilungen von XMM-Newton-R\u00f6ntgenquellen, einschlie\u00dflich der im Stacked-Katalog entdeckten Quellen und neuer transienter Quellen, die durch das Variabilit\u00e4ts-Arbeitspaket gefunden wurden. Training zur Identifizierung elektromagnetischer Gegenst\u00fccke von Multi-Messenger-Ereignissen.<\/p>\n\n\n\n<h4 class=\"has-text-color\" style=\"color:#5a145c\">Arbeitspaket 3: Empfindlichkeitssch\u00e4tzer<\/h4>\n\n\n\n<p class=\"has-black-color has-text-color\">Leitung:<strong><a href=\"http:\/\/irap.omp.eu\/en\/homepage-en\/\" target=\"_blank\" rel=\"noreferrer noopener\"> CNRS\/IRAP<\/a><\/strong><br><em>Zielsetzungen<\/em>: Erstellung, Ver\u00f6ffentlichung und Pflege eines verbesserten Empfindlichkeitssch\u00e4tzers<\/p>\n\n\n\n<h4 class=\"has-text-color\" style=\"color:#5a145c\">Arbeitspaket 4: Erweiterter Stacked-Katalog<\/h4>\n\n\n\n<p class=\"has-black-color has-text-color\">Leitung: <strong><a href=\"http:\/\/aip.de\/en\/\" target=\"_blank\" rel=\"noreferrer noopener\">AIP<\/a><\/strong><br><em>Zielsetzungen<\/em>: Entwicklung von Software f\u00fcr die ultimative Quellennachweisempfindlichkeit bei \u00fcberlappenden XMM-Newton-Beobachtungen. Dies beruht auf der Grundannahme, dass die R\u00f6ntgenquellen ihre Helligkeit zwischen den Beobachtungen nicht ver\u00e4ndern. Die langfristige Variabilit\u00e4t wird im Nachhinein bewertet. Die neue Software wird sich auf ein vorberechnetes Gitter von Spektralmodellen st\u00fctzen, das Fl\u00fcsse in Z\u00e4hlraten umwandelt. Mit seiner Hilfe wird ein neuer, empfindlicherer Katalog von Quellen durch das Prozessieren \u00fcberlappender Beobachtungen erstellt. Ein gemeinsamer Katalog aller verf\u00fcgbaren XMM-Newton-Beobachtungen (einzelne und \u00fcberlappende)soll ver\u00f6ffentlicht werden. Vor der Erstellung des Katalogs werden die Verfahren zur Kombination verschiedener Beobachtungen \u00fcberpr\u00fcft und optimiert.<\/p>\n\n\n\n<h4 class=\"has-text-color\" style=\"color:#5a145c\">Arbeitspaket 5: Variabilit\u00e4t<\/h4>\n\n\n\n<p class=\"has-black-color has-text-color\">Leitung: <strong><a href=\"http:\/\/irap.omp.eu\/en\/homepage-en\/\" target=\"_blank\" rel=\"noreferrer noopener\">CNRS\/IRAP<\/a><\/strong><br><em>Zielsetzungen<\/em>: Bereitstellung von Software zur Identifizierung von Quellen, die auf sehr kurzen Zeitskala (Sekunden) variabel aber so schwach sind, dass sie in den Standardkatalogen nicht entdeckt werden. Bereitstellung einer Software zur Identifikation von Quellen, die langfristig variabel sind. Warnmeldungen f\u00fcr die astronomische Gemeinschaft. Identifizierung der variablen Quellen.<\/p>\n\n\n\n<h4 class=\"has-text-color\" style=\"color:#5a145c\">Arbeitspaket 6: Spektren<\/h4>\n\n\n\n<p class=\"has-black-color has-text-color\">Leitung: <strong><a href=\"http:\/\/web.unican.es\/en\/Pages\/default.aspx\" target=\"_blank\" rel=\"noreferrer noopener\">UC\/IFCA<\/a><\/strong><br><em>Zielsetzungen<\/em>: Anpassung eines begrenzten Satzes einfacher Modelle an alle extrahierten Spektren im aktuellen 4XMM-Katalog, Bereitstellung des bestangepassten Modells, der bestangepassten Parameterwerte, Konfidenzintervalle und vollst\u00e4ndiger Wahrscheinlichkeitsverteilungen. Generierung kombinierter Spektren f\u00fcr Quellen mit wiederholten Beobachtungen (gestapelter Katalog) und Analyse dieser Spektren mit demselben Satz von Modellen, Bereitstellung von Best-Fit-Parameterwerten, Konfidenzintervallen und vollst\u00e4ndigen Wahrscheinlichkeitsverteilungen. F\u00fcr alle Entdeckungen im aktuellen 4XMM-Katalog werden Sch\u00e4tzungen der spektralen Parameter f\u00fcr denselben Satz von Modellen erstellt, wobei die besten Anpassungsparameter und Konfidenzintervalle angegeben werden. F\u00fcr die Untergruppe der R\u00f6ntgenquellen mit guten Klassifizierungen und (falls zutreffend) Rotverschiebungen werden wir physikalisch motivierte Modelle anpassen und die besten Anpassungsparameter, Konfidenzintervalle und vollst\u00e4ndige Wahrscheinlichkeitsverteilungen bereitstellen.<\/p>\n\n\n\n<h4 class=\"has-text-color\" style=\"color:#5a145c\">Arbeitspaket 7: Optische\/UV-Klassifizierung<\/h4>\n\n\n\n<p class=\"has-black-color has-text-color\">Leitung: <strong><a href=\"http:\/\/le.ac.uk\/physics\" target=\"_blank\" rel=\"noreferrer noopener\">UCL\/MSSL<\/a><\/strong><br><em>Zielsetzungen<\/em>: Anwendung von Methoden des maschinellen Lernens zur automatischen Klassifizierung von SUSS-Quellen in verschiedene galaktische und extragalaktische Quellentypen. Identifizierung variabler Quellen. Bereitstellung von Klassifizierungs- und Zeitbereichsinformationen f\u00fcr Gegenst\u00fccke von R\u00f6ntgenquellen.<\/p>\n\n\n\n<h4 class=\"has-text-color\" style=\"color:#5a145c\">Arbeitspaket 8: Klassifizierung von R\u00f6ntgenquellen<\/h4>\n\n\n\n<p class=\"has-black-color has-text-color\">Leitung: <strong><a href=\"http:\/\/noa.gr\/en\/\" target=\"_blank\" rel=\"noreferrer noopener\">NOA<\/a><\/strong><br><em>Zielsetzungen<\/em>: Entwicklung von Technologien der k\u00fcnstlichen Intelligenz f\u00fcr die Klassifizierung von 4XMM-Quellen, die als Input sowohl R\u00f6ntgen- als auch \u00fcberwachte\/nicht-\u00fcberwachte und Multi-Messenger-Informationen verwenden. F\u00fcr die extragalaktischen Quellen des vorherigen Schritts werden die photometrischen Rotverschiebungen mit Hilfe von Algorithmen der K\u00fcnstlichen Intelligenz bestimmt.<\/p>\n\n\n\n<h4 class=\"has-text-color\" style=\"color:#5a145c\">Arbeitspaket 9: Wissenschaftliche Validierung<\/h4>\n\n\n\n<p class=\"has-black-color has-text-color\">Leitung: <strong><a href=\"http:\/\/le.ac.uk\/physics\" target=\"_blank\" rel=\"noreferrer noopener\">University of Leicester<\/a><\/strong><br><em>Zielsetzungen<\/em>: Demonstration des wissenschaftlichen Werts der im Rahmen des Projekts entwickelten Instrumente und Produkte anhand einiger gut definierter Beispielprojekte, die sich die Entwicklungen der Arbeitspakete 2-8 zunutze machen.<\/p>\n\n\n\n<h4 class=\"has-text-color\" style=\"color:#5a145c\">Arbeitspaket 10: Kommunikation<\/h4>\n\n\n\n<p class=\"has-black-color has-text-color\">Leitung: <strong><a href=\"http:\/\/web.unican.es\/en\/Pages\/default.aspx\" target=\"_blank\" rel=\"noreferrer noopener\">UC\/IFCA<\/a><\/strong><br><em>Zielsetzungen<\/em>: Aktualisierung und Verbesserung unserer Outreach-Webseite, die als Hauptkanal f\u00fcr die interne und \u00f6ffentliche Kommunikation dient. Einarbeitung der Ergebnisse in den n\u00e4chsten 4XMM-Katalog und Ver\u00f6ffentlichung der Analysesoftware und der Produktbeschreibungsdokumentation. Durchf\u00fchrung eines Abschlussworkshops, um die wichtigsten Ergebnisse der Zusammenarbeit zu ver\u00f6ffentlichen, Anleitungen zu geben und Verbesserungsvorschl\u00e4ge zu sammeln. \u00d6ffentliche Kommunikation durch Pressemitteilungen, \u00f6ffentliche Vortr\u00e4ge, Tage der offenen T\u00fcr, soziale Medien, Teilnahme an internationalen Initiativen und Aufnahme von Studenten f\u00fcr Praktika. Entwicklung von Outreach-Material<\/p>\n","protected":false},"excerpt":{"rendered":"<p>Arbeitspaket 1: Verwaltung Leitung: CNRS\/IRAPZielsetzungen: Verwaltung und Management des Projekts Arbeitspaket 2: Multi-Wellenl\u00e4ngen\/Multi-Messenger-Gegenst\u00fccke Leitung: CNRS\/Observatoire Astronomique de StrasbourgZielsetzungen: Statistischen Identifizierungen und spektralen Energieverteilungen von XMM-Newton-R\u00f6ntgenquellen, einschlie\u00dflich der im Stacked-Katalog entdeckten Quellen und neuer transienter Quellen, die durch das Variabilit\u00e4ts-Arbeitspaket gefunden wurden. Training zur Identifizierung elektromagnetischer Gegenst\u00fccke von Multi-Messenger-Ereignissen. Arbeitspaket 3: Empfindlichkeitssch\u00e4tzer Leitung: CNRS\/IRAPZielsetzungen: Erstellung, Ver\u00f6ffentlichung&hellip; <br \/> <a class=\"read-more\" href=\"http:\/\/xmm-ssc.irap.omp.eu\/xmm2athena\/de\/arbeitspakete\/\">Lire la suite<\/a><\/p>\n","protected":false},"author":5,"featured_media":0,"parent":0,"menu_order":0,"comment_status":"closed","ping_status":"closed","template":"","meta":{"_eb_attr":"","_mi_skip_tracking":false,"_monsterinsights_sitenote_active":false,"_monsterinsights_sitenote_note":"","_monsterinsights_sitenote_category":0},"_links":{"self":[{"href":"http:\/\/xmm-ssc.irap.omp.eu\/xmm2athena\/wp-json\/wp\/v2\/pages\/2216"}],"collection":[{"href":"http:\/\/xmm-ssc.irap.omp.eu\/xmm2athena\/wp-json\/wp\/v2\/pages"}],"about":[{"href":"http:\/\/xmm-ssc.irap.omp.eu\/xmm2athena\/wp-json\/wp\/v2\/types\/page"}],"author":[{"embeddable":true,"href":"http:\/\/xmm-ssc.irap.omp.eu\/xmm2athena\/wp-json\/wp\/v2\/users\/5"}],"replies":[{"embeddable":true,"href":"http:\/\/xmm-ssc.irap.omp.eu\/xmm2athena\/wp-json\/wp\/v2\/comments?post=2216"}],"version-history":[{"count":8,"href":"http:\/\/xmm-ssc.irap.omp.eu\/xmm2athena\/wp-json\/wp\/v2\/pages\/2216\/revisions"}],"predecessor-version":[{"id":5400,"href":"http:\/\/xmm-ssc.irap.omp.eu\/xmm2athena\/wp-json\/wp\/v2\/pages\/2216\/revisions\/5400"}],"wp:attachment":[{"href":"http:\/\/xmm-ssc.irap.omp.eu\/xmm2athena\/wp-json\/wp\/v2\/media?parent=2216"}],"curies":[{"name":"wp","href":"https:\/\/api.w.org\/{rel}","templated":true}]}}