{"id":2075,"date":"2021-12-03T15:24:42","date_gmt":"2021-12-03T15:24:42","guid":{"rendered":"http:\/\/xmm-ssc.irap.omp.eu\/xmm2athena\/?page_id=2075"},"modified":"2024-07-02T11:31:08","modified_gmt":"2024-07-02T11:31:08","slug":"images-artistiques","status":"publish","type":"page","link":"http:\/\/xmm-ssc.irap.omp.eu\/xmm2athena\/fr\/images-artistiques\/","title":{"rendered":"Images Artistiques"},"content":{"rendered":"\n<h2>Immages R\u00e9elles<\/h2>\n\n\n\n<p class=\"has-black-color has-text-color\">Comment nous pouvons voir les images dans diff\u00e9rentes longueurs d&rsquo;onde et surtout dans les rayons X, gr\u00e2ce aux images du satellite XMM-Newton :<\/p>\n\n\n\n<div class=\"wp-block-columns\">\n<div class=\"wp-block-column\">\n<figure class=\"wp-block-image size-large\"><img loading=\"lazy\" width=\"898\" height=\"1024\" src=\"http:\/\/xmm-ssc.irap.omp.eu\/xmm2athena\/wp-content\/uploads\/2024\/05\/M31compo2-898x1024.png\" alt=\"\" class=\"wp-image-5635\" srcset=\"http:\/\/xmm-ssc.irap.omp.eu\/xmm2athena\/wp-content\/uploads\/2024\/05\/M31compo2-898x1024.png 898w, http:\/\/xmm-ssc.irap.omp.eu\/xmm2athena\/wp-content\/uploads\/2024\/05\/M31compo2-263x300.png 263w, http:\/\/xmm-ssc.irap.omp.eu\/xmm2athena\/wp-content\/uploads\/2024\/05\/M31compo2-768x876.png 768w, http:\/\/xmm-ssc.irap.omp.eu\/xmm2athena\/wp-content\/uploads\/2024\/05\/M31compo2-947x1080.png 947w, http:\/\/xmm-ssc.irap.omp.eu\/xmm2athena\/wp-content\/uploads\/2024\/05\/M31compo2.png 1024w\" sizes=\"(max-width: 898px) 100vw, 898px\" \/><figcaption>Images optique+infrarouge (DSS) et rayons X (XMM-Newton) de la galaxie M31<\/figcaption><\/figure>\n<\/div>\n\n\n\n<div class=\"wp-block-column\">\n<figure class=\"wp-block-image size-large\"><img loading=\"lazy\" width=\"904\" height=\"1024\" src=\"http:\/\/xmm-ssc.irap.omp.eu\/xmm2athena\/wp-content\/uploads\/2024\/05\/ngc4507_compo2-904x1024.png\" alt=\"\" class=\"wp-image-5639\" srcset=\"http:\/\/xmm-ssc.irap.omp.eu\/xmm2athena\/wp-content\/uploads\/2024\/05\/ngc4507_compo2-904x1024.png 904w, http:\/\/xmm-ssc.irap.omp.eu\/xmm2athena\/wp-content\/uploads\/2024\/05\/ngc4507_compo2-265x300.png 265w, http:\/\/xmm-ssc.irap.omp.eu\/xmm2athena\/wp-content\/uploads\/2024\/05\/ngc4507_compo2-768x870.png 768w, http:\/\/xmm-ssc.irap.omp.eu\/xmm2athena\/wp-content\/uploads\/2024\/05\/ngc4507_compo2-953x1080.png 953w, http:\/\/xmm-ssc.irap.omp.eu\/xmm2athena\/wp-content\/uploads\/2024\/05\/ngc4507_compo2.png 1024w\" sizes=\"(max-width: 904px) 100vw, 904px\" \/><figcaption>Images optique+infrarouge (DSS) et rayons X (XMM-Newton) de la galaxie NGC 4507<\/figcaption><\/figure>\n<\/div>\n<\/div>\n\n\n\n<div class=\"wp-block-columns\">\n<div class=\"wp-block-column\">\n<figure class=\"wp-block-image size-full is-resized\"><img loading=\"lazy\" src=\"http:\/\/xmm-ssc.irap.omp.eu\/xmm2athena\/wp-content\/uploads\/2024\/05\/ngc2264_compo2.png\" alt=\"\" class=\"wp-image-5641\" width=\"401\" height=\"287\" srcset=\"http:\/\/xmm-ssc.irap.omp.eu\/xmm2athena\/wp-content\/uploads\/2024\/05\/ngc2264_compo2.png 998w, http:\/\/xmm-ssc.irap.omp.eu\/xmm2athena\/wp-content\/uploads\/2024\/05\/ngc2264_compo2-300x215.png 300w, http:\/\/xmm-ssc.irap.omp.eu\/xmm2athena\/wp-content\/uploads\/2024\/05\/ngc2264_compo2-768x551.png 768w\" sizes=\"(max-width: 401px) 100vw, 401px\" \/><figcaption>Images optique+infrarouge (DSS) et rayons X (XMM-Newton) de l&rsquo;amas NGC 2264<\/figcaption><\/figure>\n<\/div>\n\n\n\n<div class=\"wp-block-column\"><\/div>\n<\/div>\n\n\n\n<hr class=\"wp-block-separator\"\/>\n\n\n\n<h2>Concept de l&rsquo;artiste :<\/h2>\n\n\n\n<div class=\"wp-block-columns\">\n<div class=\"wp-block-column\">\n<figure class=\"wp-block-image size-full\"><img loading=\"lazy\" width=\"1024\" height=\"1024\" src=\"http:\/\/xmm-ssc.irap.omp.eu\/xmm2athena\/wp-content\/uploads\/2024\/05\/compo2-1.png\" alt=\"\" class=\"wp-image-5644\" srcset=\"http:\/\/xmm-ssc.irap.omp.eu\/xmm2athena\/wp-content\/uploads\/2024\/05\/compo2-1.png 1024w, http:\/\/xmm-ssc.irap.omp.eu\/xmm2athena\/wp-content\/uploads\/2024\/05\/compo2-1-300x300.png 300w, http:\/\/xmm-ssc.irap.omp.eu\/xmm2athena\/wp-content\/uploads\/2024\/05\/compo2-1-150x150.png 150w, http:\/\/xmm-ssc.irap.omp.eu\/xmm2athena\/wp-content\/uploads\/2024\/05\/compo2-1-768x768.png 768w\" sizes=\"(max-width: 1024px) 100vw, 1024px\" \/><\/figure>\n<\/div>\n\n\n\n<div class=\"wp-block-column\">\n<figure class=\"wp-block-image size-full\"><img loading=\"lazy\" width=\"1024\" height=\"1024\" src=\"http:\/\/xmm-ssc.irap.omp.eu\/xmm2athena\/wp-content\/uploads\/2024\/05\/compo4.png\" alt=\"\" class=\"wp-image-5645\" srcset=\"http:\/\/xmm-ssc.irap.omp.eu\/xmm2athena\/wp-content\/uploads\/2024\/05\/compo4.png 1024w, http:\/\/xmm-ssc.irap.omp.eu\/xmm2athena\/wp-content\/uploads\/2024\/05\/compo4-300x300.png 300w, http:\/\/xmm-ssc.irap.omp.eu\/xmm2athena\/wp-content\/uploads\/2024\/05\/compo4-150x150.png 150w, http:\/\/xmm-ssc.irap.omp.eu\/xmm2athena\/wp-content\/uploads\/2024\/05\/compo4-768x768.png 768w\" sizes=\"(max-width: 1024px) 100vw, 1024px\" \/><\/figure>\n<\/div>\n<\/div>\n\n\n\n<div class=\"wp-block-columns\">\n<div class=\"wp-block-column\">\n<figure class=\"wp-block-image size-large\"><img src=\"http:\/\/xmm-ssc.irap.omp.eu\/xmm2athena\/wp-content\/uploads\/2024\/06\/compoex1_low.png\" alt=\"\"\/><\/figure>\n<\/div>\n\n\n\n<div class=\"wp-block-column\">\n<figure class=\"wp-block-image size-large\"><img src=\"http:\/\/xmm-ssc.irap.omp.eu\/xmm2athena\/wp-content\/uploads\/2024\/06\/cumulo_abierto_low.png\" alt=\"\"\/><\/figure>\n<\/div>\n<\/div>\n\n\n\n<div class=\"wp-block-columns\">\n<div class=\"wp-block-column\">\n<figure class=\"wp-block-image size-large\"><img src=\"http:\/\/xmm-ssc.irap.omp.eu\/xmm2athena\/wp-content\/uploads\/2024\/06\/compoex2_low.png\" alt=\"\"\/><\/figure>\n<\/div>\n\n\n\n<div class=\"wp-block-column\"><\/div>\n<\/div>\n","protected":false},"excerpt":{"rendered":"<p>Immages R\u00e9elles Comment nous pouvons voir les images dans diff\u00e9rentes longueurs d&rsquo;onde et surtout dans les rayons X, gr\u00e2ce aux images du satellite XMM-Newton : Concept de l&rsquo;artiste :<\/p>\n","protected":false},"author":2,"featured_media":0,"parent":0,"menu_order":0,"comment_status":"closed","ping_status":"closed","template":"","meta":{"_eb_attr":"","_mi_skip_tracking":false,"_monsterinsights_sitenote_active":false,"_monsterinsights_sitenote_note":"","_monsterinsights_sitenote_category":0},"_links":{"self":[{"href":"http:\/\/xmm-ssc.irap.omp.eu\/xmm2athena\/wp-json\/wp\/v2\/pages\/2075"}],"collection":[{"href":"http:\/\/xmm-ssc.irap.omp.eu\/xmm2athena\/wp-json\/wp\/v2\/pages"}],"about":[{"href":"http:\/\/xmm-ssc.irap.omp.eu\/xmm2athena\/wp-json\/wp\/v2\/types\/page"}],"author":[{"embeddable":true,"href":"http:\/\/xmm-ssc.irap.omp.eu\/xmm2athena\/wp-json\/wp\/v2\/users\/2"}],"replies":[{"embeddable":true,"href":"http:\/\/xmm-ssc.irap.omp.eu\/xmm2athena\/wp-json\/wp\/v2\/comments?post=2075"}],"version-history":[{"count":3,"href":"http:\/\/xmm-ssc.irap.omp.eu\/xmm2athena\/wp-json\/wp\/v2\/pages\/2075\/revisions"}],"predecessor-version":[{"id":5747,"href":"http:\/\/xmm-ssc.irap.omp.eu\/xmm2athena\/wp-json\/wp\/v2\/pages\/2075\/revisions\/5747"}],"wp:attachment":[{"href":"http:\/\/xmm-ssc.irap.omp.eu\/xmm2athena\/wp-json\/wp\/v2\/media?parent=2075"}],"curies":[{"name":"wp","href":"https:\/\/api.w.org\/{rel}","templated":true}]}}