{"id":2069,"date":"2021-12-03T15:10:54","date_gmt":"2021-12-03T15:10:54","guid":{"rendered":"http:\/\/xmm-ssc.irap.omp.eu\/xmm2athena\/?page_id=2069"},"modified":"2021-12-03T15:10:54","modified_gmt":"2021-12-03T15:10:54","slug":"images-scientifiques","status":"publish","type":"page","link":"http:\/\/xmm-ssc.irap.omp.eu\/xmm2athena\/fr\/images-scientifiques\/","title":{"rendered":"Images Scientifiques"},"content":{"rendered":"\n<div class=\"wp-block-media-text alignwide is-stacked-on-mobile\"><figure class=\"wp-block-media-text__media\"><img loading=\"lazy\" width=\"646\" height=\"404\" src=\"http:\/\/xmm-ssc.irap.omp.eu\/xmm2athena\/wp-content\/uploads\/2021\/11\/xxlstack_rgb_image_moon_logos_low_marco.png\" alt=\"\" class=\"wp-image-1946 size-full\" srcset=\"http:\/\/xmm-ssc.irap.omp.eu\/xmm2athena\/wp-content\/uploads\/2021\/11\/xxlstack_rgb_image_moon_logos_low_marco.png 646w, http:\/\/xmm-ssc.irap.omp.eu\/xmm2athena\/wp-content\/uploads\/2021\/11\/xxlstack_rgb_image_moon_logos_low_marco-300x188.png 300w\" sizes=\"(max-width: 646px) 100vw, 646px\" \/><\/figure><div class=\"wp-block-media-text__content\">\n<p><span class=\"has-inline-color has-black-color\">Image en fausses couleurs en rayons X du champ d&rsquo;\u00e9tude \u00ab\u00a0XMM-XXL North\u00a0\u00bb, la plus grande zone de ciel couverte en continu par XMM-Newton. L&rsquo;image a \u00e9t\u00e9 cr\u00e9\u00e9e lors de la compilation du catalogue de sources s\u00e9rendipit\u00e9 4XMM-DR11s de XMM-Newton \u00e0 partir d&rsquo;observations XMM-Newton superpos\u00e9es. Elle a une largeur de 9 degr\u00e9s de ciel et une hauteur de 5,4 degr\u00e9s. Avec notre logiciel de d\u00e9tection de sources empil\u00e9es, nous avons r\u00e9v\u00e9l\u00e9 pr\u00e8s de 15 000 objets \u00e9metteurs de rayons X dans le champ. (c) AIP\/I. Traulsen<\/span><\/p>\n<\/div><\/div>\n\n\n\n<hr class=\"wp-block-separator has-text-color has-background has-white-background-color has-white-color is-style-dots\"\/>\n\n\n\n<figure class=\"wp-block-image size-large\"><img src=\"http:\/\/xmm-ssc.irap.omp.eu\/xmm2athena\/wp-content\/uploads\/2021\/11\/stack_rgb.gif\" alt=\"\"\/><\/figure>\n","protected":false},"excerpt":{"rendered":"<p>Image en fausses couleurs en rayons X du champ d&rsquo;\u00e9tude \u00ab\u00a0XMM-XXL North\u00a0\u00bb, la plus grande zone de ciel couverte en continu par XMM-Newton. L&rsquo;image a \u00e9t\u00e9 cr\u00e9\u00e9e lors de la compilation du catalogue de sources s\u00e9rendipit\u00e9 4XMM-DR11s de XMM-Newton \u00e0 partir d&rsquo;observations XMM-Newton superpos\u00e9es. Elle a une largeur de 9 degr\u00e9s de ciel et une&hellip; <br \/> <a class=\"read-more\" href=\"http:\/\/xmm-ssc.irap.omp.eu\/xmm2athena\/fr\/images-scientifiques\/\">Lire la suite<\/a><\/p>\n","protected":false},"author":2,"featured_media":0,"parent":0,"menu_order":0,"comment_status":"closed","ping_status":"closed","template":"","meta":{"_eb_attr":"","_mi_skip_tracking":false,"_monsterinsights_sitenote_active":false,"_monsterinsights_sitenote_note":"","_monsterinsights_sitenote_category":0},"_links":{"self":[{"href":"http:\/\/xmm-ssc.irap.omp.eu\/xmm2athena\/wp-json\/wp\/v2\/pages\/2069"}],"collection":[{"href":"http:\/\/xmm-ssc.irap.omp.eu\/xmm2athena\/wp-json\/wp\/v2\/pages"}],"about":[{"href":"http:\/\/xmm-ssc.irap.omp.eu\/xmm2athena\/wp-json\/wp\/v2\/types\/page"}],"author":[{"embeddable":true,"href":"http:\/\/xmm-ssc.irap.omp.eu\/xmm2athena\/wp-json\/wp\/v2\/users\/2"}],"replies":[{"embeddable":true,"href":"http:\/\/xmm-ssc.irap.omp.eu\/xmm2athena\/wp-json\/wp\/v2\/comments?post=2069"}],"version-history":[{"count":1,"href":"http:\/\/xmm-ssc.irap.omp.eu\/xmm2athena\/wp-json\/wp\/v2\/pages\/2069\/revisions"}],"predecessor-version":[{"id":2070,"href":"http:\/\/xmm-ssc.irap.omp.eu\/xmm2athena\/wp-json\/wp\/v2\/pages\/2069\/revisions\/2070"}],"wp:attachment":[{"href":"http:\/\/xmm-ssc.irap.omp.eu\/xmm2athena\/wp-json\/wp\/v2\/media?parent=2069"}],"curies":[{"name":"wp","href":"https:\/\/api.w.org\/{rel}","templated":true}]}}