{"id":2010,"date":"2021-11-12T10:31:26","date_gmt":"2021-11-12T10:31:26","guid":{"rendered":"http:\/\/xmm-ssc.irap.omp.eu\/xmm2athena\/?page_id=2010"},"modified":"2021-11-22T09:50:30","modified_gmt":"2021-11-22T09:50:30","slug":"semana-ciencia","status":"publish","type":"page","link":"http:\/\/xmm-ssc.irap.omp.eu\/xmm2athena\/es\/semana-ciencia\/","title":{"rendered":"Semana de la Ciencia"},"content":{"rendered":"\n<p><span class=\"has-inline-color has-black-color\">Estas son las actividades llevadas a cabo por los cient\u00edficos del proyecto XMM2ATHENA durante la Semana de la Ciencia.<span class=\"has-inline-color has-black-color\"><\/span><\/span><\/p>\n\n\n\n<h4 class=\"has-text-color\" style=\"color:#d12e7e\">Actividades del Observatoio Astron\u00f3mico de Estrasburgo (ObAS)<\/h4>\n\n\n\n<p><span class=\"has-inline-color has-black-color\">El Obervatorio Astron\u00f3mico de Estrasburgo este a\u00f1o llev\u00f3 a cabo actividades en dos pueblos (para m\u00e1s informaci\u00f3n: https:\/\/astro.unistra.fr\/fr\/2021\/09\/29\/fete-de-la-science-2021\/ (s\u00f3lo en franc\u00e9s) ).<\/span><\/p>\n\n\n\n<div class=\"wp-block-media-text alignwide is-stacked-on-mobile\"><figure class=\"wp-block-media-text__media\"><img loading=\"lazy\" width=\"300\" height=\"225\" src=\"http:\/\/xmm-ssc.irap.omp.eu\/xmm2athena\/wp-content\/uploads\/2021\/11\/2exemples-300x225.jpg\" alt=\"\" class=\"wp-image-1983 size-medium\" srcset=\"http:\/\/xmm-ssc.irap.omp.eu\/xmm2athena\/wp-content\/uploads\/2021\/11\/2exemples-300x225.jpg 300w, http:\/\/xmm-ssc.irap.omp.eu\/xmm2athena\/wp-content\/uploads\/2021\/11\/2exemples-1024x768.jpg 1024w, http:\/\/xmm-ssc.irap.omp.eu\/xmm2athena\/wp-content\/uploads\/2021\/11\/2exemples-768x576.jpg 768w, http:\/\/xmm-ssc.irap.omp.eu\/xmm2athena\/wp-content\/uploads\/2021\/11\/2exemples-1536x1152.jpg 1536w, http:\/\/xmm-ssc.irap.omp.eu\/xmm2athena\/wp-content\/uploads\/2021\/11\/2exemples-1440x1080.jpg 1440w, http:\/\/xmm-ssc.irap.omp.eu\/xmm2athena\/wp-content\/uploads\/2021\/11\/2exemples.jpg 1600w\" sizes=\"(max-width: 300px) 100vw, 300px\" \/><\/figure><div class=\"wp-block-media-text__content\">\n<p><span class=\"has-inline-color has-black-color\">La primera se celebr\u00f3 en el Campus de Cronenbourg, abierto al p\u00fablico con motivo de su 60\u00ba aniversario. Se presentaron los principales estudios astron\u00f3micos con el software Aladin, desarrollado por el Centro de Datos Astron\u00f3micos de Estrasburgo. Tambi\u00e9n hubo peque\u00f1as manualidades en las que se ense\u00f1\u00f3 a fabricar tu propio globo celeste de papel.<\/span><\/p>\n\n\n\n<p><\/p>\n<\/div><\/div>\n\n\n\n<hr class=\"wp-block-separator has-text-color has-background has-white-background-color has-white-color is-style-dots\"\/>\n\n\n\n<div class=\"wp-block-media-text alignwide is-stacked-on-mobile\"><figure class=\"wp-block-media-text__media\"><img loading=\"lazy\" width=\"300\" height=\"225\" src=\"http:\/\/xmm-ssc.irap.omp.eu\/xmm2athena\/wp-content\/uploads\/2021\/11\/PXL_20210928_113034031-2048x1536-1-300x225.jpg\" alt=\"\" class=\"wp-image-1984 size-medium\" srcset=\"http:\/\/xmm-ssc.irap.omp.eu\/xmm2athena\/wp-content\/uploads\/2021\/11\/PXL_20210928_113034031-2048x1536-1-300x225.jpg 300w, http:\/\/xmm-ssc.irap.omp.eu\/xmm2athena\/wp-content\/uploads\/2021\/11\/PXL_20210928_113034031-2048x1536-1-1024x768.jpg 1024w, http:\/\/xmm-ssc.irap.omp.eu\/xmm2athena\/wp-content\/uploads\/2021\/11\/PXL_20210928_113034031-2048x1536-1-768x576.jpg 768w, http:\/\/xmm-ssc.irap.omp.eu\/xmm2athena\/wp-content\/uploads\/2021\/11\/PXL_20210928_113034031-2048x1536-1-1536x1152.jpg 1536w, http:\/\/xmm-ssc.irap.omp.eu\/xmm2athena\/wp-content\/uploads\/2021\/11\/PXL_20210928_113034031-2048x1536-1-1440x1080.jpg 1440w, http:\/\/xmm-ssc.irap.omp.eu\/xmm2athena\/wp-content\/uploads\/2021\/11\/PXL_20210928_113034031-2048x1536-1.jpg 2048w\" sizes=\"(max-width: 300px) 100vw, 300px\" \/><\/figure><div class=\"wp-block-media-text__content\">\n<p><span class=\"has-inline-color has-black-color\">El observatorio tambi\u00e9n estuvo presente en una Aldea de la Ciencia a 1.000 metros de altura, en el recinto del Champ du Feu, con el Planetario del Jard\u00edn de las Ciencias y los astr\u00f3nomos aficionados de la F4A.<\/span><\/p>\n\n\n\n<p><span class=\"has-inline-color has-black-color\">Se celebraron varias exposiciones, stands y talleres: una mesa redonda \u00ab\u00a0\u00bfExiste el Planeta B?\u00a0\u00bb; la creaci\u00f3n de globos celestes de papel.<\/span><\/p>\n<\/div><\/div>\n\n\n\n<hr class=\"wp-block-separator has-text-color has-background has-white-background-color has-white-color is-style-dots\"\/>\n\n\n\n<h4 class=\"has-text-color\" style=\"color:#d12e7e\">Actividades del Instituto de F\u00edsica de Cantabria (IFCA, UC-CSIC)<\/h4>\n\n\n\n<div class=\"wp-block-media-text alignwide is-stacked-on-mobile\"><figure class=\"wp-block-media-text__media\"><img loading=\"lazy\" width=\"1024\" height=\"679\" src=\"http:\/\/xmm-ssc.irap.omp.eu\/xmm2athena\/wp-content\/uploads\/2021\/11\/sistema-solar-maite-1024x679.png\" alt=\"\" class=\"wp-image-1993 size-full\" srcset=\"http:\/\/xmm-ssc.irap.omp.eu\/xmm2athena\/wp-content\/uploads\/2021\/11\/sistema-solar-maite-1024x679.png 1024w, http:\/\/xmm-ssc.irap.omp.eu\/xmm2athena\/wp-content\/uploads\/2021\/11\/sistema-solar-maite-300x199.png 300w, http:\/\/xmm-ssc.irap.omp.eu\/xmm2athena\/wp-content\/uploads\/2021\/11\/sistema-solar-maite-768x509.png 768w, http:\/\/xmm-ssc.irap.omp.eu\/xmm2athena\/wp-content\/uploads\/2021\/11\/sistema-solar-maite-1536x1018.png 1536w, http:\/\/xmm-ssc.irap.omp.eu\/xmm2athena\/wp-content\/uploads\/2021\/11\/sistema-solar-maite.png 1625w\" sizes=\"(max-width: 1024px) 100vw, 1024px\" \/><\/figure><div class=\"wp-block-media-text__content\">\n<p><span class=\"has-inline-color has-black-color\">Durante la Semana de la Ciencia celebrada en Espa\u00f1a del 8 al 21 de noviembre, los cient\u00edficos del IFCA pertenecientes al proyecto XMM2ATHENA han realizado varias charlas y juegos sobre el Sistema Solar, los Agujeros Negros, el Universo y los rayos X y las galaxias de rayos X, dirigidos a estudiantes de Primaria, ESO, Bachillerato o Formaci\u00f3n Profesional.<\/span><\/p>\n\n\n\n<p><span class=\"has-inline-color has-black-color\">Puedes ver las fotos de las charlas en nuestra <a href=\"http:\/\/xmm-ssc.irap.omp.eu\/xmm2athena\/es\/galeria\/\" target=\"_blank\" rel=\"noreferrer noopener\">Galer\u00eda<\/a>.<\/span><\/p>\n\n\n\n<p><\/p>\n\n\n\n<p><\/p>\n<\/div><\/div>\n","protected":false},"excerpt":{"rendered":"<p>Estas son las actividades llevadas a cabo por los cient\u00edficos del proyecto XMM2ATHENA durante la Semana de la Ciencia. Actividades del Observatoio Astron\u00f3mico de Estrasburgo (ObAS) El Obervatorio Astron\u00f3mico de Estrasburgo este a\u00f1o llev\u00f3 a cabo actividades en dos pueblos (para m\u00e1s informaci\u00f3n: https:\/\/astro.unistra.fr\/fr\/2021\/09\/29\/fete-de-la-science-2021\/ (s\u00f3lo en franc\u00e9s) ). La primera se celebr\u00f3 en el Campus&hellip; <br \/> <a class=\"read-more\" href=\"http:\/\/xmm-ssc.irap.omp.eu\/xmm2athena\/es\/semana-ciencia\/\">Lire la suite<\/a><\/p>\n","protected":false},"author":5,"featured_media":0,"parent":0,"menu_order":0,"comment_status":"closed","ping_status":"closed","template":"","meta":{"_eb_attr":"","_mi_skip_tracking":false,"_monsterinsights_sitenote_active":false,"_monsterinsights_sitenote_note":"","_monsterinsights_sitenote_category":0},"_links":{"self":[{"href":"http:\/\/xmm-ssc.irap.omp.eu\/xmm2athena\/wp-json\/wp\/v2\/pages\/2010"}],"collection":[{"href":"http:\/\/xmm-ssc.irap.omp.eu\/xmm2athena\/wp-json\/wp\/v2\/pages"}],"about":[{"href":"http:\/\/xmm-ssc.irap.omp.eu\/xmm2athena\/wp-json\/wp\/v2\/types\/page"}],"author":[{"embeddable":true,"href":"http:\/\/xmm-ssc.irap.omp.eu\/xmm2athena\/wp-json\/wp\/v2\/users\/5"}],"replies":[{"embeddable":true,"href":"http:\/\/xmm-ssc.irap.omp.eu\/xmm2athena\/wp-json\/wp\/v2\/comments?post=2010"}],"version-history":[{"count":6,"href":"http:\/\/xmm-ssc.irap.omp.eu\/xmm2athena\/wp-json\/wp\/v2\/pages\/2010\/revisions"}],"predecessor-version":[{"id":2044,"href":"http:\/\/xmm-ssc.irap.omp.eu\/xmm2athena\/wp-json\/wp\/v2\/pages\/2010\/revisions\/2044"}],"wp:attachment":[{"href":"http:\/\/xmm-ssc.irap.omp.eu\/xmm2athena\/wp-json\/wp\/v2\/media?parent=2010"}],"curies":[{"name":"wp","href":"https:\/\/api.w.org\/{rel}","templated":true}]}}