{"id":1975,"date":"2021-11-11T10:29:00","date_gmt":"2021-11-11T10:29:00","guid":{"rendered":"http:\/\/xmm-ssc.irap.omp.eu\/xmm2athena\/?page_id=1975"},"modified":"2022-05-16T10:45:38","modified_gmt":"2022-05-16T10:45:38","slug":"imagenes-de-divulgacion","status":"publish","type":"page","link":"http:\/\/xmm-ssc.irap.omp.eu\/xmm2athena\/es\/imagenes-de-divulgacion\/","title":{"rendered":"Im\u00e1genes de Divulgaci\u00f3n"},"content":{"rendered":"\n<p class=\"has-text-color\" style=\"color:#d12e7e\"><strong>Semana de la Ciencia 2021<\/strong><\/p>\n\n\n\n<p><mark style=\"background-color:rgba(0, 0, 0, 0)\" class=\"has-inline-color has-black-color\">El Observatorio Astron\u00f3mico de Estrasburgo (ObAS) y el Instituto de F\u00edsica de Cantabria (IFCA, UC-CSIC) han realizado varias actividades durante la Semana de la Ciencia. Aqu\u00ed se pueden ver algunas fotos de estos eventos.<\/mark><\/p>\n\n\n\n<div class=\"wp-block-columns\">\n<div class=\"wp-block-column\">\n<figure class=\"wp-block-image size-large\"><img loading=\"lazy\" width=\"1024\" height=\"679\" src=\"http:\/\/xmm-ssc.irap.omp.eu\/xmm2athena\/wp-content\/uploads\/2022\/03\/sistema-solar-maite-1-1024x679.png\" alt=\"\" class=\"wp-image-2753\" srcset=\"http:\/\/xmm-ssc.irap.omp.eu\/xmm2athena\/wp-content\/uploads\/2022\/03\/sistema-solar-maite-1-1024x679.png 1024w, http:\/\/xmm-ssc.irap.omp.eu\/xmm2athena\/wp-content\/uploads\/2022\/03\/sistema-solar-maite-1-300x199.png 300w, http:\/\/xmm-ssc.irap.omp.eu\/xmm2athena\/wp-content\/uploads\/2022\/03\/sistema-solar-maite-1-768x509.png 768w, http:\/\/xmm-ssc.irap.omp.eu\/xmm2athena\/wp-content\/uploads\/2022\/03\/sistema-solar-maite-1-1536x1018.png 1536w, http:\/\/xmm-ssc.irap.omp.eu\/xmm2athena\/wp-content\/uploads\/2022\/03\/sistema-solar-maite-1.png 1625w\" sizes=\"(max-width: 1024px) 100vw, 1024px\" \/><figcaption><mark style=\"background-color:rgba(0, 0, 0, 0)\" class=\"has-inline-color has-black-color\">Charla: Pon a prueba tu conocimiento del Sistema Solar<\/mark><\/figcaption><\/figure>\n<\/div>\n\n\n\n<div class=\"wp-block-column\">\n<figure class=\"wp-block-image size-large\"><img loading=\"lazy\" width=\"1024\" height=\"768\" src=\"http:\/\/xmm-ssc.irap.omp.eu\/xmm2athena\/wp-content\/uploads\/2022\/03\/211109_ieszapaton_universox_3_720-1-1024x768.png\" alt=\"\" class=\"wp-image-2754\" srcset=\"http:\/\/xmm-ssc.irap.omp.eu\/xmm2athena\/wp-content\/uploads\/2022\/03\/211109_ieszapaton_universox_3_720-1-1024x768.png 1024w, http:\/\/xmm-ssc.irap.omp.eu\/xmm2athena\/wp-content\/uploads\/2022\/03\/211109_ieszapaton_universox_3_720-1-300x225.png 300w, http:\/\/xmm-ssc.irap.omp.eu\/xmm2athena\/wp-content\/uploads\/2022\/03\/211109_ieszapaton_universox_3_720-1-768x576.png 768w, http:\/\/xmm-ssc.irap.omp.eu\/xmm2athena\/wp-content\/uploads\/2022\/03\/211109_ieszapaton_universox_3_720-1.png 1219w\" sizes=\"(max-width: 1024px) 100vw, 1024px\" \/><figcaption><mark style=\"background-color:rgba(0, 0, 0, 0)\" class=\"has-inline-color has-black-color\">Charla: Universo y rayos X, \u00bfcu\u00e1nto sabes?<\/mark><\/figcaption><\/figure>\n<\/div>\n\n\n\n<div class=\"wp-block-column\">\n<figure class=\"wp-block-image size-large\"><img loading=\"lazy\" width=\"1024\" height=\"768\" src=\"http:\/\/xmm-ssc.irap.omp.eu\/xmm2athena\/wp-content\/uploads\/2022\/03\/211110_agustinos_universox_7-1-1024x768.png\" alt=\"\" class=\"wp-image-2755\" srcset=\"http:\/\/xmm-ssc.irap.omp.eu\/xmm2athena\/wp-content\/uploads\/2022\/03\/211110_agustinos_universox_7-1-1024x768.png 1024w, http:\/\/xmm-ssc.irap.omp.eu\/xmm2athena\/wp-content\/uploads\/2022\/03\/211110_agustinos_universox_7-1-300x225.png 300w, http:\/\/xmm-ssc.irap.omp.eu\/xmm2athena\/wp-content\/uploads\/2022\/03\/211110_agustinos_universox_7-1-768x576.png 768w, http:\/\/xmm-ssc.irap.omp.eu\/xmm2athena\/wp-content\/uploads\/2022\/03\/211110_agustinos_universox_7-1-1536x1152.png 1536w, http:\/\/xmm-ssc.irap.omp.eu\/xmm2athena\/wp-content\/uploads\/2022\/03\/211110_agustinos_universox_7-1-1440x1080.png 1440w, http:\/\/xmm-ssc.irap.omp.eu\/xmm2athena\/wp-content\/uploads\/2022\/03\/211110_agustinos_universox_7-1.png 1824w\" sizes=\"(max-width: 1024px) 100vw, 1024px\" \/><figcaption><mark style=\"background-color:rgba(0, 0, 0, 0)\" class=\"has-inline-color has-black-color\">Charla: Universo y rayos X, \u00bfcu\u00e1nto sabes?<\/mark><\/figcaption><\/figure>\n<\/div>\n<\/div>\n\n\n\n<hr class=\"wp-block-separator has-text-color has-background has-white-background-color has-white-color is-style-dots\"\/>\n\n\n\n<div class=\"wp-block-columns\">\n<div class=\"wp-block-column\">\n<figure class=\"wp-block-image size-large\"><img loading=\"lazy\" width=\"1024\" height=\"768\" src=\"http:\/\/xmm-ssc.irap.omp.eu\/xmm2athena\/wp-content\/uploads\/2022\/03\/IMG_low-1-1024x768.png\" alt=\"\" class=\"wp-image-2756\" srcset=\"http:\/\/xmm-ssc.irap.omp.eu\/xmm2athena\/wp-content\/uploads\/2022\/03\/IMG_low-1-1024x768.png 1024w, http:\/\/xmm-ssc.irap.omp.eu\/xmm2athena\/wp-content\/uploads\/2022\/03\/IMG_low-1-300x225.png 300w, http:\/\/xmm-ssc.irap.omp.eu\/xmm2athena\/wp-content\/uploads\/2022\/03\/IMG_low-1-768x576.png 768w, http:\/\/xmm-ssc.irap.omp.eu\/xmm2athena\/wp-content\/uploads\/2022\/03\/IMG_low-1.png 1120w\" sizes=\"(max-width: 1024px) 100vw, 1024px\" \/><figcaption><mark style=\"background-color:rgba(0, 0, 0, 0)\" class=\"has-inline-color has-black-color\">Charla: Pon a prueba tu conocimiento del Sistema Solar<\/mark><\/figcaption><\/figure>\n<\/div>\n\n\n\n<div class=\"wp-block-column\">\n<figure class=\"wp-block-image size-large\"><img loading=\"lazy\" width=\"1024\" height=\"560\" src=\"http:\/\/xmm-ssc.irap.omp.eu\/xmm2athena\/wp-content\/uploads\/2022\/03\/IESAlisal-1-1024x560.png\" alt=\"\" class=\"wp-image-2757\" srcset=\"http:\/\/xmm-ssc.irap.omp.eu\/xmm2athena\/wp-content\/uploads\/2022\/03\/IESAlisal-1-1024x560.png 1024w, http:\/\/xmm-ssc.irap.omp.eu\/xmm2athena\/wp-content\/uploads\/2022\/03\/IESAlisal-1-300x164.png 300w, http:\/\/xmm-ssc.irap.omp.eu\/xmm2athena\/wp-content\/uploads\/2022\/03\/IESAlisal-1-768x420.png 768w, http:\/\/xmm-ssc.irap.omp.eu\/xmm2athena\/wp-content\/uploads\/2022\/03\/IESAlisal-1-1536x840.png 1536w, http:\/\/xmm-ssc.irap.omp.eu\/xmm2athena\/wp-content\/uploads\/2022\/03\/IESAlisal-1.png 1807w\" sizes=\"(max-width: 1024px) 100vw, 1024px\" \/><figcaption><mark style=\"background-color:rgba(0, 0, 0, 0)\" class=\"has-inline-color has-black-color\">Charla: Mini-investiga Galaxias de Rayos X con CLAXSON<\/mark><\/figcaption><\/figure>\n<\/div>\n\n\n\n<div class=\"wp-block-column\"><\/div>\n<\/div>\n\n\n\n<p class=\"has-text-color\" style=\"color:#d12e7e\"><strong>Semana Mundial del Espacio 2021: La Mujer en el Espacio<\/strong><\/p>\n\n\n\n<p><mark style=\"background-color:rgba(0, 0, 0, 0)\" class=\"has-inline-color has-black-color\">Nos unimos a miles de participantes de m\u00e1s de 90 pa\u00edses para celebrar los logros y las contribuciones de las mujeres en el sector espacial y a las ciencias.<\/mark><\/p>\n\n\n\n<p><mark style=\"background-color:rgba(0, 0, 0, 0)\" class=\"has-inline-color has-black-color\">El proyecto XMM2ATHENA ha contribuido a esta iniciativa con el mosaico que se muestra a continuaci\u00f3n, en el que aparecen todas las astr\u00f3nomas participantes en el proyecto. Tambi\u00e9n se han ido presentando una a una en nuestras redes sociales.<\/mark><\/p>\n\n\n\n<figure class=\"wp-block-image size-large\"><img loading=\"lazy\" width=\"1024\" height=\"576\" src=\"http:\/\/xmm-ssc.irap.omp.eu\/xmm2athena\/wp-content\/uploads\/2022\/05\/img_eu-1024x576.png\" alt=\"\" class=\"wp-image-3340\" srcset=\"http:\/\/xmm-ssc.irap.omp.eu\/xmm2athena\/wp-content\/uploads\/2022\/05\/img_eu-1024x576.png 1024w, http:\/\/xmm-ssc.irap.omp.eu\/xmm2athena\/wp-content\/uploads\/2022\/05\/img_eu-300x169.png 300w, http:\/\/xmm-ssc.irap.omp.eu\/xmm2athena\/wp-content\/uploads\/2022\/05\/img_eu-768x432.png 768w, http:\/\/xmm-ssc.irap.omp.eu\/xmm2athena\/wp-content\/uploads\/2022\/05\/img_eu.png 1333w\" sizes=\"(max-width: 1024px) 100vw, 1024px\" \/><\/figure>\n\n\n\n<hr class=\"wp-block-separator has-text-color has-background has-white-background-color has-white-color is-style-dots\"\/>\n\n\n\n<p class=\"has-text-color\" style=\"color:#d12e7e\"><strong>Noche Europea de los Investigadores<\/strong> <strong>2021<\/strong><\/p>\n\n\n\n<div class=\"wp-block-columns\">\n<div class=\"wp-block-column\">\n<figure class=\"wp-block-image size-large\"><img loading=\"lazy\" width=\"1024\" height=\"768\" src=\"http:\/\/xmm-ssc.irap.omp.eu\/xmm2athena\/wp-content\/uploads\/2022\/03\/CienciaCircular_210922_UniversoX_resize-1-1024x768.png\" alt=\"\" class=\"wp-image-2749\" srcset=\"http:\/\/xmm-ssc.irap.omp.eu\/xmm2athena\/wp-content\/uploads\/2022\/03\/CienciaCircular_210922_UniversoX_resize-1-1024x768.png 1024w, http:\/\/xmm-ssc.irap.omp.eu\/xmm2athena\/wp-content\/uploads\/2022\/03\/CienciaCircular_210922_UniversoX_resize-1-300x225.png 300w, http:\/\/xmm-ssc.irap.omp.eu\/xmm2athena\/wp-content\/uploads\/2022\/03\/CienciaCircular_210922_UniversoX_resize-1-768x576.png 768w, http:\/\/xmm-ssc.irap.omp.eu\/xmm2athena\/wp-content\/uploads\/2022\/03\/CienciaCircular_210922_UniversoX_resize-1.png 1333w\" sizes=\"(max-width: 1024px) 100vw, 1024px\" \/><figcaption><mark style=\"background-color:rgba(0, 0, 0, 0)\" class=\"has-inline-color has-black-color\">Charla: Universo y Rayos X \u00bfCu\u00e1nto sabes?<\/mark><\/figcaption><\/figure>\n<\/div>\n\n\n\n<div class=\"wp-block-column\">\n<figure class=\"wp-block-image size-large\"><img loading=\"lazy\" width=\"1024\" height=\"768\" src=\"http:\/\/xmm-ssc.irap.omp.eu\/xmm2athena\/wp-content\/uploads\/2022\/03\/WhatsApp-Image-2021-09-22-at-13.02-1-1024x768.png\" alt=\"\" class=\"wp-image-2750\" srcset=\"http:\/\/xmm-ssc.irap.omp.eu\/xmm2athena\/wp-content\/uploads\/2022\/03\/WhatsApp-Image-2021-09-22-at-13.02-1-1024x768.png 1024w, http:\/\/xmm-ssc.irap.omp.eu\/xmm2athena\/wp-content\/uploads\/2022\/03\/WhatsApp-Image-2021-09-22-at-13.02-1-300x225.png 300w, http:\/\/xmm-ssc.irap.omp.eu\/xmm2athena\/wp-content\/uploads\/2022\/03\/WhatsApp-Image-2021-09-22-at-13.02-1-768x576.png 768w, http:\/\/xmm-ssc.irap.omp.eu\/xmm2athena\/wp-content\/uploads\/2022\/03\/WhatsApp-Image-2021-09-22-at-13.02-1-1536x1152.png 1536w, http:\/\/xmm-ssc.irap.omp.eu\/xmm2athena\/wp-content\/uploads\/2022\/03\/WhatsApp-Image-2021-09-22-at-13.02-1-1440x1080.png 1440w, http:\/\/xmm-ssc.irap.omp.eu\/xmm2athena\/wp-content\/uploads\/2022\/03\/WhatsApp-Image-2021-09-22-at-13.02-1.png 1600w\" sizes=\"(max-width: 1024px) 100vw, 1024px\" \/><figcaption><mark style=\"background-color:rgba(0, 0, 0, 0)\" class=\"has-inline-color has-black-color\">Charla: Pon a prueba tu conocimiento del Sistema Solar<\/mark><\/figcaption><\/figure>\n<\/div>\n\n\n\n<div class=\"wp-block-column\">\n<figure class=\"wp-block-image size-large\"><img loading=\"lazy\" width=\"943\" height=\"620\" src=\"http:\/\/xmm-ssc.irap.omp.eu\/xmm2athena\/wp-content\/uploads\/2022\/03\/IES_Estelas_Corrales_investigaRX_recortada-1.png\" alt=\"\" class=\"wp-image-2751\" srcset=\"http:\/\/xmm-ssc.irap.omp.eu\/xmm2athena\/wp-content\/uploads\/2022\/03\/IES_Estelas_Corrales_investigaRX_recortada-1.png 943w, http:\/\/xmm-ssc.irap.omp.eu\/xmm2athena\/wp-content\/uploads\/2022\/03\/IES_Estelas_Corrales_investigaRX_recortada-1-300x197.png 300w, http:\/\/xmm-ssc.irap.omp.eu\/xmm2athena\/wp-content\/uploads\/2022\/03\/IES_Estelas_Corrales_investigaRX_recortada-1-768x505.png 768w\" sizes=\"(max-width: 943px) 100vw, 943px\" \/><figcaption><mark style=\"background-color:rgba(0, 0, 0, 0)\" class=\"has-inline-color has-black-color\">Charla: Mini Investiga Galaxias Rayos X<\/mark><\/figcaption><\/figure>\n\n\n\n<p><\/p>\n<\/div>\n<\/div>\n\n\n\n<p><\/p>\n","protected":false},"excerpt":{"rendered":"<p>Semana de la Ciencia 2021 El Observatorio Astron\u00f3mico de Estrasburgo (ObAS) y el Instituto de F\u00edsica de Cantabria (IFCA, UC-CSIC) han realizado varias actividades durante la Semana de la Ciencia. Aqu\u00ed se pueden ver algunas fotos de estos eventos. Semana Mundial del Espacio 2021: La Mujer en el Espacio Nos unimos a miles de participantes&hellip; <br \/> <a class=\"read-more\" href=\"http:\/\/xmm-ssc.irap.omp.eu\/xmm2athena\/es\/imagenes-de-divulgacion\/\">Lire la suite<\/a><\/p>\n","protected":false},"author":5,"featured_media":0,"parent":0,"menu_order":0,"comment_status":"closed","ping_status":"closed","template":"","meta":{"_eb_attr":"","_mi_skip_tracking":false,"_monsterinsights_sitenote_active":false,"_monsterinsights_sitenote_note":"","_monsterinsights_sitenote_category":0},"_links":{"self":[{"href":"http:\/\/xmm-ssc.irap.omp.eu\/xmm2athena\/wp-json\/wp\/v2\/pages\/1975"}],"collection":[{"href":"http:\/\/xmm-ssc.irap.omp.eu\/xmm2athena\/wp-json\/wp\/v2\/pages"}],"about":[{"href":"http:\/\/xmm-ssc.irap.omp.eu\/xmm2athena\/wp-json\/wp\/v2\/types\/page"}],"author":[{"embeddable":true,"href":"http:\/\/xmm-ssc.irap.omp.eu\/xmm2athena\/wp-json\/wp\/v2\/users\/5"}],"replies":[{"embeddable":true,"href":"http:\/\/xmm-ssc.irap.omp.eu\/xmm2athena\/wp-json\/wp\/v2\/comments?post=1975"}],"version-history":[{"count":8,"href":"http:\/\/xmm-ssc.irap.omp.eu\/xmm2athena\/wp-json\/wp\/v2\/pages\/1975\/revisions"}],"predecessor-version":[{"id":3341,"href":"http:\/\/xmm-ssc.irap.omp.eu\/xmm2athena\/wp-json\/wp\/v2\/pages\/1975\/revisions\/3341"}],"wp:attachment":[{"href":"http:\/\/xmm-ssc.irap.omp.eu\/xmm2athena\/wp-json\/wp\/v2\/media?parent=1975"}],"curies":[{"name":"wp","href":"https:\/\/api.w.org\/{rel}","templated":true}]}}