{"id":1643,"date":"2021-10-21T10:09:17","date_gmt":"2021-10-21T10:09:17","guid":{"rendered":"http:\/\/xmm-ssc.irap.omp.eu\/xmm2athena\/?page_id=1643"},"modified":"2021-10-22T13:52:00","modified_gmt":"2021-10-22T13:52:00","slug":"la-noche-europea-de-los-investigadores","status":"publish","type":"page","link":"http:\/\/xmm-ssc.irap.omp.eu\/xmm2athena\/es\/la-noche-europea-de-los-investigadores\/","title":{"rendered":"La Noche Europea de los Investigadores"},"content":{"rendered":"\n<ul class=\"has-black-color has-text-color\"><li><strong><span class=\"has-inline-color has-black-color\">Participaci\u00f3n del Intituto de F\u00edsica de Cantabria (IFCA) <\/span><\/strong><\/li><\/ul>\n\n\n\n<div class=\"wp-block-columns\">\n<div class=\"wp-block-column\">\n<figure class=\"wp-block-image size-large\"><a href=\"http:\/\/xmm-ssc.irap.omp.eu\/xmm2athena\/wp-content\/uploads\/2021\/09\/nei_ifca.png\" target=\"_blank\" rel=\"noopener\"><img loading=\"lazy\" width=\"962\" height=\"467\" src=\"http:\/\/xmm-ssc.irap.omp.eu\/xmm2athena\/wp-content\/uploads\/2021\/09\/nei_ifca.png\" alt=\"\" class=\"wp-image-1357\" srcset=\"http:\/\/xmm-ssc.irap.omp.eu\/xmm2athena\/wp-content\/uploads\/2021\/09\/nei_ifca.png 962w, http:\/\/xmm-ssc.irap.omp.eu\/xmm2athena\/wp-content\/uploads\/2021\/09\/nei_ifca-300x146.png 300w, http:\/\/xmm-ssc.irap.omp.eu\/xmm2athena\/wp-content\/uploads\/2021\/09\/nei_ifca-768x373.png 768w\" sizes=\"(max-width: 962px) 100vw, 962px\" \/><\/a><\/figure>\n<\/div>\n\n\n\n<div class=\"wp-block-column\">\n<figure class=\"wp-block-image size-large\"><a href=\"http:\/\/xmm-ssc.irap.omp.eu\/xmm2athena\/wp-content\/uploads\/2021\/09\/Calendario_ifca.png\" target=\"_blank\" rel=\"noopener\"><img loading=\"lazy\" width=\"849\" height=\"480\" src=\"http:\/\/xmm-ssc.irap.omp.eu\/xmm2athena\/wp-content\/uploads\/2021\/09\/Calendario_ifca.png\" alt=\"\" class=\"wp-image-1358\" srcset=\"http:\/\/xmm-ssc.irap.omp.eu\/xmm2athena\/wp-content\/uploads\/2021\/09\/Calendario_ifca.png 849w, http:\/\/xmm-ssc.irap.omp.eu\/xmm2athena\/wp-content\/uploads\/2021\/09\/Calendario_ifca-300x170.png 300w, http:\/\/xmm-ssc.irap.omp.eu\/xmm2athena\/wp-content\/uploads\/2021\/09\/Calendario_ifca-768x434.png 768w\" sizes=\"(max-width: 849px) 100vw, 849px\" \/><\/a><\/figure>\n<\/div>\n<\/div>\n\n\n\n<div class=\"wp-container-1 wp-block-buttons is-content-justification-center\">\n<div class=\"wp-block-button is-style-outline\"><a class=\"wp-block-button__link has-white-background-color has-text-color has-background\" href=\"http:\/\/xmm-ssc.irap.omp.eu\/xmm2athena\/es\/galleria\/\" style=\"color:#d12e7e\" target=\"_blank\" rel=\"noreferrer noopener\">Vea las im\u00e1genes de nuestro evento en la secci\u00f3n: Galer\u00eda<\/a><\/div>\n<\/div>\n","protected":false},"excerpt":{"rendered":"<p>Participaci\u00f3n del Intituto de F\u00edsica de Cantabria (IFCA)<\/p>\n","protected":false},"author":5,"featured_media":0,"parent":0,"menu_order":0,"comment_status":"closed","ping_status":"closed","template":"","meta":{"_eb_attr":"","_mi_skip_tracking":false,"_monsterinsights_sitenote_active":false,"_monsterinsights_sitenote_note":"","_monsterinsights_sitenote_category":0},"_links":{"self":[{"href":"http:\/\/xmm-ssc.irap.omp.eu\/xmm2athena\/wp-json\/wp\/v2\/pages\/1643"}],"collection":[{"href":"http:\/\/xmm-ssc.irap.omp.eu\/xmm2athena\/wp-json\/wp\/v2\/pages"}],"about":[{"href":"http:\/\/xmm-ssc.irap.omp.eu\/xmm2athena\/wp-json\/wp\/v2\/types\/page"}],"author":[{"embeddable":true,"href":"http:\/\/xmm-ssc.irap.omp.eu\/xmm2athena\/wp-json\/wp\/v2\/users\/5"}],"replies":[{"embeddable":true,"href":"http:\/\/xmm-ssc.irap.omp.eu\/xmm2athena\/wp-json\/wp\/v2\/comments?post=1643"}],"version-history":[{"count":2,"href":"http:\/\/xmm-ssc.irap.omp.eu\/xmm2athena\/wp-json\/wp\/v2\/pages\/1643\/revisions"}],"predecessor-version":[{"id":1647,"href":"http:\/\/xmm-ssc.irap.omp.eu\/xmm2athena\/wp-json\/wp\/v2\/pages\/1643\/revisions\/1647"}],"wp:attachment":[{"href":"http:\/\/xmm-ssc.irap.omp.eu\/xmm2athena\/wp-json\/wp\/v2\/media?parent=1643"}],"curies":[{"name":"wp","href":"https:\/\/api.w.org\/{rel}","templated":true}]}}