{"id":1612,"date":"2021-10-20T10:31:33","date_gmt":"2021-10-20T10:31:33","guid":{"rendered":"http:\/\/xmm-ssc.irap.omp.eu\/xmm2athena\/?page_id=1612"},"modified":"2021-11-11T09:44:15","modified_gmt":"2021-11-11T09:44:15","slug":"galleria_old","status":"publish","type":"page","link":"http:\/\/xmm-ssc.irap.omp.eu\/xmm2athena\/es\/galleria_old\/","title":{"rendered":"Galer\u00eda_old"},"content":{"rendered":"\n<h2 class=\"has-text-color\" style=\"color:#d12e7e\">Semana Mundial del Espacio 2021: Mujeres en el Espacio<\/h2>\n\n\n\n<p><span class=\"has-inline-color has-black-color\">Nos unimos a miles de participantes de m\u00e1s de 90 pa\u00edses para celebrar los logros y las contribuciones de las mujeres en el sector espacial y a las ciencias.<\/span><\/p>\n\n\n\n<p><span class=\"has-inline-color has-black-color\">El proyecto XMM2ATHENA ha contribuido a esta iniciativa con el mosaico que se muestra a continuaci\u00f3n, en el que aparecen todas las astr\u00f3nomas participantes en el proyecto.<br>Tambi\u00e9n se han ido presentando una a una en nuestras redes sociales.<\/span><\/p>\n\n\n\n<hr class=\"wp-block-separator has-text-color has-background has-white-background-color has-white-color is-style-dots\"\/>\n\n\n\n<figure class=\"wp-block-image size-large\"><img loading=\"lazy\" width=\"1024\" height=\"576\" src=\"http:\/\/xmm-ssc.irap.omp.eu\/xmm2athena\/wp-content\/uploads\/2021\/10\/compo3-1024x576.jpg\" alt=\"\" class=\"wp-image-1476\" srcset=\"http:\/\/xmm-ssc.irap.omp.eu\/xmm2athena\/wp-content\/uploads\/2021\/10\/compo3-1024x576.jpg 1024w, http:\/\/xmm-ssc.irap.omp.eu\/xmm2athena\/wp-content\/uploads\/2021\/10\/compo3-300x169.jpg 300w, http:\/\/xmm-ssc.irap.omp.eu\/xmm2athena\/wp-content\/uploads\/2021\/10\/compo3-768x432.jpg 768w, http:\/\/xmm-ssc.irap.omp.eu\/xmm2athena\/wp-content\/uploads\/2021\/10\/compo3.jpg 1333w\" sizes=\"(max-width: 1024px) 100vw, 1024px\" \/><\/figure>\n\n\n\n<hr class=\"wp-block-separator has-text-color has-background has-white-background-color has-white-color is-style-dots\"\/>\n\n\n\n<h2><span style=\"color:#d12e7e\" class=\"has-inline-color\">La noche europea de los investigadores 2021<\/span><\/h2>\n\n\n\n<hr class=\"wp-block-separator has-text-color has-background has-white-background-color has-white-color is-style-dots\"\/>\n\n\n\n<div class=\"wp-block-columns\">\n<div class=\"wp-block-column\">\n<div class=\"wp-block-image\"><figure class=\"aligncenter size-large\"><img loading=\"lazy\" width=\"1024\" height=\"768\" src=\"http:\/\/xmm-ssc.irap.omp.eu\/xmm2athena\/wp-content\/uploads\/2021\/09\/CienciaCircular_210922_UniversoX_resize-1024x768.png\" alt=\"\" class=\"wp-image-1458\" srcset=\"http:\/\/xmm-ssc.irap.omp.eu\/xmm2athena\/wp-content\/uploads\/2021\/09\/CienciaCircular_210922_UniversoX_resize-1024x768.png 1024w, http:\/\/xmm-ssc.irap.omp.eu\/xmm2athena\/wp-content\/uploads\/2021\/09\/CienciaCircular_210922_UniversoX_resize-300x225.png 300w, http:\/\/xmm-ssc.irap.omp.eu\/xmm2athena\/wp-content\/uploads\/2021\/09\/CienciaCircular_210922_UniversoX_resize-768x576.png 768w, http:\/\/xmm-ssc.irap.omp.eu\/xmm2athena\/wp-content\/uploads\/2021\/09\/CienciaCircular_210922_UniversoX_resize.png 1333w\" sizes=\"(max-width: 1024px) 100vw, 1024px\" \/><figcaption><span class=\"has-inline-color has-black-color\">Charla: Universo y Rayos X \u00bfCu\u00e1nto sabes?<\/span><\/figcaption><\/figure><\/div>\n\n\n\n<p><\/p>\n<\/div>\n\n\n\n<div class=\"wp-block-column\">\n<div class=\"wp-block-image\"><figure class=\"aligncenter size-medium\"><img loading=\"lazy\" width=\"300\" height=\"225\" src=\"http:\/\/xmm-ssc.irap.omp.eu\/xmm2athena\/wp-content\/uploads\/2021\/09\/WhatsApp-Image-2021-09-22-at-13.02.23-300x225.jpeg\" alt=\"\" class=\"wp-image-1455\" srcset=\"http:\/\/xmm-ssc.irap.omp.eu\/xmm2athena\/wp-content\/uploads\/2021\/09\/WhatsApp-Image-2021-09-22-at-13.02.23-300x225.jpeg 300w, http:\/\/xmm-ssc.irap.omp.eu\/xmm2athena\/wp-content\/uploads\/2021\/09\/WhatsApp-Image-2021-09-22-at-13.02.23-1024x768.jpeg 1024w, http:\/\/xmm-ssc.irap.omp.eu\/xmm2athena\/wp-content\/uploads\/2021\/09\/WhatsApp-Image-2021-09-22-at-13.02.23-768x576.jpeg 768w, http:\/\/xmm-ssc.irap.omp.eu\/xmm2athena\/wp-content\/uploads\/2021\/09\/WhatsApp-Image-2021-09-22-at-13.02.23-1536x1152.jpeg 1536w, http:\/\/xmm-ssc.irap.omp.eu\/xmm2athena\/wp-content\/uploads\/2021\/09\/WhatsApp-Image-2021-09-22-at-13.02.23-1440x1080.jpeg 1440w, http:\/\/xmm-ssc.irap.omp.eu\/xmm2athena\/wp-content\/uploads\/2021\/09\/WhatsApp-Image-2021-09-22-at-13.02.23.jpeg 1600w\" sizes=\"(max-width: 300px) 100vw, 300px\" \/><figcaption><span class=\"has-inline-color has-black-color\">Charla: Pon a prueba tu conocimiento del Sistema Solar<\/span><\/figcaption><\/figure><\/div>\n\n\n\n<p><\/p>\n<\/div>\n\n\n\n<div class=\"wp-block-column\">\n<div class=\"wp-block-image\"><figure class=\"aligncenter size-large\"><img src=\"http:\/\/xmm-ssc.irap.omp.eu\/xmm2athena\/wp-content\/uploads\/2021\/09\/IES_Estelas_Corrales_investigaRX_resize-1024x768.png\" alt=\"\" class=\"wp-image-1457\"\/><figcaption><span class=\"has-inline-color has-black-color\">Charla: Mini Investiga Galaxias Rayos X<\/span><\/figcaption><\/figure><\/div>\n\n\n\n<p><\/p>\n<\/div>\n<\/div>\n\n\n\n<h2><span style=\"color:#d12e7e\" class=\"has-inline-color\">Reuni\u00f3n inicial (Kick-off): 21 y 22 de abril del 2021<\/span><\/h2>\n\n\n\n<hr class=\"wp-block-separator has-text-color has-background has-white-background-color has-white-color is-style-dots\"\/>\n\n\n\n<figure class=\"wp-block-image size-large is-resized\"><img loading=\"lazy\" src=\"http:\/\/xmm-ssc.irap.omp.eu\/xmm2athena\/wp-content\/uploads\/2021\/05\/GroupPhoto_Screen1_1-S.png\" alt=\"\" class=\"wp-image-286\" width=\"837\" height=\"482\" srcset=\"http:\/\/xmm-ssc.irap.omp.eu\/xmm2athena\/wp-content\/uploads\/2021\/05\/GroupPhoto_Screen1_1-S.png 658w, http:\/\/xmm-ssc.irap.omp.eu\/xmm2athena\/wp-content\/uploads\/2021\/05\/GroupPhoto_Screen1_1-S-300x173.png 300w\" sizes=\"(max-width: 837px) 100vw, 837px\" \/><figcaption><span class=\"has-inline-color has-black-color\">Reuni\u00f3n inicial Kick-off  April 21 &amp; 22, 2021<\/span><\/figcaption><\/figure>\n\n\n\n<figure class=\"wp-block-image size-large\"><img loading=\"lazy\" width=\"1024\" height=\"765\" src=\"http:\/\/xmm-ssc.irap.omp.eu\/xmm2athena\/wp-content\/uploads\/2021\/05\/carte-centres-1024x765.png\" alt=\"\" class=\"wp-image-288\" srcset=\"http:\/\/xmm-ssc.irap.omp.eu\/xmm2athena\/wp-content\/uploads\/2021\/05\/carte-centres-1024x765.png 1024w, http:\/\/xmm-ssc.irap.omp.eu\/xmm2athena\/wp-content\/uploads\/2021\/05\/carte-centres-300x224.png 300w, http:\/\/xmm-ssc.irap.omp.eu\/xmm2athena\/wp-content\/uploads\/2021\/05\/carte-centres-768x574.png 768w, http:\/\/xmm-ssc.irap.omp.eu\/xmm2athena\/wp-content\/uploads\/2021\/05\/carte-centres-1446x1080.png 1446w, http:\/\/xmm-ssc.irap.omp.eu\/xmm2athena\/wp-content\/uploads\/2021\/05\/carte-centres.png 1475w\" sizes=\"(max-width: 1024px) 100vw, 1024px\" \/><figcaption><span class=\"has-inline-color has-black-color\">Mapa de los beneficiarios Europeos <\/span><\/figcaption><\/figure>\n","protected":false},"excerpt":{"rendered":"<p>Semana Mundial del Espacio 2021: Mujeres en el Espacio Nos unimos a miles de participantes de m\u00e1s de 90 pa\u00edses para celebrar los logros y las contribuciones de las mujeres en el sector espacial y a las ciencias. El proyecto XMM2ATHENA ha contribuido a esta iniciativa con el mosaico que se muestra a continuaci\u00f3n, en&hellip; <br \/> <a class=\"read-more\" href=\"http:\/\/xmm-ssc.irap.omp.eu\/xmm2athena\/es\/galleria_old\/\">Lire la suite<\/a><\/p>\n","protected":false},"author":5,"featured_media":0,"parent":0,"menu_order":0,"comment_status":"closed","ping_status":"closed","template":"","meta":{"_eb_attr":"","_mi_skip_tracking":false,"_monsterinsights_sitenote_active":false,"_monsterinsights_sitenote_note":"","_monsterinsights_sitenote_category":0},"_links":{"self":[{"href":"http:\/\/xmm-ssc.irap.omp.eu\/xmm2athena\/wp-json\/wp\/v2\/pages\/1612"}],"collection":[{"href":"http:\/\/xmm-ssc.irap.omp.eu\/xmm2athena\/wp-json\/wp\/v2\/pages"}],"about":[{"href":"http:\/\/xmm-ssc.irap.omp.eu\/xmm2athena\/wp-json\/wp\/v2\/types\/page"}],"author":[{"embeddable":true,"href":"http:\/\/xmm-ssc.irap.omp.eu\/xmm2athena\/wp-json\/wp\/v2\/users\/5"}],"replies":[{"embeddable":true,"href":"http:\/\/xmm-ssc.irap.omp.eu\/xmm2athena\/wp-json\/wp\/v2\/comments?post=1612"}],"version-history":[{"count":8,"href":"http:\/\/xmm-ssc.irap.omp.eu\/xmm2athena\/wp-json\/wp\/v2\/pages\/1612\/revisions"}],"predecessor-version":[{"id":1961,"href":"http:\/\/xmm-ssc.irap.omp.eu\/xmm2athena\/wp-json\/wp\/v2\/pages\/1612\/revisions\/1961"}],"wp:attachment":[{"href":"http:\/\/xmm-ssc.irap.omp.eu\/xmm2athena\/wp-json\/wp\/v2\/media?parent=1612"}],"curies":[{"name":"wp","href":"https:\/\/api.w.org\/{rel}","templated":true}]}}