{"id":1593,"date":"2021-10-19T10:54:12","date_gmt":"2021-10-19T10:54:12","guid":{"rendered":"http:\/\/xmm-ssc.irap.omp.eu\/xmm2athena\/?page_id=1593"},"modified":"2023-12-04T13:50:37","modified_gmt":"2023-12-04T13:50:37","slug":"www-iniciativas-2023","status":"publish","type":"page","link":"http:\/\/xmm-ssc.irap.omp.eu\/xmm2athena\/es\/www-iniciativas-2023\/","title":{"rendered":"WWW-Iniciativas 2023"},"content":{"rendered":"\n<div class=\"wp-block-media-text alignwide is-stacked-on-mobile\"><figure class=\"wp-block-media-text__media\"><img loading=\"lazy\" width=\"1024\" height=\"576\" src=\"http:\/\/xmm-ssc.irap.omp.eu\/xmm2athena\/wp-content\/uploads\/2023\/11\/Cartel-Clases-Magistrales-Internacionales-de-Astrofi\u0301sica-1-1024x576.png\" alt=\"\" class=\"wp-image-5255 size-full\" srcset=\"http:\/\/xmm-ssc.irap.omp.eu\/xmm2athena\/wp-content\/uploads\/2023\/11\/Cartel-Clases-Magistrales-Internacionales-de-Astrofi\u0301sica-1-1024x576.png 1024w, http:\/\/xmm-ssc.irap.omp.eu\/xmm2athena\/wp-content\/uploads\/2023\/11\/Cartel-Clases-Magistrales-Internacionales-de-Astrofi\u0301sica-1-300x169.png 300w, http:\/\/xmm-ssc.irap.omp.eu\/xmm2athena\/wp-content\/uploads\/2023\/11\/Cartel-Clases-Magistrales-Internacionales-de-Astrofi\u0301sica-1-768x432.png 768w, http:\/\/xmm-ssc.irap.omp.eu\/xmm2athena\/wp-content\/uploads\/2023\/11\/Cartel-Clases-Magistrales-Internacionales-de-Astrofi\u0301sica-1-1536x864.png 1536w, http:\/\/xmm-ssc.irap.omp.eu\/xmm2athena\/wp-content\/uploads\/2023\/11\/Cartel-Clases-Magistrales-Internacionales-de-Astrofi\u0301sica-1.png 1600w\" sizes=\"(max-width: 1024px) 100vw, 1024px\" \/><\/figure><div class=\"wp-block-media-text__content\">\n<p class=\"has-large-font-size\"><\/p>\n\n\n\n<p class=\"has-black-color has-text-color\">Este a\u00f1o, enmarcado en la Semana de la Ciencia, se ha celebrado la II Edici\u00f3n de las Clases Magistrales Internacionales de Astrof\u00edsica en colaboraci\u00f3n con el Instituto de F\u00edsica de Cantabria (IFCA) y el Institut de Recherche en Astrophysique et Plan\u00e9tologie (IRAP) de Toulouse (Francia). El evento se celebr\u00f3 el 30 de noviembre de 2023 de 9:30 a 14:30 horas.<br>Esta actividad est\u00e1 dirigida a estudiantes de secundaria. Los estudiantes aprendieron c\u00f3mo se obtienen los datos astron\u00f3micos con el sat\u00e9lite XMM-Newton, as\u00ed como el proceso de clasificaci\u00f3n de las fuentes de rayos X para construir un cat\u00e1logo de las mismas.<br>Ellos mismos pudieron clasificar algunas de estas fuentes utilizando la herramienta web <a href=\"http:\/\/xmm-ssc.irap.omp.eu\/claxson\/\" target=\"_blank\" rel=\"noreferrer noopener\">CLAXSON<\/a>.<br>Una vez finalizado el proyecto, los estudiantes de ambas instituciones participaron en un concurso a trav\u00e9s de la plataforma Quizziz, en el que pusieron a prueba sus conocimientos sobre astronom\u00eda de rayos X. Por \u00faltimo, se celebr\u00f3 una videoconferencia para compartir todas las ideas y resultados.<\/p>\n<\/div><\/div>\n\n\n\n<div class=\"wp-container-1 wp-block-buttons\">\n<div class=\"wp-block-button is-style-outline\"><a class=\"wp-block-button__link has-text-color\" href=\"http:\/\/xmm-ssc.irap.omp.eu\/xmm2athena\/es\/semana-de-la-ciencia-2023-ii-edicion-de-las-clases-magistrales-internationales-en-astrofisica\/\" style=\"color:#d12e7e\">Nuestra participaci\u00f3n<\/a><\/div>\n<\/div>\n\n\n\n<hr class=\"wp-block-separator has-text-color has-background has-white-background-color has-white-color\"\/>\n\n\n\n<hr class=\"wp-block-separator is-style-wide\"\/>\n\n\n\n<div class=\"wp-block-media-text alignwide is-stacked-on-mobile\"><figure class=\"wp-block-media-text__media\"><img loading=\"lazy\" width=\"1024\" height=\"576\" src=\"http:\/\/xmm-ssc.irap.omp.eu\/xmm2athena\/wp-content\/uploads\/2023\/11\/Logo_fete-de-la-science-1024x576-1-1.png\" alt=\"\" class=\"wp-image-5213 size-full\" srcset=\"http:\/\/xmm-ssc.irap.omp.eu\/xmm2athena\/wp-content\/uploads\/2023\/11\/Logo_fete-de-la-science-1024x576-1-1.png 1024w, http:\/\/xmm-ssc.irap.omp.eu\/xmm2athena\/wp-content\/uploads\/2023\/11\/Logo_fete-de-la-science-1024x576-1-1-300x169.png 300w, http:\/\/xmm-ssc.irap.omp.eu\/xmm2athena\/wp-content\/uploads\/2023\/11\/Logo_fete-de-la-science-1024x576-1-1-768x432.png 768w\" sizes=\"(max-width: 1024px) 100vw, 1024px\" \/><\/figure><div class=\"wp-block-media-text__content\">\n<p class=\"has-large-font-size\"><\/p>\n\n\n\n<p class=\"has-black-color has-text-color\">Los d\u00edas 13 y 14 de octubre, en el marco de la <a href=\"https:\/\/www.fetedelascience.fr\/\" target=\"_blank\" rel=\"noreferrer noopener\">Fiesta de la Ciencia<\/a>, el <a href=\"https:\/\/www.irap.omp.eu\/\" target=\"_blank\" rel=\"noreferrer noopener\">IRAP<\/a> organiz\u00f3 sus <a href=\"http:\/\/Open Days\" target=\"_blank\" rel=\"noreferrer noopener\">Jornadas de Puertas Abiertas<\/a>, que se desarrollaron en dos etapas:<\/p>\n\n\n\n<ul class=\"has-black-color has-text-color\"><li>El viernes 13 de octubre se organizaron en colaboraci\u00f3n con el <a href=\"https:\/\/www.omp.eu\/\" target=\"_blank\" rel=\"noreferrer noopener\">Observatoire Midi-Pyr\u00e9n\u00e9es<\/a> y estuvieron dedicadas a acoger a escolares. Tras una introducci\u00f3n a cargo de la direcci\u00f3n del Observatorio, los alumnos de secundaria de Castres (81) trabajaron en peque\u00f1os grupos para descubrir temas como los terremotos, la formaci\u00f3n del agua y las mol\u00e9culas en el espacio, los exoplanetas, la realidad virtual en Marte y la reconstrucci\u00f3n de un aut\u00e9ntico traje espacial lunar<\/li><li>El s\u00e1bado, el IRAP abri\u00f3 sus puertas al p\u00fablico en general (edad m\u00ednima recomendada: 6 a\u00f1os). El objetivo era ayudar a los j\u00f3venes a descubrir los temas y proyectos del IRAP, e inspirarles para que emprendan una carrera en este campo. El <a href=\"https:\/\/www.irap.omp.eu\/grand-public\/evenements\/journee-portes-ouvertes-2023\/\" target=\"_blank\" rel=\"noreferrer noopener\">programa <\/a>del d\u00eda inclu\u00eda talleres y conferencias.<\/li><\/ul>\n<\/div><\/div>\n\n\n\n<hr class=\"wp-block-separator has-text-color has-background has-white-background-color has-white-color\"\/>\n\n\n\n<div class=\"wp-container-2 wp-block-buttons\">\n<div class=\"wp-block-button is-style-outline\"><a class=\"wp-block-button__link has-text-color\" href=\"http:\/\/xmm-ssc.irap.omp.eu\/xmm2athena\/es\/fiesta-de-la-ciencia-en-el-irap-2023\/\" style=\"color:#d12e7e\">Nuestra participaci\u00f3n<\/a><\/div>\n<\/div>\n\n\n\n<hr class=\"wp-block-separator has-text-color has-background has-white-background-color has-white-color\"\/>\n\n\n\n<hr class=\"wp-block-separator is-style-wide\"\/>\n\n\n\n<div class=\"wp-block-media-text alignwide is-stacked-on-mobile\"><figure class=\"wp-block-media-text__media\"><img loading=\"lazy\" width=\"850\" height=\"478\" src=\"http:\/\/xmm-ssc.irap.omp.eu\/xmm2athena\/wp-content\/uploads\/2022\/11\/640x360_Night_English-wt-1.jpg\" alt=\"\" class=\"wp-image-3880 size-full\" srcset=\"http:\/\/xmm-ssc.irap.omp.eu\/xmm2athena\/wp-content\/uploads\/2022\/11\/640x360_Night_English-wt-1.jpg 850w, http:\/\/xmm-ssc.irap.omp.eu\/xmm2athena\/wp-content\/uploads\/2022\/11\/640x360_Night_English-wt-1-300x169.jpg 300w, http:\/\/xmm-ssc.irap.omp.eu\/xmm2athena\/wp-content\/uploads\/2022\/11\/640x360_Night_English-wt-1-768x432.jpg 768w\" sizes=\"(max-width: 850px) 100vw, 850px\" \/><\/figure><div class=\"wp-block-media-text__content\">\n<p class=\"has-large-font-size\"><\/p>\n\n\n\n<p class=\"has-black-color has-text-color\">La Noche Europea de los Investigadores es un acto p\u00fablico de \u00e1mbito europeo que muestra de forma divertida e inspiradora la diversidad de la ciencia y su repercusi\u00f3n en la vida cotidiana de los ciudadanos.<\/p>\n\n\n\n<p class=\"has-black-color has-text-color\">Este a\u00f1o se celebr\u00f3 en 26 pa\u00edses el viernes 29 de septiembre de 2023.<\/p>\n\n\n\n<p class=\"has-black-color has-text-color\">La Noche Europea de los Investigadores pretende:<\/p>\n\n\n\n<ul class=\"has-black-color has-text-color\"><li>acercar la investigaci\u00f3n y los investigadores al p\u00fablico<\/li><li>promover proyectos de investigaci\u00f3n excelentes en toda Europa y fuera de ella<\/li><li>aumentar el inter\u00e9s de los j\u00f3venes por las carreras cient\u00edficas y de investigaci\u00f3n<\/li><li>mostrar el impacto del trabajo de los investigadores en la vida cotidiana de las personas<\/li><\/ul>\n\n\n\n<p class=\"has-black-color has-text-color\">La Noche Europea de los Investigadores atrae cada a\u00f1o a m\u00e1s de 1,5 millones de visitantes dentro y fuera de Europa.<\/p>\n<\/div><\/div>\n\n\n\n<hr class=\"wp-block-separator has-text-color has-background has-white-background-color has-white-color\"\/>\n\n\n\n<div class=\"wp-container-3 wp-block-buttons\">\n<div class=\"wp-block-button is-style-outline\"><a class=\"wp-block-button__link has-text-color\" href=\"http:\/\/xmm-ssc.irap.omp.eu\/xmm2athena\/es\/2023\/09\/22\/la-noche-europea-de-los-investigadores-2023-listo-para-mostrar-tus-conocimientos-en-astronomia-de-rayos-x\/\" style=\"color:#d12e7e\">Nuestra participaci\u00f3n<\/a><\/div>\n<\/div>\n\n\n\n<hr class=\"wp-block-separator has-text-color has-background has-white-background-color has-white-color\"\/>\n\n\n\n<hr class=\"wp-block-separator is-style-wide\"\/>\n\n\n\n<div class=\"wp-block-media-text alignwide is-stacked-on-mobile\"><figure class=\"wp-block-media-text__media\"><a href=\"tifr.res.in\/~ipa1970\/gipwg\/\"><img loading=\"lazy\" width=\"1024\" height=\"279\" src=\"http:\/\/xmm-ssc.irap.omp.eu\/xmm2athena\/wp-content\/uploads\/2023\/07\/Screenshot-2023-07-12-at-12.17.43-1-1024x279.png\" alt=\"\" class=\"wp-image-4765 size-full\" srcset=\"http:\/\/xmm-ssc.irap.omp.eu\/xmm2athena\/wp-content\/uploads\/2023\/07\/Screenshot-2023-07-12-at-12.17.43-1-1024x279.png 1024w, http:\/\/xmm-ssc.irap.omp.eu\/xmm2athena\/wp-content\/uploads\/2023\/07\/Screenshot-2023-07-12-at-12.17.43-1-300x82.png 300w, http:\/\/xmm-ssc.irap.omp.eu\/xmm2athena\/wp-content\/uploads\/2023\/07\/Screenshot-2023-07-12-at-12.17.43-1-768x209.png 768w, http:\/\/xmm-ssc.irap.omp.eu\/xmm2athena\/wp-content\/uploads\/2023\/07\/Screenshot-2023-07-12-at-12.17.43-1-1536x418.png 1536w, http:\/\/xmm-ssc.irap.omp.eu\/xmm2athena\/wp-content\/uploads\/2023\/07\/Screenshot-2023-07-12-at-12.17.43-1.png 1902w\" sizes=\"(max-width: 1024px) 100vw, 1024px\" \/><\/a><\/figure><div class=\"wp-block-media-text__content\">\n<h3>8\u00aa Conferencia Internacional de la <meta http-equiv=\"content-type\" content=\"text\/html; charset=utf-8\"><strong><a rel=\"noreferrer noopener\" href=\"https:\/\/iupap.org\/\" target=\"_blank\">IUPAP<\/a><\/strong> sobre la Mujer en la F\u00edsica (ICWIP2023)<\/h3>\n\n\n\n<p class=\"has-black-color has-text-color\">La Uni\u00f3n Internacional de F\u00edsica Pura y Aplicada (IUPAP) ha reconocido la necesidad de impulsar la participaci\u00f3n de las mujeres en la f\u00edsica. La serie de Conferencias de la IUPAP sobre la Mujer en la F\u00edsica, organizada por el Grupo de Trabajo 5 de la IUPAP, tiene un historial no s\u00f3lo de \u00e9xito y crecimiento, sino tambi\u00e9n de marcar la diferencia en la comunidad de la f\u00edsica.<\/p>\n\n\n\n<p class=\"has-black-color has-text-color\">La 8\u00aa conferencia de esta serie se celebrar\u00e1 virtualmente del 10 al 14 de julio de 2023 en la India como pa\u00eds anfitri\u00f3n y ser\u00e1 organizada conjuntamente por el <a href=\"https:\/\/www.tifr.res.in\/~ipa1970\/gipwg\/\" target=\"_blank\" rel=\"noreferrer noopener\">Grupo de Trabajo sobre G\u00e9nero en la F\u00edsica <\/a>(GIPWG) de la <a href=\"https:\/\/www.tifr.res.in\/~ipa1970\/\" target=\"_blank\" rel=\"noreferrer noopener\">Asociaci\u00f3n India de F\u00edsica<\/a> (IPA) y el <a href=\"https:\/\/www.tifr.res.in\/\" target=\"_blank\" rel=\"noreferrer noopener\">Instituto Tata de Investigaci\u00f3n Fundamental<\/a> (TIFR).<\/p>\n\n\n\n<p class=\"has-black-color has-text-color\">El programa constar\u00e1 de sesiones plenarias, talleres interactivos, presentaciones de carteles y sesiones de trabajo en red. Adem\u00e1s de las ponencias por pa\u00edses sobre la situaci\u00f3n de la mujer en la f\u00edsica.<\/p>\n<\/div><\/div>\n\n\n\n<hr class=\"wp-block-separator has-text-color has-background has-white-background-color has-white-color\"\/>\n\n\n\n<div class=\"wp-container-4 wp-block-buttons\">\n<div class=\"wp-block-button aligncenter is-style-outline\"><a class=\"wp-block-button__link has-text-color\" href=\"http:\/\/xmm-ssc.irap.omp.eu\/xmm2athena\/es\/8a-conferencia-internacional-de-la-iupap-sobre-la-mujer-en-la-fisica-icwip2023\/\" style=\"color:#d12e7e\">Nuestra participaci\u00f3n<\/a><\/div>\n<\/div>\n\n\n\n<hr class=\"wp-block-separator has-text-color has-background has-white-background-color has-white-color\"\/>\n\n\n\n<hr class=\"wp-block-separator is-style-wide\"\/>\n\n\n\n<div class=\"wp-block-media-text alignwide is-stacked-on-mobile\"><figure class=\"wp-block-media-text__media\"><img loading=\"lazy\" width=\"1024\" height=\"768\" src=\"http:\/\/xmm-ssc.irap.omp.eu\/xmm2athena\/wp-content\/uploads\/2023\/02\/Slide2_high-1-1024x768.png\" alt=\"\" class=\"wp-image-4128 size-full\" srcset=\"http:\/\/xmm-ssc.irap.omp.eu\/xmm2athena\/wp-content\/uploads\/2023\/02\/Slide2_high-1-1024x768.png 1024w, http:\/\/xmm-ssc.irap.omp.eu\/xmm2athena\/wp-content\/uploads\/2023\/02\/Slide2_high-1-300x225.png 300w, http:\/\/xmm-ssc.irap.omp.eu\/xmm2athena\/wp-content\/uploads\/2023\/02\/Slide2_high-1-768x576.png 768w, http:\/\/xmm-ssc.irap.omp.eu\/xmm2athena\/wp-content\/uploads\/2023\/02\/Slide2_high-1-1440x1080.png 1440w, http:\/\/xmm-ssc.irap.omp.eu\/xmm2athena\/wp-content\/uploads\/2023\/02\/Slide2_high-1.png 1500w\" sizes=\"(max-width: 1024px) 100vw, 1024px\" \/><\/figure><div class=\"wp-block-media-text__content\">\n<h3>D\u00eda Internacional de la Mujer y la Ni\u00f1a en la Ciencia: 11 de febrero<\/h3>\n\n\n\n<p class=\"has-black-color has-text-color\">Tanto la ciencia como la igualdad de g\u00e9nero son vitales para la consecuci\u00f3n de los objetivos de desarrollo acordados internacionalmente, incluida la Agenda 2030 para el Desarrollo Sostenible. A lo largo de las \u00faltimas d\u00e9cadas, la comunidad mundial se ha esforzado mucho por inspirar e implicar a las mujeres y las ni\u00f1as en la ciencia. Sin embargo, las mujeres y las ni\u00f1as siguen estando excluidas de participar plenamente en la ciencia.<\/p>\n\n\n\n<p class=\"has-black-color has-text-color\">Con el fin de lograr un acceso y una participaci\u00f3n plenos y equitativos en la ciencia para las mujeres y las ni\u00f1as, y de seguir alcanzando la igualdad de g\u00e9nero y el empoderamiento de las mujeres y las ni\u00f1as, la Asamblea General de las Naciones Unidas declar\u00f3 el 11 de febrero D\u00eda Internacional de la Mujer y la Ni\u00f1a en la Ciencia en 2015.<\/p>\n<\/div><\/div>\n\n\n\n<hr class=\"wp-block-separator has-text-color has-background has-white-background-color has-white-color\"\/>\n\n\n\n<hr class=\"wp-block-separator has-text-color has-background has-white-background-color has-white-color\"\/>\n\n\n\n<div class=\"wp-container-5 wp-block-buttons\">\n<div class=\"wp-block-button aligncenter is-style-outline\"><a class=\"wp-block-button__link has-text-color\" href=\"http:\/\/xmm-ssc.irap.omp.eu\/xmm2athena\/11-feb-2023-contribuciones-del-equipo-de-xmm2athena\/\" style=\"color:#d12e7e\">Nuestra participaci\u00f3n<\/a><\/div>\n<\/div>\n","protected":false},"excerpt":{"rendered":"<p>Este a\u00f1o, enmarcado en la Semana de la Ciencia, se ha celebrado la II Edici\u00f3n de las Clases Magistrales Internacionales de Astrof\u00edsica en colaboraci\u00f3n con el Instituto de F\u00edsica de Cantabria (IFCA) y el Institut de Recherche en Astrophysique et Plan\u00e9tologie (IRAP) de Toulouse (Francia). El evento se celebr\u00f3 el 30 de noviembre de 2023&hellip; <br \/> <a class=\"read-more\" href=\"http:\/\/xmm-ssc.irap.omp.eu\/xmm2athena\/es\/www-iniciativas-2023\/\">Lire la suite<\/a><\/p>\n","protected":false},"author":5,"featured_media":0,"parent":0,"menu_order":0,"comment_status":"closed","ping_status":"closed","template":"","meta":{"_eb_attr":"","_mi_skip_tracking":false,"_monsterinsights_sitenote_active":false,"_monsterinsights_sitenote_note":"","_monsterinsights_sitenote_category":0},"_links":{"self":[{"href":"http:\/\/xmm-ssc.irap.omp.eu\/xmm2athena\/wp-json\/wp\/v2\/pages\/1593"}],"collection":[{"href":"http:\/\/xmm-ssc.irap.omp.eu\/xmm2athena\/wp-json\/wp\/v2\/pages"}],"about":[{"href":"http:\/\/xmm-ssc.irap.omp.eu\/xmm2athena\/wp-json\/wp\/v2\/types\/page"}],"author":[{"embeddable":true,"href":"http:\/\/xmm-ssc.irap.omp.eu\/xmm2athena\/wp-json\/wp\/v2\/users\/5"}],"replies":[{"embeddable":true,"href":"http:\/\/xmm-ssc.irap.omp.eu\/xmm2athena\/wp-json\/wp\/v2\/comments?post=1593"}],"version-history":[{"count":37,"href":"http:\/\/xmm-ssc.irap.omp.eu\/xmm2athena\/wp-json\/wp\/v2\/pages\/1593\/revisions"}],"predecessor-version":[{"id":5286,"href":"http:\/\/xmm-ssc.irap.omp.eu\/xmm2athena\/wp-json\/wp\/v2\/pages\/1593\/revisions\/5286"}],"wp:attachment":[{"href":"http:\/\/xmm-ssc.irap.omp.eu\/xmm2athena\/wp-json\/wp\/v2\/media?parent=1593"}],"curies":[{"name":"wp","href":"https:\/\/api.w.org\/{rel}","templated":true}]}}