{"id":1541,"date":"2021-10-13T09:15:07","date_gmt":"2021-10-13T09:15:07","guid":{"rendered":"http:\/\/xmm-ssc.irap.omp.eu\/xmm2athena\/?page_id=1541"},"modified":"2024-01-23T13:01:05","modified_gmt":"2024-01-23T13:01:05","slug":"paquetes-de-trabajo","status":"publish","type":"page","link":"http:\/\/xmm-ssc.irap.omp.eu\/xmm2athena\/es\/paquetes-de-trabajo\/","title":{"rendered":"Paquetes de Trabajo"},"content":{"rendered":"\n<h4 class=\"has-text-color\" style=\"color:#5a145c\">Paquete de Trabajo 1 : Administraci\u00f3n<\/h4>\n\n\n\n<p class=\"has-black-color has-text-color\">Liderado por <strong><a href=\"http:\/\/irap.omp.eu\/en\/homepage-en\/\" target=\"_blank\" rel=\"noreferrer noopener\">CNRS\/IRAP<\/a><\/strong><br><em>Objetivos<\/em>: Administraci\u00f3n y gesti\u00f3n del proyecto<\/p>\n\n\n\n<h4 class=\"has-text-color\" style=\"color:#5a145c\">Paquete de Trabajo 2 : Contrapartidas en m\u00faltiples longitudes de onda y multimensajeros<\/h4>\n\n\n\n<p class=\"has-black-color has-text-color\">Liderado por <strong><a href=\"http:\/\/astro.unistra.fr\" target=\"_blank\" rel=\"noreferrer noopener\">CNRS\/Observatoire Astronomique de Strasbourg<\/a><\/strong><br><em>Objetivos<\/em>: Proporcionar una estad\u00edstica de los identificadores en m\u00faltiples longitudes de onda y de la distribuci\u00f3n espectral de energ\u00eda de las fuentes de rayos X de XMM-Newton, incluyendo las descubiertas en el cat\u00e1logo apilado y en las nuevas fuentes transitorias encontradas por el paquete de trabajo de variabilidad. Estar preparados para identificar las contrapartidas electromagn\u00e9ticas de los eventos multimensajero.<\/p>\n\n\n\n<h4 class=\"has-text-color\" style=\"color:#5a145c\">Paquete de Trabajo 3 : Estimador de sensibilidad<\/h4>\n\n\n\n<p class=\"has-black-color has-text-color\">Liderado por <strong><a href=\"http:\/\/irap.omp.eu\/en\/homepage-en\/\" target=\"_blank\" rel=\"noreferrer noopener\">CNRS\/IRAP<\/a><\/strong><br><em>Objetivos<\/em>: Crear, publicar, mantener y mejorar el estimador de sensibilidad<\/p>\n\n\n\n<h4 class=\"has-text-color\" style=\"color:#5a145c\">Paquete de Trabajo 4 : Mejora del cat\u00e1logo apilado<\/h4>\n\n\n\n<p class=\"has-black-color has-text-color\">Liderado por <strong><a href=\"http:\/\/aip.de\/en\/\" target=\"_blank\" rel=\"noreferrer noopener\">AIP<\/a><\/strong><br><em>Objetivos<\/em>: Desarrollo de software para aumentar la sensibilidad en la detecci\u00f3n de fuentes en observaciones simult\u00e1neas de XMM-Newton. Esto se basar\u00e1 en la suposici\u00f3n b\u00e1sica de que las fuentes de rayos X no cambian<br>su brillo entre observaciones. La variabilidad a largo plazo se evaluar\u00e1 a posteriori. El software redise\u00f1ado se basar\u00e1 en una matriz calculada a trav\u00e9s de modelos espectrales que convierten los flujos en tasas de conteo. Se utilizar\u00e1 para generar un cat\u00e1logo de fuentes nuevo y m\u00e1s sensible a trav\u00e9s del cat\u00e1logo apliado. Se publicar\u00e1 un cat\u00e1logo conjunto de todas las observaciones XMM-Newton disponibles (individuales y superpuestas). Antes de la elaboraci\u00f3n del cat\u00e1logo se revisar\u00e1n y optimizar\u00e1n los procedimientos para combinar las diferentes observaciones. Lo mismo ocurrir\u00e1 con el acoplamiento de im\u00e1genes de gran tama\u00f1o.<\/p>\n\n\n\n<h4 class=\"has-text-color\" style=\"color:#5a145c\">Paquete de Trabajo 5 : Variabilidad<\/h4>\n\n\n\n<p class=\"has-black-color has-text-color\">Liderado por <strong><a rel=\"noreferrer noopener\" href=\"http:\/\/irap.omp.eu\/en\/homepage-en\/\" target=\"_blank\">CNRS\/IRAP<\/a><\/strong><br><em>Objetivos<\/em>: Proporcionar el software necesario para identificar las fuentes variables en escala temporal de segundos pero que son d\u00e9biles y no se detectan en el cat\u00e1logo.<br>Proporcionar el software necesario para identificar fuentes variables a largo plazo y proporcionar alertas a la comunidad.<br>Identificar las fuentes variables.<\/p>\n\n\n\n<h4 class=\"has-text-color\" style=\"color:#5a145c\">Paquete de Trabajo 6 : Espectros<\/h4>\n\n\n\n<p class=\"has-black-color has-text-color\">Liderado por <strong><a href=\"http:\/\/web.unican.es\/en\/Pages\/default.aspx\" target=\"_blank\" rel=\"noreferrer noopener\">UC\/IFCA<\/a><\/strong><br><em>Objetivos<\/em>: Ajustar un conjunto limitado de modelos sencillos a todos los espectros extra\u00eddos en el cat\u00e1logo actual de 4XMM, proporcionando el modelo mejor ajustado, los valores de los par\u00e1metros mejor ajustados, los intervalos de confianza y las distribuciones de probabilidad completas. Generar espectros combinados para fuentes con observaciones repetidas (cat\u00e1logo apilado) y analizarlos con el mismo conjunto de modelos, proporcionando los valores de los par\u00e1metros de mejor ajuste, los intervalos de confianza y las distribuciones de probabilidad completas. Para todas las detecciones en el cat\u00e1logo actual de 4XMM, obtener estimaciones de los par\u00e1metros espectrales para el mismo conjunto de modelos, proporcionando los par\u00e1metros de mejor ajuste e intervalos de confianza. Para el subconjunto de fuentes de rayos X con buenas clasificaciones y (si es el caso) corrimientos al rojo, se ajustaran modelos f\u00edsicos y se proporcionaran los valores de los par\u00e1metros de mejor ajuste, los intervalos de confianza y las distribuciones de probabilidad completas.<\/p>\n\n\n\n<h4 class=\"has-text-color\" style=\"color:#5a145c\">Paquete de Trabajo 7 : Clasificaci\u00f3n de fuentes en el \u00d3ptico\/UV<\/h4>\n\n\n\n<p class=\"has-black-color has-text-color\">Liderado por <strong><a href=\"http:\/\/le.ac.uk\/physics\" target=\"_blank\" rel=\"noreferrer noopener\">UCL\/MSSL<\/a><\/strong><br><strong>Objetivos<\/strong>: Utilizar machine-learning para clasificar autom\u00e1ticamente las fuentes de SUSS en fuentes gal\u00e1cticas y extragal\u00e1cticas. Identificar fuentes variables. Proporcionar informaci\u00f3n de la clasificaci\u00f3n y del dominio temporal para las contrapartidas de las fuentes de rayos X durante el proceso de clasificaci\u00f3n de fuentes de rayos X.<\/p>\n\n\n\n<h4 class=\"has-text-color\" style=\"color:#5a145c\">Paquete de Trabajo 8 : Clasificaci\u00f3n de fuentes de Rayos-X<\/h4>\n\n\n\n<p class=\"has-black-color has-text-color\">Liderado por <strong><a href=\"http:\/\/noa.gr\/en\/\" target=\"_blank\" rel=\"noreferrer noopener\">NOA<\/a><\/strong><br><em>Objetivos<\/em>: Desarrollar tecnolog\u00edas de Inteligencia Artificial para la clasificaci\u00f3n de las fuentes del 4XMM utilizando como entrada informaci\u00f3n de rayos X + Supervisada \/ No Supervisada y de multimensajeros. Para las fuentes extragal\u00e1cticas del paso anterior se determinar\u00e1n los corrimientos al rojo fotom\u00e9tricos utilizando algoritmos de Inteligencia Artificial.<\/p>\n\n\n\n<h4 class=\"has-text-color\" style=\"color:#5a145c\">Paquete de Trabajo 9 : Validaci\u00f3n Cient\u00edfica<\/h4>\n\n\n\n<p class=\"has-black-color has-text-color\">Liderado por la <strong><a href=\"http:\/\/le.ac.uk\/physics\" target=\"_blank\" rel=\"noreferrer noopener\">University of Leicester<\/a><\/strong><br><em>Objetivos<\/em>: Demostrar el valor cient\u00edfico de las herramientas y productos desarrollados por el proyecto, a trav\u00e9s de algunos proyectos ejemplares bien definidos que exploren los desarrollos de los paquetes de trabjo del 2 a 8.<\/p>\n\n\n\n<h4 class=\"has-text-color\" style=\"color:#5a145c\">Paquete de Trabajo 10 : Comunicaci\u00f3n<\/h4>\n\n\n\n<p class=\"has-black-color has-text-color\">Liderado por <strong><a href=\"http:\/\/web.unican.es\/en\/Pages\/default.aspx\" target=\"_blank\" rel=\"noreferrer noopener\">UC\/IFCA<\/a><\/strong><br><em>Objetivos<\/em>: Actualizar y mejorar nuestra p\u00e1gina web de divulgaci\u00f3n para que sirva de canal principal de comunicaci\u00f3n interno y p\u00fablico. Incorporar los resultados del pr\u00f3ximo cat\u00e1logo de 4XMM y hacer p\u00fablica la documentaci\u00f3n del software de an\u00e1lisis y la descripci\u00f3n del mismo. Llevar a cabo un workshop final para dar a conocer los resultados m\u00e1s relevantes de la colaboraci\u00f3n, ofrecer tutoriales y recoger sugerencias de mejora. Comunicaci\u00f3n p\u00fablica mediante notas de prensa, charlas p\u00fablicas, jornadas de puertas abiertas, redes sociales, participaci\u00f3n en iniciativas internacionales y acogida de estudiantes en pr\u00e1cticas. Elaboraci\u00f3n de material de divulgaci\u00f3n.<\/p>\n","protected":false},"excerpt":{"rendered":"<p>Paquete de Trabajo 1 : Administraci\u00f3n Liderado por CNRS\/IRAPObjetivos: Administraci\u00f3n y gesti\u00f3n del proyecto Paquete de Trabajo 2 : Contrapartidas en m\u00faltiples longitudes de onda y multimensajeros Liderado por CNRS\/Observatoire Astronomique de StrasbourgObjetivos: Proporcionar una estad\u00edstica de los identificadores en m\u00faltiples longitudes de onda y de la distribuci\u00f3n espectral de energ\u00eda de las fuentes de&hellip; <br \/> <a class=\"read-more\" href=\"http:\/\/xmm-ssc.irap.omp.eu\/xmm2athena\/es\/paquetes-de-trabajo\/\">Lire la suite<\/a><\/p>\n","protected":false},"author":5,"featured_media":0,"parent":0,"menu_order":0,"comment_status":"closed","ping_status":"closed","template":"","meta":{"_eb_attr":"","_mi_skip_tracking":false,"_monsterinsights_sitenote_active":false,"_monsterinsights_sitenote_note":"","_monsterinsights_sitenote_category":0},"_links":{"self":[{"href":"http:\/\/xmm-ssc.irap.omp.eu\/xmm2athena\/wp-json\/wp\/v2\/pages\/1541"}],"collection":[{"href":"http:\/\/xmm-ssc.irap.omp.eu\/xmm2athena\/wp-json\/wp\/v2\/pages"}],"about":[{"href":"http:\/\/xmm-ssc.irap.omp.eu\/xmm2athena\/wp-json\/wp\/v2\/types\/page"}],"author":[{"embeddable":true,"href":"http:\/\/xmm-ssc.irap.omp.eu\/xmm2athena\/wp-json\/wp\/v2\/users\/5"}],"replies":[{"embeddable":true,"href":"http:\/\/xmm-ssc.irap.omp.eu\/xmm2athena\/wp-json\/wp\/v2\/comments?post=1541"}],"version-history":[{"count":25,"href":"http:\/\/xmm-ssc.irap.omp.eu\/xmm2athena\/wp-json\/wp\/v2\/pages\/1541\/revisions"}],"predecessor-version":[{"id":5389,"href":"http:\/\/xmm-ssc.irap.omp.eu\/xmm2athena\/wp-json\/wp\/v2\/pages\/1541\/revisions\/5389"}],"wp:attachment":[{"href":"http:\/\/xmm-ssc.irap.omp.eu\/xmm2athena\/wp-json\/wp\/v2\/media?parent=1541"}],"curies":[{"name":"wp","href":"https:\/\/api.w.org\/{rel}","templated":true}]}}