{"id":1491,"date":"2021-10-07T10:37:28","date_gmt":"2021-10-07T10:37:28","guid":{"rendered":"http:\/\/xmm-ssc.irap.omp.eu\/xmm2athena\/?page_id=1491"},"modified":"2021-12-03T16:01:45","modified_gmt":"2021-12-03T16:01:45","slug":"sobre-el-proyecto","status":"publish","type":"page","link":"http:\/\/xmm-ssc.irap.omp.eu\/xmm2athena\/es\/sobre-el-proyecto\/","title":{"rendered":"Sobre el proyecto"},"content":{"rendered":"\n<p class=\"has-black-color has-white-background-color has-text-color has-background\">    La observaci\u00f3n del cielo en rayos X permite detectar los fen\u00f3menos m\u00e1s calientes y energ\u00e9ticos del Universo. Los rayos X nos permiten detectar la materia que se acumula en los agujeros negros y nos permiten identificar las erupciones estelares de las estrellas activas, las explosiones de supernovas, las estrellas de neutrones, las enanas blancas, los c\u00famulos de galaxias e incluso las auroras en los planetas o cometas. XMMNewton es un observatorio de rayos X de la Agencia Espacial Europea que lleva 20 a\u00f1os observando el Universo en rayos X, ultravioleta y \u00f3ptico. Sin embargo, en este tiempo, la astronom\u00eda ha evolucionado. Ahora rara vez observamos fuentes individuales, sino poblaciones. Ya no nos contentamos con una sola longitud de onda, sino que nos dirigimos hacia una era de m\u00faltiples longitudes de onda y m\u00faltiples se\u00f1ales en la que las ondas gravitacionales, los neutrinos y los rayos c\u00f3smicos tambi\u00e9n nos ayudan a comprender las fuentes de rayos X que observamos. Tambi\u00e9n estamos entrando en la era del dominio temporal en la astronom\u00eda. Esto significa operar nuestros observatorios de manera diferente. Es necesario poner en marcha nuevos programas inform\u00e1ticos y m\u00e9todos para acompa\u00f1ar a esta astronom\u00eda emergente, los cuales podr\u00e1n ser utilizados por las pr\u00f3ximas generaciones de  observatorios de rayos X, Athena.<br><br>\u00a0\u00a0\u00a0\u00a0 Esta <a href=\"https:\/\/cordis.europa.eu\/project\/id\/101004168\/es\" target=\"_blank\" rel=\"noreferrer noopener\">proyecto financiado por la CE<\/a> re\u00fane a miembros del segmento cient\u00edfico de tierra de XMM-Newton, a miembros clave del segmento cient\u00edfico de tierra de Athena y a otros miembros de la comunidad cient\u00edfica de rayos X con destrezas complementarias para as\u00ed poder desarrollar y probar nuevos m\u00e9todos y software que permitan a la comunidad cient\u00edfica observar el Universo en rayos X casi en tiempo real, identificar contrapartidas de m\u00faltiples longitudes de onda\/se\u00f1ales de las fuentes detectadas con XMM-Newton y determinar su naturaleza utilizando m\u00e9todos avanzados de <em>machine learning<\/em> y sondear las fuentes m\u00e1s d\u00e9biles, hasta ahora no detectadas, utilizando algoritmos innovadores de apilamiento y detecci\u00f3n. Estos m\u00e9todos se integrar\u00e1n en el software Athena, actualmente en fase de desarrollo, y las nuevas fuentes detectadas\/identificadas mejorar\u00e1n nuestra preparaci\u00f3n para las observaciones del Universo de rayos X que tendr\u00e1n lugar con Athena.<\/p>\n","protected":false},"excerpt":{"rendered":"<p>La observaci\u00f3n del cielo en rayos X permite detectar los fen\u00f3menos m\u00e1s calientes y energ\u00e9ticos del Universo. Los rayos X nos permiten detectar la materia que se acumula en los agujeros negros y nos permiten identificar las erupciones estelares de las estrellas activas, las explosiones de supernovas, las estrellas de neutrones, las enanas blancas, los&hellip; <br \/> <a class=\"read-more\" href=\"http:\/\/xmm-ssc.irap.omp.eu\/xmm2athena\/es\/sobre-el-proyecto\/\">Lire la suite<\/a><\/p>\n","protected":false},"author":5,"featured_media":0,"parent":0,"menu_order":0,"comment_status":"closed","ping_status":"closed","template":"","meta":{"_eb_attr":"","_mi_skip_tracking":false,"_monsterinsights_sitenote_active":false,"_monsterinsights_sitenote_note":"","_monsterinsights_sitenote_category":0},"_links":{"self":[{"href":"http:\/\/xmm-ssc.irap.omp.eu\/xmm2athena\/wp-json\/wp\/v2\/pages\/1491"}],"collection":[{"href":"http:\/\/xmm-ssc.irap.omp.eu\/xmm2athena\/wp-json\/wp\/v2\/pages"}],"about":[{"href":"http:\/\/xmm-ssc.irap.omp.eu\/xmm2athena\/wp-json\/wp\/v2\/types\/page"}],"author":[{"embeddable":true,"href":"http:\/\/xmm-ssc.irap.omp.eu\/xmm2athena\/wp-json\/wp\/v2\/users\/5"}],"replies":[{"embeddable":true,"href":"http:\/\/xmm-ssc.irap.omp.eu\/xmm2athena\/wp-json\/wp\/v2\/comments?post=1491"}],"version-history":[{"count":5,"href":"http:\/\/xmm-ssc.irap.omp.eu\/xmm2athena\/wp-json\/wp\/v2\/pages\/1491\/revisions"}],"predecessor-version":[{"id":2081,"href":"http:\/\/xmm-ssc.irap.omp.eu\/xmm2athena\/wp-json\/wp\/v2\/pages\/1491\/revisions\/2081"}],"wp:attachment":[{"href":"http:\/\/xmm-ssc.irap.omp.eu\/xmm2athena\/wp-json\/wp\/v2\/media?parent=1491"}],"curies":[{"name":"wp","href":"https:\/\/api.w.org\/{rel}","templated":true}]}}