{"id":1067,"date":"2021-07-30T15:01:56","date_gmt":"2021-07-30T15:01:56","guid":{"rendered":"http:\/\/xmm-ssc.irap.omp.eu\/xmm2athena\/?page_id=1067"},"modified":"2024-01-23T12:18:52","modified_gmt":"2024-01-23T12:18:52","slug":"work-packages-modules-de-travail","status":"publish","type":"page","link":"http:\/\/xmm-ssc.irap.omp.eu\/xmm2athena\/fr\/work-packages-modules-de-travail\/","title":{"rendered":"Work packages (modules de travail)"},"content":{"rendered":"\n<h4 class=\"has-text-color\" style=\"color:#5a145c\">Work package 1 : Administration<\/h4>\n\n\n\n<p class=\"has-black-color has-text-color\">Pilot\u00e9 par le <a href=\"http:\/\/irap.omp.eu\/en\/homepage-en\/\" target=\"_blank\" rel=\"noreferrer noopener\"><strong>CNRS\/IRAP<\/strong><\/a><br>Objectifs : Administration et management du projet<\/p>\n\n\n\n<h4 class=\"has-text-color\" style=\"color:#5a145c\">Work package 2 : Contreparties multi-longueurs d&rsquo;onde\/multi-messagers<\/h4>\n\n\n\n<p class=\"has-black-color has-text-color\">Pilot\u00e9 par le <a href=\"http:\/\/astro.unistra.fr\" target=\"_blank\" rel=\"noreferrer noopener\"><strong>CNRS\/Observatoire Astronomique de Strasbour<\/strong>g<\/a><br><em>Objectifs <\/em>: Fournir des identifications statistiques multi-longueurs d&rsquo;onde et des distributions d&rsquo;\u00e9nergie spectrale des sources XMM-Newton en rayons X, y compris celles d\u00e9couvertes dans le catalogue empil\u00e9 et les nouvelles sources transitoires d\u00e9couvertes par le groupe de travail sur la variabilit\u00e9. S&rsquo;entra\u00eener \u00e0 identifier les contreparties \u00e9lectromagn\u00e9tiques des \u00e9v\u00e9nements multi-messagers.<\/p>\n\n\n\n<h4 class=\"has-text-color\" style=\"color:#5a145c\">Work package 3 : Estimateur de sensibilit\u00e9<\/h4>\n\n\n\n<p class=\"has-black-color has-text-color\">Pilot\u00e9 par le <a rel=\"noreferrer noopener\" href=\"http:\/\/irap.omp.eu\/en\/homepage-en\/\" target=\"_blank\"><strong>CNRS\/IRAP<\/strong><\/a><br><em>Objectifs <\/em>: Cr\u00e9er, publier et maintenir un estimateur de sensibilit\u00e9 am\u00e9lior\u00e9<\/p>\n\n\n\n<h4 class=\"has-text-color\" style=\"color:#5a145c\">Work package 4 : Catalogue empil\u00e9 am\u00e9lior\u00e9<\/h4>\n\n\n\n<p class=\"has-black-color has-text-color\">Pilot\u00e9 par l&rsquo;<a href=\"http:\/\/aip.de\/en\/\" target=\"_blank\" rel=\"noreferrer noopener\"><strong>AIP<\/strong><\/a><br><em>Objectifs <\/em>: D\u00e9velopper un logiciel pour la sensibilit\u00e9 ultime de d\u00e9tection des sources sur des observations XMM- Newton qui se chevauchent. Ceci reposera sur l&rsquo;hypoth\u00e8se de base que les sources de rayons X ne changent pas de luminosit\u00e9 entre les observations. La variabilit\u00e9 \u00e0 long terme sera \u00e9valu\u00e9e post-factum. Le nouveau logiciel s&rsquo;appuiera sur une grille pr\u00e9-calcul\u00e9e de mod\u00e8les spectraux qui convertissent les flux en taux de comptage. Il sera utilis\u00e9 pour g\u00e9n\u00e9rer un nouveau catalogue plus sensible de sources par d\u00e9tection superpos\u00e9e. Un catalogue commun de toutes les observations XMM-Newton disponibles (simples et superpos\u00e9es) sera publi\u00e9. Avant la production du catalogue, les proc\u00e9dures de combinaison des diff\u00e9rentes observations seront revues et optimis\u00e9es. Il en sera de m\u00eame pour la mise en mosa\u00efque des grandes images.<\/p>\n\n\n\n<h4 class=\"has-text-color\" style=\"color:#5a145c\">Work package 5 : Variabilit\u00e9<\/h4>\n\n\n\n<p class=\"has-black-color has-text-color\">Pilot\u00e9 par le <a rel=\"noreferrer noopener\" href=\"http:\/\/irap.omp.eu\/en\/homepage-en\/\" target=\"_blank\"><strong>CNRS\/IRAP<\/strong><\/a><br><em>Objectifs <\/em>: Fournir un logiciel permettant d&rsquo;identifier les sources variables \u00e0 l&rsquo;\u00e9chelle de quelques secondes, mais faibles et non d\u00e9tect\u00e9es dans le catalogue.<br>Fournir un logiciel pour identifier les sources variables sur le long terme et fournir des alertes \u00e0 la communaut\u00e9 Identifier les sources variables.<\/p>\n\n\n\n<h4 class=\"has-text-color\" style=\"color:#5a145c\">Work package 6 : Spectra<\/h4>\n\n\n\n<p class=\"has-black-color has-text-color\">Pilot\u00e9 par l<strong>&lsquo;<a href=\"http:\/\/web.unican.es\/en\/Pages\/default.aspx\" target=\"_blank\" rel=\"noreferrer noopener\">UC\/IFCA<\/a><\/strong><br><em>Objectifs <\/em>: Adapter un ensemble limit\u00e9 de mod\u00e8les simples \u00e0 tous les spectres extraits du catalogue 4XMM actuel, en fournissant le mod\u00e8le le mieux adapt\u00e9, les valeurs des param\u00e8tres les mieux adapt\u00e9s, les intervalles de confiance et les distributions de probabilit\u00e9 compl\u00e8tes. G\u00e9n\u00e9rer des spectres combin\u00e9s pour les sources avec des observations r\u00e9p\u00e9t\u00e9es (catalogue empil\u00e9) et les analyser avec le m\u00eame ensemble de mod\u00e8les, en fournissant les valeurs des param\u00e8tres de meilleur ajustement, les intervalles de confiance et les distributions de probabilit\u00e9 compl\u00e8tes. Pour toutes les d\u00e9tections du catalogue 4XMM actuel, obtenir des estimations des param\u00e8tres spectraux pour le m\u00eame ensemble de mod\u00e8les, en fournissant les param\u00e8tres les mieux adapt\u00e9s et les intervalles de confiance. Pour le sous-ensemble des sources de rayons X avec de bonnes classifications et (si applicable) des d\u00e9calages vers le rouge, nous ajusterons des mod\u00e8les physiquement justifi\u00e9s et fournirons les valeurs des param\u00e8tres les mieux ajust\u00e9s, les intervalles de confiance et les distributions de probabilit\u00e9 compl\u00e8tes.<\/p>\n\n\n\n<h4 class=\"has-text-color\" style=\"color:#5a145c\">Work package 7 : Classification optique\/UV<\/h4>\n\n\n\n<p class=\"has-black-color has-text-color\">Pilot\u00e9 par l&rsquo;<a href=\"http:\/\/le.ac.uk\/physics\" data-type=\"URL\" data-id=\"http:\/\/le.ac.uk\/physics\"><strong>UCL\/<\/strong><\/a><a href=\"http:\/\/le.ac.uk\/physics\" data-type=\"URL\" data-id=\"http:\/\/le.ac.uk\/physics\" target=\"_blank\" rel=\"noreferrer noopener\"><strong>MSSL<\/strong><\/a><br><em>Objectifs <\/em>: Utiliser des m\u00e9thodes d&rsquo;apprentissage automatique pour classer automatiquement les sources SUSS en diff\u00e9rents types de sources galactiques et extragalactiques. Identifier les sources variables. Fournir des informations de classification et de domaine temporel pour les contreparties des sources de rayons X au processus de classification des sources de<\/p>\n\n\n\n<h4 class=\"has-text-color\" style=\"color:#5a145c\">Work package 8 : Classification des sources de rayons X<\/h4>\n\n\n\n<p class=\"has-black-color has-text-color\">Pilot\u00e9 par <strong>NOA<\/strong><br><em>Objectifs <\/em>: D\u00e9velopper des technologies d&rsquo;intelligence artificielle pour la classification des sources 4XMM en utilisant comme donn\u00e9es d&rsquo;entr\u00e9e \u00e0 la fois les rayons X + supervis\u00e9 \/ non supervis\u00e9 et les informations multi-messagers. Pour les sources extragalactiques de l&rsquo;\u00e9tape pr\u00e9c\u00e9dente, les redshifts photom\u00e9triques seront d\u00e9termin\u00e9s en utilisant des algorithmes d&rsquo;intelligence artificielle.<\/p>\n\n\n\n<h4 class=\"has-text-color\" style=\"color:#5a145c\">Work package 9 : Validation Scientifique<\/h4>\n\n\n\n<p class=\"has-black-color has-text-color\">Pilot\u00e9 par l<strong><a href=\"http:\/\/le.ac.uk\/physics\" target=\"_blank\" rel=\"noreferrer noopener\">&lsquo;University of Leicester<\/a><\/strong><br><em>Objectifs <\/em>: D\u00e9montrer la valeur scientifique des outils et des produits d\u00e9velopp\u00e9s par le projet, via quelques projets exemplaires bien d\u00e9finis qui explorent les d\u00e9veloppements des WPs 2-8.<\/p>\n\n\n\n<h4 class=\"has-text-color\" style=\"color:#5a145c\">Work package 10 : Communication<\/h4>\n\n\n\n<p class=\"has-black-color has-text-color\">Pilot\u00e9 par l&rsquo;<strong>UC\/IFCA<\/strong><br><em>Objectifs <\/em>: Mettre \u00e0 jour et am\u00e9liorer notre site web de sensibilisation pour qu&rsquo;il serve de principal canal de communication interne et publique. Incorporer les r\u00e9sultats au prochain catalogue 4XMM et rendre public le logiciel d&rsquo;analyse et la documentation de description des produits. Organiser un atelier final pour faire conna\u00eetre les r\u00e9sultats les plus pertinents de la collaboration, fournir des didacticiels et recueillir des suggestions d&rsquo;am\u00e9lioration. Communication publique au moyen de communiqu\u00e9s de presse, de conf\u00e9rences publiques, de journ\u00e9es portes ouvertes, de m\u00e9dias sociaux, de la participation \u00e0 des initiatives internationales et de l&rsquo;accueil d&rsquo;\u00e9tudiants en stage. \u00c9laboration de mat\u00e9riel de vulgarisation.<\/p>\n","protected":false},"excerpt":{"rendered":"<p>Work package 1 : Administration Pilot\u00e9 par le CNRS\/IRAPObjectifs : Administration et management du projet Work package 2 : Contreparties multi-longueurs d&rsquo;onde\/multi-messagers Pilot\u00e9 par le CNRS\/Observatoire Astronomique de StrasbourgObjectifs : Fournir des identifications statistiques multi-longueurs d&rsquo;onde et des distributions d&rsquo;\u00e9nergie spectrale des sources XMM-Newton en rayons X, y compris celles d\u00e9couvertes dans le catalogue empil\u00e9&hellip; <br \/> <a class=\"read-more\" href=\"http:\/\/xmm-ssc.irap.omp.eu\/xmm2athena\/fr\/work-packages-modules-de-travail\/\">Lire la suite<\/a><\/p>\n","protected":false},"author":2,"featured_media":0,"parent":0,"menu_order":0,"comment_status":"closed","ping_status":"closed","template":"","meta":{"_eb_attr":"","_mi_skip_tracking":false,"_monsterinsights_sitenote_active":false,"_monsterinsights_sitenote_note":"","_monsterinsights_sitenote_category":0},"_links":{"self":[{"href":"http:\/\/xmm-ssc.irap.omp.eu\/xmm2athena\/wp-json\/wp\/v2\/pages\/1067"}],"collection":[{"href":"http:\/\/xmm-ssc.irap.omp.eu\/xmm2athena\/wp-json\/wp\/v2\/pages"}],"about":[{"href":"http:\/\/xmm-ssc.irap.omp.eu\/xmm2athena\/wp-json\/wp\/v2\/types\/page"}],"author":[{"embeddable":true,"href":"http:\/\/xmm-ssc.irap.omp.eu\/xmm2athena\/wp-json\/wp\/v2\/users\/2"}],"replies":[{"embeddable":true,"href":"http:\/\/xmm-ssc.irap.omp.eu\/xmm2athena\/wp-json\/wp\/v2\/comments?post=1067"}],"version-history":[{"count":10,"href":"http:\/\/xmm-ssc.irap.omp.eu\/xmm2athena\/wp-json\/wp\/v2\/pages\/1067\/revisions"}],"predecessor-version":[{"id":5363,"href":"http:\/\/xmm-ssc.irap.omp.eu\/xmm2athena\/wp-json\/wp\/v2\/pages\/1067\/revisions\/5363"}],"wp:attachment":[{"href":"http:\/\/xmm-ssc.irap.omp.eu\/xmm2athena\/wp-json\/wp\/v2\/media?parent=1067"}],"curies":[{"name":"wp","href":"https:\/\/api.w.org\/{rel}","templated":true}]}}