{"id":1064,"date":"2021-07-30T14:45:44","date_gmt":"2021-07-30T14:45:44","guid":{"rendered":"http:\/\/xmm-ssc.irap.omp.eu\/xmm2athena\/?page_id=1064"},"modified":"2024-03-18T15:33:57","modified_gmt":"2024-03-18T15:33:57","slug":"softwares","status":"publish","type":"page","link":"http:\/\/xmm-ssc.irap.omp.eu\/xmm2athena\/fr\/softwares\/","title":{"rendered":"Software"},"content":{"rendered":"\n<h2 class=\"has-text-color\" style=\"color:#d12e7e\">FLIX : Estimateur de sensibilit\u00e9 pour les donn\u00e9es XMM-Newton<\/h2>\n\n\n\n<div class=\"wp-block-media-text alignwide is-stacked-on-mobile\" style=\"grid-template-columns:43% auto\"><figure class=\"wp-block-media-text__media\"><img loading=\"lazy\" width=\"654\" height=\"624\" src=\"http:\/\/xmm-ssc.irap.omp.eu\/xmm2athena\/wp-content\/uploads\/2024\/03\/FLIX_low.png\" alt=\"\" class=\"wp-image-5532 size-full\" srcset=\"http:\/\/xmm-ssc.irap.omp.eu\/xmm2athena\/wp-content\/uploads\/2024\/03\/FLIX_low.png 654w, http:\/\/xmm-ssc.irap.omp.eu\/xmm2athena\/wp-content\/uploads\/2024\/03\/FLIX_low-300x286.png 300w\" sizes=\"(max-width: 654px) 100vw, 654px\" \/><\/figure><div class=\"wp-block-media-text__content\">\n<p class=\"has-large-font-size\"><\/p>\n\n\n\n<p class=\"has-black-color has-text-color\">FLIX est fourni par le XMM-Newton Survey Science Centre \u00e0 l&rsquo;IRAP et est bas\u00e9 sur les donn\u00e9es 4XMM Data Release 13 fournies par le XMM-Newton Survey Science Centre Consortium.<\/p>\n\n\n\n<p class=\"has-black-color has-text-color\">Ce que fait FLIX : si vous indiquez une position int\u00e9ressante sur le ciel, FLIX analyse les produits de donn\u00e9es publiques de XMM-Newton pour d\u00e9terminer si chaque point a \u00e9t\u00e9 observ\u00e9.<\/p>\n\n\n\n<p class=\"has-black-color has-text-color\">Plus d&rsquo;information :<\/p>\n\n\n\n<p class=\"has-black-color has-text-color\"><a href=\"http:\/\/flix.irap.omp.eu\/\">http:\/\/flix.irap.omp.eu\/<\/a><\/p>\n<\/div><\/div>\n\n\n\n<hr class=\"wp-block-separator has-text-color has-background has-white-background-color has-white-color\"\/>\n\n\n\n<hr class=\"wp-block-separator\"\/>\n\n\n\n<h2 class=\"has-text-color\" style=\"color:#d12e7e\">Chercheur XMM SED<\/h2>\n\n\n\n<div class=\"wp-block-media-text alignwide is-stacked-on-mobile\" style=\"grid-template-columns:43% auto\"><figure class=\"wp-block-media-text__media\"><img loading=\"lazy\" width=\"700\" height=\"622\" src=\"http:\/\/xmm-ssc.irap.omp.eu\/xmm2athena\/wp-content\/uploads\/2024\/03\/SED_low.png\" alt=\"\" class=\"wp-image-5533 size-full\" srcset=\"http:\/\/xmm-ssc.irap.omp.eu\/xmm2athena\/wp-content\/uploads\/2024\/03\/SED_low.png 700w, http:\/\/xmm-ssc.irap.omp.eu\/xmm2athena\/wp-content\/uploads\/2024\/03\/SED_low-300x267.png 300w\" sizes=\"(max-width: 700px) 100vw, 700px\" \/><\/figure><div class=\"wp-block-media-text__content\">\n<p class=\"has-large-font-size\"><\/p>\n\n\n\n<p class=\"has-black-color has-text-color\">Le SED Finder vous permet de r\u00e9cup\u00e9rer les SED calcul\u00e9es pour une source XMM donn\u00e9e.<\/p>\n\n\n\n<ul class=\"has-black-color has-text-color\"><li>Les SED ont \u00e9t\u00e9 calcul\u00e9s par le SSC pour les catalogues 4XMMdr13 (point\u00e9s et empil\u00e9s).<\/li><li>Les SED sont renvoy\u00e9s sous forme de tarballs contenant \u00e0 la fois des fichiers FITS et des trac\u00e9s.<\/li><li>Il y a une paire (fits,plot) par SED avec une num\u00e9rotation commen\u00e7ant \u00e0 0 (le mod\u00e8le de corr\u00e9lation le plus probable).<\/li><\/ul>\n\n\n\n<p class=\"has-black-color has-text-color\">Plus d&rsquo;information:<\/p>\n\n\n\n<p class=\"has-black-color has-text-color\"><a href=\"https:\/\/xcatdb.unistra.fr\/sedfinder\/\">https:\/\/xcatdb.unistra.fr\/sedfinder\/<\/a><\/p>\n<\/div><\/div>\n\n\n\n<hr class=\"wp-block-separator has-text-color has-background has-white-background-color has-white-color\"\/>\n\n\n\n<hr class=\"wp-block-separator\"\/>\n\n\n\n<h2 class=\"has-text-color\" style=\"color:#d12e7e\">Amora : Analyse asynchrone multi-observation bas\u00e9e sur les r\u00e9gions<\/h2>\n\n\n\n<div class=\"wp-block-media-text alignwide is-stacked-on-mobile\" style=\"grid-template-columns:44% auto\"><figure class=\"wp-block-media-text__media\"><img loading=\"lazy\" width=\"1024\" height=\"621\" src=\"http:\/\/xmm-ssc.irap.omp.eu\/xmm2athena\/wp-content\/uploads\/2023\/02\/Screenshot-2023-02-28-at-12.37.07-1024x621.png\" alt=\"\" class=\"wp-image-4156 size-full\" srcset=\"http:\/\/xmm-ssc.irap.omp.eu\/xmm2athena\/wp-content\/uploads\/2023\/02\/Screenshot-2023-02-28-at-12.37.07-1024x621.png 1024w, http:\/\/xmm-ssc.irap.omp.eu\/xmm2athena\/wp-content\/uploads\/2023\/02\/Screenshot-2023-02-28-at-12.37.07-300x182.png 300w, http:\/\/xmm-ssc.irap.omp.eu\/xmm2athena\/wp-content\/uploads\/2023\/02\/Screenshot-2023-02-28-at-12.37.07-768x466.png 768w, http:\/\/xmm-ssc.irap.omp.eu\/xmm2athena\/wp-content\/uploads\/2023\/02\/Screenshot-2023-02-28-at-12.37.07.png 1191w\" sizes=\"(max-width: 1024px) 100vw, 1024px\" \/><\/figure><div class=\"wp-block-media-text__content\">\n<p class=\"has-large-font-size\"><\/p>\n\n\n\n<p class=\"has-black-color has-text-color\">Amora permet aux utilisateurs d&rsquo;acc\u00e9der \u00e0 tous les \u00e9v\u00e9nements\/photons collect\u00e9s par la mission XMM-Newton dans la r\u00e9gion qui les int\u00e9resse et de les traiter de mani\u00e8re interactive.<\/p>\n\n\n\n<p>Les utilisateurs peuvent dessiner un polygone ou un cercle isolant cette r\u00e9gion ; ils peuvent \u00e9galement d\u00e9finir une autre zone qui sera utilis\u00e9e comme r\u00e9gion d&rsquo;arri\u00e8re-plan. Une fois la r\u00e9gion valid\u00e9e, Amora dresse la liste des observations qui la couvrent avec leurs propri\u00e9t\u00e9s, ce qui permet \u00e0 l&rsquo;utilisateur de choisir les observations \u00e0 utiliser pour la suite de l&rsquo;analyse. Sur ces donn\u00e9es s\u00e9lectionn\u00e9es, l&rsquo;utilisateur n&rsquo;a plus qu&rsquo;\u00e0 choisir les t\u00e2ches de traitement (par exemple la construction de spectres) qui seront ex\u00e9cut\u00e9es sur le serveur. Les r\u00e9sultats du traitement sont affich\u00e9s en temps r\u00e9el sur l&rsquo;\u00e9cran, ce qui permet un suivi efficace de l&rsquo;avancement de la t\u00e2che. Les r\u00e9sultats sont fournis \u00e0 la fois sous forme d&rsquo;aper\u00e7us pour un examen rapide et sous forme de produits scientifiques qui peuvent \u00eatre t\u00e9l\u00e9charg\u00e9s pour une analyse plus approfondie.<\/p>\n\n\n\n<p class=\"has-black-color has-text-color\">Plus d&rsquo;information: <\/p>\n\n\n\n<p class=\"has-black-color has-text-color\"><a rel=\"noreferrer noopener\" href=\"https:\/\/xcatdb.unistra.fr\/xsasdb\" target=\"_blank\">https:\/\/xcatdb.unistra.fr\/xsasdbhttps:\/\/xcatdb.unistra.fr\/xsasdb<\/a><\/p>\n<\/div><\/div>\n\n\n\n<hr class=\"wp-block-separator has-text-color has-background has-white-background-color has-white-color\"\/>\n\n\n\n<hr class=\"wp-block-separator\"\/>\n\n\n\n<h2 class=\"has-text-color\" style=\"color:#d12e7e\">STONKS : Recherche d&rsquo;objets transitoires dans de nouvelles d\u00e9tections \u00e0 l&rsquo;aide de sources connues<\/h2>\n\n\n\n<div class=\"wp-block-media-text alignwide is-stacked-on-mobile\" style=\"grid-template-columns:44% auto\"><figure class=\"wp-block-media-text__media\"><img loading=\"lazy\" width=\"1024\" height=\"370\" src=\"http:\/\/xmm-ssc.irap.omp.eu\/xmm2athena\/wp-content\/uploads\/2024\/03\/Screenshot-2024-03-11-at-12.18.56-1024x370.png\" alt=\"\" class=\"wp-image-5536 size-full\" srcset=\"http:\/\/xmm-ssc.irap.omp.eu\/xmm2athena\/wp-content\/uploads\/2024\/03\/Screenshot-2024-03-11-at-12.18.56-1024x370.png 1024w, http:\/\/xmm-ssc.irap.omp.eu\/xmm2athena\/wp-content\/uploads\/2024\/03\/Screenshot-2024-03-11-at-12.18.56-300x109.png 300w, http:\/\/xmm-ssc.irap.omp.eu\/xmm2athena\/wp-content\/uploads\/2024\/03\/Screenshot-2024-03-11-at-12.18.56-768x278.png 768w, http:\/\/xmm-ssc.irap.omp.eu\/xmm2athena\/wp-content\/uploads\/2024\/03\/Screenshot-2024-03-11-at-12.18.56-1536x556.png 1536w, http:\/\/xmm-ssc.irap.omp.eu\/xmm2athena\/wp-content\/uploads\/2024\/03\/Screenshot-2024-03-11-at-12.18.56.png 1858w\" sizes=\"(max-width: 1024px) 100vw, 1024px\" \/><\/figure><div class=\"wp-block-media-text__content\">\n<p class=\"has-large-font-size\"><\/p>\n\n\n\n<p>Le logiciel STONKS est destin\u00e9 \u00e0 permettre une comparaison automatique entre les d\u00e9tections d&rsquo;une nouvelle observation XMM-Newton et toutes les donn\u00e9es d&rsquo;archives disponibles sur les rayons X. Il enverra une alerte et sauvegardera la courbe de lumi\u00e8re et les donn\u00e9es disponibles pour toutes les sources dont la variabilit\u00e9 \u00e0 long terme d\u00e9passe un facteur 5. Il enverra une alerte et sauvegardera la courbe de lumi\u00e8re et les donn\u00e9es disponibles pour toutes les sources dont la variabilit\u00e9 \u00e0 long terme est sup\u00e9rieure \u00e0 un facteur de 5. Le cadre mis \u00e0 jour est destin\u00e9 \u00e0 \u00eatre utilis\u00e9 avec une seule position d&rsquo;entr\u00e9e et un seul \u00e9tat de flux.<\/p>\n\n\n\n<p class=\"has-black-color has-text-color\">Ce logiciel a \u00e9t\u00e9 d\u00e9velopp\u00e9 dans le cadre du projet XMM2ATHENA.<\/p>\n\n\n\n<p class=\"has-black-color has-text-color\">Plus d&rsquo;information:<br>https:\/\/github.com\/ErwanQuintin\/STONKS\/<a rel=\"noreferrer noopener\" href=\"https:\/\/github.com\/ErwanQuintin\/STONKS\/tree\/main\" target=\"_blank\">tree\/main<\/a><\/p>\n<\/div><\/div>\n","protected":false},"excerpt":{"rendered":"<p>FLIX : Estimateur de sensibilit\u00e9 pour les donn\u00e9es XMM-Newton FLIX est fourni par le XMM-Newton Survey Science Centre \u00e0 l&rsquo;IRAP et est bas\u00e9 sur les donn\u00e9es 4XMM Data Release 13 fournies par le XMM-Newton Survey Science Centre Consortium. Ce que fait FLIX : si vous indiquez une position int\u00e9ressante sur le ciel, FLIX analyse les&hellip; <br \/> <a class=\"read-more\" href=\"http:\/\/xmm-ssc.irap.omp.eu\/xmm2athena\/fr\/softwares\/\">Lire la suite<\/a><\/p>\n","protected":false},"author":2,"featured_media":0,"parent":0,"menu_order":0,"comment_status":"closed","ping_status":"closed","template":"","meta":{"_eb_attr":"","_mi_skip_tracking":false,"_monsterinsights_sitenote_active":false,"_monsterinsights_sitenote_note":"","_monsterinsights_sitenote_category":0},"_links":{"self":[{"href":"http:\/\/xmm-ssc.irap.omp.eu\/xmm2athena\/wp-json\/wp\/v2\/pages\/1064"}],"collection":[{"href":"http:\/\/xmm-ssc.irap.omp.eu\/xmm2athena\/wp-json\/wp\/v2\/pages"}],"about":[{"href":"http:\/\/xmm-ssc.irap.omp.eu\/xmm2athena\/wp-json\/wp\/v2\/types\/page"}],"author":[{"embeddable":true,"href":"http:\/\/xmm-ssc.irap.omp.eu\/xmm2athena\/wp-json\/wp\/v2\/users\/2"}],"replies":[{"embeddable":true,"href":"http:\/\/xmm-ssc.irap.omp.eu\/xmm2athena\/wp-json\/wp\/v2\/comments?post=1064"}],"version-history":[{"count":4,"href":"http:\/\/xmm-ssc.irap.omp.eu\/xmm2athena\/wp-json\/wp\/v2\/pages\/1064\/revisions"}],"predecessor-version":[{"id":5572,"href":"http:\/\/xmm-ssc.irap.omp.eu\/xmm2athena\/wp-json\/wp\/v2\/pages\/1064\/revisions\/5572"}],"wp:attachment":[{"href":"http:\/\/xmm-ssc.irap.omp.eu\/xmm2athena\/wp-json\/wp\/v2\/media?parent=1064"}],"curies":[{"name":"wp","href":"https:\/\/api.w.org\/{rel}","templated":true}]}}