{"id":1035,"date":"2021-07-30T13:59:24","date_gmt":"2021-07-30T13:59:24","guid":{"rendered":"http:\/\/xmm-ssc.irap.omp.eu\/xmm2athena\/?page_id=1035"},"modified":"2021-12-03T15:04:40","modified_gmt":"2021-12-03T15:04:40","slug":"gallerie","status":"publish","type":"page","link":"http:\/\/xmm-ssc.irap.omp.eu\/xmm2athena\/fr\/gallerie\/","title":{"rendered":"Gallerie old"},"content":{"rendered":"\n<h2 class=\"has-text-color\" style=\"color:#5a145c\">Semaine Mondiale de l&rsquo;Espace 2021 : les femmes dans l&rsquo;espace<\/h2>\n\n\n\n<p class=\"has-black-color has-text-color\">Rejoignez des milliers de participants dans plus de 90 pays pour c\u00e9l\u00e9brer les r\u00e9alisations et les contributions des femmes au secteur spatial et aux sciences.<\/p>\n\n\n\n<p class=\"has-black-color has-text-color\">Le projet XMM2ATHENA a contribu\u00e9 \u00e0 cette initiative avec la mosa\u00efque pr\u00e9sent\u00e9e ci-dessous, comprenant toutes les astronomes participant au projet.<br>Elles ont \u00e9galement \u00e9t\u00e9 pr\u00e9sent\u00e9es une par une dans nos r\u00e9seaux sociaux.<\/p>\n\n\n\n<figure class=\"wp-block-image size-large\"><img loading=\"lazy\" width=\"1024\" height=\"576\" src=\"http:\/\/xmm-ssc.irap.omp.eu\/xmm2athena\/wp-content\/uploads\/2021\/10\/compo3-1024x576-1.jpg\" alt=\"\" class=\"wp-image-1687\" srcset=\"http:\/\/xmm-ssc.irap.omp.eu\/xmm2athena\/wp-content\/uploads\/2021\/10\/compo3-1024x576-1.jpg 1024w, http:\/\/xmm-ssc.irap.omp.eu\/xmm2athena\/wp-content\/uploads\/2021\/10\/compo3-1024x576-1-300x169.jpg 300w, http:\/\/xmm-ssc.irap.omp.eu\/xmm2athena\/wp-content\/uploads\/2021\/10\/compo3-1024x576-1-768x432.jpg 768w\" sizes=\"(max-width: 1024px) 100vw, 1024px\" \/><\/figure>\n\n\n\n<h2 class=\"has-text-color\" style=\"color:#5a145c\">La nuit europ\u00e9enne des chercheurs 2021<\/h2>\n\n\n\n<div class=\"wp-block-columns\">\n<div class=\"wp-block-column\">\n<figure class=\"wp-block-image size-large\"><img loading=\"lazy\" width=\"1024\" height=\"768\" src=\"http:\/\/xmm-ssc.irap.omp.eu\/xmm2athena\/wp-content\/uploads\/2021\/10\/Talk_Universo-1.png\" alt=\"\" class=\"wp-image-1684\" srcset=\"http:\/\/xmm-ssc.irap.omp.eu\/xmm2athena\/wp-content\/uploads\/2021\/10\/Talk_Universo-1.png 1024w, http:\/\/xmm-ssc.irap.omp.eu\/xmm2athena\/wp-content\/uploads\/2021\/10\/Talk_Universo-1-300x225.png 300w, http:\/\/xmm-ssc.irap.omp.eu\/xmm2athena\/wp-content\/uploads\/2021\/10\/Talk_Universo-1-768x576.png 768w\" sizes=\"(max-width: 1024px) 100vw, 1024px\" \/><figcaption>Conf\u00e9rence : L&rsquo;univers et les rayons X Que savez-vous ?<\/figcaption><\/figure>\n\n\n\n<p><\/p>\n<\/div>\n\n\n\n<div class=\"wp-block-column\">\n<figure class=\"wp-block-image size-large\"><img loading=\"lazy\" width=\"300\" height=\"225\" src=\"http:\/\/xmm-ssc.irap.omp.eu\/xmm2athena\/wp-content\/uploads\/2021\/10\/Talk_Pon-a-pueber-2.jpeg\" alt=\"\" class=\"wp-image-1685\"\/><figcaption>Conf\u00e9rence : testez vos connaissances sur le syst\u00e8me solaire<\/figcaption><\/figure>\n<\/div>\n\n\n\n<div class=\"wp-block-column\">\n<figure class=\"wp-block-image size-large\"><img loading=\"lazy\" width=\"1024\" height=\"768\" src=\"http:\/\/xmm-ssc.irap.omp.eu\/xmm2athena\/wp-content\/uploads\/2021\/10\/Talk_Mini-Investiga.png\" alt=\"\" class=\"wp-image-1686\" srcset=\"http:\/\/xmm-ssc.irap.omp.eu\/xmm2athena\/wp-content\/uploads\/2021\/10\/Talk_Mini-Investiga.png 1024w, http:\/\/xmm-ssc.irap.omp.eu\/xmm2athena\/wp-content\/uploads\/2021\/10\/Talk_Mini-Investiga-300x225.png 300w, http:\/\/xmm-ssc.irap.omp.eu\/xmm2athena\/wp-content\/uploads\/2021\/10\/Talk_Mini-Investiga-768x576.png 768w\" sizes=\"(max-width: 1024px) 100vw, 1024px\" \/><figcaption>Conf\u00e9rence : Mini \u00e9tudie les galaxies \u00e0 rayons X<\/figcaption><\/figure>\n<\/div>\n<\/div>\n\n\n\n<h2 class=\"has-text-color\" style=\"color:#5a145c\">R\u00e9union de lancement : 21 et 22 avril 2021<\/h2>\n\n\n\n<figure class=\"wp-block-image size-large is-resized\"><img loading=\"lazy\" src=\"http:\/\/xmm-ssc.irap.omp.eu\/xmm2athena\/wp-content\/uploads\/2021\/05\/GroupPhoto_Screen1_1-S.png\" alt=\"\" class=\"wp-image-286\" width=\"837\" height=\"482\" srcset=\"http:\/\/xmm-ssc.irap.omp.eu\/xmm2athena\/wp-content\/uploads\/2021\/05\/GroupPhoto_Screen1_1-S.png 658w, http:\/\/xmm-ssc.irap.omp.eu\/xmm2athena\/wp-content\/uploads\/2021\/05\/GroupPhoto_Screen1_1-S-300x173.png 300w\" sizes=\"(max-width: 837px) 100vw, 837px\" \/><figcaption><span class=\"has-inline-color has-black-color\">R\u00e9union de lancement 21 &amp; 22 Avril 2021<\/span><\/figcaption><\/figure>\n\n\n\n<figure class=\"wp-block-image size-large\"><img loading=\"lazy\" width=\"1024\" height=\"765\" src=\"http:\/\/xmm-ssc.irap.omp.eu\/xmm2athena\/wp-content\/uploads\/2021\/05\/carte-centres-1024x765.png\" alt=\"\" class=\"wp-image-288\" srcset=\"http:\/\/xmm-ssc.irap.omp.eu\/xmm2athena\/wp-content\/uploads\/2021\/05\/carte-centres-1024x765.png 1024w, http:\/\/xmm-ssc.irap.omp.eu\/xmm2athena\/wp-content\/uploads\/2021\/05\/carte-centres-300x224.png 300w, http:\/\/xmm-ssc.irap.omp.eu\/xmm2athena\/wp-content\/uploads\/2021\/05\/carte-centres-768x574.png 768w, http:\/\/xmm-ssc.irap.omp.eu\/xmm2athena\/wp-content\/uploads\/2021\/05\/carte-centres-1446x1080.png 1446w, http:\/\/xmm-ssc.irap.omp.eu\/xmm2athena\/wp-content\/uploads\/2021\/05\/carte-centres.png 1475w\" sizes=\"(max-width: 1024px) 100vw, 1024px\" \/><figcaption><span class=\"has-inline-color has-black-color\">Carte des b\u00e9n\u00e9ficiaires europ\u00e9ens<\/span><\/figcaption><\/figure>\n","protected":false},"excerpt":{"rendered":"<p>Semaine Mondiale de l&rsquo;Espace 2021 : les femmes dans l&rsquo;espace Rejoignez des milliers de participants dans plus de 90 pays pour c\u00e9l\u00e9brer les r\u00e9alisations et les contributions des femmes au secteur spatial et aux sciences. Le projet XMM2ATHENA a contribu\u00e9 \u00e0 cette initiative avec la mosa\u00efque pr\u00e9sent\u00e9e ci-dessous, comprenant toutes les astronomes participant au projet.Elles&hellip; <br \/> <a class=\"read-more\" href=\"http:\/\/xmm-ssc.irap.omp.eu\/xmm2athena\/fr\/gallerie\/\">Lire la suite<\/a><\/p>\n","protected":false},"author":2,"featured_media":0,"parent":0,"menu_order":0,"comment_status":"closed","ping_status":"closed","template":"","meta":{"_eb_attr":"","_mi_skip_tracking":false,"_monsterinsights_sitenote_active":false,"_monsterinsights_sitenote_note":"","_monsterinsights_sitenote_category":0},"_links":{"self":[{"href":"http:\/\/xmm-ssc.irap.omp.eu\/xmm2athena\/wp-json\/wp\/v2\/pages\/1035"}],"collection":[{"href":"http:\/\/xmm-ssc.irap.omp.eu\/xmm2athena\/wp-json\/wp\/v2\/pages"}],"about":[{"href":"http:\/\/xmm-ssc.irap.omp.eu\/xmm2athena\/wp-json\/wp\/v2\/types\/page"}],"author":[{"embeddable":true,"href":"http:\/\/xmm-ssc.irap.omp.eu\/xmm2athena\/wp-json\/wp\/v2\/users\/2"}],"replies":[{"embeddable":true,"href":"http:\/\/xmm-ssc.irap.omp.eu\/xmm2athena\/wp-json\/wp\/v2\/comments?post=1035"}],"version-history":[{"count":3,"href":"http:\/\/xmm-ssc.irap.omp.eu\/xmm2athena\/wp-json\/wp\/v2\/pages\/1035\/revisions"}],"predecessor-version":[{"id":2065,"href":"http:\/\/xmm-ssc.irap.omp.eu\/xmm2athena\/wp-json\/wp\/v2\/pages\/1035\/revisions\/2065"}],"wp:attachment":[{"href":"http:\/\/xmm-ssc.irap.omp.eu\/xmm2athena\/wp-json\/wp\/v2\/media?parent=1035"}],"curies":[{"name":"wp","href":"https:\/\/api.w.org\/{rel}","templated":true}]}}