{"id":1020,"date":"2021-07-30T13:14:49","date_gmt":"2021-07-30T13:14:49","guid":{"rendered":"http:\/\/xmm-ssc.irap.omp.eu\/xmm2athena\/?page_id=1020"},"modified":"2022-02-08T09:41:30","modified_gmt":"2022-02-08T09:41:30","slug":"a-propos-du-projet","status":"publish","type":"page","link":"http:\/\/xmm-ssc.irap.omp.eu\/xmm2athena\/fr\/a-propos-du-projet\/","title":{"rendered":"A propos du projet"},"content":{"rendered":"\n<p class=\"has-black-color has-white-background-color has-text-color has-background\">&nbsp;&nbsp;&nbsp;&nbsp; L&rsquo;observation du ciel en rayons X nous permet de d\u00e9tecter les ph\u00e9nom\u00e8nes les plus chauds et les plus \u00e9nerg\u00e9tiques de l&rsquo;Univers. Les rayons X nous permettent de d\u00e9tecter la mati\u00e8re accr\u00e9t\u00e9e sur les trous noirs et d&rsquo;identifier les \u00e9ruptions stellaires des \u00e9toiles actives, les explosions de supernovas, les \u00e9toiles \u00e0 neutrons, les naines blanches, les amas de galaxies et m\u00eame les aurores sur les plan\u00e8tes ou les com\u00e8tes. XMMNewton, un observatoire \u00e0 rayons X de l&rsquo;Agence spatiale europ\u00e9enne, observe les rayons X, ultraviolet et optique du ciel depuis 20 ans. Cependant, au cours de cette p\u00e9riode, l&rsquo;astronomie a \u00e9volu\u00e9. Aujourd&rsquo;hui, nous observons rarement des sources individuelles, mais des populations. Nous ne nous contentons plus d&rsquo;une seule longueur d&rsquo;onde, nous entrons dans une \u00e8re multi-longueurs d&rsquo;onde et multi-messagers o\u00f9 les ondes gravitationnelles, les neutrinos et les rayons cosmiques nous aident \u00e9galement \u00e0 comprendre les sources de rayons X que nous observons. Nous entrons \u00e9galement dans l&rsquo;\u00e8re de l&rsquo;astronomie temporelle. Cela signifie que nous devons exploiter nos observatoires diff\u00e9remment. De nouveaux logiciels et de nouvelles m\u00e9thodes doivent \u00eatre mis en place pour accompagner cette astronomie \u00e9mergente, qui pourra ensuite \u00eatre utilis\u00e9e par l&rsquo;observatoire \u00e0 rayons X de prochaine g\u00e9n\u00e9ration, Athena.<br><br>     Ce <a href=\"https:\/\/cordis.europa.eu\/project\/id\/101004168\/fr\" target=\"_blank\" rel=\"noreferrer noopener\">projet financ\u00e9 par l\u2019Europe<\/a> r\u00e9unit des membres du segment sol scientifique de XMM-Newton, des membres cl\u00e9s du segment sol scientifique d&rsquo;Athena et d&rsquo;autres membres de la communaut\u00e9 des rayons X ayant des comp\u00e9tences compl\u00e9mentaires afin de d\u00e9velopper et de tester de nouvelles m\u00e9thodes et de nouveaux logiciels permettant \u00e0 la communaut\u00e9 de suivre le ciel transitoire des rayons X en temps quasi-r\u00e9el, d&rsquo;identifier les contreparties multi-longueurs d&rsquo;onde\/messagers des sources d\u00e9tect\u00e9es par XMM-Newton et de d\u00e9terminer leur nature \u00e0 l&rsquo;aide de m\u00e9thodes avanc\u00e9es d&rsquo;apprentissage automatique, et de sonder les sources les plus faibles, jusqu&rsquo;ici non d\u00e9tect\u00e9es, \u00e0 l&rsquo;aide d&rsquo;algorithmes innovants d&#8217;empilement et de d\u00e9tection. Ces m\u00e9thodes seront ensuite int\u00e9gr\u00e9es dans le logiciel Athena, actuellement au d\u00e9but de la phase de d\u00e9veloppement, et les sources nouvellement d\u00e9tect\u00e9es\/identifi\u00e9es am\u00e9lioreront notre pr\u00e9paration du ciel en rayons X qui sera observ\u00e9 avec Athena.<\/p>\n\n\n\n<p><\/p>\n\n\n\n<p>&nbsp;&nbsp;&nbsp;&nbsp; <\/p>\n","protected":false},"excerpt":{"rendered":"<p>&nbsp;&nbsp;&nbsp;&nbsp; L&rsquo;observation du ciel en rayons X nous permet de d\u00e9tecter les ph\u00e9nom\u00e8nes les plus chauds et les plus \u00e9nerg\u00e9tiques de l&rsquo;Univers. Les rayons X nous permettent de d\u00e9tecter la mati\u00e8re accr\u00e9t\u00e9e sur les trous noirs et d&rsquo;identifier les \u00e9ruptions stellaires des \u00e9toiles actives, les explosions de supernovas, les \u00e9toiles \u00e0 neutrons, les naines blanches,&hellip; <br \/> <a class=\"read-more\" href=\"http:\/\/xmm-ssc.irap.omp.eu\/xmm2athena\/fr\/a-propos-du-projet\/\">Lire la suite<\/a><\/p>\n","protected":false},"author":2,"featured_media":0,"parent":0,"menu_order":0,"comment_status":"closed","ping_status":"closed","template":"","meta":{"_eb_attr":"","_mi_skip_tracking":false,"_monsterinsights_sitenote_active":false,"_monsterinsights_sitenote_note":"","_monsterinsights_sitenote_category":0},"_links":{"self":[{"href":"http:\/\/xmm-ssc.irap.omp.eu\/xmm2athena\/wp-json\/wp\/v2\/pages\/1020"}],"collection":[{"href":"http:\/\/xmm-ssc.irap.omp.eu\/xmm2athena\/wp-json\/wp\/v2\/pages"}],"about":[{"href":"http:\/\/xmm-ssc.irap.omp.eu\/xmm2athena\/wp-json\/wp\/v2\/types\/page"}],"author":[{"embeddable":true,"href":"http:\/\/xmm-ssc.irap.omp.eu\/xmm2athena\/wp-json\/wp\/v2\/users\/2"}],"replies":[{"embeddable":true,"href":"http:\/\/xmm-ssc.irap.omp.eu\/xmm2athena\/wp-json\/wp\/v2\/comments?post=1020"}],"version-history":[{"count":7,"href":"http:\/\/xmm-ssc.irap.omp.eu\/xmm2athena\/wp-json\/wp\/v2\/pages\/1020\/revisions"}],"predecessor-version":[{"id":2371,"href":"http:\/\/xmm-ssc.irap.omp.eu\/xmm2athena\/wp-json\/wp\/v2\/pages\/1020\/revisions\/2371"}],"wp:attachment":[{"href":"http:\/\/xmm-ssc.irap.omp.eu\/xmm2athena\/wp-json\/wp\/v2\/media?parent=1020"}],"curies":[{"name":"wp","href":"https:\/\/api.w.org\/{rel}","templated":true}]}}